{"id":9810,"date":"2019-03-16T15:48:03","date_gmt":"2019-03-16T15:48:03","guid":{"rendered":"https:\/\/ajediam.com\/?page_id=9810"},"modified":"2023-06-28T18:08:11","modified_gmt":"2023-06-28T18:08:11","slug":"a-propos-des-diamants-4c","status":"publish","type":"page","link":"https:\/\/ajediam.com\/fr\/diamants-101\/a-propos-des-diamants-4c\/","title":{"rendered":"\u00c0 propos des diamants 4C"},"content":{"rendered":"<p><div class='row vc_row '><div class='col-md-12 '><div class='mb-4'><p><\/p>\n<h3 style=\"text-align: left;\">Comment acheter des diamants de qualit\u00e9 au meilleur prix ?<\/h3>\n<p style=\"text-align: left;\">Chaque diamant est unique. La valeur est bas\u00e9e sur une combinaison de facteurs expliqu\u00e9s ici dans les facteurs les plus importants. De nos jours, il existe des 8C pour acheter les diamants les meilleurs et les plus pr\u00e9cieux au prix le plus bas.<\/p>\n<p><\/p><\/div><\/div><\/div> <div class='row vc_row '><div class='col-md-12 '><div class='mb-4'><p><strong>Qu&rsquo;est-ce qu&rsquo;il est important de savoir ?<\/strong><br \/>\n<strong>Analyse<\/strong>: GIA est le fondateur du syst\u00e8me de classement des diamants gia4cs. Il est int\u00e9ressant de regarder terre \u00e0 terre et d&rsquo;analyser si cela reste vrai pour les besoins d&rsquo;aujourd&rsquo;hui.<\/p>\n<p><strong>Premi\u00e8re r\u00e8gle<\/strong> : Ce que vous voyez est ce que c&rsquo;est, la valeur r\u00e9elle visible d&rsquo;un diamant. Le tableau des variations de qualit\u00e9 r\u00e9elles est r\u00e9alis\u00e9 par Ajediam, ajediam8C&rsquo;s<\/p>\n<h4>Liste de v\u00e9rification pour comparer la qualit\u00e9 et la confiance avec ajediam8C\u00a0:<\/h4>\n<p><\/p><\/div><\/div><\/div> <div class='row vc_row '><div class='col-md-12 '><div class='mb-4'><div class='tab-container'><div class='tab-header d-none d-md-block'><\/div><div class='tab' id='1552750627715-33da1380-f615'><h3 class='tab-title d-block d-md-none'>Certificats de diamant<\/h3><div class='tab-content'><div class='mb-4'><p>Le choix du certificat diamant, une question de confiance dans le Gem Lab :<\/p>\n<ul>\n<li>Les certificats GIA d&rsquo;abord, en comparaison avec HRD et IGI. Comparer les certificats Diamant<\/li>\n<li>V\u00e9rifiez la date du certificat : ne doit pas dater de plus de deux ans Seulement !<\/li>\n<li>V\u00e9rifiez les commentaires sur le certificat !<\/li>\n<li>V\u00e9rifiez l&rsquo;inscription au laser sur la ceinture du diamant &#8211; S&rsquo;il manque, c&rsquo;est un faux !<\/li>\n<li>Consultez le rapport sur les diamants du GIA en ligne\u00a0: http:\/\/www.gia.edu\/report-check-landing pour en \u00eatre s\u00fbr\u00a0!<\/li>\n<\/ul>\n<p><\/p><\/div><\/div><\/div><div class='tab' id='1552750627821-26660c2f-77cb'><h3 class='tab-title d-block d-md-none'>Taille et poids en carats<\/h3><div class='tab-content'><div class='mb-4'><p>Ce que vous voyez en premier est la taille du carat, si le diamant est gros ou petit.<\/p>\n<p>Vous le voyez sans \u00eatre un expert.<\/p><\/div><\/div><\/div><div class='tab' id='1552750945138-8b8c7914-9306'><h3 class='tab-title d-block d-md-none'>Cut<\/h3><div class='tab-content'><div class='mb-4'><p>Ce que vous voyez imm\u00e9diatement et pratiquement en m\u00eame temps, c&rsquo;est la qualit\u00e9 de Cut. La qualit\u00e9 de COUPE qui donne l&rsquo;\u00e9clat doit \u00eatre :<\/p>\n<p><strong>Cut<\/strong>: EX or VG<br \/>\n<strong>Polish<\/strong>: EX or VG<br \/>\n<strong>Symmetry<\/strong>: EX or VG<\/p>\n<p><strong>Ideal Cut<\/strong>: C&rsquo;est donner l&rsquo;\u00e9clat, l&rsquo;\u00e9clat, l&rsquo;\u00e9clat et la brillance d&rsquo;un diamant.<br \/>\nL&rsquo;art de tailler et de polir est la mati\u00e8re la plus importante pour un diamant !<\/p>\n<p>Le plus d&rsquo;\u00e9clat, de brillance et de brillance = le plus de valeur\u00a0!<br \/>\nAu-dessus du supr\u00eame Triple Excellent Grade, il existe une coupe H&amp;A tr\u00e8s tr\u00e8s rare.<\/p>\n<p>Voir la structure de prix du diamant parfait en fonction des facteurs de qualit\u00e9 globaux (8C)<\/p>\n<p>En moins 60% et jusqu&rsquo;\u00e0 plus 50% du prix de gros. La perfection en coupe = co\u00fbts de qualit\u00e9 accrus !<\/p><\/div><\/div><\/div><div class='tab' id='1552751026337-1499b8cf-fefe'><h3 class='tab-title d-block d-md-none'>\u00c9paisseur de ceinture<\/h3><div class='tab-content'><div class='mb-4'><p>Rejeter la ceinture tr\u00e8s fine. A force de ceinture tr\u00e8s fine le diamant se cassera t\u00f4t ou tard !<\/p><\/div><\/div><\/div><div class='tab' id='1552751064111-7d1684ae-451b'><h3 class='tab-title d-block d-md-none'>Couleur<\/h3><div class='tab-content'><div class='mb-4'><p>Ce que vous voyez comme cinqui\u00e8me \u00e9l\u00e9ment important est la couleur<\/p>\n<p>Vous pouvez voir la diff\u00e9rence si un diamant est blanc neige ou jaun\u00e2tre ou d&rsquo;une couleur fantaisie comme les roses trop chers.<\/p>\n<p>Le blanc neige est du plus bel effet en combinaison avec l&rsquo;\u00e9clat, le brillant et la brillance.<\/p>\n<p>Le blanc pur a la luminosit\u00e9 maximale et le noir pur la luminosit\u00e9 minimale.<\/p><\/div><\/div><\/div><div class='tab' id='1552751114923-331ca385-ff4d'><h3 class='tab-title d-block d-md-none'>Fluorescence<\/h3><div class='tab-content'><div class='mb-4'><p>Comment la fluorescence bleue influence positivement la brillance, la couleur et la clart\u00e9.<\/p><\/div><\/div><\/div><div class='tab' id='1552751156661-b3f87916-92ce'><h3 class='tab-title d-block d-md-none'>Clart\u00e9<\/h3><div class='tab-content'><div class='mb-4'><p>La puret\u00e9 d&rsquo;un diamant est moins importante. Les inclusions sont la signature du diamant. Tout ce que vous ne voyez pas \u00e0 l&rsquo;\u0153il nu est invisible, ne payez PAS ! C&rsquo;est la clart\u00e9 visible \u00e0 l&rsquo;oeil nu qui est importante !<\/p>\n<p>Voir ici des images de nettet\u00e9 agrandies x 100 !<\/p>\n<p>Voir ici le tableau de classification de la puret\u00e9 des diamants<\/p>\n<p>Ne payez pas pour des inclusions invisibles !<\/p>\n<p>Si vous regardez au microscope et vous trouverez plein d&rsquo;inclusions naturelles vous donnant la garantie d&rsquo;authenticit\u00e9.<\/p><\/div><\/div><\/div><div class='tab' id='1552751219313-c9e86dad-8847'><h3 class='tab-title d-block d-md-none'>Confiance<\/h3><div class='tab-content'><div class='mb-4'><p>Puisqu&rsquo;il est facile de copier des certificats, facile de copier l&#8217;emballage scell\u00e9 et qu&rsquo;il est possible de produire une inscription au laser, la confiance est l&rsquo;un des \u00e9l\u00e9ments les plus importants de l&rsquo;achat de diamants !<\/p><\/div><\/div><\/div><\/div><\/div><\/div><\/div> <div class='row vc_row '><div class='col-md-12 '><div class='mb-4'><p><\/p>\n<p style=\"text-align: center;\">La confiance est primordiale dans notre entreprise. Ajediam est le ma\u00eetre incontest\u00e9 du rapport qualit\u00e9-prix depuis plus de 30 ans !<\/p>\n<p style=\"text-align: center;\">Et nous en sommes fiers ! Cela nous rend heureux aussi! En savoir plus sur les commentaires non censur\u00e9s et les commentaires des clients<\/p>\n<p><\/p><\/div><\/div><\/div> <div class='row vc_row '><div class='col-md-2 '><\/div><div class='col-md-8 '><div class='vc-image '><figure><div><img src='https:\/\/ajediam.com\/wp-content\/uploads\/2019\/03\/Ajediam_footer_Buy_now_13_03_2015.jpg' alt=''><\/div><\/figure><\/div><\/div><div class='col-md-2 '><\/div><\/div> <\/p>\n","protected":false},"excerpt":{"rendered":"","protected":false},"author":5,"featured_media":0,"parent":9798,"menu_order":0,"comment_status":"closed","ping_status":"closed","template":"","meta":{"ub_ctt_via":"","footnotes":""},"acf":[],"featured_image_src":null,"_links":{"self":[{"href":"https:\/\/ajediam.com\/fr\/wp-json\/wp\/v2\/pages\/9810"}],"collection":[{"href":"https:\/\/ajediam.com\/fr\/wp-json\/wp\/v2\/pages"}],"about":[{"href":"https:\/\/ajediam.com\/fr\/wp-json\/wp\/v2\/types\/page"}],"author":[{"embeddable":true,"href":"https:\/\/ajediam.com\/fr\/wp-json\/wp\/v2\/users\/5"}],"replies":[{"embeddable":true,"href":"https:\/\/ajediam.com\/fr\/wp-json\/wp\/v2\/comments?post=9810"}],"version-history":[{"count":1,"href":"https:\/\/ajediam.com\/fr\/wp-json\/wp\/v2\/pages\/9810\/revisions"}],"predecessor-version":[{"id":9811,"href":"https:\/\/ajediam.com\/fr\/wp-json\/wp\/v2\/pages\/9810\/revisions\/9811"}],"up":[{"embeddable":true,"href":"https:\/\/ajediam.com\/fr\/wp-json\/wp\/v2\/pages\/9798"}],"wp:attachment":[{"href":"https:\/\/ajediam.com\/fr\/wp-json\/wp\/v2\/media?parent=9810"}],"curies":[{"name":"wp","href":"https:\/\/api.w.org\/{rel}","templated":true}]}}