{"id":9843,"date":"2023-05-04T13:35:53","date_gmt":"2023-05-04T13:35:53","guid":{"rendered":"https:\/\/ajediam.com\/?page_id=9843"},"modified":"2023-06-29T12:02:45","modified_gmt":"2023-06-29T12:02:45","slug":"traites-synthetiques","status":"publish","type":"page","link":"https:\/\/ajediam.com\/fr\/traites-synthetiques\/","title":{"rendered":"Trait\u00e9s &#038; Synth\u00e9tiques"},"content":{"rendered":"\n<p class=\"tt1\">Comment les diamants peuvent \u00eatre am\u00e9lior\u00e9s ou cr\u00e9\u00e9s en laboratoire<\/p>\n\n\n\n<p class=\"tt2\">Aventurez-vous dans le royaume des diamants trait\u00e9s et synth\u00e9tiques. D\u00e9couvrez les techniques d&rsquo;am\u00e9lioration appliqu\u00e9es aux diamants naturels, ainsi que les m\u00e9thodes de cr\u00e9ation de diamants synth\u00e9tiques. Apprenez \u00e0 distinguer les diamants naturels, trait\u00e9s et synth\u00e9tiques pour vous assurer de prendre des d\u00e9cisions \u00e9clair\u00e9es. Gr\u00e2ce \u00e0 nos conseils d&rsquo;experts, restez au courant des nuances de l&rsquo;industrie du diamant et faites des choix \u00e9clair\u00e9s en ce qui concerne ces pierres pr\u00e9cieuses captivantes.<\/p>\n","protected":false},"excerpt":{"rendered":"<p>Comment les diamants peuvent \u00eatre am\u00e9lior\u00e9s ou cr\u00e9\u00e9s en laboratoire Aventurez-vous dans le royaume des diamants trait\u00e9s et synth\u00e9tiques. D\u00e9couvrez les techniques d&rsquo;am\u00e9lioration appliqu\u00e9es aux diamants naturels, ainsi que les m\u00e9thodes de cr\u00e9ation de diamants synth\u00e9tiques. Apprenez \u00e0 distinguer les diamants naturels, trait\u00e9s et synth\u00e9tiques pour vous assurer de prendre des d\u00e9cisions \u00e9clair\u00e9es. Gr\u00e2ce \u00e0 [&hellip;]<\/p>\n","protected":false},"author":5,"featured_media":0,"parent":0,"menu_order":0,"comment_status":"closed","ping_status":"closed","template":"childpage-page.php","meta":{"ub_ctt_via":"","footnotes":""},"acf":[],"featured_image_src":null,"_links":{"self":[{"href":"https:\/\/ajediam.com\/fr\/wp-json\/wp\/v2\/pages\/9843"}],"collection":[{"href":"https:\/\/ajediam.com\/fr\/wp-json\/wp\/v2\/pages"}],"about":[{"href":"https:\/\/ajediam.com\/fr\/wp-json\/wp\/v2\/types\/page"}],"author":[{"embeddable":true,"href":"https:\/\/ajediam.com\/fr\/wp-json\/wp\/v2\/users\/5"}],"replies":[{"embeddable":true,"href":"https:\/\/ajediam.com\/fr\/wp-json\/wp\/v2\/comments?post=9843"}],"version-history":[{"count":1,"href":"https:\/\/ajediam.com\/fr\/wp-json\/wp\/v2\/pages\/9843\/revisions"}],"predecessor-version":[{"id":9844,"href":"https:\/\/ajediam.com\/fr\/wp-json\/wp\/v2\/pages\/9843\/revisions\/9844"}],"wp:attachment":[{"href":"https:\/\/ajediam.com\/fr\/wp-json\/wp\/v2\/media?parent=9843"}],"curies":[{"name":"wp","href":"https:\/\/api.w.org\/{rel}","templated":true}]}}