{"id":9845,"date":"2019-05-03T08:42:35","date_gmt":"2019-05-03T08:42:35","guid":{"rendered":"https:\/\/ajediam.com\/?page_id=9845"},"modified":"2023-06-29T12:39:38","modified_gmt":"2023-06-29T12:39:38","slug":"diamants-fabriques-en-laboratoire","status":"publish","type":"page","link":"https:\/\/ajediam.com\/fr\/traites-synthetiques\/diamants-fabriques-en-laboratoire\/","title":{"rendered":"Histoire compl\u00e8te des diamants artificiels fabriqu\u00e9s en laboratoire: de la cr\u00e9ation au march\u00e9"},"content":{"rendered":"\n<p class=\"postTitle\">Tous les aspects \u00e0 consid\u00e9rer pour \u00eatre bien inform\u00e9<\/p>\n\n\n\n<p>Ces derni\u00e8res ann\u00e9es, l&rsquo;industrie de la joaillerie a connu un changement notable avec l&rsquo;introduction et l&rsquo;acceptation des diamants synth\u00e9tiques, artificiels, de culture ou de laboratoire. Ces diamants, identiques \u00e0 leurs homologues naturels dans presque tous les aspects, offrent une alternative \u00e9thique et souvent plus abordable. Ils sont cr\u00e9\u00e9s au moyen de deux processus principaux: haute pression-haute temp\u00e9rature (HPHT) et d\u00e9p\u00f4t chimique en phase vapeur (CVD), chacun avec des machines et des types de diamants uniques produits.<\/p>\n\n\n<div class=\"ub_table-of-contents\" data-showtext=\"show\" data-hidetext=\"hide\" data-scrolltype=\"auto\" id=\"ub_table-of-contents-8c6bfed7-1c26-4af3-8b4d-d51d454ce758\" data-initiallyhideonmobile=\"false\"\n                    data-initiallyshow=\"true\"><div class=\"ub_table-of-contents-header-container\"><div class=\"ub_table-of-contents-header\">\n                    <div class=\"ub_table-of-contents-title\">Table des mati\u00e8res<\/div><\/div><\/div><div class=\"ub_table-of-contents-extra-container\"><div class=\"ub_table-of-contents-container ub_table-of-contents-1-column \"><ul><li><a href=https:\/\/ajediam.com\/fr\/traites-synthetiques\/diamants-fabriques-en-laboratoire\/#0-diamants-haute-pression-haute-temp%C3%A9rature-hpht-cr%C3%A9ation-machines-et-utilisations>Diamants Haute Pression-Haute Temp\u00e9rature (HPHT): Cr\u00e9ation, Machines et Utilisations<\/a><\/li><li><a href=https:\/\/ajediam.com\/fr\/traites-synthetiques\/diamants-fabriques-en-laboratoire\/#4-diamants-par-d%C3%A9p%C3%B4t-chimique-en-phase-vapeur-cvd-cr%C3%A9ation-machines-et-utilisations>Diamants par d\u00e9p\u00f4t chimique en phase vapeur (CVD): cr\u00e9ation, machines et utilisations<\/a><\/li><li><a href=https:\/\/ajediam.com\/fr\/traites-synthetiques\/diamants-fabriques-en-laboratoire\/#8-identifier-les-diamants-de-laboratoire-caract%C3%A9ristiques-physiques-les-diff%C3%A9renciant-des-diamants-naturels>Identifier les diamants de laboratoire: caract\u00e9ristiques physiques les diff\u00e9renciant des diamants naturels<\/a><\/li><li><a href=https:\/\/ajediam.com\/fr\/traites-synthetiques\/diamants-fabriques-en-laboratoire\/#15-laboratoires-de-gemmologie-et-leurs-rapports-sur-les-diamants-cultiv%C3%A9s-en-laboratoire>Laboratoires de gemmologie et leurs rapports sur les diamants cultiv\u00e9s en laboratoire<\/a><\/li><li><a href=https:\/\/ajediam.com\/fr\/traites-synthetiques\/diamants-fabriques-en-laboratoire\/#19-la-valeur-des-diamants-synth%C3%A9tiques>La valeur des diamants synth\u00e9tiques<\/a><\/li><li><a href=https:\/\/ajediam.com\/fr\/traites-synthetiques\/diamants-fabriques-en-laboratoire\/#20-la-question-de-la-durabilit%C3%A9-des-diamants-synth%C3%A9tiques-et-naturels>La question de la durabilit\u00e9 des diamants synth\u00e9tiques et naturels<\/a><\/li><li><a href=https:\/\/ajediam.com\/fr\/traites-synthetiques\/diamants-fabriques-en-laboratoire\/#21-transformer-les-tendances-limpact-des-diamants-synth%C3%A9tiques-sur-les-march%C3%A9s-du-diamant-et-de-la-joaillerie>Transformer les tendances&nbsp;: l&rsquo;impact des diamants synth\u00e9tiques sur les march\u00e9s du diamant et de la joaillerie<\/a><\/li><\/ul><\/div><\/div><\/div>\n\n\n<h2 class=\"wp-block-heading\" id=\"0-diamants-haute-pression-haute-temp%C3%A9rature-hpht-cr%C3%A9ation-machines-et-utilisations\"><strong>Diamants Haute Pression-Haute Temp\u00e9rature (HPHT): <\/strong>Cr\u00e9ation, Machines et Utilisations<\/h2>\n\n\n\n<h3 class=\"wp-block-heading\" id=\"1-le-processus-hpht-pour-la-croissance-des-diamants\">Le processus HPHT pour la croissance des diamants<\/h3>\n\n\n\n<p>La m\u00e9thode HPHT est le proc\u00e9d\u00e9 le plus ancien et le plus couramment utilis\u00e9 pour cr\u00e9er des diamants synth\u00e9tiques. Le processus simule les conditions naturelles qui cr\u00e9ent des diamants au plus profond de la terre, exposant le carbone \u00e0 des temp\u00e9ratures et des pressions \u00e9lev\u00e9es sur une p\u00e9riode prolong\u00e9e.<\/p>\n\n\n\n<p>Le processus Haute Pression Haute Temp\u00e9rature (HPHT) pour la croissance du diamant commence par placer une graine de diamant dans une presse con\u00e7ue sp\u00e9cifiquement \u00e0 cet effet. La chambre est ensuite chauff\u00e9e \u00e0 des temp\u00e9ratures comprises entre 1300 et 1600 \u00b0C sous une pression extr\u00eame. Une source de carbone de haute puret\u00e9 (par exemple du fer, du nickel ou du cobalt) se dissout dans le m\u00e9tal fondu et pr\u00e9cipite sur le germe de diamant, initiant la croissance d&rsquo;un diamant synth\u00e9tique. Pendant plusieurs jours \u00e0 plusieurs semaines, le mat\u00e9riau carbon\u00e9 migre et cristallise sur le germe de diamant, formant un cristal de diamant synth\u00e9tique. Ce diamant de laboratoire est ensuite taill\u00e9 et poli jusqu&rsquo;\u00e0 sa forme finale.<\/p>\n\n\n\n<h3 class=\"wp-block-heading\" id=\"2-machines-hpht\">Machines HPHT<\/h3>\n\n\n\n<p>Il existe trois principaux types de machines HPHT&nbsp;: les presses \u00e0 bande, les presses cubiques et les appareils BARS.<\/p>\n\n\n\n<p>Presse \u00e0 bande: Cette machine utilise deux grandes enclumes pour appliquer une pression sur une chambre cylindrique. L&rsquo;\u00e9chantillon, avec un flux m\u00e9tallique, est plac\u00e9 \u00e0 l&rsquo;int\u00e9rieur, et la temp\u00e9rature et la pression sont augment\u00e9es jusqu&rsquo;\u00e0 ce qu&rsquo;un diamant se forme.<\/p>\n\n\n\n<p>Presse cubique: Couramment utilis\u00e9e pour la production industrielle, une presse cubique est une grande presse multi-enclume capable de produire les niveaux de pression et de temp\u00e9rature n\u00e9cessaires \u00e0 la formation du diamant.<\/p>\n\n\n\n<p>Appareil BARS: BARS signifie \u00ab\u00a0Bridgman Anvil Russian System\u00a0\u00bb. Cet appareil utilise une combinaison de presse hydraulique et de courant \u00e9lectrique pour cr\u00e9er les conditions n\u00e9cessaires. C&rsquo;est l&rsquo;une des machines les plus efficaces et les plus utilis\u00e9es pour produire des diamants synth\u00e9tiques.<\/p>\n\n\n\n<h3 class=\"wp-block-heading\" id=\"3-lutilisation-des-diamants-hpht\">L&rsquo;utilisation des diamants HPHT<\/h3>\n\n\n\n<p>Les diamants HPHT peuvent \u00eatre fabriqu\u00e9s dans une large gamme de tailles et de qualit\u00e9s, des petites pierres de faible qualit\u00e9 utilis\u00e9es dans les applications industrielles, comme la coupe et le forage, aux pierres plus grandes et de haute qualit\u00e9 utilis\u00e9es dans les bijoux. Ils peuvent \u00e9galement produire des diamants de couleur fantaisie, comme le jaune et le bleu, qui se produisent lorsque des impuret\u00e9s sp\u00e9cifiques sont ajout\u00e9es au cours du processus de fabrication.<\/p>\n\n\n\n<h2 class=\"wp-block-heading\" id=\"4-diamants-par-d%C3%A9p%C3%B4t-chimique-en-phase-vapeur-cvd-cr%C3%A9ation-machines-et-utilisations\">Diamants par d\u00e9p\u00f4t chimique en phase vapeur (CVD): cr\u00e9ation, machines et utilisations<\/h2>\n\n\n\n<h3 class=\"wp-block-heading\" id=\"5-le-processus-cvd-pour-la-croissance-des-diamants\">Le processus CVD pour la croissance des diamants<\/h3>\n\n\n\n<p>Le proc\u00e9d\u00e9 CVD, quant \u00e0 lui, consiste \u00e0 placer des germes de diamant dans une chambre \u00e0 vide remplie d&rsquo;un gaz contenant du carbone. La chambre est ensuite chauff\u00e9e \u00e0 environ 900-1200\u00b0C et un faisceau de micro-ondes d\u00e9compose les mol\u00e9cules de gaz, provoquant la pr\u00e9cipitation du carbone et son d\u00e9p\u00f4t sur le germe cristallin. Ce processus peut prendre plusieurs semaines, avec un polissage intermittent pour \u00e9liminer le carbone non diamant\u00e9. Apr\u00e8s cette p\u00e9riode de croissance, les diamants synth\u00e9tiques sont pr\u00eats pour la taille et le polissage. Initialement, ces diamants peuvent avoir une couleur brune, qui peut \u00eatre \u00e9limin\u00e9e par traitement thermique avant le facettage. Le produit final est un diamant incolore de laboratoire.<\/p>\n\n\n\n<h3 class=\"wp-block-heading\" id=\"6-machines-cvd\">Machines CVD<\/h3>\n\n\n\n<p>Les machines CVD diff\u00e8rent consid\u00e9rablement des machines HPHT. Ils utilisent une chambre dans laquelle est introduit un gaz riche en carbone, g\u00e9n\u00e9ralement du m\u00e9thane m\u00e9lang\u00e9 \u00e0 de l&rsquo;hydrog\u00e8ne. La chambre est ensuite chauff\u00e9e, g\u00e9n\u00e9ralement \u00e0 l&rsquo;aide de micro-ondes ou de filaments chauds, pour d\u00e9composer les mol\u00e9cules de gaz. Les atomes de carbone se lient \u00e0 une plaque de diamant germe, accumulant progressivement des couches de carbone pour former un diamant.<\/p>\n\n\n\n<h3 class=\"wp-block-heading\" id=\"7-lutilisation-des-diamants-cvd\">L&rsquo;utilisation des diamants CVD<\/h3>\n\n\n\n<p>Les diamants CVD sont g\u00e9n\u00e9ralement de meilleure qualit\u00e9 et sont les plus couramment utilis\u00e9s dans l&rsquo;industrie de la bijouterie. Ils ont tendance \u00e0 \u00eatre clairs ou blancs, ce qui les rend id\u00e9aux pour les bijoux traditionnels, comme les bagues de fian\u00e7ailles. Il est \u00e9galement possible de produire des diamants de couleur fantaisie avec CVD, bien que ce soit moins courant.<\/p>\n\n\n\n<h2 class=\"wp-block-heading\" id=\"8-identifier-les-diamants-de-laboratoire-caract%C3%A9ristiques-physiques-les-diff%C3%A9renciant-des-diamants-naturels\"><br>Identifier les diamants de laboratoire: caract\u00e9ristiques physiques les diff\u00e9renciant des diamants naturels<\/h2>\n\n\n\n<p>Les diamants synth\u00e9tiques et les diamants naturels sont identiques \u00e0 bien des \u00e9gards, y compris leurs propri\u00e9t\u00e9s physiques et chimiques. Ils sont tous deux constitu\u00e9s d&rsquo;atomes de carbone dispos\u00e9s dans une structure de r\u00e9seau cristallin, ce qui leur conf\u00e8re leur duret\u00e9 et leur brillance. Pour la plupart des gens, un diamant de laboratoire et un diamant naturel seront identiques. Cependant, il existe des diff\u00e9rences subtiles qui peuvent aider un gemmologue \u00e0 diff\u00e9rencier les deux :<\/p>\n\n\n\n<h3 class=\"wp-block-heading\" id=\"9-inclusions-m%C3%A9talliques\">Inclusions m\u00e9talliques<\/h3>\n\n\n\n<p>Les inclusions sont de minuscules imperfections dans un diamant qui se sont produites lors de sa formation. Les diamants naturels ont souvent des inclusions qui ont \u00e9t\u00e9 form\u00e9es par une chaleur et une pression intenses pendant des millions d&rsquo;ann\u00e9es. Ceux-ci peuvent inclure des traces min\u00e9rales ou une croissance cristalline irr\u00e9guli\u00e8re. Les diamants de laboratoire peuvent \u00e9galement avoir des inclusions, mais ils sont souvent diff\u00e9rents. Par exemple, ils peuvent avoir des inclusions m\u00e9talliques provenant du catalyseur m\u00e9tallique utilis\u00e9 dans le proc\u00e9d\u00e9 HPHT.<\/p>\n\n\n\n<figure class=\"wp-block-gallery has-nested-images columns-default is-cropped wp-block-gallery-1 is-layout-flex wp-block-gallery-is-layout-flex\">\n<figure class=\"wp-block-image size-large\"><a href=\"https:\/\/www.gia.edu\/gems-gemology\/fall-2017-observations-hpht-grown-synthetic-diamonds\" target=\"_blank\" rel=\"noopener\"><img decoding=\"async\" width=\"468\" height=\"585\" data-id=\"7437\" src=\"https:\/\/ajediam.com\/wp-content\/uploads\/2023\/06\/fig8-223324-468x-v2.jpeg\" alt=\"\" class=\"wp-image-7437\" srcset=\"https:\/\/ajediam.com\/wp-content\/uploads\/2023\/06\/fig8-223324-468x-v2.jpeg 468w, https:\/\/ajediam.com\/wp-content\/uploads\/2023\/06\/fig8-223324-468x-v2-240x300.jpeg 240w\" sizes=\"(max-width: 468px) 100vw, 468px\" \/><\/a><\/figure>\n<figcaption class=\"blocks-gallery-caption\"><a href=\"https:\/\/www.gia.edu\/gems-gemology\/fall-2017-observations-hpht-grown-synthetic-diamonds\" data-type=\"URL\" data-id=\"https:\/\/www.gia.edu\/gems-gemology\/fall-2017-observations-hpht-grown-synthetic-diamonds\" target=\"_blank\" rel=\"noopener\">Photo-micrographie gemmologique d&rsquo;inclusions m\u00e9talliques dans des diamants synth\u00e9tiques par Sally Eaton-Maga\u00f1 et Troy Ardon pour Gems &amp; Gemology<\/a><\/figcaption><\/figure>\n\n\n\n<h3 class=\"wp-block-heading\" id=\"10-mod%C3%A8les-de-croissance\">Mod\u00e8les de croissance<\/h3>\n\n\n\n<p>Les diamants de laboratoire ont tendance \u00e0 avoir des mod\u00e8les de croissance diff\u00e9rents de ceux des diamants naturels. Cela est d\u00fb aux conditions diff\u00e9rentes dans lesquelles ils se forment. Les diamants naturels se forment sur des millions d&rsquo;ann\u00e9es, tandis que les diamants synth\u00e9tiques se forment en quelques semaines ou quelques mois. Ces diff\u00e9rents processus de formation peuvent entra\u00eener diff\u00e9rents mod\u00e8les de croissance qui peuvent \u00eatre d\u00e9tect\u00e9s sous grossissement.<\/p>\n\n\n\n<h3 class=\"wp-block-heading\" id=\"11-fluorescence-\">Fluorescence <\/h3>\n\n\n\n<p>Certains diamants de laboratoire peuvent montrer une forte fluorescence sous la lumi\u00e8re ultraviolette. Ce n&rsquo;est pas un test d\u00e9finitif, car les diamants naturels peuvent \u00e9galement pr\u00e9senter une fluorescence, mais cela peut \u00eatre une preuve de plus dans le processus d&rsquo;identification.<\/p>\n\n\n\n<h3 class=\"wp-block-heading\" id=\"12-grainage\">Grainage<\/h3>\n\n\n\n<p>La structure cristalline d&rsquo;un diamant de laboratoire peut parfois pr\u00e9senter un type de grain diff\u00e9rent sous grossissement par rapport \u00e0 un diamant naturel. C&rsquo;est une autre caract\u00e9ristique que les gemmologues recherchent lors de l&rsquo;identification des diamants de laboratoire.<\/p>\n\n\n\n<h3 class=\"wp-block-heading\" id=\"13-inscriptions-laser\">Inscriptions laser<\/h3>\n\n\n\n<p>De nombreux diamants de laboratoire sont grav\u00e9s au laser sur la ceinture pour les identifier comme \u00e9tant de laboratoire. Ce n&rsquo;est pas une caract\u00e9ristique naturelle, mais c&rsquo;est une pratique courante dans l&rsquo;industrie pour assurer la transparence et l&rsquo;honn\u00eatet\u00e9.<\/p>\n\n\n\n<h3 class=\"wp-block-heading\" id=\"14-couleur-et-clart%C3%A9\">Couleur et clart\u00e9<\/h3>\n\n\n\n<p>Les diamants synth\u00e9tiques ont souvent une couleur et une puret\u00e9 moyennes sup\u00e9rieures \u00e0 celles des diamants naturels. En effet, l&rsquo;environnement du laboratoire peut \u00eatre soigneusement contr\u00f4l\u00e9 pour minimiser l&rsquo;introduction d&rsquo;impuret\u00e9s ou de d\u00e9fauts.<\/p>\n\n\n\n<h2 class=\"wp-block-heading\" id=\"15-laboratoires-de-gemmologie-et-leurs-rapports-sur-les-diamants-cultiv%C3%A9s-en-laboratoire\">Laboratoires de gemmologie et leurs rapports sur les diamants cultiv\u00e9s en laboratoire<\/h2>\n\n\n\n<p>Les diamants de laboratoire ont gagn\u00e9 en popularit\u00e9 et leur march\u00e9 se d\u00e9veloppe, la demande de certification et de validation de ces diamants de laboratoire augmente. Les certificats de diamant garantissent aux consommateurs et aux vendeurs la qualit\u00e9 de ces diamants synth\u00e9tiques. Ces laboratoires utilisent une technologie de pointe et des m\u00e9thodes scientifiques pour \u00e9valuer les propri\u00e9t\u00e9s et les caract\u00e9ristiques des diamants de laboratoire.<\/p>\n\n\n\n<p>Parmi les nombreux laboratoires de gemmologie, voici quelques-uns des plus connus et des exemples de rapports sur les diamants cultiv\u00e9s en laboratoire. Chacun de ces laboratoires a sa propre approche unique et ses offres sp\u00e9cifiques.<\/p>\n\n\n\n<h3 class=\"wp-block-heading\" id=\"16-le-gemological-institute-of-america-gia\">Le Gemological Institute of America (GIA)<\/h3>\n\n\n\n<figure class=\"wp-block-image size-full\"><a href=\"https:\/\/www.gia.edu\/analysis-grading-sample-report-laboratory-grown-diamond?reporttype=laboratory-grown-colored-diamond-report\" target=\"_blank\" rel=\"noreferrer noopener\"><img decoding=\"async\" width=\"1740\" height=\"2252\" src=\"https:\/\/ajediam.com\/wp-content\/uploads\/2023\/06\/GIA-Lab-Grown-Diamonds-Report.jpeg\" alt=\"\" class=\"wp-image-7428\" srcset=\"https:\/\/ajediam.com\/wp-content\/uploads\/2023\/06\/GIA-Lab-Grown-Diamonds-Report.jpeg 1740w, https:\/\/ajediam.com\/wp-content\/uploads\/2023\/06\/GIA-Lab-Grown-Diamonds-Report-232x300.jpeg 232w, https:\/\/ajediam.com\/wp-content\/uploads\/2023\/06\/GIA-Lab-Grown-Diamonds-Report-768x994.jpeg 768w, https:\/\/ajediam.com\/wp-content\/uploads\/2023\/06\/GIA-Lab-Grown-Diamonds-Report-1187x1536.jpeg 1187w, https:\/\/ajediam.com\/wp-content\/uploads\/2023\/06\/GIA-Lab-Grown-Diamonds-Report-1582x2048.jpeg 1582w\" sizes=\"(max-width: 1740px) 100vw, 1740px\" \/><\/a><\/figure>\n\n\n\n<h3 class=\"wp-block-heading\" id=\"17-le-hoge-raad-voor-diamanten-hrd-anvers\">Le Hoge Raad voor Diamanten (HRD Anvers)<\/h3>\n\n\n\n<figure class=\"wp-block-image size-full\"><a href=\"https:\/\/hrdantwerp.com\/diamond-grading-reports\/\" target=\"_blank\" rel=\"noreferrer noopener\"><img decoding=\"async\" width=\"1260\" height=\"900\" src=\"https:\/\/ajediam.com\/wp-content\/uploads\/2023\/06\/hrd-lab-grown-diamond-report.png\" alt=\"\" class=\"wp-image-7429\" srcset=\"https:\/\/ajediam.com\/wp-content\/uploads\/2023\/06\/hrd-lab-grown-diamond-report.png 1260w, https:\/\/ajediam.com\/wp-content\/uploads\/2023\/06\/hrd-lab-grown-diamond-report-300x214.png 300w, https:\/\/ajediam.com\/wp-content\/uploads\/2023\/06\/hrd-lab-grown-diamond-report-768x549.png 768w\" sizes=\"(max-width: 1260px) 100vw, 1260px\" \/><\/a><\/figure>\n\n\n\n<h3 class=\"wp-block-heading\" id=\"18-the-international-gemological-institute-igi\">The International Gemological Institute (IGI)<\/h3>\n\n\n\n<figure class=\"wp-block-image size-full\"><a href=\"https:\/\/www.igi.org\/reports\/laboratory-grown\" target=\"_blank\" rel=\"noreferrer noopener\"><img decoding=\"async\" width=\"1528\" height=\"704\" src=\"https:\/\/ajediam.com\/wp-content\/uploads\/2023\/06\/lg-new-cer-img.jpeg\" alt=\"\" class=\"wp-image-7430\" srcset=\"https:\/\/ajediam.com\/wp-content\/uploads\/2023\/06\/lg-new-cer-img.jpeg 1528w, https:\/\/ajediam.com\/wp-content\/uploads\/2023\/06\/lg-new-cer-img-300x138.jpeg 300w, https:\/\/ajediam.com\/wp-content\/uploads\/2023\/06\/lg-new-cer-img-768x354.jpeg 768w\" sizes=\"(max-width: 1528px) 100vw, 1528px\" \/><\/a><\/figure>\n\n\n\n<h2 class=\"wp-block-heading\" id=\"19-la-valeur-des-diamants-synth%C3%A9tiques\">La valeur des diamants synth\u00e9tiques<\/h2>\n\n\n\n<p>La production de diamants synth\u00e9tiques a \u00e9t\u00e9 r\u00e9volutionn\u00e9e par les technologies modernes, permettant leur cr\u00e9ation en masse en quelques jours ou semaines, selon la taille. Cette rapidit\u00e9 et cette efficacit\u00e9 contrastent fortement avec les processus exhaustifs et co\u00fbteux d&rsquo;extraction de diamants rares et naturels.<\/p>\n\n\n\n<p>M\u00eame si les diamants de laboratoire sont fabriqu\u00e9s par l&rsquo;homme, ils entra\u00eenent toujours certaines d\u00e9penses. La production utilise des machines co\u00fbteuses et \u00e9nergivores, et les diamants sont taill\u00e9s, polis et certifi\u00e9s par des laboratoires de gemmes renomm\u00e9s pour garantir leur qualit\u00e9. Tous ces facteurs contribuent \u00e0 leur prix.<\/p>\n\n\n\n<p>Les co\u00fbts r\u00e9els des diamants synth\u00e9tiques sont nettement inf\u00e9rieurs \u00e0 ceux des diamants naturels. Malgr\u00e9 cela, certaines marques majorent les prix d&rsquo;une mani\u00e8re qui peut \u00eatre trompeuse. Pour aider les consommateurs, une liste des prix moyens du march\u00e9 est fournie, offrant une r\u00e9f\u00e9rence pour comprendre le prix des diamants de laboratoire.<br>Notez que dans les bijoux en diamants de laboratoire, le travail d&rsquo;orf\u00e8vrerie constitue souvent une part \u00e9gale ou sup\u00e9rieure du co\u00fbt que les diamants synth\u00e9tiques. Contrairement aux diamants naturels, les diamants de culture n&rsquo;ont g\u00e9n\u00e9ralement pas une valeur de revente significative en eux-m\u00eames, contrairement \u00e0 leurs montures en or. La valeur des bijoux en diamants synth\u00e9tiques peut \u00eatre rehauss\u00e9e par la r\u00e9putation du cr\u00e9ateur. Cependant, cela devrait \u00eatre consid\u00e9r\u00e9 comme plus conforme \u00e0 la mode haut de gamme qu&rsquo;\u00e0 la valeur des diamants et de la haute joaillerie.<\/p>\n\n\n\n<p>Pour aider nos visiteurs \u00e0 naviguer dans les prix des diamants synth\u00e9tiques, Ajediam a publi\u00e9 une liste de prix des prix moyens du march\u00e9 pour les diamants synth\u00e9tiques, visitez notre page de <a href=\"https:\/\/ajediam.com\/fr\/prix-des-diamants\/prix-des-diamants-synthetiques\/\" data-type=\"URL\" data-id=\"https:\/\/ajediam.com\/fr\/prix-des-diamants\/prix-des-diamants-synthetiques\/\">liste de prix des diamants synth\u00e9tiques<\/a><\/p>\n\n\n\n<h2 class=\"wp-block-heading\" id=\"20-la-question-de-la-durabilit%C3%A9-des-diamants-synth%C3%A9tiques-et-naturels\">La question de la durabilit\u00e9 des diamants synth\u00e9tiques et naturels<\/h2>\n\n\n\n<p>En ce qui concerne la durabilit\u00e9 des diamants synth\u00e9tiques par rapport aux diamants naturels, la r\u00e9ponse n&rsquo;est pas tout \u00e0 fait noire ou blanche. Une croyance r\u00e9pandue sugg\u00e8re que les diamants de laboratoire offrent un choix plus \u00e9thique par rapport \u00e0 leurs homologues extraits. Cependant, il est crucial de reconna\u00eetre que l&rsquo;industrie du diamant naturel joue un r\u00f4le important dans le renforcement des \u00e9conomies de nombreux pays, cr\u00e9ant des emplois et des revenus pour un large \u00e9ventail de segments de la soci\u00e9t\u00e9.<\/p>\n\n\n\n<p>Malheureusement, de nombreuses marques peuvent tromper les consommateurs en affirmant que les diamants synth\u00e9tiques repr\u00e9sentent une alternative \u00ab\u00a0verte\u00a0\u00bb aux diamants naturels. Une telle affirmation n&rsquo;est pas tout \u00e0 fait exacte. Le processus de fabrication des diamants synth\u00e9tiques est \u00e9nergivore. De plus, la majorit\u00e9 d&rsquo;entre eux sont produits dans des pays qui d\u00e9pendent principalement de sources d&rsquo;\u00e9nergie non renouvelables. Bien que la production de diamants synth\u00e9tiques soit \u00e9nergivore, elle est g\u00e9n\u00e9ralement plus respectueuse de l&rsquo;environnement par rapport aux processus impliqu\u00e9s dans l&rsquo;extraction de diamants. En tenant compte \u00e0 la fois des facteurs socio-\u00e9conomiques et environnementaux, le choix entre les diamants synth\u00e9tiques et naturels d\u00e9pend en fin de compte des pr\u00e9f\u00e9rences individuelles.<\/p>\n\n\n\n<h2 class=\"wp-block-heading\" id=\"21-transformer-les-tendances-limpact-des-diamants-synth%C3%A9tiques-sur-les-march%C3%A9s-du-diamant-et-de-la-joaillerie\">Transformer les tendances&nbsp;: l&rsquo;impact des diamants synth\u00e9tiques sur les march\u00e9s du diamant et de la joaillerie<\/h2>\n\n\n\n<p>L&rsquo;introduction de diamants synth\u00e9tiques sur le march\u00e9 a d&rsquo;abord \u00e9t\u00e9 accueillie avec peu d&rsquo;inqui\u00e9tude par les professionnels de l&rsquo;industrie du diamant. Les premi\u00e8res versions de ces diamants synth\u00e9tiques n&rsquo;\u00e9taient pas de haute qualit\u00e9 et leur prix \u00e9tait trop \u00e9lev\u00e9 pour constituer une menace r\u00e9elle pour l&rsquo;industrie du diamant naturel.<\/p>\n\n\n\n<p>Au fur et \u00e0 mesure que la technologie s&rsquo;am\u00e9liorait, la qualit\u00e9 et l&rsquo;apparence des diamants de laboratoire se sont am\u00e9lior\u00e9es, tout en devenant beaucoup plus abordables. Cette \u00e9volution a d\u00e9clench\u00e9 une vague de quasi-hyst\u00e9rie sur le march\u00e9 du diamant il y a quelques ann\u00e9es, rappelant la perturbation que les perles de culture ont apport\u00e9e au march\u00e9 des perles naturelles.<\/p>\n\n\n\n<p>Contrairement aux craintes que les diamants de laboratoire d\u00e9ciment le march\u00e9 des diamants naturels, un nouveau cr\u00e9neau au sein de l&rsquo;industrie du diamant a \u00e9merg\u00e9. Ce cr\u00e9neau s&rsquo;adresse \u00e0 deux types de clients : ceux qui auparavant ne pouvaient pas s&rsquo;offrir le diamant de fian\u00e7ailles de leurs r\u00eaves et ceux qui aiment consommer des diamants comme des articles de mode de luxe, plus fr\u00e9quemment.<\/p>\n\n\n\n<p>Malgr\u00e9 ce changement, l&rsquo;industrie du diamant naturel reste robuste. L&rsquo;int\u00e9gration des diamants synth\u00e9tiques dans le march\u00e9 semble avoir conduit \u00e0 l&rsquo;expansion et \u00e0 la diversification des march\u00e9s du diamant et de la joaillerie. Au lieu d&rsquo;an\u00e9antir le march\u00e9 existant, les diamants de laboratoire se sont taill\u00e9 une place dans l&rsquo;industrie. D&rsquo;apr\u00e8s ce que nous voyons chez Ajediam, il s&rsquo;adresse \u00e0 un ensemble diff\u00e9rent de consommateurs et contribue \u00e0 la croissance globale du secteur. Le march\u00e9 des diamants Lab-Grown en est encore \u00e0 ses d\u00e9buts, il sera int\u00e9ressant de voir comment il \u00e9voluera au cours des prochaines d\u00e9cennies.<\/p>\n","protected":false},"excerpt":{"rendered":"<p>Tous les aspects \u00e0 consid\u00e9rer pour \u00eatre bien inform\u00e9 Ces derni\u00e8res ann\u00e9es, l&rsquo;industrie de la joaillerie a connu un changement notable avec l&rsquo;introduction et l&rsquo;acceptation des diamants synth\u00e9tiques, artificiels, de culture ou de laboratoire. Ces diamants, identiques \u00e0 leurs homologues naturels dans presque tous les aspects, offrent une alternative \u00e9thique et souvent plus abordable. Ils [&hellip;]<\/p>\n","protected":false},"author":5,"featured_media":9552,"parent":9843,"menu_order":0,"comment_status":"closed","ping_status":"closed","template":"jewel-cleaner-page.php","meta":{"ub_ctt_via":"","footnotes":""},"acf":[],"featured_image_src":"https:\/\/ajediam.com\/wp-content\/uploads\/2023\/06\/charlotteTY_same_pitcure_with_hermes_orange_background_fdb6d77f-fc8f-432b-9b0f-7cf4e4ad9c9a.png","_links":{"self":[{"href":"https:\/\/ajediam.com\/fr\/wp-json\/wp\/v2\/pages\/9845"}],"collection":[{"href":"https:\/\/ajediam.com\/fr\/wp-json\/wp\/v2\/pages"}],"about":[{"href":"https:\/\/ajediam.com\/fr\/wp-json\/wp\/v2\/types\/page"}],"author":[{"embeddable":true,"href":"https:\/\/ajediam.com\/fr\/wp-json\/wp\/v2\/users\/5"}],"replies":[{"embeddable":true,"href":"https:\/\/ajediam.com\/fr\/wp-json\/wp\/v2\/comments?post=9845"}],"version-history":[{"count":3,"href":"https:\/\/ajediam.com\/fr\/wp-json\/wp\/v2\/pages\/9845\/revisions"}],"predecessor-version":[{"id":9855,"href":"https:\/\/ajediam.com\/fr\/wp-json\/wp\/v2\/pages\/9845\/revisions\/9855"}],"up":[{"embeddable":true,"href":"https:\/\/ajediam.com\/fr\/wp-json\/wp\/v2\/pages\/9843"}],"wp:featuredmedia":[{"embeddable":true,"href":"https:\/\/ajediam.com\/fr\/wp-json\/wp\/v2\/media\/9552"}],"wp:attachment":[{"href":"https:\/\/ajediam.com\/fr\/wp-json\/wp\/v2\/media?parent=9845"}],"curies":[{"name":"wp","href":"https:\/\/api.w.org\/{rel}","templated":true}]}}