{"id":9850,"date":"2023-05-04T14:10:22","date_gmt":"2023-05-04T14:10:22","guid":{"rendered":"https:\/\/ajediam.com\/?page_id=9850"},"modified":"2023-06-29T13:24:28","modified_gmt":"2023-06-29T13:24:28","slug":"identification","status":"publish","type":"page","link":"https:\/\/ajediam.com\/fr\/identification\/","title":{"rendered":"Identification"},"content":{"rendered":"\n<p class=\"tt1\">Diff\u00e9renciez les diamants authentiques des imitations et des faux.<\/p>\n\n\n\n<p class=\"tt2\">Naviguez dans le monde complexe de l&rsquo;identification des diamants gr\u00e2ce \u00e0 notre guide complet. Cette section a pour but de vous aider \u00e0 diff\u00e9rencier les diamants authentiques des imitations et des faux, en abordant les diff\u00e9rentes m\u00e9thodes, outils et m\u00eame techniques de laboratoire utilis\u00e9s par les experts. D\u00e9couvrez les principes physiques qui r\u00e9gissent les propri\u00e9t\u00e9s des diamants et apprenez \u00e0 \u00e9valuer en toute confiance l&rsquo;authenticit\u00e9 de ces pierres pr\u00e9cieuses, ce qui vous permettra de toujours prendre des d\u00e9cisions \u00e9clair\u00e9es.<\/p>\n","protected":false},"excerpt":{"rendered":"<p>Diff\u00e9renciez les diamants authentiques des imitations et des faux. Naviguez dans le monde complexe de l&rsquo;identification des diamants gr\u00e2ce \u00e0 notre guide complet. Cette section a pour but de vous aider \u00e0 diff\u00e9rencier les diamants authentiques des imitations et des faux, en abordant les diff\u00e9rentes m\u00e9thodes, outils et m\u00eame techniques de laboratoire utilis\u00e9s par les [&hellip;]<\/p>\n","protected":false},"author":5,"featured_media":0,"parent":0,"menu_order":0,"comment_status":"closed","ping_status":"closed","template":"childpage-page.php","meta":{"ub_ctt_via":"","footnotes":""},"acf":[],"featured_image_src":null,"_links":{"self":[{"href":"https:\/\/ajediam.com\/fr\/wp-json\/wp\/v2\/pages\/9850"}],"collection":[{"href":"https:\/\/ajediam.com\/fr\/wp-json\/wp\/v2\/pages"}],"about":[{"href":"https:\/\/ajediam.com\/fr\/wp-json\/wp\/v2\/types\/page"}],"author":[{"embeddable":true,"href":"https:\/\/ajediam.com\/fr\/wp-json\/wp\/v2\/users\/5"}],"replies":[{"embeddable":true,"href":"https:\/\/ajediam.com\/fr\/wp-json\/wp\/v2\/comments?post=9850"}],"version-history":[{"count":2,"href":"https:\/\/ajediam.com\/fr\/wp-json\/wp\/v2\/pages\/9850\/revisions"}],"predecessor-version":[{"id":9865,"href":"https:\/\/ajediam.com\/fr\/wp-json\/wp\/v2\/pages\/9850\/revisions\/9865"}],"wp:attachment":[{"href":"https:\/\/ajediam.com\/fr\/wp-json\/wp\/v2\/media?parent=9850"}],"curies":[{"name":"wp","href":"https:\/\/api.w.org\/{rel}","templated":true}]}}