{"id":9852,"date":"2019-04-25T10:29:48","date_gmt":"2019-04-25T10:29:48","guid":{"rendered":"https:\/\/ajediam.com\/?page_id=9852"},"modified":"2023-06-29T12:51:14","modified_gmt":"2023-06-29T12:51:14","slug":"rapports-analyse-diamant-gia","status":"publish","type":"page","link":"https:\/\/ajediam.com\/fr\/identification\/rapports-analyse-diamant-gia\/","title":{"rendered":"GIA : la 1\u00e8re autorit\u00e9 mondiale en mati\u00e8re d&rsquo;analyse des diamants"},"content":{"rendered":"\n<p>Le Gemological Institute of America (GIA), laboratoire d&rsquo;analyse des diamants, fait l&rsquo;objet d&rsquo;un examen par une tierce partie.<\/p>\n\n\n\n<p>Dans le commerce du diamant, rien n&rsquo;est laiss\u00e9 au hasard. Des centaines de laboratoires tiers d\u00e9livrent des certificats de diamant qui garantissent les qualit\u00e9s sp\u00e9cifiques d&rsquo;une pierre.&nbsp;&nbsp;<\/p>\n\n\n\n<p>Cependant, tous les certificats ne se valent pas. Ceux qui proviennent de laboratoires plus r\u00e9put\u00e9s peuvent avoir un effet positif sur le prix d&rsquo;un diamant. D&rsquo;autres proviennent de sources plus douteuses et sont consid\u00e9r\u00e9s avec m\u00e9fiance.&nbsp;<\/p>\n\n\n\n<p>Dans cet article, nous allons nous pencher sur l&rsquo;un des laboratoires les plus r\u00e9put\u00e9s au monde : le <a href=\"http:\/\/www.gia.edu\" target=\"_blank\" rel=\"noreferrer noopener\">Gemological Institute of America <\/a>(GIA). Nombreux sont ceux qui consid\u00e8rent le GIA comme la r\u00e9f\u00e9rence en mati\u00e8re d&rsquo;analyse des diamants. Poursuivez votre lecture pour en savoir plus sur l&rsquo;un des pionniers de la normalisation de la classification des diamants.<\/p>\n\n\n<div class=\"ub_table-of-contents\" data-showtext=\"show\" data-hidetext=\"hide\" data-scrolltype=\"auto\" id=\"ub_table-of-contents-842a3109-1230-428b-83e4-e1f85c7860ef\" data-initiallyhideonmobile=\"false\"\n                    data-initiallyshow=\"true\"><div class=\"ub_table-of-contents-header-container\"><div class=\"ub_table-of-contents-header\">\n                    <div class=\"ub_table-of-contents-title\">Table des mati\u00e8res<\/div><\/div><\/div><div class=\"ub_table-of-contents-extra-container\"><div class=\"ub_table-of-contents-container ub_table-of-contents-1-column \"><ul><li><a href=https:\/\/ajediam.com\/fr\/identification\/rapports-analyse-diamant-gia\/#0-lhistoire-du-gia>L&rsquo;histoire du GIA<\/a><\/li><li><a href=https:\/\/ajediam.com\/fr\/identification\/rapports-analyse-diamant-gia\/#1-quelles-sont-les-r%C3%A8gles-de-classement-du-gia->Quelles sont les r\u00e8gles de classement du GIA ?<\/a><\/li><li><a href=https:\/\/ajediam.com\/fr\/identification\/rapports-analyse-diamant-gia\/#2-que-comprend-le-rapport-d%C3%A9valuation-du-gia->Que comprend le rapport d&rsquo;\u00e9valuation du GIA ?<\/a><\/li><li><a href=https:\/\/ajediam.com\/fr\/identification\/rapports-analyse-diamant-gia\/#3-lavantage-concurrentiel-du-gia>L&rsquo;avantage concurrentiel du GIA<\/a><\/li><li><a href=https:\/\/ajediam.com\/fr\/identification\/rapports-analyse-diamant-gia\/#4-lacad%C3%A9mie-gia-et-les-possibilit%C3%A9s-dapprentissage>L&rsquo;Acad\u00e9mie GIA et les possibilit\u00e9s d&rsquo;apprentissage<\/a><\/li><\/ul><\/div><\/div><\/div>\n\n\n<h2 class=\"wp-block-heading\" id=\"0-lhistoire-du-gia\">L&rsquo;histoire du GIA<\/h2>\n\n\n\n<p>Le Gemological Institute of America a \u00e9t\u00e9 cr\u00e9\u00e9 en 1931 \u00e0 Carlsbad, en Californie. Son fondateur, Robert M. Shipley, \u00e9tait un ancien bijoutier. Bien qu&rsquo;expert en bijouterie et propri\u00e9taire de plusieurs magasins, deux de ses meilleurs clients lui r\u00e9v\u00e8lent son manque d&rsquo;expertise.\u00a0<\/p>\n\n\n\n<p>Tr\u00e8s humili\u00e9 par cette rencontre et ayant perdu toutes ses affaires \u00e0 la suite d&rsquo;un divorce, il entreprend de se r\u00e9inventer en tant qu&rsquo;enseignant et expert en gemmologie. Il se rend en Angleterre et suit un cours de gemmologie par correspondance dispens\u00e9 par la <a href=\"https:\/\/nagblogdotorg1.wordpress.com\/about\/\" target=\"_blank\" rel=\"noreferrer noopener nofollow\">Great Britain National Association of Goldsmiths<\/a>.\u00a0<\/p>\n\n\n\n<p>En 1929, Shipley retourne aux \u00c9tats-Unis et lance un cours pr\u00e9liminaire de gemmologie. Il voyage dans tout le pays pour promouvoir la normalisation et la professionnalisation de l&rsquo;industrie de la bijouterie aux \u00c9tats-Unis par le biais de l&rsquo;\u00e9ducation.<\/p>\n\n\n\n<p>\u00c0 l&rsquo;\u00e9poque, le commerce de la bijouterie aux \u00c9tats-Unis souffrait d&rsquo;une d\u00e9centralisation et d&rsquo;un manque de normes unifi\u00e9es. Le niveau de confiance au sein de l&rsquo;industrie \u00e9tait notoirement bas. Shipley s&rsquo;est donc donn\u00e9 pour mission de restaurer la confiance du public.&nbsp;<\/p>\n\n\n\n<p>Sa vision fondamentale \u00e9tait que tous les gemmologues devaient avoir une formation sp\u00e9cialis\u00e9e et des crit\u00e8res normalis\u00e9s pour l&rsquo;achat et la vente de pierres pr\u00e9cieuses.<\/p>\n\n\n\n<p>Depuis sa cr\u00e9ation en 1931, l&rsquo;institut a jou\u00e9 un r\u00f4le d\u00e9terminant dans la normalisation des connaissances et de l&rsquo;\u00e9quipement au sein de la bijouterie am\u00e9ricaine. En 1934, l&rsquo;institut a brevet\u00e9 une loupe dot\u00e9e d&rsquo;une triple lentille aplan\u00e9tique. Cette loupe est devenue la loupe standard des bijoutiers professionnels. En 1937, le GIA a brevet\u00e9 le premier microscope gemmologique. Il permet aux gemmologues d&rsquo;examiner l&rsquo;int\u00e9rieur des pierres pr\u00e9cieuses.&nbsp;<\/p>\n\n\n\n<p>En 1940, Richard Liddicoat rejoint l&rsquo;\u00e9quipe. Il sera plus tard connu comme le \u00ab\u00a0p\u00e8re de la gemmologie moderne\u00a0\u00bb. En 1947, il publie la premi\u00e8re \u00e9dition de son manuel d&rsquo;identification des pierres pr\u00e9cieuses. \u00c0 la m\u00eame \u00e9poque, Liddicoat met au point des crit\u00e8res de classement pour les diamants, qui seront plus tard connus sous le nom de \u00ab\u00a04C\u00a0\u00bb. En 1953, le GIA a publi\u00e9 son premier rapport sur le classement des diamants. Les crit\u00e8res de Liddicoat sont devenus une norme internationale.&nbsp;&nbsp;<\/p>\n\n\n\n<p>En 1960, l&rsquo;institut a publi\u00e9 un dictionnaire du diamant, premi\u00e8re r\u00e9f\u00e9rence internationale de l&rsquo;industrie pour la terminologie du diamant. Au cours des d\u00e9cennies suivantes, le GIA a \u00e9t\u00e9 accr\u00e9dit\u00e9 en tant qu&rsquo;institution financi\u00e8re et s&rsquo;est implant\u00e9 dans diff\u00e9rents pays, dont le Japon, l&rsquo;Inde, la Cor\u00e9e et l&rsquo;Europe.&nbsp;<\/p>\n\n\n\n<p>En 2005, le GIA a introduit un grade de taille pour les diamants ronds et brillants de couleur D \u00e0 Z. En 2007, elle a cr\u00e9\u00e9 le syst\u00e8me raffin\u00e9 de classement international des diamants (International Diamond Grading System\u2122), bas\u00e9 sur les 4C. Dans les ann\u00e9es 2010, le GIA a ouvert des laboratoires \u00e0 Tokyo, Ramat Gan, Surat, Anvers, Mumbai, Johannesburg et Gaborone.&nbsp;<\/p>\n\n\n\n<h2 class=\"wp-block-heading\" id=\"1-quelles-sont-les-r%C3%A8gles-de-classement-du-gia-\">Quelles sont les r\u00e8gles de classement du GIA ?<\/h2>\n\n\n\n<figure class=\"wp-block-image size-large\"><img decoding=\"async\" src=\"https:\/\/4cs.gia.edu\/wp-content\/uploads\/2013\/03\/All-Scales.jpg\" alt=\"Echelle de Classement des diamants du GIA\"\/><\/figure>\n\n\n\n<p>Le GIA utilise toujours le syst\u00e8me de classement mis au point par Liddicoat dans les ann\u00e9es 1940. Il a toutefois introduit une cat\u00e9gorie de taille et a l\u00e9g\u00e8rement remodel\u00e9 le syst\u00e8me en 2007. Ses r\u00e8gles de classement sont bas\u00e9es sur les quatre C fondamentaux : carat, couleur, clart\u00e9 et taille.\u00a0<\/p>\n\n\n\n<p>Leurs laboratoires utilisent des balances \u00e9quilibr\u00e9es avec pr\u00e9cision pour mesurer le poids en carats de chaque pierre pr\u00e9cieuse. Plus la pierre est grosse, plus elle est rare et ch\u00e8re. Pour rappel, un carat \u00e9quivaut \u00e0 0,2 gramme. Le poids minimum d&rsquo;un diamant que vous pouvez soumettre \u00e0 l&rsquo;\u00e9valuation du GIA est de 0,15 ct.&nbsp;<\/p>\n\n\n\n<p>Les qualit\u00e9s de couleur d&rsquo;un diamant sont class\u00e9es selon l&rsquo;\u00e9chelle des couleurs du GIA. Elle va de D (incolore) \u00e0 Z (teinte claire). Les diamants de D \u00e0 F sont consid\u00e9r\u00e9s comme incolores. De G \u00e0 J, ils sont presque incolores. De K \u00e0 M, ils ont une l\u00e9g\u00e8re teinte. De N \u00e0 R, ils ont une tr\u00e8s l\u00e9g\u00e8re teinte. De S \u00e0 Z, ils sont class\u00e9s comme ayant une l\u00e9g\u00e8re teinte.&nbsp;<\/p>\n\n\n\n<p>Le GIA classe la puret\u00e9 des diamants en cinq grandes cat\u00e9gories : sans d\u00e9faut, tr\u00e8s l\u00e9g\u00e8rement inclus, tr\u00e8s l\u00e9g\u00e8rement inclus, l\u00e9g\u00e8rement inclus et inclus. Chacune de ces cat\u00e9gories comporte une sous-cat\u00e9gorie, bas\u00e9e sur la taille, l&#8217;emplacement, le nombre et la luminosit\u00e9 des inclusions internes. Au total, l&rsquo;\u00e9chelle est la suivante : Flawless, Internally Flawless, VVS1 &amp; VVS2, VS1 &amp; VS2, SI1 &amp; SI2, et I1 &amp; I2 &amp; I3.&nbsp;<\/p>\n\n\n\n<p>Enfin, ils examinent la qualit\u00e9 de la taille du diamant. L&rsquo;\u00e9chelle du GIA compte cinq degr\u00e9s de taille : excellent, tr\u00e8s bon, bon, moyen et m\u00e9diocre. Ces degr\u00e9s sont une combinaison de l&rsquo;apparence du diamant, de sa conception et de sa fabrication. Plus concr\u00e8tement, il s&rsquo;agit de l&rsquo;\u00e9clat, de la scintillation, du rapport de poids, de la durabilit\u00e9, du polissage et de la sym\u00e9trie. Le GIA dispose de lignes directrices sp\u00e9cifiques pour chaque variable.<\/p>\n\n\n\n<h2 class=\"wp-block-heading\" id=\"2-que-comprend-le-rapport-d%C3%A9valuation-du-gia-\">Que comprend le rapport d&rsquo;\u00e9valuation du GIA ?<\/h2>\n\n\n\n<figure class=\"wp-block-image size-large\"><img decoding=\"async\" src=\"https:\/\/4cs.gia.edu\/wp-content\/uploads\/2017\/05\/Sample_DGR_700x394-01.jpg\" alt=\"rapport d'evaluation de diamant du GIA\"\/><\/figure>\n\n\n\n<p>Le GIA propose une vari\u00e9t\u00e9 de rapports d&rsquo;\u00e9valuation en fonction de vos besoins. Toutefois, les rapports ne s&rsquo;appliquent qu&rsquo;aux diamants naturels non sertis, de couleur D \u00e0 Z, d&rsquo;un poids minimum de 0,15 carat. Les diamants ronds standard de taille brillante re\u00e7oivent \u00e9galement un rapport de taille.\u00a0<\/p>\n\n\n\n<p>Le rapport de base couvre toutes les caract\u00e9ristiques fondamentales de votre diamant. Il peut \u00eatre compl\u00e9t\u00e9 par un rapport sur l&rsquo;origine du diamant, qui examine la structure chimique du diamant et remonte jusqu&rsquo;\u00e0 son pays d&rsquo;origine. Le GIA propose \u00e9galement un dossier diamant, qui comprend les deux services pr\u00e9c\u00e9dents et ajoute une inscription au laser sur le diamant du num\u00e9ro du rapport.&nbsp;<\/p>\n\n\n\n<p>Enfin, la GIA propose un rapport \u00e9lectronique, qui reprend tous les services pr\u00e9c\u00e9dents, mais qui est \u00e9mis en ligne et conserv\u00e9 dans la base de donn\u00e9es s\u00e9curis\u00e9e de la GIA. Le rapport comprend une image \u00e0 haute r\u00e9solution, qui permet un agrandissement important pour voir les inclusions.<\/p>\n\n\n\n<p>Un rapport GIA typique comporte le logo dans le coin sup\u00e9rieur gauche et commence par un num\u00e9ro de rapport. Vous pouvez utiliser ce num\u00e9ro pour v\u00e9rifier le rapport en ligne. La premi\u00e8re section du rapport mentionne la date et le num\u00e9ro du rapport, la forme, le style de taille et les mesures pr\u00e9cises de votre diamant en millim\u00e8tres.<\/p>\n\n\n\n<p>La section suivante concerne les r\u00e9sultats du classement. Le poids du diamant est indiqu\u00e9 en carats jusqu&rsquo;\u00e0 la deuxi\u00e8me d\u00e9cimale. Le grade de couleur est exprim\u00e9 par une lettre allant de D \u00e0 Z. Le grade de puret\u00e9 est indiqu\u00e9 selon l&rsquo;\u00e9chelle du GIA. Si le diamant est de taille ronde et brillante, le grade de la taille est \u00e9galement indiqu\u00e9.&nbsp;<\/p>\n\n\n\n<p>La section suivante fournit des informations suppl\u00e9mentaires sur le classement. Elle concerne les degr\u00e9s de polissage et de sym\u00e9trie et indique \u00e9galement si une fluorescence a \u00e9t\u00e9 d\u00e9tect\u00e9e. Les \u00e9ventuelles inscriptions sur le diamant sont \u00e9galement signal\u00e9es. Si vous avez opt\u00e9 pour le rapport d&rsquo;origine, le pays d&rsquo;origine est indiqu\u00e9.&nbsp;&nbsp;<\/p>\n\n\n\n<p>Ensuite, il y a un croquis du diamant de profil, avec toutes ses proportions rapport\u00e9es en d\u00e9tail. La qualit\u00e9 de ces proportions constitue l&rsquo;une des bases du grade de la taille. Il y a un autre croquis du diamant vu de dessus. Ce croquis montre les caract\u00e9ristiques de puret\u00e9 et indique l&#8217;emplacement et le type d&rsquo;inclusions.&nbsp;<\/p>\n\n\n\n<p>Dans la derni\u00e8re partie du rapport, les \u00e9chelles GIA pour la couleur, la puret\u00e9 et la taille sont incluses pour faciliter la consultation par le client. D&rsquo;autres commentaires peuvent \u00e9galement \u00eatre inclus, si des traitements ont \u00e9t\u00e9 trouv\u00e9s sur le diamant, ou s&rsquo;il pr\u00e9sente une qualit\u00e9 exceptionnelle.&nbsp;<\/p>\n\n\n\n<h2 class=\"wp-block-heading\" id=\"3-lavantage-concurrentiel-du-gia\">L&rsquo;avantage concurrentiel du GIA<\/h2>\n\n\n\n<p>Le nom GIA est devenu synonyme de qualit\u00e9 et de fiabilit\u00e9 dans l&rsquo;industrie des pierres pr\u00e9cieuses. Sa r\u00e9putation est le plus grand atout de votre diamant. Personne ne met en doute les rapports du GIA et ils sont devenus l&rsquo;option par d\u00e9faut de la plupart des bijoutiers. Vous tenez peut-\u00eatre les 4C pour acquis, mais c&rsquo;est gr\u00e2ce aux efforts du GIA que nous disposons de syst\u00e8mes et d&rsquo;un vocabulaire normalis\u00e9s pour communiquer efficacement les qualit\u00e9s des diamants.\u00a0<\/p>\n\n\n\n<p>La r\u00e9putation du GIA est due \u00e0 l&rsquo;expertise et \u00e0 l&rsquo;exp\u00e9rience de son personnel, \u00e0 la qualit\u00e9 de son \u00e9quipement, \u00e0 sa volont\u00e9 d&rsquo;\u00eatre \u00e0 la pointe des \u00e9tudes universitaires en gemmologie et \u00e0 son exp\u00e9rience en tant qu&rsquo;\u00e9tablissement d&rsquo;enseignement.&nbsp;<\/p>\n\n\n\n<h2 class=\"wp-block-heading\" id=\"4-lacad%C3%A9mie-gia-et-les-possibilit%C3%A9s-dapprentissage\">L&rsquo;Acad\u00e9mie GIA et les possibilit\u00e9s d&rsquo;apprentissage<\/h2>\n\n\n\n<figure class=\"wp-block-image size-large\"><img decoding=\"async\" src=\"https:\/\/qph.cf2.quoracdn.net\/main-qimg-60a98633cfe2b8ae19578f859661bc96-pjlq\" alt=\"Campus d'education du GIA a Carlsbad\"\/><\/figure>\n\n\n\n<p>Le GIA est l&rsquo;un des leaders mondiaux de l&rsquo;enseignement des pierres pr\u00e9cieuses. Elle poss\u00e8de des campus \u00e0 Carlsbad, New York, Bangkok, Hong Kong, Londres, Mumbai et Taipei. La GIA est \u00e9galement pr\u00e9sente \u00e0 Surat, en Inde, et a conclu des partenariats avec des universit\u00e9s chinoises. Au sein de ces campus, vous pouvez choisir une vari\u00e9t\u00e9 de programmes.<\/p>\n\n\n\n<p>Il existe des cours d&rsquo;apprentissage en ligne, des cours en laboratoire, des programmes de certificat et un programme complet de dipl\u00f4me en gemmologie. Les cours sont sp\u00e9cialis\u00e9s et ax\u00e9s sur la pratique. Les diff\u00e9rents programmes de dipl\u00f4me comprennent la bijouterie appliqu\u00e9e, les pierres de couleur, les diamants, la gemmologie, les bijoux, les perles et un programme de conception et de technologie.<\/p>\n\n\n\n<p>Nous esp\u00e9rons que vous avez appr\u00e9ci\u00e9 cette lecture !<br>Pour r\u00e9sumer, le GIA est la r\u00e9f\u00e9rence en mati\u00e8re de classification et de formation. Ses contributions au monde des diamants sont immenses et ont consid\u00e9rablement influenc\u00e9 la fa\u00e7on dont nous parlons des diamants aujourd&rsquo;hui. Si vous souhaitez en savoir plus sur d&rsquo;<a href=\"https:\/\/ajediam.com\/fr\/identification\/\">autres laboratoires r\u00e9put\u00e9s<\/a>, vous pouvez consulter nos articles sur Gubelin et SSEF.<\/p>\n\n\n\n<p><\/p>\n","protected":false},"excerpt":{"rendered":"<p>Le Gemological Institute of America (GIA), laboratoire d&rsquo;analyse des diamants, fait l&rsquo;objet d&rsquo;un examen par une tierce partie. Dans le commerce du diamant, rien n&rsquo;est laiss\u00e9 au hasard. Des centaines de laboratoires tiers d\u00e9livrent des certificats de diamant qui garantissent les qualit\u00e9s sp\u00e9cifiques d&rsquo;une pierre.&nbsp;&nbsp; Cependant, tous les certificats ne se valent pas. Ceux qui [&hellip;]<\/p>\n","protected":false},"author":5,"featured_media":9858,"parent":9850,"menu_order":0,"comment_status":"closed","ping_status":"closed","template":"jewel-cleaner-page.php","meta":{"ub_ctt_via":"","footnotes":""},"acf":[],"featured_image_src":"https:\/\/ajediam.com\/wp-content\/uploads\/2023\/06\/GIA-Gemological-Institute-of-America-Gemstones-and-Diamond-Grading-Labs-2.png","_links":{"self":[{"href":"https:\/\/ajediam.com\/fr\/wp-json\/wp\/v2\/pages\/9852"}],"collection":[{"href":"https:\/\/ajediam.com\/fr\/wp-json\/wp\/v2\/pages"}],"about":[{"href":"https:\/\/ajediam.com\/fr\/wp-json\/wp\/v2\/types\/page"}],"author":[{"embeddable":true,"href":"https:\/\/ajediam.com\/fr\/wp-json\/wp\/v2\/users\/5"}],"replies":[{"embeddable":true,"href":"https:\/\/ajediam.com\/fr\/wp-json\/wp\/v2\/comments?post=9852"}],"version-history":[{"count":1,"href":"https:\/\/ajediam.com\/fr\/wp-json\/wp\/v2\/pages\/9852\/revisions"}],"predecessor-version":[{"id":9860,"href":"https:\/\/ajediam.com\/fr\/wp-json\/wp\/v2\/pages\/9852\/revisions\/9860"}],"up":[{"embeddable":true,"href":"https:\/\/ajediam.com\/fr\/wp-json\/wp\/v2\/pages\/9850"}],"wp:featuredmedia":[{"embeddable":true,"href":"https:\/\/ajediam.com\/fr\/wp-json\/wp\/v2\/media\/9858"}],"wp:attachment":[{"href":"https:\/\/ajediam.com\/fr\/wp-json\/wp\/v2\/media?parent=9852"}],"curies":[{"name":"wp","href":"https:\/\/api.w.org\/{rel}","templated":true}]}}