{"id":9857,"date":"2019-03-31T12:12:27","date_gmt":"2019-03-31T12:12:27","guid":{"rendered":"https:\/\/ajediam.com\/?page_id=9857"},"modified":"2023-06-29T13:09:20","modified_gmt":"2023-06-29T13:09:20","slug":"images-de-certificats-de-diamant","status":"publish","type":"page","link":"https:\/\/ajediam.com\/fr\/identification\/images-de-certificats-de-diamant\/","title":{"rendered":"Images de certificats de diamant"},"content":{"rendered":"<p><div class='row vc_row '><div class='col-md-12 '><div style='height: 32px;'><\/div><h2 class='section-title'>Comment puis-je \u00eatre s\u00fbr qu'un certificat GIA est authentique ? V\u00e9rifier l'authenticit\u00e9 des certificats de diamant - D\u00e9tecter les faux certificats de classement des diamants en ligne<\/h2><div class='mb-4'><p>V\u00e9rifier les certificats de diamant authentiques et authentiques HRD &#8211; IGI &#8211; GIA<br \/>\nd\u00e9claration de l&rsquo;identit\u00e9 et de la qualit\u00e9 du diamant, y compris toutes les informations pertinentes<br \/>\nV\u00e9rifiez l&rsquo;authenticit\u00e9 des rapports de classement des diamants en ligne<\/p><\/div><\/div><\/div> <div class='row vc_row '><div class='col-md-4 '><div class='vc-image '><figure><div><img src='https:\/\/ajediam.com\/wp-content\/uploads\/2019\/03\/HRD_diamond_certificate_3.56_cm..jpg' alt=''><\/div><\/figure><\/div><div class='mb-4'><p><\/p>\n<p style=\"text-align: center;\">HRD &#8211; Diamond High Council est une organisation \u00e0 but non lucratif<br \/>\nContr\u00f4l\u00e9 par l&rsquo;\u00c9tat ISO 17025 HRD Antwerp<br \/>\nL&rsquo;abr\u00e9viation HRD signifie \u00ab\u00a0Hoge Raad voor Diamant\u00a0\u00bb<br \/>\nTraduit en fran\u00e7ais c&rsquo;est \u00ab\u00a0Diamant Haut Conseil\u00a0\u00bb DHC<\/p>\n<p><\/p><\/div><\/div><div class='col-md-4 '><div class='vc-image '><figure><div><img src='https:\/\/ajediam.com\/wp-content\/uploads\/2019\/03\/IGI_diamond_certificate_3.5_cm..jpg' alt=''><\/div><\/figure><\/div><div class='mb-4'><p><\/p>\n<p style=\"text-align: center;\">IGI &#8211; situ\u00e9 au Centre mondial du diamant d&rsquo;Anvers<\/p>\n<p style=\"text-align: center;\">IGI ind\u00e9pendant fiable et contr\u00f4l\u00e9 par l&rsquo;\u00e9tat<br \/>\nLes HRD sont des instituts plus habituels pour le classement<\/p>\n<p><\/p><\/div><\/div><div class='col-md-4 '><div class='vc-image '><figure><div><img src='https:\/\/ajediam.com\/wp-content\/uploads\/2019\/03\/Gia_Certificate_5_cm..jpg' alt=''><\/div><\/figure><\/div><div class='mb-4'><p><\/p>\n<p style=\"text-align: center;\">GIA est un institut de classement commercial ind\u00e9pendant bas\u00e9 aux \u00c9tats-Unis,<br \/>\norganisation \u00e0 but non lucratif<\/p>\n<p><\/p><\/div><\/div><\/div> <div class='row vc_row '><div class='col-md-6 '><div class='vc-image '><figure><div><img src='https:\/\/ajediam.com\/wp-content\/uploads\/2019\/03\/HRD_diamond_certificate.jpg' alt=''><\/div><\/figure><\/div><\/div><div class='col-md-6 '><div class='mb-4'><p>Le certificat IGI est-il aussi fiable que le certificat HRD ou GIA ? En savoir plus ici :<\/p><\/div><div class='vc-image '><figure><div><img src='https:\/\/ajediam.com\/wp-content\/uploads\/2019\/03\/Diamond_Certificate_Hearts_ArrowsTriple_Ex_2.jpg' alt=''><\/div><\/figure><\/div><\/div><\/div> <div class='row vc_row '><div class='col-md-6 '><h2 class='section-title'>Le certificat IGI est-il aussi fiable que le certificat HRD ou GIA ?<\/h2><div class='mb-4'><p>L&rsquo;Institut international de gemmologie, le plus grand organisme ind\u00e9pendant au monde<br \/>\nlaboratoire d&rsquo;essais et d&rsquo;\u00e9valuation des pierres pr\u00e9cieuses et de la haute joaillerie, a \u00e9t\u00e9<br \/>\ncr\u00e9\u00e9 en 1975 et est situ\u00e9 \u00e0 New York, Anvers, Toronto, Los<br \/>\nAngeles, Bangkok, Mumbai (Bombay), Duba\u00ef et Tokyo. IGI peut \u00eatre contact\u00e9 sur www.igiworldwide.com.<\/p>\n<p>La F\u00e9d\u00e9ration internationale des bourses du diamant dans son rapport de 1978<br \/>\naccepte IGI comme \u00e9gal au HRD ou GIA existant depuis plus longtemps.<\/p>\n<p>\u00c9tant un nouveau venu \u00e0 l&rsquo;\u00e9poque (1975), IGI \u00e9tait regard\u00e9 avec suspicion, et c&rsquo;est pourquoi &#8211; m\u00eame de nos jours &#8211; certaines personnes se r\u00e9f\u00e8rent encore \u00e0 IGI comme un laboratoire trop jeune pour \u00eatre bon. Ironiquement, IGI fait face aujourd&rsquo;hui \u00e0 davantage de discussions avec diamantaires insatisfaits que HRD ou GIA, car c&rsquo;est leur<br \/>\nsentiment que le syst\u00e8me de classement d&rsquo;IGI est devenu trop s\u00e9v\u00e8re, tant pour la couleur<br \/>\nquant \u00e0 la clart\u00e9.<\/p>\n<p>D&rsquo;apr\u00e8s certains sites Internet de diamantaires, on a l&rsquo;impression que GIA est<br \/>\nla \u00ab\u00a0seule\u00a0\u00bb niveleuse coh\u00e9rente\u00a0: cependant, le principal actionnaire de GIA est M.<br \/>\nRobert Mouawad qui est impliqu\u00e9 dans de nombreuses soci\u00e9t\u00e9s diamantaires. Cela a donn\u00e9<br \/>\ncertaines personnes dans la communaut\u00e9 du diamant ont plus d&rsquo;une fois le sentiment qu&rsquo;un<br \/>\nun conflit d&rsquo;int\u00e9r\u00eats pourrait d\u00e9couler de cette combinaison potentielle de ventes de diamants<br \/>\navec classement au diamant. Le r\u00e9cent scandale du GIA en 2005 du diamant<br \/>\nles erreurs de classement de certains tr\u00e8s gros diamants ne feront rien pour r\u00e9primer de tels<br \/>\npr\u00e9occupations.<\/p>\n<p>Ni HRD, ni IGI n&rsquo;abritent d&rsquo;actionnaires qui op\u00e8rent dans le secteur commercial.<br \/>\nactivit\u00e9s diamantaires. Cela souligne leur statut d&rsquo;ind\u00e9pendance.<\/p>\n<p>En ce qui concerne la coh\u00e9rence du classement IGI:<\/p>\n<p>26 ao\u00fbt 2003 IGI devient le premier laboratoire international de gemmologie \u00e0 devenir<br \/>\nCertifi\u00e9 ISO 9001:2000<\/p><\/div><\/div><div class='col-md-6 '><h2 class='section-title'>IGI a obtenu la certification aux \u00c9tats-Unis et au Canada<\/h2><div class='mb-4'><p>NEW YORK \u2013 L&rsquo;Institut international de gemmologie (IGI) a annonc\u00e9 aujourd&rsquo;hui<br \/>\nses laboratoires de Los Angeles et de Toronto ont obtenu le statut d&rsquo;organisation internationale<br \/>\nde normalisation (ISO) 9001:2000 certification pour l&rsquo;exploitation d&rsquo;un service qualit\u00e9<br \/>\nsyst\u00e8me de gestion dans le cadre de l&rsquo;analyse par un tiers ind\u00e9pendant de<br \/>\ndiamants, pierres pr\u00e9cieuses de couleur et articles de joaillerie.<\/p>\n<p>L&rsquo;ISO est un r\u00e9seau d&rsquo;instituts nationaux de normalisation de plus de 140<br \/>\npays travaillant en partenariat avec des organisations internationales,<br \/>\nles gouvernements, l&rsquo;industrie, les entreprises et les repr\u00e9sentants des consommateurs \u00e0 plus<br \/>\n\u00e9tablir un lien direct entre les objectifs commerciaux et l&rsquo;efficacit\u00e9 commerciale.<\/p>\n<p>ISO 9000 est un nom g\u00e9n\u00e9rique donn\u00e9 \u00e0 une famille de normes \u00e9labor\u00e9es pour<br \/>\nfournir un cadre autour duquel un syst\u00e8me de gestion de la qualit\u00e9 peut<br \/>\n\u00eatre effectivement fond\u00e9. La famille de normes ISO 9000 a \u00e9t\u00e9 r\u00e9vis\u00e9e en<br \/>\nD\u00e9cembre 2000.<\/p>\n<p>According to IGI North America President, Jerry Ehrenwald, G.G., A.S.A.,<br \/>\n\u00ab\u00a0This is a milestone for IGI. The ISO 9001 certification emphasizes the<br \/>\nInstitute\u2019s continued commitment to provide clients with the highest<br \/>\nquality of services available. It demonstrates that IGI is dedicated to<br \/>\nexcellence in every phase of its business operations.\u00a0\u00bb<\/p>\n<p>Pour \u00eatre certifi\u00e9es \u00e0 la norme, les entreprises doivent mettre en place une d\u00e9marche qualit\u00e9<br \/>\nsyst\u00e8me de gestion qui rend compte d&rsquo;une gamme d&rsquo;activit\u00e9s de l&rsquo;entreprise,<br \/>\ny compris la formation du personnel, la satisfaction des exigences des clients et la livraison<br \/>\nprestations de service. Ceci est fait en utilisant les principes et le processus Plan-Do-Check-Act<br \/>\nManagement, qui d\u00e9crit les mesures prises pour fournir aux clients la<br \/>\nservices promis par l&rsquo;entreprise.<\/p>\n<p>Dans le cadre du processus ISO, un auditeur tiers a effectu\u00e9 sur site<br \/>\n\u00e9valuations dans les laboratoires de Toronto et de Los Angeles ont document\u00e9<br \/>\nproc\u00e9dures et audit\u00e9 ses op\u00e9rations globales. Pour assurer la continuit\u00e9<br \/>\nconformit\u00e9 \u00e0 la norme ISO 9001:2000 et de fournir un retour d&rsquo;information en interne sur<br \/>\nl&rsquo;efficacit\u00e9 des processus, les op\u00e9rations commerciales d&rsquo;IGI seront ind\u00e9pendantes<br \/>\n\u00e9valu\u00e9s par des audits de surveillance de routine p\u00e9riodiques.<\/p><\/div><\/div><\/div> <div class='row vc_row '><div class='col-md-12 '><div class='vc-image text-center'><figure><div><img src='https:\/\/ajediam.com\/wp-content\/uploads\/2019\/03\/Gia_Certificate.jpg' alt=''><\/div><\/figure><\/div><div style='height: 32px;'><\/div><\/div><\/div> <div class='row vc_row '><div class='col-md-6 '><div class='mb-4'><p>Le GIA est une organisation ind\u00e9pendante \u00e0 but non lucratif cr\u00e9\u00e9e en 1931, le GIA (Gemological Institute of America) est reconnu comme la premi\u00e8re autorit\u00e9 mondiale en mati\u00e8re de diamants, de pierres de couleur et de perles.<\/p>\n<p>GIA existe pour prot\u00e9ger tous les acheteurs de pierres pr\u00e9cieuses, en fournissant l&rsquo;\u00e9ducation, les services de laboratoire, la recherche et les instruments n\u00e9cessaires pour d\u00e9terminer avec pr\u00e9cision et objectivement la qualit\u00e9 des pierres pr\u00e9cieuses.<\/p>\n<p>En tant que cr\u00e9ateur des 4C et du GIA International Diamond Grading System\u2122, l&rsquo;Institut \u00e9tablit et maintient la norme pour les pratiques de classement et d&rsquo;identification utilis\u00e9es dans le monde entier.<\/p>\n<p>GIA peut \u00eatre trouv\u00e9 sur le Web \u00e0 <a href=\"https:\/\/www.gia.edu\" target=\"_blank\" rel=\"nofollow noopener\">www.gia.edu<\/a><\/p><\/div><\/div><div class='col-md-6 '><div class='mb-4'><p><\/p>\n<ul>\n<li>V\u00e9rifiez et contr\u00f4lez l&rsquo;authenticit\u00e9 d&rsquo;un certificat diamant GIA en ligne:<br \/>\n<a href=\"https:\/\/www.gia.edu\/report-check-landing\" target=\"_blank\" rel=\"nofollow noopener\">Cliquez ici<\/a><\/li>\n<li>V\u00e9rifiez et contr\u00f4lez l&rsquo;authenticit\u00e9 d&rsquo;un certificat diamant HRD en ligne:<br \/>\n<a href=\"https:\/\/my.hrdantwerp.com\" target=\"_blank\" rel=\"nofollow noopener\">Cliquez ici<\/a><\/li>\n<li>V\u00e9rifiez et contr\u00f4lez l&rsquo;authenticit\u00e9 d&rsquo;un certificat diamant IGI en ligne:<br \/>\n<a href=\"https:\/\/www.igi.org\" target=\"_blank\" rel=\"nofollow noopener\">Cliquez ici<\/a><\/li>\n<li>En savoir plus sur le <a href=\"https:\/\/ajediam.com\/fr\/identification\/rapports-analyse-diamant-gia\/\">classement et la certification des diamants authentiques<\/a><\/li>\n<li>Une minute <a href=\"\/diamond-appraisals-grading-ratings-course\">Diamond Course for Free<\/a><\/li>\n<\/ul>\n<p><\/p><\/div><\/div><\/div> <div class='row vc_row '><div class='col-md-4 '><\/div><div class='col-md-4 '><div style='height: 32px;'><\/div><a class='lab-button' href='\/fr\/notre-formulaire-de-demande-rapide\/' target='' title='\/fr\/notre-formulaire-de-demande-rapid'>SHOP NOW<\/a><\/div><div class='col-md-4 '><\/div><\/div> <div class='row vc_row '><div class='col-md-2 '><\/div><div class='col-md-8 '><div style='height: 32px;'><\/div><div class='vc-image '><figure><a href='\/fr\/notre-formulaire-de-demande-rapide\/' class='d-block'><img src='https:\/\/ajediam.com\/wp-content\/uploads\/2019\/03\/Ajediam_footer_Buy_now_13_03_2015.jpg' alt=''><\/a><\/figure><\/div><\/div><div class='col-md-2 '><\/div><\/div> <\/p>\n","protected":false},"excerpt":{"rendered":"","protected":false},"author":5,"featured_media":0,"parent":9850,"menu_order":0,"comment_status":"closed","ping_status":"closed","template":"","meta":{"ub_ctt_via":"","footnotes":""},"acf":[],"featured_image_src":null,"_links":{"self":[{"href":"https:\/\/ajediam.com\/fr\/wp-json\/wp\/v2\/pages\/9857"}],"collection":[{"href":"https:\/\/ajediam.com\/fr\/wp-json\/wp\/v2\/pages"}],"about":[{"href":"https:\/\/ajediam.com\/fr\/wp-json\/wp\/v2\/types\/page"}],"author":[{"embeddable":true,"href":"https:\/\/ajediam.com\/fr\/wp-json\/wp\/v2\/users\/5"}],"replies":[{"embeddable":true,"href":"https:\/\/ajediam.com\/fr\/wp-json\/wp\/v2\/comments?post=9857"}],"version-history":[{"count":1,"href":"https:\/\/ajediam.com\/fr\/wp-json\/wp\/v2\/pages\/9857\/revisions"}],"predecessor-version":[{"id":9861,"href":"https:\/\/ajediam.com\/fr\/wp-json\/wp\/v2\/pages\/9857\/revisions\/9861"}],"up":[{"embeddable":true,"href":"https:\/\/ajediam.com\/fr\/wp-json\/wp\/v2\/pages\/9850"}],"wp:attachment":[{"href":"https:\/\/ajediam.com\/fr\/wp-json\/wp\/v2\/media?parent=9857"}],"curies":[{"name":"wp","href":"https:\/\/api.w.org\/{rel}","templated":true}]}}