{"id":9863,"date":"2019-04-30T06:27:41","date_gmt":"2019-04-30T06:27:41","guid":{"rendered":"https:\/\/ajediam.com\/?page_id=9863"},"modified":"2023-06-29T13:22:26","modified_gmt":"2023-06-29T13:22:26","slug":"diamants-de-traitement-hp-ht","status":"publish","type":"page","link":"https:\/\/ajediam.com\/fr\/traites-synthetiques\/diamants-de-traitement-hp-ht\/","title":{"rendered":"Diamants de traitement HP-HT"},"content":{"rendered":"<p><div class='row vc_row '><div class='col-md-12 '><div class='mb-4'><p><\/p>\n<div align=\"left\">\n<h4>Diamants trait\u00e9s HPHT<\/h4>\n<p>Informations et prix sur les diamants trait\u00e9s HP-HT de type 2A<\/p>\n<p>Certains diamants bruns naturels peuvent \u00eatre trait\u00e9s artificiellement par haute temp\u00e9rature (HT) et haute pression (HP) pour am\u00e9liorer leur couleur du brun au blanc. Cela ne peut plus \u00eatre consid\u00e9r\u00e9 comme un diamant naturel !<\/p>\n<p>Les diamants de type 2a, conviennent \u00e0 cette am\u00e9lioration de couleur. Les diamants trait\u00e9s HPHT co\u00fbtent 60 % moins cher.<\/p>\n<p>Cela vous donne la possibilit\u00e9 d&rsquo;acheter un diamant de couleur D pour le prix d&rsquo;une couleur F.<\/p>\n<p>Ces diamants ne sont disponibles qu&rsquo;en grandes tailles \u00e0 partir de 3,00 carats et plus.<\/p>\n<\/div>\n<p><\/p><\/div><\/div><\/div> <div class='row vc_row '><div class='col-md-12 '><div class='mb-4'><p><\/p>\n<h4>Processus HP HT des prix des diamants de type 2A<\/h4>\n<p>Seuls les tr\u00e8s rares Diamants de type 2A contenant de l&rsquo;azote peuvent \u00eatre trait\u00e9s par traitement Haute Temp\u00e9rature (HT) et Haute Pression (HP) pour am\u00e9liorer son aspect. Il s&rsquo;agit d&rsquo;un traitement naturel similaire \u00e0 celui d&rsquo;il y a 3,3 milliards d&rsquo;ann\u00e9es, lorsque la nature a cr\u00e9\u00e9 les diamants.<\/p>\n<p>Seulement moins de 1% de tous les diamants, les tr\u00e8s rares diamants de type 2a, conviennent \u00e0 cette am\u00e9lioration.<\/p>\n<p>Les diamants trait\u00e9s HPHT co\u00fbtent moins cher. Cela vous donne la possibilit\u00e9 d&rsquo;acheter un diamant de couleur D pour le prix d&rsquo;une couleur F.<\/p>\n<p>Il n&rsquo;y a pas une seule diff\u00e9rence entre les diamants de type 2 A, qui ont \u00e9t\u00e9 trait\u00e9s par la nature il y a 3,3 milliards d&rsquo;ann\u00e9es, et les diamants qui sont maintenant trait\u00e9s artificiellement HP-HT. Ces diamants sont tr\u00e8s rares surtout dans les grandes tailles.<\/p>\n<p>Que se passe-t-il avec le processus HPHT\u00a0?<br \/>\nPar haute temp\u00e9rature et haute pression, l&rsquo;azote peut \u00eatre \u00e9limin\u00e9<br \/>\nUn diamant trait\u00e9 HPHT peut \u00eatre reconnu dans un laboratoire de gemmologie d\u00e9tectant que le diamant est exempt d&rsquo;azote<\/p>\n<p><strong><a href=\"\/diamond-tester\">Detect HPHT treated and synthetic diamonds<\/a><\/strong><\/p>\n<p><strong>Faites attention!<\/strong><\/p>\n<p>Le proc\u00e9d\u00e9 HPHT est cr\u00e9\u00e9 gr\u00e2ce \u00e0 des machines de traitement de haute technologie tr\u00e8s co\u00fbteuses qui n&rsquo;existaient pas il y a quelques ann\u00e9es. (2001)<br \/>\nLes laboratoires de gemmologie qui d\u00e9livraient des certificats de diamants avant l&rsquo;ann\u00e9e 1999 ne pouvaient pas d\u00e9tecter ces caract\u00e9ristiques.<br \/>\nC&rsquo;est une am\u00e9lioration de l&rsquo;ADN du diamant qui permet de d\u00e9tecter ces caract\u00e9ristiques.<br \/>\nMais personne ne peut dire si c&rsquo;\u00e9tait naturel ou artificiel. C&rsquo;est le m\u00eame traitement.<\/p>\n<p>Et alors?<\/p>\n<p>L&rsquo;achat d&rsquo;un diamant trait\u00e9 HP-HT a une valeur r\u00e9elle<\/p>\n<p><strong>Payez simplement le prix correct pour les diamants trait\u00e9s HPHT\u00a0!<br \/>\n<\/strong><strong>Environ 40 \u00e0 50% du prix normal ! Consulter les prix des diamants Consult also <a href=\"\/cheapest-diamonds\">cheapest cut<\/a><\/strong><br \/>\nLes certificats de diamant mentionneront sous \u00ab\u00a0commentaires\u00a0\u00bb:<br \/>\nTraitement HP\/HT pour am\u00e9liorer sa couleur.<\/p>\n<p><strong><a href=\"\/lost-diamonds\">In the girdle of the diamond you will find this engraved!<\/a><\/strong><\/p>\n<p>Lorsque les diamants de type A2 ne sont pas trait\u00e9s HPHT, la couleur changera en brun jaun\u00e2tre ! Voir l&rsquo;image sur cette page.<\/p>\n<p>Le traitement HPHT n&rsquo;est effectu\u00e9 que pour les grosses pierres d&rsquo;au moins 3 carats et plus.<br \/>\nLes calculs HPHT sont presque toujours propres \u00e0 la loupe,<br \/>\nsinon ils explosent au traitement.<\/p>\n<p>Vous ne pouvez donc pas trouver de diamants HPHT avec des inclusions comme SI et Pique.<\/p><\/div><\/div><\/div> <div class='row vc_row '><div class='col-md-12 '><div class='mb-4'><p><\/p>\n<h4>Comprendre les diamants HPHT<\/h4>\n<p>How to <a href=\"\/diamond-tester\">detect HPHT treated diamonds<\/a> from untreated<\/p>\n<p>Si vous poss\u00e9diez un diamant de mauvaise couleur que vous pouviez renvoyer 150 km dans la terre, le laisser rena\u00eetre et vous revenir sous la forme d&rsquo;un bien meilleur diamant, le feriez-vous\u00a0? Bien s\u00fbr que vous le feriez. En fait, vous pouvez. C&rsquo;est ce qu&rsquo;on appelle le traitement HPHT. Mais trop de gens ont peur du terme HPHT ou traitement \u00e0 haute pression et haute temp\u00e9rature des diamants. Pourtant, c&rsquo;est exactement ce que fait HPHT, remet votre diamant dans son ventre de cr\u00e9ation et lui permet de rena\u00eetre en tant que diamant meilleur et plus pr\u00e9cieux.<\/p>\n<p>Peut-\u00eatre que si nous comprenons mieux les traitements HPHT, il y aura plus de bijoutiers capables de profiter de ce flux de revenus tr\u00e8s important qui manque \u00e0 beaucoup en raison d&rsquo;un manque de compr\u00e9hension de ce qu&rsquo;est exactement HPHT.<\/p>\n<p>Le traitement HPHT est le processus de remise d&rsquo;un diamant dans l&rsquo;environnement dans lequel il s&rsquo;est form\u00e9. Une pression extr\u00eamement \u00e9lev\u00e9e et une temp\u00e9rature extr\u00eamement \u00e9lev\u00e9e qui am\u00e8nent le diamant \u00e0 se reformer, \u00e0 s&rsquo;ajuster et \u00e0 s&rsquo;am\u00e9liorer.<\/p>\n<p>Dans les diamants de type I, l&rsquo;impuret\u00e9 d&rsquo;azote existe sous forme de plaquettes qui provoquent des couleurs brun\u00e2tres. Le processus HPHT, \u00e0 travers le laboratoire, ram\u00e8ne le diamant dans son environnement de formation et provoque la dispersion des plaquettes d&rsquo;azote dans le r\u00e9seau cristallin. Cette dispersion des plaquettes d&rsquo;azote en mol\u00e9cules d&rsquo;azote beaucoup plus petites fait que les diamants d\u00e9color\u00e9s prennent une couleur allant du jaune fantaisie au jaune-vert. Et cela permet au diamant de mauvaise couleur autrement non vendable de devenir un diamant de couleur fantaisie vendable. M\u00eame vient avec une tr\u00e8s forte r\u00e9action \u00e0 la lumi\u00e8re ultraviolette qui aide \u00e0 identifier le diamant fantaisie jaune-vert trait\u00e9 HTHP comme on le voit \u00e0 droite.<\/p>\n<p>Vous pouvez voir une d\u00e9monstration de ce processus ci-dessous.<\/p><\/div><div class='row '><div class='col-md-4 col-inner'><div class='col-inwrap'><div class='vc-image text-center'><figure><div><img src='https:\/\/ajediam.com\/wp-content\/uploads\/2019\/03\/identification_HPHT_treated_diamonds.jpg' alt=''><\/div><\/figure><\/div><\/div><\/div><div class='col-md-4 col-inner'><div class='col-inwrap'><div class='vc-image text-center'><figure><div><img src='https:\/\/ajediam.com\/wp-content\/uploads\/2019\/03\/HPHT_cut_diamond.jpg' alt=''><\/div><\/figure><\/div><\/div><\/div><div class='col-md-4 col-inner'><div class='col-inwrap'><div class='mb-4'><p>Cela montre graphiquement le processus par lequel les plaquettes d&rsquo;azote sont bris\u00e9es et dispers\u00e9es dans tout le cristal de diamant, \u00e9liminant ainsi la couleur brune ind\u00e9sirable et conf\u00e9rant la couleur fantaisie jaune \u00e0 jaune-vert. Et transformer un diamant autrement ind\u00e9sirable en un diamant de couleur fantaisie tr\u00e8s pris\u00e9.<\/p><\/div><\/div><\/div><\/div><\/div><\/div> <div class='row vc_row '><div class='col-md-12 '><div class='mb-4'><p>Le deuxi\u00e8me type de HPHT traite des diamants de type II. Les diamants de type II ne contiennent pas d&rsquo;azote. La cause des diamants d\u00e9color\u00e9s dans le type II est due \u00e0 des d\u00e9fauts du r\u00e9seau cristallin qui cr\u00e9ent des d\u00e9formations produisant une couleur brun\u00e2tre que seul le processus HPHT peut corriger. Le processus consiste \u00e0 ramener le diamant, en passant par le laboratoire, \u00e0 son lieu de naissance o\u00f9 il s&rsquo;est form\u00e9. Mettre le diamant sous la m\u00eame chaleur et la m\u00eame pression dans lesquelles il s&rsquo;est form\u00e9, lui permettant ainsi une seconde chance de bien faire les choses. Le r\u00e9sultat est un diamant avec un r\u00e9seau cristallin r\u00e9par\u00e9 et un diamant de meilleure qualit\u00e9 qui peut maintenant capturer un prix plus \u00e9lev\u00e9 et une demande plus \u00e9lev\u00e9e en raison de la qualit\u00e9 sup\u00e9rieure r\u00e9sultant du traitement HPHT. Une d\u00e9monstration de la fa\u00e7on dont cela fonctionne est ci-dessous<\/p><\/div><div class='row '><div class='col-md-4 col-inner'><div class='col-inwrap'><div class='vc-image text-center'><figure><div><img src='https:\/\/ajediam.com\/wp-content\/uploads\/2019\/03\/removing_the_unwanted_brown_color.jpg' alt=''><\/div><\/figure><\/div><div class='mb-4'><p><\/p>\n<p style=\"text-align: center;\">enlever la couleur brune ind\u00e9sirable<\/p>\n<p><\/p><\/div><\/div><\/div><div class='col-md-4 col-inner'><div class='col-inwrap'><div class='vc-image text-center'><figure><div><img src='https:\/\/ajediam.com\/wp-content\/uploads\/2019\/03\/repaired_crystal_lattice.gif' alt=''><\/div><\/figure><\/div><div class='mb-4'><p><\/p>\n<p style=\"text-align: center;\">r\u00e9seau cristallin r\u00e9par\u00e9<\/p>\n<p><\/p><\/div><\/div><\/div><div class='col-md-4 col-inner'><div class='col-inwrap'><div class='vc-image text-center'><figure><div><img src='https:\/\/ajediam.com\/wp-content\/uploads\/2019\/03\/type_2A_diamonds_HPHT_image___size_5_cm.jpg' alt=''><\/div><\/figure><\/div><div class='mb-4'><p><\/p>\n<p style=\"text-align: center;\">Image diamant brut HPHT<br \/>\nSeulement ce tr\u00e8s rare<br \/>\ndiamants de type 2A<br \/>\npeut \u00eatre trait\u00e9 HPHT<\/p>\n<p><\/p><\/div><\/div><\/div><\/div><\/div><\/div> <div class='row vc_row '><div class='col-md-12 '><div class='mb-4'><p>Certains dans l&rsquo;industrie parlent du traitement HPHT comme s&rsquo;il s&rsquo;agissait d&rsquo;une sorte de fl\u00e9au. Que les entreprises de traitement HPHT prennent de beaux diamants et les g\u00e2chent, ainsi que l&rsquo;industrie, en effectuant ce traitement. Mais en r\u00e9alit\u00e9, l&rsquo;utilisation du traitement HPHT prend des diamants autrefois invendables qui avaient peu ou pas de demande sur le march\u00e9, et les transforme en diamants beaux et viables qui peuvent cr\u00e9er de nouvelles sources de revenus pour les bijoutiers qui savent et comprennent comment vendre HPHT. diamants \u00e0 leurs clients.<br \/>\nLes traitements aux pierres pr\u00e9cieuses sont l\u00e0 pour rester. Et si le bijoutier moderne peut comprendre les traitements, cela enl\u00e8vera la peur. Et quand le joaillier n&rsquo;aura plus peur de vendre des pierres pr\u00e9cieuses trait\u00e9es, alors les consommateurs n&rsquo;auront plus peur de les acheter. Et le r\u00e9sultat final sera un meilleur march\u00e9 mondial des pierres pr\u00e9cieuses pour tout le monde.<\/p>\n<p>L&rsquo;ISG est la seule \u00e9cole aux \u00c9tats-Unis qui propose un programme de cours sur l&rsquo;identification des pierres pr\u00e9cieuses synth\u00e9tiques qui traite \u00e9galement des divers traitements des pierres pr\u00e9cieuses. Nous vous invitons \u00e0 nous rejoindre pour cette importante \u00e9tude et \u00e0 contribuer \u00e0 apporter cet important flux de revenus dans votre magasin.<\/p>\n<p>Pour plus d&rsquo;informations sur cette caract\u00e9ristique importante des programmes de formation de l&rsquo;ISG, veuillez visiter le site Web de l&rsquo;ISG \u00e0 l&rsquo;adresse <a href=\"http:\/\/schoolofgemology.com\" target=\"_blank\" rel=\"nofollow noopener\">www.SchoolofGemology.com<\/a>.<br \/>\nRobert James FGA, GG. Pres. ISG<\/p>\n<p>Copyright 2007 Ecole Internationale de Gemmologie . TOUS LES DROITS SONT R\u00c9SERV\u00c9S. Aucune copie, duplication ou distribution sans autorisation \u00e9crite pour toutes les images et toutes les copies.<\/p>\n<hr \/>\n<p>Pour vous assurer de continuer \u00e0 recevoir cette newsletter, veuillez nous ajouter \u00e0 votre liste de s\u00e9curit\u00e9 avec votre fournisseur de services Internet de messagerie ou vous inscrire sur cette page Web ISG\u00a0: <a href=\"http:\/\/www.schoolofgemology.com\/signupform.html\" target=\"_blank\" rel=\"nofollow noopener\">Inscrivez-vous \u00e0 ISG QuikConnect<\/a>.<br \/>\nor Email the <a href=\"mailto:ISG@SchoolofGemology.com\">ISG@SchoolofGemology.com<\/a><\/p>\n<hr \/>\n<p>Robert James FGA, GG est titulaire du Texas Department of Insurance Property and Casualty Adjuster License #1300433<\/p>\n<hr \/>\n<p>L&rsquo;International School of Gemmology est un fournisseur certifi\u00e9 de formation continue pour le Texas Department of Insurance. License #3391<\/p><\/div><\/div><\/div> <div class='row vc_row '><div class='col-md-3 '><\/div><div class='col-md-3 '><div style='height: 32px;'><\/div><a class=\"lab-button\" href=\"http:\/\/ajediam.com\/engagement-rings\" target=\"\" title=\"url:http:\/\/ajediam.com\/engagement-rings|\">SHOP NOW<\/a><\/div><div class='col-md-3 '><div style='height: 32px;'><\/div><a class='lab-button' href='\/fr\/notre-formulaire-de-demande-rapide\/' target='' title='\/fr\/notre-formulaire-de-demande-rapid'>CONSULT BUYING GUIDE<\/a><\/div><div class='col-md-3 '><\/div><\/div> <div class='row vc_row '><div class='col-md-2 '><\/div><div class='col-md-8 '><div style='height: 32px;'><\/div><div class='vc-image '><figure><a href='\/fr\/notre-formulaire-de-demande-rapide\/' class='d-block'><img src='https:\/\/ajediam.com\/wp-content\/uploads\/2019\/03\/Ajediam_footer_Buy_now_13_03_2015.jpg' alt=''><\/a><\/figure><\/div><\/div><div class='col-md-2 '><\/div><\/div> <\/p>\n","protected":false},"excerpt":{"rendered":"","protected":false},"author":5,"featured_media":0,"parent":9843,"menu_order":0,"comment_status":"closed","ping_status":"closed","template":"","meta":{"ub_ctt_via":"","footnotes":""},"acf":[],"featured_image_src":null,"_links":{"self":[{"href":"https:\/\/ajediam.com\/fr\/wp-json\/wp\/v2\/pages\/9863"}],"collection":[{"href":"https:\/\/ajediam.com\/fr\/wp-json\/wp\/v2\/pages"}],"about":[{"href":"https:\/\/ajediam.com\/fr\/wp-json\/wp\/v2\/types\/page"}],"author":[{"embeddable":true,"href":"https:\/\/ajediam.com\/fr\/wp-json\/wp\/v2\/users\/5"}],"replies":[{"embeddable":true,"href":"https:\/\/ajediam.com\/fr\/wp-json\/wp\/v2\/comments?post=9863"}],"version-history":[{"count":1,"href":"https:\/\/ajediam.com\/fr\/wp-json\/wp\/v2\/pages\/9863\/revisions"}],"predecessor-version":[{"id":9864,"href":"https:\/\/ajediam.com\/fr\/wp-json\/wp\/v2\/pages\/9863\/revisions\/9864"}],"up":[{"embeddable":true,"href":"https:\/\/ajediam.com\/fr\/wp-json\/wp\/v2\/pages\/9843"}],"wp:attachment":[{"href":"https:\/\/ajediam.com\/fr\/wp-json\/wp\/v2\/media?parent=9863"}],"curies":[{"name":"wp","href":"https:\/\/api.w.org\/{rel}","templated":true}]}}