{"id":9870,"date":"2023-05-04T13:55:26","date_gmt":"2023-05-04T13:55:26","guid":{"rendered":"https:\/\/ajediam.com\/?page_id=9870"},"modified":"2023-06-29T13:39:26","modified_gmt":"2023-06-29T13:39:26","slug":"investir","status":"publish","type":"page","link":"https:\/\/ajediam.com\/fr\/investir\/","title":{"rendered":"Investir dans les diamants"},"content":{"rendered":"\n<p class=\"tt1\">Informations pratiques pour investir dans le diamant comme strat\u00e9gie financi\u00e8re.Practical information for investing in diamond as a financial strategy.<\/p>\n\n\n\n<p class=\"tt2\">Ma\u00eetrisez l&rsquo;art de l&rsquo;investissement dans le diamant gr\u00e2ce \u00e0 notre guide complet, con\u00e7u pour vous aider \u00e0 diff\u00e9rencier les opportunit\u00e9s int\u00e9ressantes des pi\u00e8ges ou escroqueries potentiels. Apprenez \u00e0 identifier les facteurs cl\u00e9s qui contribuent au potentiel d&rsquo;investissement d&rsquo;un diamant et comprenez la dynamique du march\u00e9 qui g\u00e9n\u00e8re des rendements. Nos avis d&rsquo;experts vous permettront de prendre des d\u00e9cisions \u00e9clair\u00e9es lorsqu&rsquo;il s&rsquo;agit d&rsquo;investir dans les diamants.<\/p>\n","protected":false},"excerpt":{"rendered":"<p>Informations pratiques pour investir dans le diamant comme strat\u00e9gie financi\u00e8re.Practical information for investing in diamond as a financial strategy. Ma\u00eetrisez l&rsquo;art de l&rsquo;investissement dans le diamant gr\u00e2ce \u00e0 notre guide complet, con\u00e7u pour vous aider \u00e0 diff\u00e9rencier les opportunit\u00e9s int\u00e9ressantes des pi\u00e8ges ou escroqueries potentiels. Apprenez \u00e0 identifier les facteurs cl\u00e9s qui contribuent au potentiel [&hellip;]<\/p>\n","protected":false},"author":5,"featured_media":0,"parent":0,"menu_order":0,"comment_status":"closed","ping_status":"closed","template":"childpage-page.php","meta":{"ub_ctt_via":"","footnotes":""},"acf":[],"featured_image_src":null,"_links":{"self":[{"href":"https:\/\/ajediam.com\/fr\/wp-json\/wp\/v2\/pages\/9870"}],"collection":[{"href":"https:\/\/ajediam.com\/fr\/wp-json\/wp\/v2\/pages"}],"about":[{"href":"https:\/\/ajediam.com\/fr\/wp-json\/wp\/v2\/types\/page"}],"author":[{"embeddable":true,"href":"https:\/\/ajediam.com\/fr\/wp-json\/wp\/v2\/users\/5"}],"replies":[{"embeddable":true,"href":"https:\/\/ajediam.com\/fr\/wp-json\/wp\/v2\/comments?post=9870"}],"version-history":[{"count":1,"href":"https:\/\/ajediam.com\/fr\/wp-json\/wp\/v2\/pages\/9870\/revisions"}],"predecessor-version":[{"id":9874,"href":"https:\/\/ajediam.com\/fr\/wp-json\/wp\/v2\/pages\/9870\/revisions\/9874"}],"wp:attachment":[{"href":"https:\/\/ajediam.com\/fr\/wp-json\/wp\/v2\/media?parent=9870"}],"curies":[{"name":"wp","href":"https:\/\/api.w.org\/{rel}","templated":true}]}}