{"id":9875,"date":"2019-04-06T08:59:17","date_gmt":"2019-04-06T08:59:17","guid":{"rendered":"https:\/\/ajediam.com\/?page_id=9875"},"modified":"2023-06-29T13:43:50","modified_gmt":"2023-06-29T13:43:50","slug":"eviter-de-payer-trop-pour-acheter-des-diamants","status":"publish","type":"page","link":"https:\/\/ajediam.com\/fr\/investir\/eviter-de-payer-trop-pour-acheter-des-diamants\/","title":{"rendered":"L&rsquo;art d&rsquo;acheter des diamants par Ajediam"},"content":{"rendered":"\n<p class=\"postTitle\">Comprendre les prix, savoir \u00e0 quoi faire attention, trouver un diamantaire s\u00e9rieux, comparer les offres<\/p>\n\n\n\n<p>Se lancer dans l&rsquo;aventure de l&rsquo;achat d&rsquo;un diamant peut \u00eatre aussi excitant qu&rsquo;intimidant. L&rsquo;allure scintillante de ces pierres pr\u00e9cieuses est ind\u00e9niable, mais la complexit\u00e9 qui accompagne leur \u00e9valuation avec pr\u00e9cision l&rsquo;est tout autant. Chez Ajediam, nous croyons qu&rsquo;un acheteur bien inform\u00e9 est un acheteur heureux. C&rsquo;est pourquoi nous avons con\u00e7u ce guide complet pour vous aider \u00e0 naviguer dans le processus d&rsquo;achat de diamants, en vous assurant de recevoir une qualit\u00e9 exceptionnelle \u00e0 un prix \u00e9quitable.<\/p>\n\n\n\n<p>Ce guide vous fournira les connaissances et les outils n\u00e9cessaires pour \u00e9viter de payer trop cher. Nous vous expliquerons comment comprendre les prix des diamants, reconna\u00eetre la qualit\u00e9 des diamants, naviguer sur le march\u00e9 pour \u00e9viter les escrocs et exploiter le pouvoir de la comparaison pour trouver la meilleure offre. \u00c0 la fin de ce voyage, vous serez non seulement pr\u00eat \u00e0 faire un achat intelligent de diamants, mais aussi confiant dans la valeur et la beaut\u00e9 de votre choix. Plongeons dans le monde scintillant des diamants et d\u00e9couvrons comment acheter ces pierres pr\u00e9cieuses de mani\u00e8re intelligente.<\/p>\n\n\n\n<h2 class=\"wp-block-heading\">Comprendre les prix des diamants: votre cl\u00e9 pour \u00e9viter de trop payer<\/h2>\n\n\n\n<p>Lorsque vous vous lancez dans l&rsquo;aventure de l&rsquo;achat d&rsquo;un diamant, la compr\u00e9hension des prix des diamants est votre premi\u00e8re ligne de d\u00e9fense contre les surpaiements. Cette prise de conscience vous permet de prendre des d\u00e9cisions \u00e9clair\u00e9es, en vous assurant que vous n&rsquo;achetez pas seulement un diamant, mais que vous investissez dans une pi\u00e8ce de valeur durable.<\/p>\n\n\n\n<p>Chaque fois que vous recevez un devis pour un diamant, il est important de faire la diff\u00e9rence entre le prix du diamant lui-m\u00eame et le co\u00fbt du sertissage. Bien que le co\u00fbt d&rsquo;un sertissage puisse varier en fonction de la marque, de la qualit\u00e9 et de la complexit\u00e9 du design, le prix du diamant devrait \u00eatre plus coh\u00e9rent et pr\u00e9visible.<\/p>\n\n\n\n<p>Les prix des diamants sont guid\u00e9s par plusieurs listes de prix cl\u00e9s, largement utilis\u00e9es par les professionnels de l&rsquo;industrie. Parmi celles-ci, les plus fr\u00e9quemment cit\u00e9es sont les tarifs <a href=\"https:\/\/store.rapaport.com\/price-lists\/\" target=\"_blank\" rel=\"noreferrer noopener nofollow\">Rapaport <\/a>et <a href=\"http:\/\/idexonline.com\/diamond_prices_index\" target=\"_blank\" data-type=\"URL\" data-id=\"http:\/\/idexonline.com\/diamond_prices_index\" rel=\"noreferrer noopener nofollow\">Idex<\/a>. Ces sources r\u00e9put\u00e9es fournissent une norme par rapport \u00e0 laquelle les prix des diamants peuvent \u00eatre compar\u00e9s, vous aidant \u00e0 vous assurer que vous ne payez pas plus que vous ne le devriez.<\/p>\n\n\n\n<p>Cependant, pour les acheteurs priv\u00e9s, ces listes professionnelles peuvent parfois \u00eatre accablantes. C&rsquo;est pourquoi, chez Ajediam, nous avons cr\u00e9\u00e9 notre propre <a href=\"https:\/\/ajediam.com\/fr\/prix-des-diamants\/diamant-naturel-blanc\/\" data-type=\"URL\" data-id=\"https:\/\/ajediam.com\/fr\/prix-des-diamants\/diamant-naturel-blanc\/\">liste de prix des diamants<\/a>, con\u00e7ue en pensant \u00e0 vous. Notre liste est libre d&rsquo;acc\u00e8s et con\u00e7ue pour \u00eatre facilement comprise par les acheteurs priv\u00e9s. Nous avons pris soin de le rendre convivial et complet, en int\u00e9grant les remises actuelles du march\u00e9 pour chaque type de cat\u00e9gorie de diamant.<\/p>\n\n\n\n<p>En vous dotant des connaissances et des ressources appropri\u00e9es, vous pouvez naviguer en toute confiance dans le monde de l&rsquo;achat de diamants. N&rsquo;oubliez pas que l&rsquo;objectif n&rsquo;est pas seulement d&rsquo;acheter un diamant, mais d&rsquo;acheter une pi\u00e8ce d&rsquo;une beaut\u00e9 et d&rsquo;une valeur intemporelles sans trop payer. Faites confiance \u00e0 des sources fiables comme Ajediam pour vous guider dans ce voyage \u00e9tincelant.<\/p>\n\n\n\n<h2 class=\"wp-block-heading\">Reconna\u00eetre la qualit\u00e9 du diamant: la pierre angulaire de la valeur<\/h2>\n\n\n\n<p>Pour commencer, ne consid\u00e9rez que les diamants accompagn\u00e9s d&rsquo;une certification r\u00e9put\u00e9e. Chez Ajediam, nous recommandons fortement les diamants avec les rapports du <a href=\"https:\/\/www.gia.edu\" target=\"_blank\" rel=\"noreferrer noopener nofollow\">Gemological Institute of America (GIA)<\/a>. Le GIA est r\u00e9put\u00e9 pour ses normes de classement rigoureuses et coh\u00e9rentes, vous offrant une \u00e9valuation pr\u00e9cise de la qualit\u00e9 de votre diamant. Une assurance suppl\u00e9mentaire est l&rsquo;inscription du num\u00e9ro de certificat sur la ceinture du diamant &#8211; cela valide non seulement l&rsquo;authenticit\u00e9 du diamant, mais le relie \u00e9galement directement \u00e0 son rapport de classement.<\/p>\n\n\n\n<p>Ensuite, d\u00e9veloppez une compr\u00e9hension des facteurs qui peuvent d\u00e9valuer un diamant. Par exemple, la fluorescence &#8211; la lueur qu&rsquo;un diamant \u00e9met sous la lumi\u00e8re ultraviolette &#8211; n&rsquo;est pas toujours un d\u00e9faut, mais elle fait baisser le prix d&rsquo;un diamant. Il en est de m\u00eame pour une coupe diamant. Un diamant mal taill\u00e9 diminue non seulement l&rsquo;\u00e9clat et le feu de la pierre, mais r\u00e9duit \u00e9galement sa valeur marchande.<\/p>\n\n\n\n<p>Une attention particuli\u00e8re doit \u00eatre accord\u00e9e pour \u00e9viter les diamants caract\u00e9ris\u00e9s comme BMG &#8211; brun, laiteux ou vert. Ces descripteurs se rapportent \u00e0 des tons de couleur ind\u00e9sirables, \u00e0 un trouble ou \u00e0 une teinte qui peuvent d\u00e9valuer consid\u00e9rablement un diamant. En tant qu&rsquo;initi\u00e9s de l&rsquo;industrie, lors de l&rsquo;achat d&rsquo;un diamant \u00e0 distance, nous demandons toujours : \u00ab Pas de BMG ? pour nous assurer que nous acqu\u00e9rons une pierre de qualit\u00e9 de haute joaillerie.<\/p>\n\n\n\n<p>En comprenant les facteurs qui d\u00e9finissent la qualit\u00e9 d&rsquo;un diamant et comment ceux-ci sont repr\u00e9sent\u00e9s dans un certificat, vous pouvez \u00e9viter de payer trop cher et faire un achat qui repr\u00e9sente vraiment un bon rapport qualit\u00e9-prix.<\/p>\n\n\n\n<h2 class=\"wp-block-heading\">Naviguer sur le march\u00e9: \u00e9vitez les escrocs<\/h2>\n\n\n\n<p>Au fur et \u00e0 mesure que vous plongez dans le monde de l&rsquo;achat de diamants, il est primordial de rester vigilant et d&rsquo;\u00e9viter de devenir la proie de pratiques trompeuses. L&rsquo;industrie du diamant est g\u00e9n\u00e9ralement un monde o\u00f9 la confiance est la cl\u00e9. Comme dans tout secteur, il y a ceux qui peuvent tenter de tromper les acheteurs sans m\u00e9fiance.<\/p>\n\n\n\n<p>Un \u00e9cueil courant est l&rsquo;attrait des offres de vente spectaculaires. Alors qu&rsquo;une vente \u00ab&nbsp;50&nbsp;% de r\u00e9duction&nbsp;\u00bb ou \u00ab&nbsp;70&nbsp;% de r\u00e9duction&nbsp;\u00bb peut sembler une opportunit\u00e9 en or, de telles remises sont pratiquement inexistantes dans l&rsquo;industrie du diamant. La valeur des diamants est \u00e9troitement li\u00e9e \u00e0 leur qualit\u00e9 et aux tendances du march\u00e9 mondial, et non aux ventes promotionnelles. M\u00e9fiez-vous de telles offres; ils masquent souvent des prix d&rsquo;origine gonfl\u00e9s ou des diamants de moindre qualit\u00e9.<\/p>\n\n\n\n<p>De m\u00eame, soyez prudent quant aux rapports de classement provenant de sources non fiables, en particulier ceux produits en interne par les bijouteries en diamants. Sans les normes strictes et la perspective impartiale d&rsquo;un laboratoire de notation externe r\u00e9put\u00e9, de tels rapports peuvent \u00eatre trompeurs. Nous vous conseillons vivement de ne consid\u00e9rer que les diamants accompagn\u00e9s de rapports de classement d&rsquo;autorit\u00e9s reconnues comme le GIA.<\/p>\n\n\n\n<p>Lorsque vous choisissez o\u00f9 acheter votre diamant, recherchez des revendeurs r\u00e9put\u00e9s jouissant d&rsquo;une bonne r\u00e9putation dans l&rsquo;industrie. Recherchez ceux qui sont membres de bourses de diamants reconnues, comme celles d&rsquo;Anvers, qui adh\u00e8rent \u00e0 des normes \u00e9thiques et professionnelles strictes.<\/p>\n\n\n\n<p>En restant vigilant et en suivant ces directives, vous pouvez naviguer en toute confiance dans le processus d&rsquo;achat de diamants. Des revendeurs dignes de confiance, soutenus par des adh\u00e9sions \u00e0 des bourses reconnues, fournissent des guides fiables dans votre parcours d&rsquo;achat de diamants, vous aidant \u00e0 \u00e9viter les escrocs et \u00e0 \u00e9viter de trop payer. En savoir plus sur ce qu&rsquo;il faut rechercher pour <a href=\"https:\/\/ajediam.com\/investing\/cheapest-diamonds\/\">\u00e9viter d&rsquo;\u00eatre induit en erreur<\/a>.<\/p>\n\n\n\n<h2 class=\"wp-block-heading\">Trouver la meilleure offre: le pouvoir de la comparaison<\/h2>\n\n\n\n<p>Dans votre qu\u00eate pour trouver le diamant parfait sans trop payer, le pouvoir de la comparaison ne peut \u00eatre sous-estim\u00e9. Comme tout investissement important, il est essentiel de recueillir plusieurs offres de diff\u00e9rents commer\u00e7ants avant de prendre une d\u00e9cision. Cette approche vous donne une vision plus large du march\u00e9, vous aide \u00e0 comprendre la valeur de ce que vous achetez et vous permet de discerner quel commer\u00e7ant est le plus digne de confiance et offre la meilleure valeur.<\/p>\n\n\n\n<p>Collecter plusieurs offres, c&rsquo;est plus que simplement comparer les prix&nbsp;; il s&rsquo;agit d&rsquo;acqu\u00e9rir une compr\u00e9hension holistique de ce que chaque trader apporte \u00e0 la table. Tenez compte de leur r\u00e9putation, de la qualit\u00e9 de leurs diamants, de l&rsquo;exhaustivit\u00e9 de leurs rapports de classement et de leur engagement envers le service \u00e0 la client\u00e8le. Cela vous aidera non seulement \u00e0 obtenir le meilleur prix, mais vous assurera \u00e9galement que vous achetez aupr\u00e8s d&rsquo;une source fiable qui se tient derri\u00e8re ses diamants.<\/p>\n\n\n\n<p>Chez Ajediam, nous croyons en la transparence et en une tarification bas\u00e9e sur la valeur. Nous vous encourageons \u00e0 comparer nos offres avec celles d&rsquo;autres commer\u00e7ants. Non seulement parce que nous sommes confiants dans nos prix comp\u00e9titifs et la qualit\u00e9 de nos diamants, mais parce que nous croyons qu&rsquo;un acheteur inform\u00e9 est un acheteur satisfait.<\/p>\n\n\n\n<p>En recherchant plusieurs offres et en les comparant, vous prenez une mesure proactive pour vous assurer de ne pas payer trop cher. Vous obtenez \u00e9galement une meilleure compr\u00e9hension du march\u00e9 du diamant, ce qui vous sera utile non seulement pour cet achat, mais aussi pour tout investissement futur que vous pourriez faire dans le diamant.<\/p>\n","protected":false},"excerpt":{"rendered":"<p>Comprendre les prix, savoir \u00e0 quoi faire attention, trouver un diamantaire s\u00e9rieux, comparer les offres Se lancer dans l&rsquo;aventure de l&rsquo;achat d&rsquo;un diamant peut \u00eatre aussi excitant qu&rsquo;intimidant. L&rsquo;allure scintillante de ces pierres pr\u00e9cieuses est ind\u00e9niable, mais la complexit\u00e9 qui accompagne leur \u00e9valuation avec pr\u00e9cision l&rsquo;est tout autant. Chez Ajediam, nous croyons qu&rsquo;un acheteur bien [&hellip;]<\/p>\n","protected":false},"author":5,"featured_media":9685,"parent":9870,"menu_order":0,"comment_status":"closed","ping_status":"closed","template":"jewel-cleaner-page.php","meta":{"ub_ctt_via":"","footnotes":""},"acf":[],"featured_image_src":"https:\/\/ajediam.com\/wp-content\/uploads\/2023\/06\/Avoid-overpaying-diamonds.png","_links":{"self":[{"href":"https:\/\/ajediam.com\/fr\/wp-json\/wp\/v2\/pages\/9875"}],"collection":[{"href":"https:\/\/ajediam.com\/fr\/wp-json\/wp\/v2\/pages"}],"about":[{"href":"https:\/\/ajediam.com\/fr\/wp-json\/wp\/v2\/types\/page"}],"author":[{"embeddable":true,"href":"https:\/\/ajediam.com\/fr\/wp-json\/wp\/v2\/users\/5"}],"replies":[{"embeddable":true,"href":"https:\/\/ajediam.com\/fr\/wp-json\/wp\/v2\/comments?post=9875"}],"version-history":[{"count":3,"href":"https:\/\/ajediam.com\/fr\/wp-json\/wp\/v2\/pages\/9875\/revisions"}],"predecessor-version":[{"id":9884,"href":"https:\/\/ajediam.com\/fr\/wp-json\/wp\/v2\/pages\/9875\/revisions\/9884"}],"up":[{"embeddable":true,"href":"https:\/\/ajediam.com\/fr\/wp-json\/wp\/v2\/pages\/9870"}],"wp:featuredmedia":[{"embeddable":true,"href":"https:\/\/ajediam.com\/fr\/wp-json\/wp\/v2\/media\/9685"}],"wp:attachment":[{"href":"https:\/\/ajediam.com\/fr\/wp-json\/wp\/v2\/media?parent=9875"}],"curies":[{"name":"wp","href":"https:\/\/api.w.org\/{rel}","templated":true}]}}