{"id":9880,"date":"2019-03-31T07:29:26","date_gmt":"2019-03-31T07:29:26","guid":{"rendered":"https:\/\/ajediam.com\/?page_id=9880"},"modified":"2023-06-29T14:07:43","modified_gmt":"2023-06-29T14:07:43","slug":"formations-de-gradation-de-diamants","status":"publish","type":"page","link":"https:\/\/ajediam.com\/fr\/identification\/formations-de-gradation-de-diamants\/","title":{"rendered":"Les 3 Meilleures formations de gradation de diamants"},"content":{"rendered":"\n<p class=\"postTitle\">Ajediam a s\u00e9lectionn\u00e9 les trois meilleurs cours dans le monde.<\/p>\n\n\n\n<p>Vous voulez d\u00e9couvrir le monde microscopique des diamants avec les yeux d&rsquo;un professionnel ? La beaut\u00e9 des pierres pr\u00e9cieuses attire naturellement de nombreux amateurs d&rsquo;esth\u00e9tique. Certains se contentent d&rsquo;observer leur beaut\u00e9. D&rsquo;autres, en revanche, souhaitent en faire leur m\u00e9tier. Le commerce des diamants peut sembler un cercle ferm\u00e9 pour les personnes ext\u00e9rieures. La perspective d&rsquo;y entamer une carri\u00e8re peut sembler d\u00e9courageante. La quantit\u00e9 de connaissances et d&rsquo;exp\u00e9rience qu&rsquo;il faut acqu\u00e9rir d\u00e9courage la plupart des personnes qui envisagent de faire carri\u00e8re dans le secteur des pierres pr\u00e9cieuses.&nbsp;<\/p>\n\n\n\n<p>Bien que la meilleure fa\u00e7on d&rsquo;apprendre soit de le faire, plusieurs \u00e9coles de classification des diamants vous offrent une introduction plus facile au commerce des diamants gr\u00e2ce \u00e0 des cours et des programmes de niveau professionnel. Outre les connaissances et la confiance, vous recevrez \u00e9galement un certificat attestant de vos comp\u00e9tences. Avec les bonnes comp\u00e9tences et les bons certificats, vous pouvez d\u00e9marrer votre carri\u00e8re dans l&rsquo;industrie du diamant. Gardez \u00e0 l&rsquo;esprit que l&rsquo;acquisition d&rsquo;un diplome de gemmologie n&rsquo;est que le d\u00e9but de votre parcours d&rsquo;apprentissage.&nbsp;<\/p>\n\n\n\n<p>Ceci \u00e9tant dit, cet article vous pr\u00e9sentera les \u00e9coles de gradations de diamants les plus r\u00e9put\u00e9es au monde.<\/p>\n\n\n<div class=\"ub_table-of-contents\" data-showtext=\"show\" data-hidetext=\"hide\" data-scrolltype=\"auto\" id=\"ub_table-of-contents-97e6f260-6c88-4566-a6b0-6ab4b3ba24e7\" data-initiallyhideonmobile=\"false\"\n                    data-initiallyshow=\"true\"><div class=\"ub_table-of-contents-header-container\"><div class=\"ub_table-of-contents-header\">\n                    <div class=\"ub_table-of-contents-title\">Table des Mati\u00e8res<\/div><\/div><\/div><div class=\"ub_table-of-contents-extra-container\"><div class=\"ub_table-of-contents-container ub_table-of-contents-1-column \"><ul><li><a href=https:\/\/ajediam.com\/fr\/identification\/formations-de-gradation-de-diamants\/#0-gia-les-formations-de-gradation-de-diamants-du-gemological-institute-of-america>GIA: Les formations de gradation de diamants du Gemological Institute of America<\/a><\/li><li><a href=https:\/\/ajediam.com\/fr\/identification\/formations-de-gradation-de-diamants\/#1-gem-a-les-formations-de-gradation-de-diamants-de-la-gemmological-association-of-great-britain>GEM-A: Les formations de gradation de diamants de la Gemmological Association of Great Britain<\/a><\/li><li><a href=https:\/\/ajediam.com\/fr\/identification\/formations-de-gradation-de-diamants\/#2-hrd-les-formations-de-gradation-des-diamants-du-hoge-raad-voor-diamant>HRD: Les formations de gradation des diamants du Hoge Raad voor Diamant<\/a><\/li><li><a href=https:\/\/ajediam.com\/fr\/identification\/formations-de-gradation-de-diamants\/#3-nous-esp%C3%A9rons-que-vous-avez-appr%C3%A9ci%C3%A9-cette-lecture->Nous esp\u00e9rons que vous avez appr\u00e9ci\u00e9 cette lecture !<\/a><\/li><\/ul><\/div><\/div><\/div>\n\n\n<h2 class=\"wp-block-heading\" id=\"0-gia-les-formations-de-gradation-de-diamants-du-gemological-institute-of-america\">GIA: Les formations de gradation de diamants du Gemological Institute of America<\/h2>\n\n\n\n<figure class=\"wp-block-image size-large\"><img decoding=\"async\" src=\"https:\/\/www.gia.edu\/images\/105202cd_95295_636x358.png\" alt=\"Les formations de gradation de diamants du Gemological Institute of America (GIA)\"\/><\/figure>\n\n\n\n<p><br>En mati\u00e8re de formation \u00e0 l&rsquo;identification et l&rsquo;\u00e9valuation des diamants, le <a href=\"http:\/\/www.gia.edu\/\" target=\"_blank\" rel=\"noreferrer noopener\">GIA<\/a> est le leader mondial, sans conteste. L&rsquo;institut a \u00e9t\u00e9 cr\u00e9\u00e9 en 1931 \u00e0 Carlsbad, aux \u00c9tats-Unis. Pendant pr\u00e8s d&rsquo;un si\u00e8cle, il a normalis\u00e9 le commerce des diamants et a eu un impact consid\u00e9rable sur la fa\u00e7on dont nous comprenons les diamants et dont nous en parlons.<\/p>\n\n\n\n<p>La GIA a \u00e9t\u00e9 accr\u00e9dit\u00e9e par la Commission of Schools and Colleges en tant qu&rsquo;\u00e9tablissement d&rsquo;enseignement. Ses dipl\u00f4mes et certifications sont les plus respect\u00e9s au monde aujourd&rsquo;hui. Toutefois, ils ne sont ni bon march\u00e9 ni faciles \u00e0 obtenir.<\/p>\n\n\n\n<p>La GIA propose une multitude de cours, de programmes et de documents en ligne \u00e0 l&rsquo;intention des gemmologues en herbe. Si vous souhaitez tirer le meilleur parti d&rsquo;une formation dispens\u00e9e par le GIA, vous devez suivre l&rsquo;un de ses programmes dipl\u00f4mants. \u00c0 l&rsquo;heure actuelle, les programmes menant \u00e0 un dipl\u00f4me sont les suivants : professionnel de la bijouterie appliqu\u00e9e, dipl\u00f4m\u00e9 en pierres de couleur, dipl\u00f4m\u00e9 en diamants, gemmologue dipl\u00f4m\u00e9, bijoutier dipl\u00f4m\u00e9, perles dipl\u00f4m\u00e9es et programmes de conception et de technologie de la bijouterie.<\/p>\n\n\n\n<p>Le programme d&rsquo;\u00e9tudes sup\u00e9rieures en diamant offre une exp\u00e9rience pratique du syst\u00e8me international de classement des diamants de la GIA, bas\u00e9 sur les 4 C. Les \u00e9tudiants apprendront comment la couleur, la puret\u00e9 et la puret\u00e9 des diamants sont \u00e9valu\u00e9es. Les \u00e9tudiants apprendront comment la couleur, la clart\u00e9, la taille et le poids en carats affectent la valeur des diamants. Ils apprendront \u00e0 classer les diamants sur l&rsquo;\u00e9chelle D \u00e0 Z et \u00e0 distinguer les diamants cultiv\u00e9s en laboratoire, les traitements et les stimulants des diamants naturels. Ils apprendront \u00e9galement quand des tests avanc\u00e9s sont n\u00e9cessaires, \u00e0 l&rsquo;aide d&rsquo;\u00e9quipements de laboratoire sp\u00e9cialis\u00e9s. Outre le classement, les \u00e9tudiants apprennent \u00e9galement \u00e0 conna\u00eetre les facteurs de l&rsquo;offre et de la demande du march\u00e9 qui influent sur le prix des diamants.<\/p>\n\n\n\n<p>Les formations de gradation du diamant Graduate Diamond est disponible sur place dans l&rsquo;un des campus du GIA \u00e0 Bangkok, Carlsbad, New York, Hong Kong, S\u00e9oul, Taipei et Mumbai. Le programme est \u00e9galement adapt\u00e9 \u00e0 l&rsquo;apprentissage \u00e0 distance, avec diverses classes d&rsquo;apprentissage en ligne, combin\u00e9es \u00e0 des cours pratiques en laboratoire. Le mode sur le campus est un programme d&rsquo;\u00e9tudes \u00e0 temps plein, tandis que le mode \u00e0 distance suit un rythme plus tranquille. Les possibilit\u00e9s de carri\u00e8re offertes par le cours comprennent l&rsquo;achat, le tri et le classement de diamants, la vente au d\u00e9tail, la vente en gros et m\u00eame la sp\u00e9cialisation dans la bijouterie des maisons de vente aux ench\u00e8res.<\/p>\n\n\n\n<h2 class=\"wp-block-heading\" id=\"1-gem-a-les-formations-de-gradation-de-diamants-de-la-gemmological-association-of-great-britain\">GEM-A: Les formations de gradation de diamants de la Gemmological Association of Great Britain<\/h2>\n\n\n\n<figure class=\"wp-block-image size-large\"><img decoding=\"async\" src=\"https:\/\/gem-a.com\/images\/Gem-AGraduates_1.jpg\" alt=\"Les formations de gradation de diamants de la Gemmological Association of Great Britain\"\/><\/figure>\n\n\n\n<p>La Gemmological Association of Great Britain (<a href=\"https:\/\/gem-a.com\/\" target=\"_blank\" rel=\"noreferrer noopener\">Gem-A<\/a>) est la plus ancienne institution d&rsquo;enseignement du diamant au monde. Elle a \u00e9t\u00e9 cr\u00e9\u00e9e en 1908 avec la mise en place du comit\u00e9 gemmologique en Grande-Bretagne. Ce comit\u00e9 a \u00e9t\u00e9 le premier \u00e0 fixer les normes des cours de gemmologie modernes. Son \u00e9tudiant le plus c\u00e9l\u00e8bre, Robert Shipley, a ensuite fond\u00e9 le GIA. D&rsquo;autres dipl\u00f4m\u00e9s de Gem-A occupent des postes de premier plan au sein d&rsquo;organisations internationales de gemmologie.<\/p>\n\n\n\n<p>Aujourd&rsquo;hui, Gem-A est une institution prestigieuse dont l&rsquo;autorit\u00e9 \u00e9ducative est reconnue dans le monde entier. L&rsquo;association propose une combinaison d&rsquo;ateliers, de cours de courte dur\u00e9e, de mat\u00e9riel en ligne et deux fili\u00e8res de cours de troisi\u00e8me cycle. La premi\u00e8re fili\u00e8re concerne la gemmologie et la seconde se concentre sp\u00e9cifiquement sur les diamants.<\/p>\n\n\n\n<p>Il faut compter entre 4 et 9 mois d&rsquo;enseignement pour suivre chacune des deux fili\u00e8res, en fonction de la m\u00e9thode d&rsquo;enseignement. Les \u00e9tudiants peuvent \u00e9tudier en personne dans l&rsquo;un des centres d&rsquo;enseignement internationaux accr\u00e9dit\u00e9s par Gem-A ou en ligne.<\/p>\n\n\n\n<p>Il existe actuellement des centres d&rsquo;enseignement \u00e0 Bahre\u00efn, en Chine, en France, en Gr\u00e8ce, en Inde, en Italie, au Japon, \u00e0 Madagascar, au Myanmar, aux Pays-Bas, \u00e0 Singapour, au Sri Lanka, en Su\u00e8de, en Tha\u00eflande, au Royaume-Uni et aux \u00c9tats-Unis.<\/p>\n\n\n\n<p>Le dipl\u00f4me de diamant de Gem-A convient \u00e0 tous les niveaux de comp\u00e9tence. Les d\u00e9butants, les chefs d&rsquo;entreprise, les commissaires-priseurs et les scientifiques peuvent tous acqu\u00e9rir des connaissances pr\u00e9cieuses. Le cours peut \u00eatre suivi en personne ou en ligne. La qualification obtenue \u00e0 la fin de l&rsquo;\u00e9tude est le dipl\u00f4me Gem-A de niveau 5 en diamant (niveau 5 de l&rsquo;Ofqual). Les frais de formation commencent \u00e0 3300 livres sterling.<\/p>\n\n\n\n<p>Pendant le cours, les \u00e9tudiants apprennent \u00e0 reconna\u00eetre et \u00e0 d\u00e9crire la structure chimique d&rsquo;un diamant et \u00e0 comprendre comment elle affecte ses propri\u00e9t\u00e9s physiques et optiques. Ils apprennent \u00e0 distinguer les diamants naturels, trait\u00e9s et synth\u00e9tiques, ainsi que les stimulants du diamant. Les \u00e9tudiants seront capables d&rsquo;observer des cristaux de diamants bruts et de les communiquer de mani\u00e8re fiable en utilisant les quatre C pour estimer la valeur d&rsquo;un diamant.<\/p>\n\n\n\n<p>Les \u00e9tudiants se familiarisent \u00e9galement avec les subtilit\u00e9s de la cha\u00eene d&rsquo;approvisionnement du diamant, de la mine au march\u00e9. Ils re\u00e7oivent \u00e9galement une formation sur le classement, l&rsquo;analyse et la taille des diamants. Enfin, ils apprennent l&rsquo;\u00e9thique et la tra\u00e7abilit\u00e9 du diamant.<\/p>\n\n\n\n<p>Apr\u00e8s avoir suivi la fili\u00e8re diamant, les dipl\u00f4m\u00e9s peuvent poser leur candidature pour devenir membre de Gem-A, ainsi que pour devenir membre ou membre diamantaire (FGA et DGA) de l&rsquo;association gemmologique. Ils peuvent \u00e9galement poursuivre leurs \u00e9tudes en gemmologie de base et en gemmologie de dipl\u00f4me. S&rsquo;ils terminent les deux fili\u00e8res, ils peuvent suivre une formation en gemmologie et conception de bijoux (BSc in Gemology &amp; Jewelry Design).<\/p>\n\n\n\n<h2 class=\"wp-block-heading\" id=\"2-hrd-les-formations-de-gradation-des-diamants-du-hoge-raad-voor-diamant\">HRD: Les formations de gradation des diamants du Hoge Raad voor Diamant<\/h2>\n\n\n\n<figure class=\"wp-block-image size-large\"><img decoding=\"async\" src=\"https:\/\/www.awdc.be\/sites\/awdc2016\/files\/styles\/news-overview\/public\/HRD-highres-12%20-%20foto_0.jpg?itok=2zdQuEAT\" alt=\"Les formations de gradation des diamants du Hoge Raad voor Diamant\"\/><\/figure>\n\n\n\n<p>Le Hoge Raad voor Diamant (<a href=\"https:\/\/edu.hrdantwerp.com\/\" target=\"_blank\" rel=\"noreferrer noopener\">HRD<\/a>), ou Haut Conseil du Diamant, a \u00e9t\u00e9 cr\u00e9\u00e9 en 1973 \u00e0 Anvers, en Belgique. Il a \u00e9t\u00e9 cr\u00e9\u00e9 en tant que filiale de l&rsquo;Antwerp World Diamond Center \u00e0 la demande du gouvernement belge. Le HRD dispose d&rsquo;un laboratoire mondialement reconnu, r\u00e9put\u00e9 pour ses programmes de formation dans le domaine du diamant, ses \u00e9quipements de laboratoire de fabrication et sa recherche universitaire. Le HRD d&rsquo;Anvers est repr\u00e9sent\u00e9 en Chine, \u00e0 Hong Kong, en Turquie, en Inde et au Moyen-Orient.<\/p>\n\n\n\n<p>En tant qu&rsquo;\u00e9tablissement d&rsquo;enseignement, HRD Antwerp a plus de quarante ans d&rsquo;exp\u00e9rience. Ses cours internationaux ont ouvert la voie \u00e0 la carri\u00e8re de nombreux classificateurs de diamants, trieurs et gemmologues dans le monde entier. Le HRD propose des cours pratiques sp\u00e9cialis\u00e9s pour les diamants bruts, les diamants polis et la conception de bijoux en diamant.<\/p>\n\n\n\n<p>Pendant le cours sur les diamants bruts, les \u00e9tudiants apprennent \u00e0 peser, compter, tamiser, r\u00e9pertorier et stocker les diamants bruts. Ils se familiarisent avec la morphologie, la g\u00e9ologie et l&rsquo;exploitation mini\u00e8re des diamants. Ils apprennent les subtilit\u00e9s du processus de conversion de l&rsquo;\u00e9tat brut \u00e0 l&rsquo;\u00e9tat poli et les diff\u00e9rentes techniques impliqu\u00e9es. L&rsquo;enseignement est ax\u00e9 sur la pratique et comprend la visite d&rsquo;une v\u00e9ritable usine de polissage de diamants.<\/p>\n\n\n\n<p>Le cours sur l&rsquo;\u00e9valuation des diamants bruts est disponible en anglais, en fran\u00e7ais et en portugais. Il dure deux semaines et doit \u00eatre suivi en personne \u00e0 Anvers. Le cours convient aux personnes qui souhaitent s&rsquo;informer sur le tri, la fabrication, le commerce et l&rsquo;\u00e9valuation des diamants bruts. Le prix actuel de la formation est de 2662 euros.<\/p>\n\n\n\n<p>HRD Anvers excelle dans ses cours sur les diamants polis. Il propose un cours exhaustif sur la gradation des diamants. Les \u00e9tudiants y apprennent les bases des quatre C et les approfondissent rapidement. Les \u00e9tudiants apprennent \u00e0 d\u00e9terminer la qualit\u00e9 d&rsquo;une pierre et \u00e0 en fixer le prix. Ils apprennent \u00e0 d\u00e9tecter les simulants les plus courants et acqui\u00e8rent une exp\u00e9rience pratique en travaillant avec un microscope et d&rsquo;autres \u00e9quipements de laboratoire.<\/p>\n\n\n\n<p>Les \u00e9tudiants apprennent \u00e0 nettoyer correctement les diamants et \u00e0 les examiner sous diff\u00e9rents angles. Ils apprennent les principes de la pes\u00e9e et du calcul du poids en carats. Ils apprennent \u00e0 identifier les caract\u00e9ristiques internes et externes des diamants par rapport aux pierres trait\u00e9es et aux simulants. Ils apprennent \u00e0 \u00e9valuer la couleur et la puret\u00e9 des diamants en les comparant \u00e0 des pierres de r\u00e9f\u00e9rence.<\/p>\n\n\n\n<p>HRD excelle particuli\u00e8rement dans l&rsquo;enseignement de la taille des diamants. Ils apprennent les proportions, la sym\u00e9trie, le polissage et la mesure des dimensions \u00e0 l&rsquo;aide d&rsquo;un pied \u00e0 coulisse. Ils comparent tous les chiffres \u00e0 des tableaux de proportions et de sym\u00e9trie. L&rsquo;\u00e9tude porte \u00e9galement sur les tailles fantaisies et pas seulement sur les tailles rondes et brillantes comme dans la plupart des autres cours.<\/p>\n\n\n\n<p>Le cours HRD sur le classement des diamants est disponible en anglais, en fran\u00e7ais, en grec, en italien et en espagnol. Les lieux d&rsquo;\u00e9tude sont Anvers, Thessalonique, Barcelone, Madrid, Milan, Bari et Naples. Le cours dure jusqu&rsquo;\u00e0 quatre semaines, co\u00fbte 3327 euros et se termine par un dipl\u00f4me HRD d&rsquo;Anvers pour un classificateur de diamants certifi\u00e9.<\/p>\n\n\n\n<h2 class=\"wp-block-heading\" id=\"3-nous-esp%C3%A9rons-que-vous-avez-appr%C3%A9ci%C3%A9-cette-lecture-\">Nous esp\u00e9rons que vous avez appr\u00e9ci\u00e9 cette lecture !<\/h2>\n\n\n\n<p>Nous esp\u00e9rons que vous avez trouv\u00e9 cet article int\u00e9ressant et utile. Commencer une carri\u00e8re dans le commerce du diamant peut sembler intimidant, mais c&rsquo;est une exp\u00e9rience enrichissante. Dans cet article, nous avons parl\u00e9 des trois institutions les plus c\u00e9l\u00e8bres au monde qui proposent des formations de gradation de diamants. Quel que soit votre choix, sachez que la meilleure \u00e9cole est toujours sur le terrain. Reconna\u00eetre les tendances, fixer correctement les prix et vendre des diamants, c&rsquo;est un peu comme conduire une voiture : il faut s&rsquo;exercer pour apprendre. Si vous avez besoin d&rsquo;une r\u00e9f\u00e9rence pour les listes de prix, vous pouvez consulter<a href=\"https:\/\/ajediam.com\/fr\/prix-des-diamants\/diamant-naturel-blanc\/\"> la liste de prix Ajediam<\/a>.<\/p>\n","protected":false},"excerpt":{"rendered":"<p>Ajediam a s\u00e9lectionn\u00e9 les trois meilleurs cours dans le monde. Vous voulez d\u00e9couvrir le monde microscopique des diamants avec les yeux d&rsquo;un professionnel ? La beaut\u00e9 des pierres pr\u00e9cieuses attire naturellement de nombreux amateurs d&rsquo;esth\u00e9tique. Certains se contentent d&rsquo;observer leur beaut\u00e9. D&rsquo;autres, en revanche, souhaitent en faire leur m\u00e9tier. Le commerce des diamants peut sembler [&hellip;]<\/p>\n","protected":false},"author":5,"featured_media":9891,"parent":9850,"menu_order":0,"comment_status":"closed","ping_status":"closed","template":"jewel-cleaner-page.php","meta":{"ub_ctt_via":"","footnotes":""},"acf":[],"featured_image_src":"https:\/\/ajediam.com\/wp-content\/uploads\/2023\/06\/The-Best-Diamond-Grading-Schools-1.jpeg","_links":{"self":[{"href":"https:\/\/ajediam.com\/fr\/wp-json\/wp\/v2\/pages\/9880"}],"collection":[{"href":"https:\/\/ajediam.com\/fr\/wp-json\/wp\/v2\/pages"}],"about":[{"href":"https:\/\/ajediam.com\/fr\/wp-json\/wp\/v2\/types\/page"}],"author":[{"embeddable":true,"href":"https:\/\/ajediam.com\/fr\/wp-json\/wp\/v2\/users\/5"}],"replies":[{"embeddable":true,"href":"https:\/\/ajediam.com\/fr\/wp-json\/wp\/v2\/comments?post=9880"}],"version-history":[{"count":2,"href":"https:\/\/ajediam.com\/fr\/wp-json\/wp\/v2\/pages\/9880\/revisions"}],"predecessor-version":[{"id":9893,"href":"https:\/\/ajediam.com\/fr\/wp-json\/wp\/v2\/pages\/9880\/revisions\/9893"}],"up":[{"embeddable":true,"href":"https:\/\/ajediam.com\/fr\/wp-json\/wp\/v2\/pages\/9850"}],"wp:featuredmedia":[{"embeddable":true,"href":"https:\/\/ajediam.com\/fr\/wp-json\/wp\/v2\/media\/9891"}],"wp:attachment":[{"href":"https:\/\/ajediam.com\/fr\/wp-json\/wp\/v2\/media?parent=9880"}],"curies":[{"name":"wp","href":"https:\/\/api.w.org\/{rel}","templated":true}]}}