{"id":9885,"date":"2019-04-08T10:03:53","date_gmt":"2019-04-08T10:03:53","guid":{"rendered":"https:\/\/ajediam.com\/?page_id=9885"},"modified":"2023-06-29T14:04:17","modified_gmt":"2023-06-29T14:04:17","slug":"tout-ce-que-vous-devez-savoir-avant-dacheter-des-diamants","status":"publish","type":"page","link":"https:\/\/ajediam.com\/fr\/investir\/tout-ce-que-vous-devez-savoir-avant-dacheter-des-diamants\/","title":{"rendered":"\u00c9vitez Les Escrocs: Tout Ce Que Vous Devez Savoir Avant d&rsquo;acheter Des Diamants"},"content":{"rendered":"\n<p class=\"postTitle\"><em>Guide complet pour acheter des diamants en toute s\u00e9curit\u00e9<\/em><\/p>\n\n\n\n<p>L&rsquo;achat d&rsquo;un diamant est un investissement important, qui doit \u00eatre abord\u00e9 avec une diligence raisonnable et une compr\u00e9hension approfondie des subtilit\u00e9s impliqu\u00e9es. Avec l&rsquo;augmentation des diverses escroqueries dans l&rsquo;industrie du diamant, il est plus important que jamais de vous armer des connaissances n\u00e9cessaires pour prendre une d\u00e9cision \u00e9clair\u00e9e.<\/p>\n\n\n\n<p>Ici, nous discutons de sept escroqueries aux diamants courantes et fournissons des conseils pratiques sur la fa\u00e7on de les \u00e9viter. Nous r\u00e9sumons les signes \u00e0 surveiller lorsque vous pensez avoir affaire \u00e0 un escroc. Pour finir, nous vous aidons \u00e0 reconna\u00eetre si un n\u00e9gociant en diamants est digne de confiance et a une bonne r\u00e9putation.<\/p>\n\n\n\n\n\n<div class=\"ub_table-of-contents\" data-showtext=\"show\" data-hidetext=\"hide\" data-scrolltype=\"auto\" id=\"ub_table-of-contents-17345027-cb9d-437f-b1fc-b62e27427157\" data-initiallyhideonmobile=\"false\"\n                    data-initiallyshow=\"true\"><div class=\"ub_table-of-contents-header-container\"><div class=\"ub_table-of-contents-header\">\n                    <div class=\"ub_table-of-contents-title\">Table Of Content<\/div><\/div><\/div><div class=\"ub_table-of-contents-extra-container\"><div class=\"ub_table-of-contents-container ub_table-of-contents-1-column \"><ol><li><a href=https:\/\/ajediam.com\/fr\/investir\/tout-ce-que-vous-devez-savoir-avant-dacheter-des-diamants\/#0-les-6-arnaques-les-plus-courantes-%C3%A0-%C3%A9viter-lors-de-lachat-de-diamants-ou-de-bijoux-en-diamants->Les 6 arnaques les plus courantes \u00e0 \u00e9viter lors de l&rsquo;achat de diamants ou de bijoux en diamants<\/a><\/li><li><a href=https:\/\/ajediam.com\/fr\/investir\/tout-ce-que-vous-devez-savoir-avant-dacheter-des-diamants\/#7-reconna%C3%AEtre-un-escroc-dans-lindustrie-du-diamant-ou-dans-nimporte-quelle-industrie-dailleurs->Reconna\u00eetre un escroc dans l&rsquo;industrie du diamant, ou dans n&rsquo;importe quelle industrie d&rsquo;ailleurs<\/a><\/li><li><a href=#15-assessing-the-reputation-of-diamond-traders-and-jewelry-stores->Assessing the Reputation of Diamond Traders and Jewelry Stores<\/a><\/li><\/ol><\/div><\/div><\/div>\n\n\n<h2 class=\"wp-block-heading\" id=\"0-les-6-arnaques-les-plus-courantes-%C3%A0-%C3%A9viter-lors-de-lachat-de-diamants-ou-de-bijoux-en-diamants-\"><span style=\"font-weight: 400;\">Les 6 arnaques les plus courantes \u00e0 \u00e9viter lors de l&rsquo;achat de diamants ou de bijoux en diamants<\/span><\/h2>\n\n\n\n<h3 class=\"wp-block-heading\" id=\"1-%C3%A9vitez-les-arnaques-aux-diamants-synth%C3%A9tiques-\"><span style=\"font-weight: 400;\">\u00c9vitez les arnaques aux diamants synth\u00e9tiques:<\/span><\/h3>\n\n\n\n<p>Les diamants synth\u00e9tiques ou cr\u00e9\u00e9s en laboratoire sont identiques aux diamants naturels dans leur composition chimique. Cependant, ils sont cr\u00e9\u00e9s en laboratoire en quelques semaines, ce qui entra\u00eene un prix inf\u00e9rieur \u00e0 celui des diamants naturels. Certains vendeurs malhonn\u00eates peuvent tenter de faire passer ces diamants cr\u00e9\u00e9s en laboratoire pour des diamants naturels.<\/p>\n\n\n\n<p><em>Exemple<\/em>: Imaginez voir un diamant de 1 carat avec une coupe, une clart\u00e9 et une couleur excellentes \u00e0 un prix qui semble trop beau pour \u00eatre vrai. En y regardant de plus pr\u00e8s, vous constatez qu&rsquo;il s&rsquo;agit d&rsquo;un diamant cr\u00e9\u00e9 en laboratoire vendu comme un diamant naturel. Demandez toujours des informations claires sur l&rsquo;origine du diamant et assurez-vous que ces informations sont incluses dans toute certification fournie.<\/p>\n\n\n\n<h3 class=\"wp-block-heading\" id=\"2-m%C3%A9fiez-vous-du-surclassement-des-diamants-\"><em>M\u00e9fiez-vous du surclassement des diamants:<\/em><\/h3>\n\n\n\n<p>Le surclassement fait r\u00e9f\u00e9rence \u00e0 un diamant class\u00e9 plus favorablement que ne le justifient ses v\u00e9ritables caract\u00e9ristiques. Cette escroquerie implique souvent la notation des rapports de laboratoires moins r\u00e9put\u00e9s ou non reconnus.<\/p>\n\n\n\n<p><em>Exemple<\/em>: Un diamant class\u00e9 comme ayant un degr\u00e9 de couleur D (incolore) et un degr\u00e9 de puret\u00e9 VS1 (tr\u00e8s l\u00e9g\u00e8rement inclus) peut sembler attrayant, mais apr\u00e8s validation par un laboratoire r\u00e9put\u00e9 tel que GIA ou AGS, le diamant pourrait se r\u00e9v\u00e9ler \u00eatre d&rsquo;une couleur et d&rsquo;une puret\u00e9 inf\u00e9rieures. V\u00e9rifiez toujours le classement aupr\u00e8s de laboratoires reconnus.<\/p>\n\n\n\n<h3 class=\"wp-block-heading\" id=\"3-diamants-remplis-de-fracture-\"><em>Diamants remplis de fracture:<\/em><\/h3>\n\n\n\n<p>Le remplissage de fracture consiste \u00e0 injecter une substance dans un diamant pour masquer les fractures ou les inclusions, ce qui rend le diamant plus propre. Les escrocs peuvent vendre ces diamants comme des diamants naturels non trait\u00e9s \u00e0 un prix plus \u00e9lev\u00e9.<\/p>\n\n\n\n<p><em>Exemple<\/em>: Vous pouvez tomber sur un diamant d&rsquo;une puret\u00e9 exceptionnelle \u00e0 un prix attractif. Cependant, s&rsquo;il s&rsquo;agit d&rsquo;un diamant rempli de fractures, sa valeur r\u00e9elle serait nettement inf\u00e9rieure. Renseignez-vous toujours sur les traitements potentiels avant l&rsquo;achat.<\/p>\n\n\n\n<h3 class=\"wp-block-heading\" id=\"4-escroqueries-aux-app%C3%A2ts-et-aux-interrupteurs-\"><em>Escroqueries aux app\u00e2ts et aux interrupteurs:<\/em><\/h3>\n\n\n\n<p>Cette arnaque implique un vendeur pr\u00e9sentant un diamant de haute qualit\u00e9 mais en livrant un de moindre qualit\u00e9. V\u00e9rifiez toujours que le num\u00e9ro de rapport grav\u00e9 au laser sur le diamant correspond \u00e0 celui figurant sur le rapport qui l&rsquo;accompagne.<\/p>\n\n\n\n<p><em>Exemple<\/em>: Vous pouvez acheter un diamant en fonction de sa pr\u00e9sentation initiale et recevoir plus tard un diamant de qualit\u00e9 inf\u00e9rieure. Validez les caract\u00e9ristiques du diamant avec sa certification pour \u00e9viter cette arnaque.<\/p>\n\n\n\n<h3 class=\"wp-block-heading\" id=\"5-escroqueries-sur-les-prix-\"><em>Escroqueries sur les prix:<\/em><\/h3>\n\n\n\n<p>Les vendeurs peuvent gonfler le prix d&rsquo;un diamant, affirmant que c&rsquo;est un investissement qui s&rsquo;appr\u00e9ciera. Cependant, les diamants se d\u00e9pr\u00e9cient consid\u00e9rablement une fois vendus.<\/p>\n\n\n\n<p><em>Exemple<\/em>: Un diamant pourrait \u00eatre vendu \u00e0 un prix sensiblement plus \u00e9lev\u00e9 sous pr\u00e9texte d&rsquo;une appr\u00e9ciation future de sa valeur. Sachez que les diamants, comme les voitures, perdent de la valeur apr\u00e8s l&rsquo;achat et ne constituent g\u00e9n\u00e9ralement pas un bon investissement.<\/p>\n\n\n\n<h3 class=\"wp-block-heading\" id=\"6-escroqueries-au-cr%C3%A9dit-dans-les-bijouteries-\"><em>Escroqueries au cr\u00e9dit dans les bijouteries:<\/em><\/h3>\n\n\n\n<p>Certains magasins offrent des conditions de cr\u00e9dit int\u00e9ressantes pour inciter les clients \u00e0 acheter un diamant qu&rsquo;ils ne peuvent pas se permettre. Les acheteurs peuvent finir par payer beaucoup plus d&rsquo;int\u00e9r\u00eats et de frais au fil du temps.<\/p>\n\n\n\n<p><em>Exemple<\/em>: Une bague en diamant au prix de 5 000 $ pourrait finir par vous co\u00fbter beaucoup plus cher si vous \u00eates li\u00e9 \u00e0 un accord de cr\u00e9dit avec des taux d&rsquo;int\u00e9r\u00eat \u00e9lev\u00e9s et des frais cach\u00e9s. Comprenez toujours les termes de tout accord de cr\u00e9dit avant de faire un achat.<\/p>\n\n\n\n<h2 class=\"wp-block-heading\" id=\"7-reconna%C3%AEtre-un-escroc-dans-lindustrie-du-diamant-ou-dans-nimporte-quelle-industrie-dailleurs-\"><span style=\"font-weight: 400;\">Reconna\u00eetre un escroc dans l&rsquo;industrie du diamant, ou dans n&rsquo;importe quelle industrie d&rsquo;ailleurs<\/span><\/h2>\n\n\n\n<p><span style=\"font-weight: 400;\">Reconna\u00eetre un escroc peut souvent se r\u00e9sumer \u00e0 une combinaison de vigilance, de connaissances et d&rsquo;intuition. Voici quelques signes cl\u00e9s indiquant que vous pourriez avoir affaire \u00e0 un arnaqueur:<\/span><\/p>\n\n\n\n<h3 class=\"wp-block-heading\"><em>Des offres trop bonnes pour \u00eatre vraies<\/em><\/h3>\n\n\n\n<p>Si un accord semble trop beau pour \u00eatre vrai, c&rsquo;est probablement le cas. Il peut s&rsquo;agir d&rsquo;un prix consid\u00e9rablement r\u00e9duit ou d&rsquo;un diamant pr\u00e9sent\u00e9 comme \u00e9tant de qualit\u00e9 bien sup\u00e9rieure \u00e0 ce que son prix sugg\u00e8re. Les diamants authentiques ont une valeur marchande fixe et ne font pas l&rsquo;objet de remises extr\u00eames. Les remises de \u00ab\u00a050\u00a0% de r\u00e9duction\u00a0\u00bb ou \u00ab\u00a070\u00a0% de r\u00e9duction\u00a0\u00bb sont pratiquement inexistantes, car la valeur du diamant est bas\u00e9e sur la qualit\u00e9 et les tendances du march\u00e9, et non sur les ventes promotionnelles.<\/p>\n\n\n\n<h3 class=\"wp-block-heading\"><em>Manque de transparence<\/em><\/h3>\n\n\n\n<p>Un n\u00e9gociant en diamants r\u00e9put\u00e9 doit \u00eatre dispos\u00e9 et capable de fournir des informations claires et concises sur ses diamants. Cela inclut les rapports de notation de laboratoires r\u00e9put\u00e9s et les r\u00e9ponses \u00e0 toutes vos questions. Si un vendeur est \u00e9vasif, vague ou h\u00e9sitant \u00e0 fournir des informations, c&rsquo;est un signal d&rsquo;alarme.<\/p>\n\n\n\n<h3 class=\"wp-block-heading\"><em>Tactiques de pression<\/em><\/h3>\n\n\n\n<p>Les escrocs essaient souvent de pr\u00e9cipiter leurs victimes pour qu&rsquo;elles prennent une d\u00e9cision. Ils peuvent pr\u00e9tendre qu&rsquo;un accord est limit\u00e9 dans le temps ou qu&rsquo;il y a un autre acheteur int\u00e9ress\u00e9 par le m\u00eame diamant. Un vendeur l\u00e9gitime respectera votre besoin de prendre votre temps et de prendre une d\u00e9cision \u00e9clair\u00e9e.<\/p>\n\n\n\n<h3 class=\"wp-block-heading\"><em>Absence d&rsquo;adresse physique ou de coordonn\u00e9es<\/em><\/h3>\n\n\n\n<p>Les entreprises r\u00e9put\u00e9es ont des emplacements physiques et sont faciles \u00e0 contacter. Si un vendeur op\u00e8re uniquement en ligne et ne fournit pas d&rsquo;adresse physique ou de coordonn\u00e9es fiables, proc\u00e9dez avec prudence.<\/p>\n\n\n\n<h3 class=\"wp-block-heading\"><em>Mauvaises critiques en ligne ou manque de pr\u00e9sence en ligne<\/em><\/h3>\n\n\n\n<p>Recherchez des avis ou des t\u00e9moignages en ligne. Si un vendeur a un certain nombre d&rsquo;avis n\u00e9gatifs, ou si vous ne trouvez aucune information \u00e0 son sujet en ligne, c&rsquo;est une source de pr\u00e9occupation.<\/p>\n\n\n\n<h3 class=\"wp-block-heading\"><em>Non-conformit\u00e9 aux normes de l&rsquo;industrie<\/em><\/h3>\n\n\n\n<p>Les traders fiables sont g\u00e9n\u00e9ralement membres de bourses ou d&rsquo;organisations reconnues qui exigent une conduite \u00e9thique stricte de la part de leurs membres. Si un vendeur n&rsquo;est associ\u00e9 \u00e0 aucune de ces organisations, c&rsquo;est un signe d&rsquo;avertissement potentiel.<\/p>\n\n\n\n<h3 class=\"wp-block-heading\"><em>Rapports de classement internes<\/em><\/h3>\n\n\n\n<p>M\u00e9fiez-vous des rapports de classement produits en interne par les bijouteries en diamants. Sans les normes strictes et la perspective impartiale d&rsquo;un laboratoire de notation externe r\u00e9put\u00e9, de tels rapports peuvent \u00eatre trompeurs.<\/p>\n\n\n\n<p>N&rsquo;oubliez pas que la connaissance est votre meilleure ligne de d\u00e9fense contre les escrocs. Equipez-vous des bonnes informations, restez vigilant et faites confiance \u00e0 votre instinct. Si quelque chose ne va pas, il vaut mieux partir et continuer votre recherche ailleurs.<\/p>\n\n\n\n<h2 class=\"wp-block-heading\" id=\"8-assessing-the-reputation-of-diamond-traders-and-jewelry-stores-\"><span style=\"font-weight: 400;\">\u00c9valuation de la r\u00e9putation des n\u00e9gociants en diamants et des bijouteries<\/span><\/h2>\n\n\n\n<p><span style=\"font-weight: 400;\">Lorsqu&rsquo;il s&rsquo;agit d&rsquo;acheter des diamants, la r\u00e9putation du n\u00e9gociant est d&rsquo;une importance primordiale. S&rsquo;assurer que vous travaillez avec un commer\u00e7ant ou un bijoutier r\u00e9put\u00e9 peut vous apporter la tranquillit\u00e9 d&rsquo;esprit et prot\u00e9ger votre investissement. Voici quelques strat\u00e9gies pour v\u00e9rifier la cr\u00e9dibilit\u00e9 de votre source de diamants:<\/span><\/p>\n\n\n\n<h3 class=\"wp-block-heading\" id=\"9-online-reviews-and-testimonials-\"><span style=\"font-weight: 400;\">Online Reviews and Testimonials<\/span><\/h3>\n\n\n\n<p>\u00c0 l&rsquo;\u00e8re num\u00e9rique, une multitude d&rsquo;informations peuvent \u00eatre trouv\u00e9es en ligne sur n&rsquo;importe quelle entreprise, et les diamantaires ou les bijouteries ne font pas exception. V\u00e9rifiez votre application <a href=\"https:\/\/goo.gl\/maps\/KpjZ9XwprqqpUQ6B6\" target=\"_blank\" rel=\"noreferrer noopener nofollow\">Google Maps<\/a> ou <a href=\"https:\/\/www.trustpilot.com\/review\/www.ajediam.com\" target=\"_blank\" rel=\"noreferrer noopener nofollow\">Trustpilot <\/a>qui sont les plateformes de t\u00e9moignage les plus courantes. Commencez par consulter les avis en ligne et les t\u00e9moignages d&rsquo;anciens clients. Les commentaires d&rsquo;autres personnes qui ont eu une exp\u00e9rience directe avec le commer\u00e7ant ou le magasin peuvent fournir des informations pr\u00e9cieuses sur la qualit\u00e9 de leurs diamants, leur service client, leurs prix, etc.<\/p>\n\n\n\n<h3 class=\"wp-block-heading\" id=\"10-membership-in-diamond-bourses-or-professional-organizations-\"><span style=\"font-weight: 400;\">Adh\u00e9sion \u00e0 des bourses du diamant ou \u00e0 des organisations professionnelles<\/span><\/h3>\n\n\n\n<p>L&rsquo;appartenance \u00e0 une bourse du diamant ou \u00e0 une organisation professionnelle est une forte indication de la cr\u00e9dibilit\u00e9 d&rsquo;un n\u00e9gociant. Ces organisations ont des exigences \u00e9thiques strictes pour leurs membres, ce qui peut \u00eatre une garantie fiable du professionnalisme et de la fiabilit\u00e9 d&rsquo;un commer\u00e7ant. Par exemple, \u00e0 Anvers, il existe <a href=\"https:\/\/www.awdc.be\/en\/diamond-bourses-0\" target=\"_blank\" rel=\"noreferrer noopener nofollow\">quatre bourses du diamant<\/a> qui veillent \u00e0 ce que leurs membres adh\u00e8rent \u00e0 des normes de conduite \u00e9lev\u00e9es. Anvers est unique en ce sens qu&rsquo;elle compte quatre bourses du diamant et voici leurs coordonn\u00e9es:<\/p>\n\n\n\n<ol><li><span style=\"font-weight: 400;\">Antwerpse Diamantkring<\/span> <ul><li><span style=\"font-weight: 400;\">Address: Hoveniersstraat 2 &#8211; Box 515, B-2018 Antwerpen<\/span><\/li><li><span style=\"font-weight: 400;\">Telephone: +32 3 233 58 10<\/span><\/li><li><span style=\"font-weight: 400;\">Website:<\/span><a href=\"http:\/\/www.diamantkring.org\/\" target=\"_blank\" rel=\"noreferrer noopener nofollow\"> <span style=\"font-weight: 400;\">http:\/\/www.diamantkring.org\/<\/span><\/a><\/li><li><span style=\"font-weight: 400;\">Email: exchangehall@diamantkring.org<\/span> <\/li><\/ul><\/li><li><span style=\"font-weight: 400;\">Beurs voor de Diamanthandel<\/span> <ul><li><span style=\"font-weight: 400;\">Address: Pelikaanstraat 78, B-2018 Antwerpen<\/span><\/li><li><span style=\"font-weight: 400;\">Telephone: +32 3 233 53 13<\/span><\/li><li><span style=\"font-weight: 400;\">Website:<\/span><a href=\"http:\/\/www.antwerpdiamondbourse.net\/\" target=\"_blank\" rel=\"noreferrer noopener nofollow\"> <span style=\"font-weight: 400;\">http:\/\/www.antwerpdiamondbourse.net\/<\/span><\/a><\/li><li><span style=\"font-weight: 400;\">Email: info@diamondBourse.be<\/span> <\/li><\/ul><\/li><li><span style=\"font-weight: 400;\">Diamantclub van Antwerpen<\/span> <ul><li><span style=\"font-weight: 400;\">Address: Pelikaanstraat 62, B-2018 Antwerpen<\/span><\/li><li><span style=\"font-weight: 400;\">Telephone: +32 3 232 76 55<\/span><\/li><li><span style=\"font-weight: 400;\">Website:<\/span><a href=\"http:\/\/www.diamantclub.be\/\" target=\"_blank\" rel=\"noreferrer noopener nofollow\"> <span style=\"font-weight: 400;\">http:\/\/www.diamantclub.be\/<\/span><\/a><\/li><li><span style=\"font-weight: 400;\">Email: dcva@pandora.be<\/span> <\/li><\/ul><\/li><li><span style=\"font-weight: 400;\">Vrije Diamanthandel<\/span> <ul><li><span style=\"font-weight: 400;\">Address: Pelikaanstraat 62, B-2018 Antwerpen<\/span><\/li><li><span style=\"font-weight: 400;\">Telephone: +32 3 232 70 13<\/span><\/li><li><span style=\"font-weight: 400;\">Email: vrijediamanthandel@skynet.be\u200b<\/span><\/li><\/ul><\/li><\/ol>\n\n\n\n<p><span style=\"font-weight: 400;\">En plus de ces bourses, la F\u00e9d\u00e9ration des Bourses Belges du Diamant, \u00e9galement situ\u00e9e \u00e0 Anvers, sert d&rsquo;organe de coordination:<\/span><\/p>\n\n\n\n<ul><li><span style=\"font-weight: 400;\">Address: Pelikaanstraat 62, B-2018 Antwerpen<\/span><\/li><li><span style=\"font-weight: 400;\">Telephone: +32 3 234 07 78<\/span><\/li><li><span style=\"font-weight: 400;\">Email: info@worldfed.com\u200b<\/span><\/li><\/ul>\n\n\n\n<p><span style=\"font-weight: 400;\">L&rsquo;adh\u00e9sion \u00e0 ces bourses indique que le n\u00e9gociant en diamants adh\u00e8re aux normes \u00e9thiques et professionnelles \u00e9tablies par ces organisations.<\/span><\/p>\n\n\n\n<h3 class=\"wp-block-heading\" id=\"11-certifications-and-trust-labels-\"><span style=\"font-weight: 400;\">Certifications and Trust Labels<\/span><\/h3>\n\n\n\n<p>Recherchez des certifications ou des labels de confiance qui attestent de l&rsquo;engagement d&rsquo;un commer\u00e7ant ou d&rsquo;un magasin envers la qualit\u00e9 et les pratiques \u00e9thiques. Par exemple, \u00ab\u00a0<a href=\"https:\/\/visit.antwerpen.be\/en\/antwerps-most-brilliant\" target=\"_blank\" rel=\"noreferrer noopener nofollow\">Antwerp&rsquo;s Most Brilliant<\/a>\u00a0\u00bb est un label d\u00e9cern\u00e9 aux bijoutiers d&rsquo;Anvers qui respectent des normes strictes de qualit\u00e9, de durabilit\u00e9 et d&rsquo;\u00e9thique. Ces labels et certifications peuvent fournir une couche suppl\u00e9mentaire d&rsquo;assurance que vous faites affaire avec un commer\u00e7ant ou un magasin de bonne r\u00e9putation.<\/p>\n\n\n\n<h3 class=\"wp-block-heading\" id=\"12-understanding-sales-terms-and-guarantees-\"><span style=\"font-weight: 400;\">Comprendre les conditions de vente et les garanties<\/span><\/h3>\n\n\n\n<p><span style=\"font-weight: 400;\">Avant d&rsquo;effectuer votre achat de diamants, il est crucial de bien comprendre les conditions de vente et les garanties offertes par le commer\u00e7ant ou la bijouterie. Ces termes peuvent couvrir une vari\u00e9t\u00e9 d&rsquo;\u00e9l\u00e9ments, y compris les politiques de retour, les garanties et l&rsquo;entretien. Assurez-vous que ces termes sont clairs et \u00e9crits pour \u00e9viter tout malentendu potentiel sur toute la ligne. Si un commer\u00e7ant ou un magasin h\u00e9site \u00e0 fournir des conditions claires ou n&rsquo;a pas une bonne politique de garantie, consid\u00e9rez cela comme un signal d&rsquo;alarme.<\/span><\/p>\n\n\n\n<h3 class=\"wp-block-heading\" id=\"13-trusting-your-instinct-through-personal-interactions-\"><span style=\"font-weight: 400;\">Faire confiance \u00e0 votre instinct gr\u00e2ce \u00e0 des interactions personnelles<\/span><\/h3>\n\n\n\n<p><span style=\"font-weight: 400;\">Despite all the research and precautions, an essential part of the diamond-buying process is your personal interaction with the trader or jeweler. Make an effort to meet with several jewelers or traders, ask them to explain their offer, and take note of how they conduct their business. Pay attention to their transparency, their willingness to answer your questions, and their overall demeanor.<\/span><\/p>\n\n\n\n<p>Un commer\u00e7ant digne de confiance vous offrira son aide pour comprendre le prix des diamants. Ils vous montreront leur liste de prix Rapaport et vous expliqueront les travaux de tarification du march\u00e9 et comment <a href=\"https:\/\/ajediam.com\/fr\/investir\/eviter-de-payer-trop-pour-acheter-des-diamants\/\">\u00e9viter de trop payer<\/a>. De m\u00eame, ils prendront le temps de vous expliquer les qualit\u00e9s des diamants et parfois m\u00eame de vous aider \u00e0 vous voir \u00e0 la loupe afin que vous puissiez <a href=\"https:\/\/ajediam.com\/compare-qualities\/\">comparer les diff\u00e9rences de qualit\u00e9<\/a>. Ils vous conseilleront de choisir des diamants avec des rapports de classement appropri\u00e9s d&rsquo;un laboratoire r\u00e9put\u00e9 tel que le <a href=\"https:\/\/www.gia.edu\" target=\"_blank\" rel=\"noreferrer noopener nofollow\">GIA <\/a>et vous expliqueront comment la fluorescence ou une mauvaise coupe influencera le prix des diamants tout autant que ses 4C.<\/p>\n\n\n\n<p><span style=\"font-weight: 400;\">Votre instinct peut souvent vous guider lorsqu&rsquo;il s&rsquo;agit de prendre une d\u00e9cision finale. Si une transaction vous semble trop belle pour \u00eatre vraie, ou si quelque chose dans la transaction ne vous semble pas correct, n&rsquo;h\u00e9sitez pas \u00e0 vous retirer. Il existe de nombreux n\u00e9gociants en diamants et bijoutiers r\u00e9put\u00e9s, il n&rsquo;est donc pas n\u00e9cessaire de se pr\u00e9cipiter pour prendre une d\u00e9cision.<\/span><\/p>\n\n\n\n<p><span style=\"font-weight: 400;\">L&rsquo;achat d&rsquo;un diamant est un investissement important et devrait \u00eatre une exp\u00e9rience agr\u00e9able. En prenant le temps de bien examiner vos options et de faire confiance \u00e0 votre instinct, vous pouvez trouver un diamant que vous ch\u00e9rirez sans aucun regret.<\/span><\/p>\n","protected":false},"excerpt":{"rendered":"<p>Guide complet pour acheter des diamants en toute s\u00e9curit\u00e9 L&rsquo;achat d&rsquo;un diamant est un investissement important, qui doit \u00eatre abord\u00e9 avec une diligence raisonnable et une compr\u00e9hension approfondie des subtilit\u00e9s impliqu\u00e9es. Avec l&rsquo;augmentation des diverses escroqueries dans l&rsquo;industrie du diamant, il est plus important que jamais de vous armer des connaissances n\u00e9cessaires pour prendre une [&hellip;]<\/p>\n","protected":false},"author":5,"featured_media":9565,"parent":9870,"menu_order":0,"comment_status":"closed","ping_status":"closed","template":"jewel-cleaner-page.php","meta":{"ub_ctt_via":"","footnotes":""},"acf":[],"featured_image_src":"https:\/\/ajediam.com\/wp-content\/uploads\/2023\/06\/charlotteTY_surrealistc_dimaond_scammer_trickster_b91ed5ab-c2d3-430a-8717-989bfaa650ff.png","_links":{"self":[{"href":"https:\/\/ajediam.com\/fr\/wp-json\/wp\/v2\/pages\/9885"}],"collection":[{"href":"https:\/\/ajediam.com\/fr\/wp-json\/wp\/v2\/pages"}],"about":[{"href":"https:\/\/ajediam.com\/fr\/wp-json\/wp\/v2\/types\/page"}],"author":[{"embeddable":true,"href":"https:\/\/ajediam.com\/fr\/wp-json\/wp\/v2\/users\/5"}],"replies":[{"embeddable":true,"href":"https:\/\/ajediam.com\/fr\/wp-json\/wp\/v2\/comments?post=9885"}],"version-history":[{"count":2,"href":"https:\/\/ajediam.com\/fr\/wp-json\/wp\/v2\/pages\/9885\/revisions"}],"predecessor-version":[{"id":9890,"href":"https:\/\/ajediam.com\/fr\/wp-json\/wp\/v2\/pages\/9885\/revisions\/9890"}],"up":[{"embeddable":true,"href":"https:\/\/ajediam.com\/fr\/wp-json\/wp\/v2\/pages\/9870"}],"wp:featuredmedia":[{"embeddable":true,"href":"https:\/\/ajediam.com\/fr\/wp-json\/wp\/v2\/media\/9565"}],"wp:attachment":[{"href":"https:\/\/ajediam.com\/fr\/wp-json\/wp\/v2\/media?parent=9885"}],"curies":[{"name":"wp","href":"https:\/\/api.w.org\/{rel}","templated":true}]}}