{"id":9894,"date":"2019-04-15T14:26:49","date_gmt":"2019-04-15T14:26:49","guid":{"rendered":"https:\/\/ajediam.com\/?page_id=9894"},"modified":"2023-06-29T14:35:01","modified_gmt":"2023-06-29T14:35:01","slug":"investissement-partie-3","status":"publish","type":"page","link":"https:\/\/ajediam.com\/fr\/investir\/investissement-partie-3\/","title":{"rendered":"Investir dans les diamants Investissement Partie 3"},"content":{"rendered":"<p><div class='row vc_row '><div class='col-md-12 '><div class='mb-4'><p><\/p>\n<h3>Combien y a-t-il de diamants dans le monde ?<\/h3>\n<h3>Quelle est la raret\u00e9 des diamants par rapport aux autres pierres pr\u00e9cieuses et aux <a href=\"https:\/\/ajediam.com\/fr\/traites-synthetiques\/diamants-fabriques-en-laboratoire\/\">diamants synth\u00e9tiques<\/a> ?<\/h3>\n<h4>Le prix d&rsquo;un diamant naturel, d\u00e9terr\u00e9, est d\u00e9termin\u00e9 par sa raret\u00e9&#8230;<\/h4>\n<p>Bon \u00e0 savoir&#8230; Seul UN pour cent de tous les diamants polis \u00e9chang\u00e9s chaque ann\u00e9e dans le monde p\u00e8sent plus de 0,30 carat !<\/p>\n<p>Seuls environ 375 diamants ronds brillants de 1,00 \u00e0 1,39 carat D IF en taille id\u00e9ale, Triple Excellent &#8211; H&amp;A, sont disponibles par an et seulement environ 70 en qualit\u00e9 Flawless (FL) sont disponibles par an dans le monde.<\/p>\n<p>Les pierres pr\u00e9cieuses, telles que le rubis, l&rsquo;\u00e9meraude et le saphir de haute qualit\u00e9, dans des tailles plus grandes, peuvent atteindre des prix \u00e9lev\u00e9s.<\/p>\n<p>Tim Treadgold, contributeur \u00e0 FORBES <a href=\"https:\/\/www.forbes.com\/sites\/timtreadgold\/2013\/10\/24\/diamonds-could-soon-be-an-investors-best-friend-as-demand-rises-and-supply-falls\/\" target=\"_blank\" rel=\"nofollow noopener\">a \u00e9crit<\/a><br \/>\n<em>Les diamants pourraient bient\u00f4t \u00eatre le meilleur ami d&rsquo;un investisseur alors que la demande de diamants augmente et que l&rsquo;offre diminue<\/em><\/p>\n<p><\/p><\/div><a class='lab-button' href='\/fr\/notre-formulaire-de-demande-rapide\/' target='' title='\/fr\/notre-formulaire-de-demande-rapid'>Consult Buying<\/a><div class='mb-4'><p><\/p>\n<h4>Diagramme sch\u00e9matique repr\u00e9sentant le volume, de l&rsquo;excavation aux diamants polis montrant la quantit\u00e9 de diamants dans le monde<\/h4>\n<p><\/p><\/div><div class='vc-image text-center'><figure><div><img src='https:\/\/ajediam.com\/wp-content\/uploads\/2019\/06\/How-much-diamonds-are-in-the-world.png' alt=''><\/div><\/figure><\/div><div class='vc-image text-center'><figure><div><img src='https:\/\/ajediam.com\/wp-content\/uploads\/2019\/06\/How-much-diamonds-are-in-the-world-2.png' alt=''><\/div><\/figure><\/div><\/div><\/div> <div class='row vc_row '><div class='col-md-12 '><div class='row '><div class='col-md-12 col-inner'><div class='col-inwrap'><div class='mb-4'><p><\/p>\n<h5>Les diamants pourraient \u00eatre le meilleur ami d&rsquo;une fille, mais \u00e0 partir de l&rsquo;ann\u00e9e prochaine, ils pourraient aussi \u00eatre le meilleur ami d&rsquo;un investisseur gr\u00e2ce \u00e0 une baisse mondiale de la production de pierres pr\u00e9cieuses de qualit\u00e9 provenant de mines en Russie et au Canada, et \u00e0 une demande croissante, en particulier en Chine.<\/h5>\n<p><strong>Baisse de la production<\/strong><br \/>\nCe que les analystes de Citigroup ont d\u00e9tect\u00e9, c&rsquo;est un changement dans les perspectives de la demande de diamants, une baisse significative du rythme auquel les kimberlites (la roche h\u00f4te de la plupart des diamants) sont d\u00e9couvertes et l&rsquo;ass\u00e8chement d&rsquo;un stock de diamants autrefois conserv\u00e9 par l&rsquo;industrie. chef, De Beers.<\/p>\n<p>Une politique de marketing modifi\u00e9e par De Beers l&rsquo;a amen\u00e9e \u00e0 se comporter davantage comme une entreprise conventionnelle, mais la vente de ses stocks a r\u00e9duit l&rsquo;effet tampon de sorte que lorsque la prochaine p\u00e9nurie d&rsquo;approvisionnement en diamants extraits se produira, il pourrait y avoir une pression \u00e0 la hausse importante sur les prix.<\/p>\n<p>Dans le monde minier, malgr\u00e9 une recherche mondiale, il y a eu un tr\u00e8s faible taux de d\u00e9couverte de kimberlite<\/p>\n<h5><strong>FAQ<\/strong><\/h5>\n<p>Est-ce un investissement pour tout le monde en raison de la difficult\u00e9 \u00e0 valoriser les pierres individuelles ?<\/p>\n<p>Oui, c&rsquo;est un investissement pour tout le monde&#8230;<\/p>\n<p>Un diamant a-t-il un \u00e9quivalent convenable en termes de valeur?<br \/>\nOui, et voici pourquoi:<\/p>\n<p>1. La qualit\u00e9 d&rsquo;un diamant a \u00e9t\u00e9 pr\u00e9cis\u00e9ment certifi\u00e9e<br \/>\npar l&rsquo;un des trois laboratoires Diamond de renomm\u00e9e mondiale, \u00e9tant<br \/>\nHRD &#8211; Diamond High Council &#8211; Hoge Raad voor Diamant,<br \/>\nGIA &#8211; Gemological Institute of America,<br \/>\nIGI &#8211; International Gemological Institute.<\/p>\n<p>2. Ventes aux prix de gros universels<br \/>\nSur la base de ces descriptions de qualit\u00e9, la valeur d&rsquo;un diamant peut \u00eatre<br \/>\ncalcul\u00e9 par le grossiste Rapaport internationalement reconnu<br \/>\nprix, la norme de l&rsquo;industrie pour toutes les affaires de diamants.<\/p>\n<p>3. Transparence totale avec la garantie de revente \u00e0 vie !<br \/>\nEt voil\u00e0 l&rsquo;innovation, la pi\u00e8ce manquante du puzzle est trouv\u00e9e :<br \/>\nle \u00ab Diamond valuation certificate \u00bb qui d\u00e9termine la valeur en fonction<br \/>\nsur les crit\u00e8res de qualit\u00e9 et les prix Rapaport avec Garantie Revente !<br \/>\nEn effet, le \u00ab Diamond valuation certificate \u00bb est le parfait pendant papier.<\/p>\n<p>L&rsquo;un des principaux manques est le sale back et le march\u00e9 des terminaux*. La plupart des produits de base* ont des march\u00e9s terminaux et une certaine forme de bourse de produits de base, de chambre de compensation et d&rsquo;installations de stockage centrales. Jusqu&rsquo;\u00e0 r\u00e9cemment, cela n&rsquo;existait pas pour les diamants.<br \/>\nMaintenant, nous le faisons\u00a0!La bourse des mati\u00e8res premi\u00e8res pour les diamants existe maintenant\u00a0:<br \/>\nComment et o\u00f9 acheter et vendre avec garantie de revente:<\/p>\n<p>Aupr\u00e8s de l&rsquo;autorit\u00e9 \u00e9mettrice: Ajediam et ses partenaires dans le monde entier<\/p>\n<p>Il existe 28 \u00e9changes de diamants, bourses dans le monde. Les trois plus grands sont situ\u00e9s \u00e0 Anvers<br \/>\nAjediam est membre des bourses du diamant dans le monde.<\/p>\n<p>De nos jours, pratiquement tous les diamants sont \u00e9chang\u00e9s \u00e9lectroniquement sur la base des prix de gros internationaux de Rapaport sur les 28 bourses du diamant dans le monde = revente au comptant garantie!<\/p>\n<p>*Un march\u00e9 terminal est un site central, souvent situ\u00e9 dans une zone m\u00e9tropolitaine, qui sert de lieu de rassemblement et d&rsquo;\u00e9change de marchandises.<br \/>\n*La d\u00e9finition exacte du terme marchandise s&rsquo;applique sp\u00e9cifiquement aux marchandises. Il est utilis\u00e9 pour d\u00e9crire une classe de biens pour lesquels il existe une demande, mais qui<br \/>\nest fourni sans diff\u00e9renciation qualitative sur un march\u00e9.<\/p>\n<p>Vous pouvez gagner un <a href=\"https:\/\/ajediam.com\/fr\/notre-formulaire-de-demande-rapide\/\">gain en capital non explos\u00e9 gr\u00e2ce \u00e0 l&rsquo;investissement<\/a> dans les diamants dans le cadre de l&rsquo;\u00e9conomie en spirale et d\u00e9prim\u00e9e d&rsquo;aujourd&rsquo;hui.<\/p>\n<p>Le param\u00e8tre d&rsquo;investissement des diamants est leur valeur \u00e9lev\u00e9e par unit\u00e9 de poids, ce qui les rend faciles \u00e0 stocker et \u00e0 transporter. Un diamant de haute qualit\u00e9 pesant aussi peu que 2 ou 3 grammes peut valoir jusqu&rsquo;\u00e0 100 kilos d&rsquo;or. Cette valeur et cette portabilit\u00e9 extr\u00eamement condens\u00e9es conf\u00e8rent aux diamants une forme de financement d&rsquo;urgence.<\/p>\n<p>Les personnes et les populations d\u00e9plac\u00e9es par la guerre ou des bouleversements extr\u00eames ont utilis\u00e9 avec succ\u00e8s cet actif portable.<\/p><\/div><\/div><\/div><\/div><div class='vc-image text-center'><figure><div><img src='https:\/\/ajediam.com\/wp-content\/uploads\/2019\/03\/Excavation_Koidu_mining_Sierra_Leone.jpg' alt=''><\/div><\/figure><\/div><div class='mb-4'><p><\/p>\n<h5 style=\"text-align: center;\">Un exemple d&rsquo;excavation dans la mine de diamants de Koidu en Sierra Leone &#8211; Copyright 2017 Koidu Limited<\/h5>\n<p><\/p><\/div><hr class='mb-4' \/><\/div><\/div> <div class='row vc_row '><div class='col-md-12 '><div class='mb-4'><p><\/p>\n<h4>Les diamants comme investissement, investir&#8230;<a href=\"\/investing_diamonds_investment\"> part 1<\/a><\/h4>\n<h4>Manque de ressources, production dans les mines de diamants en d\u00e9clin et la demande de pierres taill\u00e9es ne cesse d&rsquo;augmenter dans le monde&#8230; <a href=\"https:\/\/ajediam.com\/investing-diamonds-investment-part2\">part 2<\/a><\/h4>\n<h4>La valeur des diamants est d\u00e9termin\u00e9e par sa raret\u00e9..<\/h4>\n<h4>Statistiques historiques du graphique de tendance des prix&#8230; <a href=\"https:\/\/ajediam.com\/fr\/prix-des-diamants\/prix-historiques-des-diamants\/\">part 4<\/a><\/h4>\n<p><\/p><\/div><\/div><\/div> <\/p>\n","protected":false},"excerpt":{"rendered":"","protected":false},"author":5,"featured_media":0,"parent":9870,"menu_order":0,"comment_status":"closed","ping_status":"closed","template":"","meta":{"ub_ctt_via":"","footnotes":""},"acf":[],"featured_image_src":null,"_links":{"self":[{"href":"https:\/\/ajediam.com\/fr\/wp-json\/wp\/v2\/pages\/9894"}],"collection":[{"href":"https:\/\/ajediam.com\/fr\/wp-json\/wp\/v2\/pages"}],"about":[{"href":"https:\/\/ajediam.com\/fr\/wp-json\/wp\/v2\/types\/page"}],"author":[{"embeddable":true,"href":"https:\/\/ajediam.com\/fr\/wp-json\/wp\/v2\/users\/5"}],"replies":[{"embeddable":true,"href":"https:\/\/ajediam.com\/fr\/wp-json\/wp\/v2\/comments?post=9894"}],"version-history":[{"count":3,"href":"https:\/\/ajediam.com\/fr\/wp-json\/wp\/v2\/pages\/9894\/revisions"}],"predecessor-version":[{"id":9899,"href":"https:\/\/ajediam.com\/fr\/wp-json\/wp\/v2\/pages\/9894\/revisions\/9899"}],"up":[{"embeddable":true,"href":"https:\/\/ajediam.com\/fr\/wp-json\/wp\/v2\/pages\/9870"}],"wp:attachment":[{"href":"https:\/\/ajediam.com\/fr\/wp-json\/wp\/v2\/media?parent=9894"}],"curies":[{"name":"wp","href":"https:\/\/api.w.org\/{rel}","templated":true}]}}