{"id":9900,"date":"2019-04-15T13:52:45","date_gmt":"2019-04-15T13:52:45","guid":{"rendered":"https:\/\/ajediam.com\/?page_id=9900"},"modified":"2023-06-29T14:51:32","modified_gmt":"2023-06-29T14:51:32","slug":"investissement-partie-2","status":"publish","type":"page","link":"https:\/\/ajediam.com\/fr\/investir\/investissement-partie-2\/","title":{"rendered":"Investir dans les diamants Investissement Partie 2"},"content":{"rendered":"<p><div class='row vc_row '><div class='col-md-12 '><h2 class='section-title'>Attentes d'\u00e9volution des prix des diamants... Manque de ressources, production dans les mines de diamants en d\u00e9clin.<\/h2><div class='mb-4'><p>Plusieurs soci\u00e9t\u00e9s d&rsquo;extraction de diamants signalent de grosses pertes et la demande de pierres taill\u00e9es ne cesse d&rsquo;augmenter dans le monde&#8230;<br \/>\nCela se terminera par une forte hausse des prix des diamants.<\/p>\n<p>En savoir plus sur les signaux de tendance: les rapports de Let\u0161eng Mine&#8230; prix du brut +50 %<br \/>\nNouvelles de Rapaport.. Stornoway Diamond Corporation a annonc\u00e9 une perte de 11,5 millions de dollars.<br \/>\nLa production mini\u00e8re en Angola a chut\u00e9 de 2% en glissement annuel. Rapport\u00e9 par Deena Taylor. RAPPORT&#8230;<br \/>\nLa production de diamants de Rio Tinto a chut\u00e9 de 15 % en glissement annuel.<\/p><\/div><h2 class='section-title'>La demande mondiale de produits polis continue d'augmenter<\/h2><div class='mb-4'><p>La production mondiale de diamants taille premium en D Couleur : Exceptional White + (D) Clart\u00e9 : Loupe Clean (IF)<br \/>\nPoids: de 1 Carat \u00e0 1,39 Carat soit moins de 900 Carats par an.<\/p>\n<p>Cela signifie que, au total, il n&rsquo;y a que 375 pierres entre 1,00 Carat et 1,39 Carat D Loupe Clean disponibles par an pour l&rsquo;ensemble de la production mondiale !<br \/>\nPour produire ces 375 diamants, les soci\u00e9t\u00e9s mini\u00e8res doivent extraire plus de 800 000 000 de tonnes de kimberlite.<br \/>\n(La kimberlite est la roche dans laquelle se trouvent les diamants bruts)<\/p>\n<p>Gareth Penny de De Beers d\u00e9clare en novembre 2008 que, si nous continuons \u00e0 exploiter le diamant \u00e0 ce rythme, nous sommes dans 20 ans sans !<\/p>\n<p>Alrosa, BHP Billiton, De Beers et Rio Tinto sont les principaux acteurs de l&rsquo;industrie mini\u00e8re du diamant.<br \/>\nBHP Billiton et Rio Tinto tentent de vendre leurs mines de diamants faute de profit, ce qui repr\u00e9sente moins de 1 % des b\u00e9n\u00e9fices des mineurs.<br \/>\nAlrosa commence \u00e0 vendre ses parts de mine de diamants pour couvrir son \u00e9norme perte.<br \/>\nDe Beers a d\u00e9j\u00e0 vendu certaines de ses mines de diamants, changeant sa politique de mineurs de diamants en grossistes.<br \/>\nIl est clair que ce manque d&rsquo;efficacit\u00e9 d\u00fb \u00e0 l&rsquo;\u00e9puisement des mines se traduira par une forte augmentation des prix des diamants naturels.<\/p>\n<p>BHP Billiton a quitt\u00e9 l&rsquo;industrie du diamant et Rio Tinto n&rsquo;a pas trouv\u00e9 d&rsquo;acheteur pour son unit\u00e9 diamantaire. M\u00eame une \u00e9ventuelle introduction en bourse de Rio Tinto semble hors de question \u00e0 ce stade, comme Argyle, qui s&rsquo;est transform\u00e9 en un gouffre financier de 2 milliards de dollars.<\/p>\n<div>Les soci\u00e9t\u00e9s d&rsquo;extraction de diamants vont plus loin \u00e0 des co\u00fbts croissants pour extraire leurs diamants. View <a href=\"\/Biggest-largest-diamonds-in-world\">Biggest diamond mine in the world<\/a><\/div>\n<div>Cette situation extr\u00eame entra\u00eenera in\u00e9vitablement des co\u00fbts plus \u00e9lev\u00e9s et influencera le prix futur du diamant. Imaginez que vous cherchez des diamants dans les rochers sur l&rsquo;image ci-dessous&#8230;<\/div>\n<p><\/p><\/div><div class='vc-image text-center'><figure><div><img src='https:\/\/ajediam.com\/wp-content\/uploads\/2019\/04\/diamants_investissement_partie_2__element303.jpg' alt=''><\/div><\/figure><\/div><div class='mb-4'><p><\/p>\n<p style=\"text-align: center;\">Photo de l&rsquo;exploitation mini\u00e8re souterraine \u00e0 la mine Finsch en Afrique du Sud. Cherchez votre diamant dans cet amas de rochers! (Source : Petra Diamonds).<\/p>\n<p><\/p><\/div><\/div><\/div> <div class='row vc_row '><div class='col-md-8 '><h2 class='section-title'>Soyez en avance sur la D\u00e9cennie du Diamant!<\/h2><\/div><div class='col-md-4 '><a class='lab-button' href='\/fr\/notre-formulaire-de-demande-rapide\/' target='' title='\/fr\/notre-formulaire-de-demande-rapid'>Consult Buying Guide<\/a><\/div><\/div> <div class='row vc_row '><div class='col-md-12 '><div class='mb-4'><p>Les perspectives du march\u00e9 du diamant sont tr\u00e8s positives, avec une demande en forte croissance et le manque de nouvelles d\u00e9couvertes limitant l&rsquo;offre !<br \/>\nL&rsquo;\u00e9conomie mondiale conna\u00eetra une croissance massive au cours de la prochaine d\u00e9cennie.<br \/>\nPlus de gens accumuleront plus de richesses que jamais dans l&rsquo;histoire de l&rsquo;humanit\u00e9.<br \/>\nDes millions de nouveaux consommateurs des classes moyenne et sup\u00e9rieure cr\u00e9eront une demande sans pr\u00e9c\u00e9dent de diamants et de bijoux en diamants.<br \/>\nMais la quantit\u00e9 de diamants naturels est limit\u00e9e et les diamants de qualit\u00e9 naturelle sont tr\u00e8s rares.<br \/>\nLes prix vont monter \u00e0 des hauteurs inattendues.<br \/>\nL&rsquo;avenir \u00e0 long terme est brillant<br \/>\nExemple\u00a0: Le nombre de m\u00e9nages de la classe moyenne en Inde et en Chine devrait passer d&rsquo;environ 216\u00a0millions cette ann\u00e9e \u00e0 469\u00a0millions. Environ 160\u00a0milliards de dollars am\u00e9ricains devraient \u00eatre d\u00e9pens\u00e9s en joaillerie en 2014.<\/p>\n<p>L&rsquo;allocation d&rsquo;actifs est largement d\u00e9termin\u00e9e par le retour sur investissement<br \/>\nLes prix des diamants bruts ont continu\u00e9 d&rsquo;augmenter, de m\u00eame que les diamants polis.<\/p>\n<h3>L&rsquo;actualit\u00e9 des bijoux Christie&rsquo;s NY<\/h3>\n<p>Les bijoux Christie&rsquo;s NY se vendent 52,5 millions de dollars (90 % par lot), la bague Bulgari avec 10,95 ct, fantaisie bleu vif, VS2 et un diamant triangulaire G, VS1 de 9,87 ct se vend 15,8 millions de dollars (1,4 million de dollars\/ct).<\/p>\n<h3>Comparaison &#8230;.<\/h3>\n<h3>Le diamant est meilleur que tout investissement dans des actions, des titres, des plans d&rsquo;assurance-vie, des options, des produits d\u00e9riv\u00e9s, des int\u00e9r\u00eats sur des comptes d&rsquo;\u00e9pargne, des actions, des obligations, de l&rsquo;or, de l&rsquo;argent, du platine, des mines, des mati\u00e8res premi\u00e8res ou de l&rsquo;immobilier.<\/h3>\n<p>Les diamants sont mille fois plus rares que l&rsquo;or. L&rsquo;or est difficile \u00e0 manier. Il est \u00e9galement utilis\u00e9 comme actif sp\u00e9culatif, sa valeur est donc volatile. Les diamants sont stables.<\/p>\n<p>Le march\u00e9 du diamant est plus strictement r\u00e9glement\u00e9.<\/p>\n<p>Vous ne pouvez \u00e9changer que les diamants que vous poss\u00e9dez.<\/p>\n<p>Cela \u00e9limine la sp\u00e9culation du march\u00e9 &#8211; \u00e0 l&rsquo;exception de la croissance naturelle de la valeur qui suit le d\u00e9s\u00e9quilibre entre l&rsquo;offre et la demande.<\/p>\n<p>Le haut degr\u00e9 de raret\u00e9 d&rsquo;un diamant fait sa valeur.<\/p>\n<p>De plus le diamant a une grande valeur pour son poids tr\u00e8s faible, il est facile \u00e0 transporter.<\/p>\n<p>Maintenant que la Banque centrale europ\u00e9enne a fait tourner les presses \u00e0 imprimer pour renflouer les banques, il y a un \u00ab\u00a0changeur de jeu\u00a0\u00bb que l&rsquo;Europe apporte dans une position similaire \u00e0 celle des \u00c9tats-Unis et de la Grande-Bretagne\u00a0: une mon\u00e9tisation de la crise de la dette.<\/p>\n<h3>Soyez en avance sur n&rsquo;importe quelle situation<\/h3>\n<p>Portez des diamants dans des bijoux en diamants, faciles \u00e0 \u00e9changer au cas o\u00f9 l&rsquo;on aurait besoin d&rsquo;argent.<br \/>\nPortez vos diamants en bijoux, totalement l\u00e9gaux, vers n&rsquo;importe quelle destination.<br \/>\nFacile \u00e0 g\u00e9rer dans le monde entier, si vous avez besoin d&rsquo;argent.<br \/>\nNous sommes toujours pr\u00eats \u00e0 vous servir dans n&rsquo;importe quelle situation et dans n&rsquo;importe quel pays.<\/p><\/div><\/div><\/div> <div class='row vc_row '><div class='col-md-2 '><\/div><div class='col-md-8 '><div style='height: 32px;'><\/div><div class='vc-image '><figure><div><img src='https:\/\/ajediam.com\/wp-content\/uploads\/2019\/03\/Ajediam_footer_Buy_now_13_03_2015.jpg' alt=''><\/div><\/figure><\/div><\/div><div class='col-md-2 '><\/div><\/div> <div class='row vc_row '><div class='col-md-12 '><div class='mb-4'><p><\/p>\n<h4>Les diamants comme investissement, investir dans&#8230;<a href=\"\/investing_diamonds_investment\"> part 1<\/a><\/h4>\n<h4>Manque de ressources, production dans les mines de diamants en d\u00e9clin et la demande de pierres taill\u00e9es ne cesse d&rsquo;augmenter dans le monde&#8230;<\/h4>\n<h4>La valeur des diamants est d\u00e9termin\u00e9e par sa raret\u00e9&#8230; <a href=\"https:\/\/ajediam.com\/fr\/investir\/investissement-partie-3\/\">part 3<\/a><\/h4>\n<h4>Statistiques historiques du graphique de tendance des prix&#8230; <a href=\"https:\/\/ajediam.com\/fr\/prix-des-diamants\/prix-historiques-des-diamants\/\">part 4<\/a><\/h4>\n<p><\/p><\/div><\/div><\/div> <\/p>\n","protected":false},"excerpt":{"rendered":"","protected":false},"author":5,"featured_media":0,"parent":9870,"menu_order":0,"comment_status":"closed","ping_status":"closed","template":"","meta":{"ub_ctt_via":"","footnotes":""},"acf":[],"featured_image_src":null,"_links":{"self":[{"href":"https:\/\/ajediam.com\/fr\/wp-json\/wp\/v2\/pages\/9900"}],"collection":[{"href":"https:\/\/ajediam.com\/fr\/wp-json\/wp\/v2\/pages"}],"about":[{"href":"https:\/\/ajediam.com\/fr\/wp-json\/wp\/v2\/types\/page"}],"author":[{"embeddable":true,"href":"https:\/\/ajediam.com\/fr\/wp-json\/wp\/v2\/users\/5"}],"replies":[{"embeddable":true,"href":"https:\/\/ajediam.com\/fr\/wp-json\/wp\/v2\/comments?post=9900"}],"version-history":[{"count":1,"href":"https:\/\/ajediam.com\/fr\/wp-json\/wp\/v2\/pages\/9900\/revisions"}],"predecessor-version":[{"id":9901,"href":"https:\/\/ajediam.com\/fr\/wp-json\/wp\/v2\/pages\/9900\/revisions\/9901"}],"up":[{"embeddable":true,"href":"https:\/\/ajediam.com\/fr\/wp-json\/wp\/v2\/pages\/9870"}],"wp:attachment":[{"href":"https:\/\/ajediam.com\/fr\/wp-json\/wp\/v2\/media?parent=9900"}],"curies":[{"name":"wp","href":"https:\/\/api.w.org\/{rel}","templated":true}]}}