{"id":9908,"date":"2019-04-04T09:08:09","date_gmt":"2019-04-04T09:08:09","guid":{"rendered":"https:\/\/ajediam.com\/?page_id=9908"},"modified":"2023-06-29T16:53:00","modified_gmt":"2023-06-29T16:53:00","slug":"testeur-de-diamant","status":"publish","type":"page","link":"https:\/\/ajediam.com\/fr\/identification\/testeur-de-diamant\/","title":{"rendered":"Testeur de diamant"},"content":{"rendered":"<p><div class='row vc_row '><div class='col-md-12 '><h2 class='section-title'>Quelle est la fiabilit\u00e9 des testeurs de diamants ? D\u00e9couvrez et diff\u00e9renciez les diamants des rev\u00eatements, HPHT, simulants, moissanite, CZ, zircons, cultiv\u00e9s en laboratoire, synth\u00e9tiques. Testeurs de diamants pour les diamants polis et bruts, bruts et non taill\u00e9s : quelle est leur fiabilit\u00e9 ?<\/h2><div class='mb-4'><p>Les testeurs diamant conventionnels\/traditionnels sont-ils fiables ? Comment savoir et comment \u00e9viter les tests de faux diamants<br \/>\n<a href=\"\/fake-or-real-diamonds-test-detect-difference\">Fake or real diamonds: detect online<\/a><\/p><\/div><div class='row '><div class='col-md-10 col-inner'><div class='col-inwrap'><div class='mb-4'><p><strong>Testeurs de diamants: quelle est leur fiabilit\u00e9 ?<\/strong><br \/>\nVous avez besoin de plusieurs testeurs de diamants, d&rsquo;instruments \u00e9lectroniques (co\u00fbt !) et vous devez savoir les utiliser. Les testeurs conventionnels diff\u00e9rencient sur la conductivit\u00e9 thermique et sur la r\u00e9flectivit\u00e9 num\u00e9rique mais\u2026 rien n&rsquo;est toujours infaillible pour un non professionnel\u00a0! En achetant un diamant, la plupart du temps, vous ne transportez pas de testeurs de diamants.<\/p>\n<p><strong>Testeurs de diamants conventionnels, instruments \u00e9lectroniques, expliqu\u00e9s<\/strong> &#8211; Testeur de diamants sp\u00e9cial HP HT . Vouliez-vous dire D\u00e9tecter les faux ou les vrais diamants, tester en ligne Les testeurs de diamants conventionnels feront la diff\u00e9rence entre les diamants et la plupart des simulants en fonction de la conductivit\u00e9 thermique.<\/p>\n<p>C&rsquo;est la capacit\u00e9 d&rsquo;une substance \u00e0 conduire la chaleur. Les diamants conduisent tr\u00e8s bien la chaleur, contrairement \u00e0 la plupart des simulants.<\/p><\/div><\/div><\/div><div class='col-md-2 col-inner'><div class='col-inwrap'><div class='vc-image text-center'><figure><div><img src='https:\/\/ajediam.com\/wp-content\/uploads\/2019\/03\/Triple_Excellent_Hearts___Arrows_brilliant_diamond-150x150.jpg' alt=''><\/div><\/figure><\/div><\/div><\/div><\/div><div class='row '><div class='col-md-12 col-inner'><div class='col-inwrap'><div class='mb-4'><p><\/p>\n<p>Les testeurs de diamants conventionnels feront la diff\u00e9rence entre les diamants et la plupart des simulants en fonction de la conductivit\u00e9 thermique. C&rsquo;est la capacit\u00e9 d&rsquo;une substance \u00e0 conduire la chaleur. Les diamants conduisent tr\u00e8s bien la chaleur, contrairement \u00e0 la plupart des simulants.<\/p>\n<p>Remarque : la moissanite est \u00e9galement un bon conducteur de chaleur.<br \/>\nUne pierre qui teste comme un diamant sur un testeur de diamant conventionnel peut \u00e9galement \u00eatre trouv\u00e9e comme \u00e9tant de la moissanite.<\/p>\n<p>Un testeur de diamant conventionnel aura une pointe m\u00e9tallique qui devient chaude et mesure la quantit\u00e9 de perte de chaleur de la pointe lorsqu&rsquo;elle est appliqu\u00e9e \u00e0 une autre substance.<br \/>\nLorsque la m\u00eame pointe est appliqu\u00e9e sur un diamant, le diamant prend la chaleur de la pointe et le testeur appara\u00eetra alors comme un diamant.<\/p>\n<p>Certains simulants, comme le saphir blanc, peuvent \u00e9galement conduire la chaleur mais pas aussi bien qu&rsquo;un diamant.<\/p>\n<p>Un testeur de diamants doit pouvoir distinguer ces petits conducteurs des vrais diamants. La plupart des testeurs de diamants n&rsquo;enregistreront pas de diamants pour de tels articles.<\/p>\n<p>Un probl\u00e8me lors du test des diamants peut survenir si la pointe du testeur de diamants touche accidentellement une broche m\u00e9tallique.<\/p>\n<p>Si l&rsquo;objet est un bon conducteur de chaleur et d&rsquo;\u00e9lectricit\u00e9, alors le m\u00e9tal a \u00e9t\u00e9 touch\u00e9. (Remarque\u00a0: la moissanite conduira \u00e9galement l&rsquo;\u00e9lectricit\u00e9, mais pas aussi bien qu&rsquo;un diamant et l&rsquo;indicateur de m\u00e9tal ne devrait pas fonctionner si la pierre est de la moissanite.)<\/p>\n<p>Une m\u00e9thode permettant de distinguer les diamants de la moissanite doit \u00eatre utilis\u00e9e. Il existe plusieurs m\u00e9thodes diff\u00e9rentes disponibles maintenant, il est donc n\u00e9cessaire de tester une pierre \u00e0 plusieurs endroits \u00e0 l&rsquo;aide d&rsquo;un testeur de moissanite.<\/p>\n<p>Un testeur de diamant conventionnel doit toujours \u00eatre utilis\u00e9 en premier. Cela montrera sans aucun doute? que la pierre est soit un simulant soit<br \/>\ndiamant\/moissanite. Une fois qu&rsquo;il est prouv\u00e9 qu&rsquo;une pierre est un simulant r\u00e9gulier, il n&rsquo;y a aucune raison de la tester davantage sur un testeur de moissanite.<\/p>\n<p>Un testeur de conductivit\u00e9 \u00e9lectrique, tel que le MT2 Moissanite Terminator, indiquera la moissanite et serait id\u00e9alement utilis\u00e9 apr\u00e8s qu&rsquo;un testeur de diamant thermique ait \u00e9limin\u00e9 d&rsquo;autres simulants.<\/p>\n<p><\/p><\/div><\/div><\/div><\/div><div class='row '><div class='col-md-12 col-inner'><div class='col-inwrap'><div class='mb-4'><p><strong>Comment tester les diamants bruts non taill\u00e9s<\/strong>: Les faux diamants bruts sont g\u00e9n\u00e9ralement recouverts de poudre de diamant sur du verre.<br \/>\nUn testeur de diamant vous montrera qu&rsquo;il s&rsquo;agit d&rsquo;un diamant brut!<br \/>\nComment tester de faux bruts, bruts non taill\u00e9s \u00e0 partir de vrais diamants: Coupez ou polissez une partie de la surface du brut pour \u00e9liminer la surface rev\u00eatue.<\/p>\n<p>Ensuite, testez avec le testeur de diamant sur la partie taill\u00e9e ou polie du diamant.<\/p>\n<p>Testeurs de diamants\/or abordables, instruments \u00e9lectroniques, pour le gemmologue, le bijoutier, l&rsquo;\u00e9valuateur et les lapidaires\u00a0:http:\/\/www.gemworld.com\/DiamondTesters.asp &#8211; http:\/\/www.swissaxe.be\/products\/testers\/gold_tester.html<\/p>\n<p><strong>Detect, tests sur diamants HPHT et Synth\u00e9tiques:<\/strong><\/p>\n<p>D-Screen, une analyse pratique. Il identifie les diamants naturels \u00e0 partir de synth\u00e9tiques ou \/ et de couleur am\u00e9lior\u00e9e au moyen de HPHT &#8211;<br \/>\nd\u00e9velopp\u00e9 par HRD &#8211; Diamond High Council \u00e0 Antwerp World Diamond Center.<\/p>\n<p>Le traitement HPHT doit \u00eatre indiqu\u00e9 sur le certificat et inscrit au laser sur la ceinture du diamant (provenant de laboratoires fiables)<br \/>\nRead more about <a href=\"\/hp-ht-treatment-diamonds\">HP HT processed \/ treated<\/a> diamonds<\/p>\n<p>Testez les diamants par gravit\u00e9 sp\u00e9cifique, densit\u00e9, duret\u00e9, poids + r\u00e9fraction des pierres pr\u00e9cieuses, min\u00e9raux<\/p>\n<p>Faux ou vrais diamants: d\u00e9tectez la diff\u00e9rence, <a href=\"\/fake-or-real-diamonds-test-detect-difference\"><strong>test online<\/strong><\/a><\/p><\/div><\/div><\/div><\/div><\/div><\/div> <div class='row vc_row '><div class='col-md-3 '><\/div><div class='col-md-3 '><div style='height: 32px;'><\/div><a class='lab-button' href='http:\/\/ajediam.com\/engagement-rings' target='' title='url:http:\/\/ajediam.com\/engagement-rings|'>SHOP NOW<\/a><\/div><div class='col-md-3 '><div style='height: 32px;'><\/div><a class='lab-button' href='\/fr\/notre-formulaire-de-demande-rapide\/' target='' title='\/fr\/notre-formulaire-de-demande-rapid'>CONSULT BUYING GUIDE<\/a><\/div><div class='col-md-3 '><\/div><\/div> <div class='row vc_row '><div class='col-md-2 '><\/div><div class='col-md-8 '><div style='height: 32px;'><\/div><div class='vc-image '><figure><a href='\/fr\/notre-formulaire-de-demande-rapide\/' class='d-block'><img src='https:\/\/ajediam.com\/wp-content\/uploads\/2019\/03\/Ajediam_footer_Buy_now_13_03_2015.jpg' alt=''><\/a><\/figure><\/div><\/div><div class='col-md-2 '><\/div><\/div> <\/p>\n","protected":false},"excerpt":{"rendered":"","protected":false},"author":5,"featured_media":0,"parent":9850,"menu_order":0,"comment_status":"closed","ping_status":"closed","template":"","meta":{"ub_ctt_via":"","footnotes":""},"acf":[],"featured_image_src":null,"_links":{"self":[{"href":"https:\/\/ajediam.com\/fr\/wp-json\/wp\/v2\/pages\/9908"}],"collection":[{"href":"https:\/\/ajediam.com\/fr\/wp-json\/wp\/v2\/pages"}],"about":[{"href":"https:\/\/ajediam.com\/fr\/wp-json\/wp\/v2\/types\/page"}],"author":[{"embeddable":true,"href":"https:\/\/ajediam.com\/fr\/wp-json\/wp\/v2\/users\/5"}],"replies":[{"embeddable":true,"href":"https:\/\/ajediam.com\/fr\/wp-json\/wp\/v2\/comments?post=9908"}],"version-history":[{"count":1,"href":"https:\/\/ajediam.com\/fr\/wp-json\/wp\/v2\/pages\/9908\/revisions"}],"predecessor-version":[{"id":9909,"href":"https:\/\/ajediam.com\/fr\/wp-json\/wp\/v2\/pages\/9908\/revisions\/9909"}],"up":[{"embeddable":true,"href":"https:\/\/ajediam.com\/fr\/wp-json\/wp\/v2\/pages\/9850"}],"wp:attachment":[{"href":"https:\/\/ajediam.com\/fr\/wp-json\/wp\/v2\/media?parent=9908"}],"curies":[{"name":"wp","href":"https:\/\/api.w.org\/{rel}","templated":true}]}}