{"id":9911,"date":"2019-04-08T07:42:09","date_gmt":"2019-04-08T07:42:09","guid":{"rendered":"https:\/\/ajediam.com\/?page_id=9911"},"modified":"2023-06-29T20:19:53","modified_gmt":"2023-06-29T20:19:53","slug":"diamants-certifies","status":"publish","type":"page","link":"https:\/\/ajediam.com\/fr\/identification\/diamants-certifies\/","title":{"rendered":"Diamants Certifi\u00e9s"},"content":{"rendered":"<p><div class='row vc_row '><div class='col-md-12 '><div class='mb-4'><p>Quel type de certification pour vos diamants ? Quelles sont les garanties ?<\/p>\n<p><strong>1.<\/strong> <a href=\"https:\/\/ajediam.com\/fr\/identification\/rapports-analyse-diamant-gia\/\"><strong>Diamants de qualit\u00e9 internationale certifi\u00e9s<\/strong><\/a><strong> par les laboratoires International Diamond : GIA, HRD et IGI<\/strong><\/p>\n<p><strong>2. <a href=\"https:\/\/ajediam.com\/diamond-trading\/kimberley-process-certificate\/\">Le syst\u00e8me de certification du processus de Kimberley (KPCS)<\/a> (uniquement requis pour l&rsquo;importation de diamants bruts)<\/strong><\/p>\n<p>Le processus par lequel l&rsquo;origine du diamant pourrait \u00eatre certifi\u00e9e. En mai 2000, les pays producteurs de diamants d&rsquo;Afrique australe se sont r\u00e9unis \u00e0 Kimberley, en Afrique du Sud, pour planifier une m\u00e9thode permettant d&rsquo;arr\u00eater le commerce des <a href=\"https:\/\/ajediam.com\/history\/blood-diamonds\/\">diamants de la guerre<\/a> et d&rsquo;assurer aux acheteurs de diamants que leurs diamants n&rsquo;ont pas contribu\u00e9 \u00e0 la violence.<\/p>\n<p>Le 19 juillet 2000, le Congr\u00e8s mondial du diamant a adopt\u00e9 \u00e0 Anvers une r\u00e9solution visant \u00e0 renforcer la capacit\u00e9 de l&rsquo;industrie du diamant \u00e0 bloquer les ventes de diamants de la guerre. La r\u00e9solution appelait \u00e0 un syst\u00e8me international de certification sur l&rsquo;exportation et l&rsquo;importation de diamants, \u00e0 une l\u00e9gislation dans tous les pays pour n&rsquo;accepter que les emballages de diamants officiellement scell\u00e9s, pour que les pays imposent des poursuites p\u00e9nales \u00e0 quiconque trafique des diamants de la guerre, et a institu\u00e9 une interdiction de toute personne trouv\u00e9e le commerce des diamants de la guerre aupr\u00e8s des bourses du diamant de la F\u00e9d\u00e9ration mondiale des bourses du diamant.<\/p>\n<p>Les 17 et 18 janvier 2001, des personnalit\u00e9s de l&rsquo;industrie du diamant se sont r\u00e9unies et ont form\u00e9 la nouvelle organisation, le World Diamond Council. Ce nouvel organisme a entrepris de r\u00e9diger un nouveau processus, par lequel tous les diamants bruts pourraient \u00eatre certifi\u00e9s comme provenant d&rsquo;une source non conflictuelle.<\/p>\n<p>Le KPCS a \u00e9t\u00e9 approuv\u00e9 par l&rsquo;ONU le 13 mars 2002 et en novembre, apr\u00e8s deux ans de n\u00e9gociations entre les gouvernements, les producteurs de diamants et les organisations non gouvernementales, le syst\u00e8me de certification du processus de Kimberley (KPCS) a \u00e9t\u00e9 cr\u00e9\u00e9. <a href=\"https:\/\/en.wikipedia.org\/wiki\/Blood_diamond\" target=\"_blank\" rel=\"noopener\">En savoir plus sur<\/a><\/p><\/div><\/div><\/div> <div class='row vc_row '><div class='col-md-3 '><\/div><div class='col-md-3 '><div style='height: 32px;'><\/div><a class=\"lab-button\" href=\"http:\/\/ajediam.com\/engagement-rings\" target=\"\" title=\"url:http:\/\/ajediam.com\/engagement-rings|\">SHOP NOW<\/a><\/div><div class='col-md-3 '><div style='height: 32px;'><\/div><a class='lab-button' href='\/fr\/notre-formulaire-de-demande-rapide\/' target='' title='\/fr\/notre-formulaire-de-demande-rapid'>CONSULT BUYING GUIDE<\/a><\/div><div class='col-md-3 '><\/div><\/div> <div class='row vc_row '><div class='col-md-2 '><\/div><div class='col-md-8 '><div style='height: 32px;'><\/div><div class='vc-image '><figure><div><img src='https:\/\/ajediam.com\/wp-content\/uploads\/2019\/03\/Ajediam_footer_Buy_now_13_03_2015.jpg' alt=''><\/div><\/figure><\/div><\/div><div class='col-md-2 '><\/div><\/div> <\/p>\n","protected":false},"excerpt":{"rendered":"","protected":false},"author":5,"featured_media":0,"parent":9850,"menu_order":0,"comment_status":"closed","ping_status":"closed","template":"","meta":{"ub_ctt_via":"","footnotes":""},"acf":[],"featured_image_src":null,"_links":{"self":[{"href":"https:\/\/ajediam.com\/fr\/wp-json\/wp\/v2\/pages\/9911"}],"collection":[{"href":"https:\/\/ajediam.com\/fr\/wp-json\/wp\/v2\/pages"}],"about":[{"href":"https:\/\/ajediam.com\/fr\/wp-json\/wp\/v2\/types\/page"}],"author":[{"embeddable":true,"href":"https:\/\/ajediam.com\/fr\/wp-json\/wp\/v2\/users\/5"}],"replies":[{"embeddable":true,"href":"https:\/\/ajediam.com\/fr\/wp-json\/wp\/v2\/comments?post=9911"}],"version-history":[{"count":3,"href":"https:\/\/ajediam.com\/fr\/wp-json\/wp\/v2\/pages\/9911\/revisions"}],"predecessor-version":[{"id":9914,"href":"https:\/\/ajediam.com\/fr\/wp-json\/wp\/v2\/pages\/9911\/revisions\/9914"}],"up":[{"embeddable":true,"href":"https:\/\/ajediam.com\/fr\/wp-json\/wp\/v2\/pages\/9850"}],"wp:attachment":[{"href":"https:\/\/ajediam.com\/fr\/wp-json\/wp\/v2\/media?parent=9911"}],"curies":[{"name":"wp","href":"https:\/\/api.w.org\/{rel}","templated":true}]}}