{"id":9915,"date":"2019-05-03T06:28:01","date_gmt":"2019-05-03T06:28:01","guid":{"rendered":"https:\/\/ajediam.com\/?page_id=9915"},"modified":"2023-06-29T20:26:46","modified_gmt":"2023-06-29T20:26:46","slug":"diamants-graves-au-laser","status":"publish","type":"page","link":"https:\/\/ajediam.com\/fr\/identification\/diamants-graves-au-laser\/","title":{"rendered":"Diamants grav\u00e9s au laser"},"content":{"rendered":"<p><div class='row vc_row '><div class='col-md-12 '><h2 class='section-title'>Inscription laser sur diamants<\/h2><p>Inscription au laser de la ceinture s\u00e9curis\u00e9e des diamants enregistr\u00e9s. L&rsquo;inscription grav\u00e9e au laser de la gaine sur les diamants prot\u00e8ge, pr\u00e9vient, interrupteur, vol, disparition, perte, vol. Ajediam livre tous les diamants en vrac avec un certificat de diamant international scell\u00e9<\/p><div class='mb-4'><p>Inscription grav\u00e9e au laser sur ceinture, nominative &#8211; image<\/p><\/div><\/div><\/div> <div class='row vc_row vc_custom_1552886396531'><div class='col-md-12 '><div class='row '><div class='col-md-8 col-inner'><div class='col-inwrap'><div class='mb-4'><p><\/p>\n<h4>Ceinture laser enregistr\u00e9e, diamant s\u00e9curis\u00e9:<\/h4>\n<p>L&rsquo;inscription grav\u00e9e au laser sur les diamants emp\u00eache l&rsquo;interrupteur, le vol, la disparition, la perte, le vol.<br \/>\nAjediam livre maintenant avec un <a href=\"https:\/\/ajediam.com\/fr\/identification\/rapports-analyse-diamant-gia\/\">certificat international de diamant<\/a><\/p>\n<p>L&rsquo;inscription au laser n&rsquo;est pas visible \u00e0 l&rsquo;\u0153il nu, uniquement avec une loupe grossissante d&rsquo;au moins 15 x.<br \/>\nCela n&rsquo;affecte pas l&rsquo;apparence physique ou la valeur des diamants.<\/p>\n<p>Il sera \u00e9galement utile de trouver o\u00f9 se trouvent actuellement les diamants, en particulier grav\u00e9s au laser. Si un diamant est \u00e9chang\u00e9, vol\u00e9 ou perdu, Ajediam se coordonne avec les forces de l&rsquo;ordre pour suivre un diamant enregistr\u00e9 avant que les donn\u00e9es ne soient compromises.<\/p>\n<p>Ce que nous partageons\u00a0:<br \/>\nUniquement les sp\u00e9cifications de votre diamant, diamants et bijoux en diamant avec images ? si fourni.<br \/>\nLes diamants grav\u00e9s au laser emp\u00eachent le vol et facilitent le tra\u00e7age et la r\u00e9cup\u00e9ration des diamants perdus et vol\u00e9s.<\/p>\n<p>Choose your <a href=\"\/loose-diamonds\">diamond<\/a><\/p><\/div><\/div><\/div><div class='col-md-4 col-inner'><div class='col-inwrap'><div class='mb-4'><p><\/p>\n<p style=\"text-align: center;\">Ceinture diamant s\u00e9curis\u00e9 au laser &#8211; image<\/p>\n<p><\/p><\/div><div class='vc-image text-center'><figure><div><img src='https:\/\/ajediam.com\/wp-content\/uploads\/2019\/03\/laser_inscription_HRD.jpg' alt=''><\/div><\/figure><\/div><\/div><\/div><\/div><\/div><\/div> <style>.vc_custom_1552886396531 { border-top-width: 3px !important;border-right-width: 3px !important;border-bottom-width: 3px !important;border-left-width: 3px !important;border-left-color: #e2ebf0 !important;border-left-style: solid !important;border-right-color: #e2ebf0 !important;border-right-style: solid !important;border-top-color: #e2ebf0 !important;border-top-style: solid !important;border-bottom-color: #e2ebf0 !important;border-bottom-style: solid !important;} }<\/style><div class='row vc_row '><div class='col-md-3 '><\/div><div class='col-md-3 '><div style='height: 32px;'><\/div><a class='lab-button' href='https:\/\/www.ajediam.com\/engagement_rings.html' target='' title='url:https:\/\/www.ajediam.com\/engagement_rings.html|'>SHOP NOW<\/a><\/div><div class='col-md-3 '><div style='height: 32px;'><\/div><a class='lab-button' href='\/fr\/notre-formulaire-de-demande-rapide\/' target='' title='\/fr\/notre-formulaire-de-demande-rapid'>CONSULT BUYING GUIDE<\/a><\/div><div class='col-md-3 '><\/div><\/div> <div class='row vc_row '><div class='col-md-2 '><\/div><div class='col-md-8 '><div style='height: 32px;'><\/div><div class='vc-image '><figure><div><img src='https:\/\/ajediam.com\/wp-content\/uploads\/2019\/03\/Ajediam_footer_Buy_now_13_03_2015.jpg' alt=''><\/div><\/figure><\/div><\/div><div class='col-md-2 '><\/div><\/div> <\/p>\n","protected":false},"excerpt":{"rendered":"","protected":false},"author":5,"featured_media":0,"parent":9850,"menu_order":0,"comment_status":"closed","ping_status":"closed","template":"","meta":{"ub_ctt_via":"","footnotes":""},"acf":[],"featured_image_src":null,"_links":{"self":[{"href":"https:\/\/ajediam.com\/fr\/wp-json\/wp\/v2\/pages\/9915"}],"collection":[{"href":"https:\/\/ajediam.com\/fr\/wp-json\/wp\/v2\/pages"}],"about":[{"href":"https:\/\/ajediam.com\/fr\/wp-json\/wp\/v2\/types\/page"}],"author":[{"embeddable":true,"href":"https:\/\/ajediam.com\/fr\/wp-json\/wp\/v2\/users\/5"}],"replies":[{"embeddable":true,"href":"https:\/\/ajediam.com\/fr\/wp-json\/wp\/v2\/comments?post=9915"}],"version-history":[{"count":1,"href":"https:\/\/ajediam.com\/fr\/wp-json\/wp\/v2\/pages\/9915\/revisions"}],"predecessor-version":[{"id":9916,"href":"https:\/\/ajediam.com\/fr\/wp-json\/wp\/v2\/pages\/9915\/revisions\/9916"}],"up":[{"embeddable":true,"href":"https:\/\/ajediam.com\/fr\/wp-json\/wp\/v2\/pages\/9850"}],"wp:attachment":[{"href":"https:\/\/ajediam.com\/fr\/wp-json\/wp\/v2\/media?parent=9915"}],"curies":[{"name":"wp","href":"https:\/\/api.w.org\/{rel}","templated":true}]}}