{"id":9920,"date":"2019-04-17T11:13:43","date_gmt":"2019-04-17T11:13:43","guid":{"rendered":"https:\/\/ajediam.com\/?page_id=9920"},"modified":"2023-06-29T22:30:15","modified_gmt":"2023-06-29T22:30:15","slug":"le-test-de-faux-ou-de-vrais-diamants-detecte-la-difference","status":"publish","type":"page","link":"https:\/\/ajediam.com\/fr\/identification\/le-test-de-faux-ou-de-vrais-diamants-detecte-la-difference\/","title":{"rendered":"Le test de faux ou de vrais diamants d\u00e9tecte la diff\u00e9rence"},"content":{"rendered":"<p><div class='row vc_row '><div class='col-md-12 '><div class='mb-4'><p><\/p>\n<h4>Comment d\u00e9tecter les faux de vrais diamants en ligne ?\u200b<br \/>\nIdentifiez-vous maintenant en ligne ici! Identifiez les diamants r\u00e9els, naturels et non trait\u00e9s \u00e0 partir de faux, simulants, moissanite, contrefa\u00e7on, CZ, zircons, cultiv\u00e9s, synth\u00e9tiques, artificiels, trait\u00e9s, doublets, cristal, verre et tous les sales tours.<\/h4>\n<p>Reconna\u00eetre l&rsquo;imitation, la r\u00e9plique, rep\u00e9rer les faux. \u00c9vitez la fraude dans le taill\u00e9 et le brut.<\/p>\n<p><\/p><\/div><\/div><\/div> <div class='row vc_row '><div class='col-md-12 '><div class='mb-4'><p><strong>Premi\u00e8re r\u00e8gle pour ne pas se faire arnaquer:<\/strong> N&rsquo;achetez JAMAIS un diamant serti dans une bague ou un bijou!<\/p><\/div><div class='row '><div class='col-md-6 col-inner'><div class='col-inwrap'><div class='mb-4'><p><\/p>\n<p><em>Pourquoi? Vous ne pouvez PLUS contr\u00f4ler\u00a0:<\/em><\/p>\n<p><em>&#8211; faux ou vrais diamants<\/em><\/p>\n<p><em>&#8211; le poids,<\/em><\/p>\n<p><em>&#8211; la qualit\u00e9 de Coupe,<\/em><\/p>\n<p><em>&#8211; la qualit\u00e9 des Proportions,<\/em><\/p>\n<p><em>&#8211; la qualit\u00e9 de Sym\u00e9trie,<\/em><\/p>\n<p>&#8211; Motif coeurs et fl\u00e8ches,<\/p><\/div><\/div><\/div><div class='col-md-6 col-inner'><div class='col-inwrap'><div class='mb-4'><p><\/p>\n<p><em>&#8211; Epaisseur de ceinture,<\/em><\/p>\n<p><em>&#8211; la couleur exacte,<\/em><\/p>\n<p><em>&#8211; la clart\u00e9 exacte,<\/em><\/p>\n<p><em>&#8211; Fluorescence,<\/em><\/p>\n<p><em>&#8211; Certificat : peut \u00eatre \u00e9chang\u00e9 ou faux,<\/em><\/p>\n<p><em>&#8211; L&rsquo;inscription au laser sur le rondiste du diamant est la plus importante pour garantir le diamant.<\/em><\/p><\/div><\/div><\/div><\/div><div class='mb-4'><p><\/p>\n<p style=\"text-align: center;\">Qui peut garantir que la pierre est la m\u00eame que sur un certificat moyen (commut\u00e9) qui est joint\u00a0?<\/p>\n<p style=\"text-align: center;\"><em>Pour \u00eatre s\u00fbr, le diamant doit \u00eatre sorti du bijou pour \u00eatre certifi\u00e9 l\u00e2che par GIA, HRD ou IGI.<br \/>\nAucun autre laboratoire n&rsquo;est digne de confiance\u00a0!<br \/>\n<\/em><\/p>\n<p><\/p><\/div><div class='row '><div class='col-md-12 col-inner'><div class='col-inwrap'><div class='mb-4'><p><strong>Vendre des contrefa\u00e7ons, des imitations de diamants est frauduleux et ill\u00e9gal !<\/strong><br \/>\nNous vous recommandons d&rsquo;effectuer plusieurs tests faciles, gratuitement, sans testeur de diamant traditionnel, pour d\u00e9tecter la diff\u00e9rence entre les faux et les vrais diamants bruts polis. Lors de l&rsquo;achat d&rsquo;un diamant, la plupart des gens n&rsquo;ont pas de testeurs de diamants.<\/p>\n<p>D\u00e9couvrez comment vous prot\u00e9ger:<\/p><\/div><\/div><\/div><\/div><div class='row '><div class='col-md-9 col-inner'><div class='col-inwrap'><div class='mb-4'><p><\/p>\n<div align=\"left\"><strong>Doublette:<\/strong><\/div>\n<div align=\"left\"><\/div>\n<div align=\"left\">La fine surface de la table est uniquement en diamant. Le reste est simulant ! Vous le voyez \u00e0 la loupe.<\/div>\n<p><\/p><\/div><\/div><\/div><div class='col-md-3 col-inner'><div class='col-inwrap'><div class='vc-image '><figure><div><img src='https:\/\/ajediam.com\/wp-content\/uploads\/2019\/03\/Doublette_Only_table_is_diamond_Rest_is_Simulant.jpg' alt=''><\/div><\/figure><\/div><\/div><\/div><\/div><div class='mb-4'><p><strong>Lester:<\/strong><br \/>\nChaque pierre min\u00e9rale et synth\u00e9tique a un poids sp\u00e9cifique. Les diamants polis \/ bruts aussi\u00a0! Ne confondez pas taille et poids !<br \/>\nConna\u00eetre le poids sp\u00e9cifique des diamants polis et bruts, non taill\u00e9s. Ils sont distincts des simulants, moissanite, CZ, zircons, pierres de culture, synth\u00e9tiques et autres fausses pierres de vrais diamants. <a href=\"https:\/\/ajediam.com\/fr\/identification\/gravite-specifique-densite-durete-poids-pierres-precieuses-mineraux\/\">Voir la densit\u00e9 sp\u00e9cifique<\/a><\/p>\n<p>Exemple\u00a0: Un zircon CZ p\u00e8se environ 1,31\u00a0carats, soit environ 55\u00a0% de plus qu&rsquo;un diamant de m\u00eame taille.<br \/>\nUne Moissanite de 6,5 mm (taille d&rsquo;un carat) rond brillant, p\u00e8se environ 0,87 carats.<br \/>\nComparez la pierre \u00e0 un vrai diamant : utilisez une \u00e9chelle en carats ou en grammes.<\/p><\/div><div class='row '><div class='col-md-9 col-inner'><div class='col-inwrap'><div class='mb-4'><p><\/p>\n<div align=\"left\">\n<p><strong>Ar\u00eates vives ou irr\u00e9guli\u00e8res sur les facettes<\/strong><br \/>\nqui fait la diff\u00e9rence entre les faux et les vrais diamants.<\/p>\n<p>Les bords abras\u00e9s sur les facettes signifient faux\u00a0! Facile \u00e0 d\u00e9tecter. Visible grossi \u00e0 la loupe x 10, sans aucun autre instrument.<\/p>\n<\/div>\n<p><\/p><\/div><\/div><\/div><div class='col-md-3 col-inner'><div class='col-inwrap'><div class='vc-image '><figure><div><img src='https:\/\/ajediam.com\/wp-content\/uploads\/2019\/03\/Abraded_facets_of_fake_diamonds.jpg' alt=''><\/div><\/figure><\/div><\/div><\/div><\/div><div class='row '><div class='col-md-9 col-inner'><div class='col-inwrap'><div class='mb-4'><p><\/p>\n<div align=\"left\">\n<p><em><strong>Transparence:<\/strong><\/em><br \/>\n<em>Tracez une ligne sur une feuille de papier. Placez la pierre \u00e0 l&rsquo;envers sur la ligne. Si la pierre montre la ligne \u00e0 travers le diamant, c&rsquo;est un faux. Sachez qu&rsquo;il est trop difficile de reconna\u00eetre la ligne aux petits diamants !<\/em><\/p>\n<p><em>Si le diamant est mont\u00e9, placez-le \u00e0 l&rsquo;envers sur une feuille de papier. Si vous pouvez lire l&#8217;empreinte ou m\u00eame voir des taches, alors ce n&rsquo;est probablement pas un diamant. Vous ne devriez pas pouvoir voir le bas en regardant directement du haut. Les diamants ont un indice de r\u00e9fraction \u00e9lev\u00e9.<\/em><\/p>\n<\/div>\n<p><\/p><\/div><\/div><\/div><div class='col-md-3 col-inner'><div class='col-inwrap'><div class='vc-image '><figure><div><img src='https:\/\/ajediam.com\/wp-content\/uploads\/2019\/03\/Cognac_fancy_diamonds.jpg' alt=''><\/div><\/figure><\/div><\/div><\/div><\/div><div class='row '><div class='col-md-9 col-inner'><div class='col-inwrap'><div class='mb-4'><p><\/p>\n<div align=\"left\">\n<p><em><strong>Duret\u00e9:<\/strong><\/em><em><br \/>\n<\/em><\/p>\n<p>Si la pierre pr\u00e9sente des lignes de facettes abras\u00e9es, agrandies de 10, ce n&rsquo;est pas un diamant.<\/p>\n<p>Prenez un morceau de papier de verre la pierre. Si la pierre est endommag\u00e9e, c&rsquo;est un faux ! \u00ab\u00a0Scratch tests\u00a0\u00bb sur verre, m\u00e9tal, pierres.<br \/>\nLes diamants coupent et rayent tout. Le faux ne le sera pas. les diamants sont le mat\u00e9riau le plus dur qui existe !<\/p>\n<p>Les faux diamants bruts non taill\u00e9s sont g\u00e9n\u00e9ralement des cristaux recouverts de poudre de diamant par la nanotechnologie.<br \/>\nLes faux rugueux et polis seront dispers\u00e9s par du papier de verre ou sur une molette de coupe. Ils sont \u00e9galement facilement identifiables dans un laboratoire diamantaire par des professionnels.<\/p>\n<\/div>\n<p><\/p><\/div><\/div><\/div><div class='col-md-3 col-inner'><div class='col-inwrap'><div class='vc-image '><figure><div><img src='https:\/\/ajediam.com\/wp-content\/uploads\/2019\/03\/hardness.jpg' alt=''><\/div><\/figure><\/div><\/div><\/div><\/div><div class='row '><div class='col-md-9 col-inner'><div class='col-inwrap'><div class='mb-4'><p><\/p>\n<div align=\"left\">\n<p><em><strong>Clart\u00e9 et inclusions:<\/strong><\/em><br \/>\n<em><a href=\"\/diamond-clarity\">Les inclusions dans les diamants <\/a>aident \u00e0 d\u00e9terminer qu&rsquo;il s&rsquo;agit d&rsquo;un vrai diamant. Les d\u00e9fauts internes et externes sont une empreinte digitale,<br \/>\ndeux diamants n&rsquo;ont pas exactement les m\u00eames caract\u00e9ristiques.<\/em><br \/>\n<em><strong>Diamants remplis de fracture avec du silicone\u00a0!<br \/>\n<\/strong>Un diamant peut \u00eatre perc\u00e9 au laser pour \u00e9liminer les points noirs, les inclusions, hors de votre diamant et rempli de silicone. Le nom professionnel est \u00ab\u00a0fractor filled\u00a0\u00bb. Apr\u00e8s un certain temps, le silicone s&rsquo;en va et les trous perc\u00e9s au laser dans votre diamant se rempliront maintenant de poussi\u00e8re et de points noirs.<br \/>\n<\/em><\/p>\n<\/div>\n<p><\/p><\/div><\/div><\/div><div class='col-md-3 col-inner'><div class='col-inwrap'><div class='vc-image '><figure><div><img src='https:\/\/ajediam.com\/wp-content\/uploads\/2019\/03\/I1_Clarity_a.jpg' alt=''><\/div><\/figure><\/div><\/div><\/div><\/div><div class='row '><div class='col-md-9 col-inner'><div class='col-inwrap'><div class='mb-4'><p><\/p>\n<div align=\"left\">\n<p><strong>Prix:<\/strong><br \/>\nDiamants bon march\u00e9\u00a0:<br \/>\n50% de r\u00e9duction sur le prix d&rsquo;un diamant \u00e7a n&rsquo;existe pas !<br \/>\nSi le prix comparatif semble trop beau pour \u00eatre vrai, c&rsquo;est probablement le cas !<\/p>\n<p>Vous pouvez trouver des remises \u00e9normes principalement par des vendeurs frauduleux sur Internet, des ventes aux ench\u00e8res, des magasins et des magasins.<\/p>\n<\/div>\n<p><\/p><\/div><\/div><\/div><div class='col-md-3 col-inner'><div class='col-inwrap'><div class='mb-4'><p><b>discount 50%<\/b><\/p><\/div><div class='vc-image '><figure><div><img src='https:\/\/ajediam.com\/wp-content\/uploads\/2019\/03\/diamon_prices.jpg' alt=''><\/div><\/figure><\/div><\/div><\/div><\/div><div class='mb-4'><p><strong>Le certificat de diamant est un original mais le diamant est \u00e9chang\u00e9, ne correspondant pas au certificat authentique.<\/strong><\/p><\/div><div class='row '><div class='col-md-9 col-inner'><div class='col-inwrap'><div class='mb-4'><p><\/p>\n<div align=\"left\">\n<p><em>HRD, Diamond High Council, GIA et IGI du Centre mondial du diamant d&rsquo;Anvers,<\/em><br \/>\n<em>d\u00e9livrent toujours des certificats authentiques dans un \u00e9tui s\u00e9curis\u00e9 transparent ou grav\u00e9 au laser sur la gaine.<\/em><br \/>\n<em>GIA livre les diamants en vrac dans un colis papier.<\/em><br \/>\n<em>Contr\u00f4lez l&rsquo;inscription au laser!<\/em><\/p>\n<\/div>\n<p><\/p><\/div><\/div><\/div><div class='col-md-3 col-inner'><div class='col-inwrap'><div class='vc-image '><figure><div><img src='https:\/\/ajediam.com\/wp-content\/uploads\/2019\/03\/HRD_diamond_certificate_3.56_cm.-300x213.jpg' alt=''><\/div><\/figure><\/div><\/div><\/div><\/div><div class='row '><div class='col-md-9 col-inner'><div class='col-inwrap'><div class='mb-4'><p><\/p>\n<div align=\"left\">\n<p><strong>Comment d\u00e9tecter les faux certificats : V\u00e9rifiez si le certificat de diamant est l&rsquo;original.<\/strong><\/p>\n<p>HRD Antwerp-Diamond Lab, GIA et IGI ont un nouveau certificat de diamant qui comporte des<br \/>\ndes mesures de s\u00e9curit\u00e9, une qualit\u00e9 de coupe raffin\u00e9e et peut \u00eatre r\u00e9cup\u00e9r\u00e9e et t\u00e9l\u00e9charg\u00e9e en ligne.<\/p>\n<p>Rapports HRD, GIA et IGI et certificats de couleur de diamant d\u00e9livr\u00e9s \u00e0 partir de janvier 2005, consultables en ligne,<br \/>\n24 heures sur 24, sept jours sur sept.<\/p>\n<p>Soyez conscient des certificats d\u00e9routants d\u00e9livr\u00e9s par des gemmologues et des magasins professionnels ind\u00e9pendants du GIA.<\/p>\n<\/div>\n<p><\/p><\/div><\/div><\/div><div class='col-md-3 col-inner'><div class='col-inwrap'><div class='vc-image '><figure><div><img src='https:\/\/ajediam.com\/wp-content\/uploads\/2019\/03\/fake_diamond_certificates.gif' alt=''><\/div><\/figure><\/div><\/div><\/div><\/div><div class='row '><div class='col-md-9 col-inner'><div class='col-inwrap'><div class='mb-4'><p><\/p>\n<div align=\"left\">\n<p><em><strong>S\u00e9curiser les diamants scell\u00e9s ou\/et l&rsquo;inscription au laser sur le rondiste pour \u00e9viter l&rsquo;\u00e9change de diamant:<\/strong><\/em><br \/>\nHRD, GIA et IGI scellent le diamant certifi\u00e9 dans un bo\u00eetier s\u00e9curis\u00e9 transparent pour \u00e9viter les diamants \u00e9chang\u00e9s\u00a0!.<br \/>\nLorsque le sceau est bris\u00e9, le texte \u00ab\u00a0sceau bris\u00e9\u00a0\u00bb sera visible au dos de la coque s\u00e9curis\u00e9e\u00a0!<br \/>\nCela ne signifie pas que le diamant est un faux mais que vous n&rsquo;avez aucune garantie quant \u00e0 la<br \/>\nqualit\u00e9 du diamant ou \u00e9ventuellement un faux dans l&rsquo;\u00e9crin s\u00e9curis\u00e9 cass\u00e9. Voir l&rsquo;image du sceau bris\u00e9<\/p>\n<\/div>\n<p><\/p><\/div><\/div><\/div><div class='col-md-3 col-inner'><div class='col-inwrap'><div class='vc-image '><figure><div><img src='https:\/\/ajediam.com\/wp-content\/uploads\/2019\/03\/open_seal_secured_case_diamond_certificate_3-5cm.jpg' alt=''><\/div><\/figure><\/div><div class='mb-4'><p>Open Seal Shown<\/p><\/div><\/div><\/div><\/div><div class='row '><div class='col-md-9 col-inner'><div class='col-inwrap'><div class='mb-4'><p><\/p>\n<div align=\"left\">\n<p><strong>Diamants grav\u00e9s au laser<\/strong><br \/>\nDiamants grav\u00e9s au laser indiquant le nom du Diamond Laboratorie<br \/>\ntels que HRD, IGI, GIA et le num\u00e9ro du certificat est le plus s\u00fbr!<\/p>\n<\/div>\n<p><\/p><\/div><\/div><\/div><div class='col-md-3 col-inner'><div class='col-inwrap'><div class='vc-image '><figure><div><img src='https:\/\/ajediam.com\/wp-content\/uploads\/2019\/03\/laser_inscription_HRD.jpg' alt=''><\/div><\/figure><\/div><div class='mb-4'><p>Open Seal Shown<\/p><\/div><\/div><\/div><\/div><div class='mb-4'><p><strong>Diamants trait\u00e9s HPHT:<\/strong><br \/>\nVous pouvez acheter un diamant trait\u00e9 HPHT pour am\u00e9liorer sa couleur et sa clart\u00e9 au prix correct.<br \/>\nVous ne pouvez savoir si un diamant est trait\u00e9 HP HT que par l&rsquo;inscription sur le certificat de diamant<br \/>\nde HRD, GIA et IGI et laser inscrit sur la ceinture. &#8211; 60\u00a0% de r\u00e9duction\u00a0!<\/p><\/div><div class='row '><div class='col-md-9 col-inner'><div class='col-inwrap'><div class='mb-4'><p><\/p>\n<div align=\"left\">\n<p><a href=\"https:\/\/ajediam.com\/fr\/traites-synthetiques\/diamants-fabriques-en-laboratoire\/\"><em><strong>R\u00e9plique artificielle, synth\u00e9tique, cultiv\u00e9e en laboratoire de pierres pr\u00e9cieuses:<\/strong><\/em><\/a><br \/>\n<em>Ils ne sont pas comparables aux diamants naturels non trait\u00e9s. Savoir! Lisez les certificats de laboratoire de pierres pr\u00e9cieuses, sous les commentaires. Il sera indiqu\u00e9 comme Synth\u00e9tique, Gem Lab cultiv\u00e9. Valeur 70% sur le prix des diamants naturels et vous ne pourrez JAMAIS revendre. Vous feriez mieux de partager votre argent et d&rsquo;acheter un zircon \u00e0 10 US$ !<\/em><\/p>\n<\/div>\n<p><\/p><\/div><\/div><\/div><div class='col-md-3 col-inner'><div class='col-inwrap'><div class='vc-image '><figure><div><img src='https:\/\/ajediam.com\/wp-content\/uploads\/2019\/03\/hthp_processing_part_1-3x4cm.jpg' alt=''><\/div><\/figure><\/div><\/div><\/div><\/div><div class='row '><div class='col-md-9 col-inner'><div class='col-inwrap'><div class='mb-4'><p><\/p>\n<div align=\"left\">\n<p><strong>Confiance:<\/strong><br \/>\n<strong>N&rsquo;achetez jamais en noir pour \u00e9viter les taxes! Demandez une garantie Rachat:<\/strong><br \/>\nDemandez une v\u00e9ritable garantie \u00e9crite sur facture officielle uniquement !<br \/>\nN&rsquo;achetez jamais en noir pour \u00e9viter les taxes!<\/p>\n<\/div>\n<p><\/p><\/div><\/div><\/div><div class='col-md-3 col-inner'><div class='col-inwrap'><div class='vc-image '><figure><div><img src='https:\/\/ajediam.com\/wp-content\/uploads\/2019\/03\/Ajediam_Jubileum_over_30_years_of_excellence___.jpg' alt=''><\/div><\/figure><\/div><\/div><\/div><\/div><div class='mb-4'><p><strong>Avis important!<\/strong><br \/>\nLes \u00e9trangers et les diamantaires non professionnels sont pri\u00e9s d&rsquo;\u00eatre sages et de r\u00e9sister \u00e0 la tentation d&rsquo;acheter un diamant brut.<br \/>\nIl faut de nombreuses ann\u00e9es d&rsquo;exp\u00e9rience pour \u00e9valuer la pierre. Et un \u00e9quipement Sarin co\u00fbteux pour estimer le rendement du brut. Trop d&rsquo;acheteurs ignorants ont achet\u00e9 de beaux morceaux de verre !<\/p>\n<p><a href=\"https:\/\/ajediam.com\/fr\/identification\/testeur-de-diamant\/\"><strong>Testeurs de diamants<\/strong><\/a>: quelle est leur fiabilit\u00e9 ?<br \/>\nLisez tout sur les instruments de test \u00e9lectronique pour les diamants polis + bruts \/ non taill\u00e9s et l&rsquo;or expliqu\u00e9s et test\u00e9s.<\/p>\n<p>Quelques conseils g\u00e9n\u00e9raux :<br \/>\nComme toute grande ville diamantaire, New York, Londres, Duba\u00ef, Sidney et Anvers ont aussi leur \u00ab pi\u00e8ge \u00e0 touristes \u00bb et leurs bijouteries de masse, \u00e9galement ouvertes le week-end.<br \/>\nEn savoir plus ici\u00a0:<br \/>\nLes d\u00e9taillants de la 47e rue touch\u00e9s par des poursuites par Rob Bates | 2 ao\u00fbt 2016<br \/>\nAu cours des derniers mois, les bijoutiers du New York Diamond District ont \u00e9t\u00e9 accus\u00e9s de ne pas divulguer les traitements et de vendre de faux rapports de classement.<\/p>\n<p>J&rsquo;ai vu beaucoup plus de tels cas par les d\u00e9taillants en ligne. Je peux produire beaucoup de tels cas avec preuve. Je ne pense pas qu&rsquo;aucun de mes clients ayant achet\u00e9 aupr\u00e8s de d\u00e9taillants en ligne n&rsquo;ait jamais vu d&rsquo;argent en retour. etienne@etienneperret.com<\/p>\n<p>\u00c9vitez d&rsquo;acheter dans les rues autour de la gare centrale, Appelmansstraat, Vestingstraat, Keyserlei et Pelikaanstraat; vous feriez donc mieux de vous assurer de ne visiter que les diamantaires officiels enregistr\u00e9s \u00e0 la Bourse du diamant d&rsquo;Anvers (bourse), en cas de doute, demandez leur num\u00e9ro d&rsquo;inscription.<\/p>\n<p>Pour que les gens intelligents pensent qu&rsquo;ils peuvent acheter moins cher dans la rue dans les \u00ab\u00a0magasins de pi\u00e8ges \u00e0 touristes\u00a0\u00bb<\/p><\/div><div class='mb-4'><p><strong>Avertissement sur la mauvaise exp\u00e9rience d&rsquo;achat!<\/strong><br \/>\nUn japonais qui voulait acheter un diamant brillant de couleur D de 1,00 ct, loupe propre.<br \/>\nNous avons refus\u00e9 sa visite car il voulait acheter ce diamant de premi\u00e8re qualit\u00e9 \u00e0 un prix irr\u00e9aliste !<\/p>\n<p>Lisez cette mauvaise exp\u00e9rience de magasinage non censur\u00e9e de ce touriste japonais ind\u00e9chiffrable qui savait tout mieux que les professionnels\u00a0:<\/p>\n<p><em>Cher,<\/em><br \/>\n<em>J&rsquo;ai visit\u00e9 votre ville en mai dernier et j&rsquo;ai achet\u00e9 un diamant dans un magasin.<\/em><br \/>\n<em>Le nom de la boutique \u00e9tait \u00ab\u00a0Royalty Jewellery &amp; Diamond\u00a0\u00bb et se trouvait juste en face de la gare centrale.<\/em><\/p>\n<p><em>Le prix \u00e9tait de 500 EUR mais le magasin a coup\u00e9 la carte VISA au prix de 5 000 EUR !<\/em><br \/>\n<em>Le magasin m&rsquo;a tromp\u00e9. Escroquer!<\/em><\/p>\n<p><em>Apr\u00e8s cela, le diamant a \u00e9t\u00e9 r\u00e9v\u00e9l\u00e9 comme un faux.<\/em><br \/>\n<em>J&rsquo;ai demand\u00e9 \u00e0 examiner la pierre au laboratoire d&rsquo;essai de mon entreprise,<\/em><br \/>\n<em>La &lsquo;soci\u00e9t\u00e9 VISA&rsquo; ne m&rsquo;aidait plus alors que l&rsquo;acte \u00e9tait exact.<\/em><\/p>\n<p><em>Je suppose que tous les magasins de diamants font comme \u00e7a dans toute la ville avec la soci\u00e9t\u00e9 VISA, donc je vais ouvrir \u00e7a dans &lsquo;Twitter&rsquo; et &lsquo;Facebook&rsquo; \u00e0 partir de maintenant encore et encore et je vais faire appel cela avec persistance.<\/em><\/p>\n<p><em>\u00cates-vous d&rsquo;accord pour vous? \u00ab\u00a0Tous les magasins de diamants vendent g\u00e9n\u00e9ralement des faux diamants&#8230;<\/em><br \/>\n<em>N&rsquo;achetez pas un diamant dans les magasins. Le diamant est un faux&rsquo;<\/em><\/p>\n<p><em>Je crois que ma note affectera la mauvaise r\u00e9putation de votre ville.<\/em><br \/>\n<em>Le magasin s&rsquo;appelait &lsquo;Royalty Jewellery &amp; Diamond&rsquo; et se trouvait juste en face de la gare centrale d&rsquo;Anvers.<\/em><\/p>\n<p><em>Bien que je les contacte depuis longtemps, ils ne me r\u00e9pondent pas encore.<\/em><br \/>\n<em>J&rsquo;ai signal\u00e9 un rapport \u00e0 votre poste de police via le poste de tourisme gouvernemental, mais le poste de police m&rsquo;a demand\u00e9 de me rendre \u00e0 nouveau au bureau par moi-m\u00eame. Je n&rsquo;ai pas d&rsquo;argent pour visiter \u00e0 nouveau votre ville \u00e0 l&rsquo;heure actuelle. Je viens de vous demander que de tels mauvais comportements se fassent habituellement dans votre ville ?<\/em><\/p>\n<p><em>Comment pouvons-nous v\u00e9rifier un diamant si un vrai ou non \u00e0 la boutique ?<\/em><\/p>\n<p><em>Veuillez discuter de ce fait avec le comit\u00e9 des diamantaires de votre ville.<\/em><br \/>\n<em>L&rsquo;adresse cc est l&rsquo;adresse e-mail ouverte de la boutique, mais je n&rsquo;ai pas encore re\u00e7u de r\u00e9ponse de leur part via cette adresse. Les informations de leur site Web \u00e9taient \u00e9galement fausses&#8230;. Seul le num\u00e9ro de t\u00e9l\u00e9phone est exact \u00e0 l&rsquo;heure actuelle. +32(0)3-203 00 44 Les tr\u00e8s mauvais clarks iront au t\u00e9l\u00e9phone. Tsuneo Maruyama, Japon E-mail : t-maruya@mx2.nisiq.net<\/em><\/p><\/div><\/div><\/div> <div class='row vc_row '><div class='col-md-3 '><\/div><div class='col-md-3 '><div style='height: 32px;'><\/div><a class='lab-button' href='http:\/\/ajediam.com\/engagement-rings' target='' title='url:http:\/\/ajediam.com\/engagement-rings|'>SHOP NOW<\/a><\/div><div class='col-md-3 '><div style='height: 32px;'><\/div><a class='lab-button' href='\/fr\/notre-formulaire-de-demande-rapide\/' target='' title='\/fr\/notre-formulaire-de-demande-rapid'>CONSULT BUYING GUIDE<\/a><\/div><div class='col-md-3 '><\/div><\/div> <div class='row vc_row '><div class='col-md-2 '><\/div><div class='col-md-8 '><div style='height: 32px;'><\/div><div class='vc-image '><figure><a href='\/fr\/notre-formulaire-de-demande-rapide\/' class='d-block'><img src='https:\/\/ajediam.com\/wp-content\/uploads\/2019\/03\/Ajediam_footer_Buy_now_13_03_2015.jpg' alt=''><\/a><\/figure><\/div><\/div><div class='col-md-2 '><\/div><\/div> <\/p>\n","protected":false},"excerpt":{"rendered":"","protected":false},"author":5,"featured_media":0,"parent":9850,"menu_order":0,"comment_status":"closed","ping_status":"closed","template":"","meta":{"ub_ctt_via":"","footnotes":""},"acf":[],"featured_image_src":null,"_links":{"self":[{"href":"https:\/\/ajediam.com\/fr\/wp-json\/wp\/v2\/pages\/9920"}],"collection":[{"href":"https:\/\/ajediam.com\/fr\/wp-json\/wp\/v2\/pages"}],"about":[{"href":"https:\/\/ajediam.com\/fr\/wp-json\/wp\/v2\/types\/page"}],"author":[{"embeddable":true,"href":"https:\/\/ajediam.com\/fr\/wp-json\/wp\/v2\/users\/5"}],"replies":[{"embeddable":true,"href":"https:\/\/ajediam.com\/fr\/wp-json\/wp\/v2\/comments?post=9920"}],"version-history":[{"count":2,"href":"https:\/\/ajediam.com\/fr\/wp-json\/wp\/v2\/pages\/9920\/revisions"}],"predecessor-version":[{"id":9923,"href":"https:\/\/ajediam.com\/fr\/wp-json\/wp\/v2\/pages\/9920\/revisions\/9923"}],"up":[{"embeddable":true,"href":"https:\/\/ajediam.com\/fr\/wp-json\/wp\/v2\/pages\/9850"}],"wp:attachment":[{"href":"https:\/\/ajediam.com\/fr\/wp-json\/wp\/v2\/media?parent=9920"}],"curies":[{"name":"wp","href":"https:\/\/api.w.org\/{rel}","templated":true}]}}