{"id":9927,"date":"2023-05-03T15:48:03","date_gmt":"2023-05-03T15:48:03","guid":{"rendered":"https:\/\/ajediam.com\/?page_id=9927"},"modified":"2023-06-30T12:05:08","modified_gmt":"2023-06-30T12:05:08","slug":"comparer-les-qualites","status":"publish","type":"page","link":"https:\/\/ajediam.com\/fr\/comparer-les-qualites\/","title":{"rendered":"Comparer les Qualit\u00e9s"},"content":{"rendered":"\n<p class=\"tt1\">Apprenez \u00e0 comparer les diamants et faites le meilleur choix pour vous.<\/p>\n\n\n\n<p class=\"tt2\">Ma\u00eetrisez l&rsquo;art de la comparaison des diamants gr\u00e2ce \u00e0 nos conseils d&rsquo;experts, con\u00e7us pour vous aider \u00e0 faire le meilleur choix en fonction de vos besoins et pr\u00e9f\u00e9rences uniques. Comprenez les nuances du classement des diamants, l&rsquo;importance des 4 C et d&rsquo;autres facteurs qui ont un impact sur la beaut\u00e9 et la valeur d&rsquo;un diamant. Apprenez \u00e0 \u00e9valuer et \u00e0 comparer les diamants en fonction de leurs caract\u00e9ristiques individuelles, vous permettant de prendre des d\u00e9cisions \u00e9clair\u00e9es et de s\u00e9lectionner le diamant parfait pour vos besoins.<\/p>\n","protected":false},"excerpt":{"rendered":"<p>Apprenez \u00e0 comparer les diamants et faites le meilleur choix pour vous. Ma\u00eetrisez l&rsquo;art de la comparaison des diamants gr\u00e2ce \u00e0 nos conseils d&rsquo;experts, con\u00e7us pour vous aider \u00e0 faire le meilleur choix en fonction de vos besoins et pr\u00e9f\u00e9rences uniques. Comprenez les nuances du classement des diamants, l&rsquo;importance des 4 C et d&rsquo;autres facteurs [&hellip;]<\/p>\n","protected":false},"author":5,"featured_media":0,"parent":0,"menu_order":0,"comment_status":"closed","ping_status":"closed","template":"childpage-page.php","meta":{"ub_ctt_via":"","footnotes":""},"acf":[],"featured_image_src":null,"_links":{"self":[{"href":"https:\/\/ajediam.com\/fr\/wp-json\/wp\/v2\/pages\/9927"}],"collection":[{"href":"https:\/\/ajediam.com\/fr\/wp-json\/wp\/v2\/pages"}],"about":[{"href":"https:\/\/ajediam.com\/fr\/wp-json\/wp\/v2\/types\/page"}],"author":[{"embeddable":true,"href":"https:\/\/ajediam.com\/fr\/wp-json\/wp\/v2\/users\/5"}],"replies":[{"embeddable":true,"href":"https:\/\/ajediam.com\/fr\/wp-json\/wp\/v2\/comments?post=9927"}],"version-history":[{"count":1,"href":"https:\/\/ajediam.com\/fr\/wp-json\/wp\/v2\/pages\/9927\/revisions"}],"predecessor-version":[{"id":9928,"href":"https:\/\/ajediam.com\/fr\/wp-json\/wp\/v2\/pages\/9927\/revisions\/9928"}],"wp:attachment":[{"href":"https:\/\/ajediam.com\/fr\/wp-json\/wp\/v2\/media?parent=9927"}],"curies":[{"name":"wp","href":"https:\/\/api.w.org\/{rel}","templated":true}]}}