{"id":9929,"date":"2019-04-25T06:45:26","date_gmt":"2019-04-25T06:45:26","guid":{"rendered":"https:\/\/ajediam.com\/?page_id=9929"},"modified":"2023-06-30T12:19:38","modified_gmt":"2023-06-30T12:19:38","slug":"diamants-blancs-bleus-fluorescents","status":"publish","type":"page","link":"https:\/\/ajediam.com\/fr\/comparer-les-qualites\/diamants-blancs-bleus-fluorescents\/","title":{"rendered":"Diamants blancs bleus fluorescents"},"content":{"rendered":"<p><div class='row vc_row '><div class='col-md-12 '><div class='mb-4'><p><strong>Qu&rsquo;est-ce que la fluorescence bonne et mauvaise et quelle est leur influence sur la couleur et la clart\u00e9?<\/strong><br \/>\nQu&rsquo;est-ce que les diamants laiteux?<br \/>\nComment le GIA classe-t-il la fluorescence et les diamants laiteux?<br \/>\nQu&rsquo;est-ce que les myst\u00e9rieux diamants bleu-blanc. Explication du nom de marque enregistr\u00e9e ici.<\/p><\/div><h2 class='section-title'>Comment reconna\u00eetre facilement un vrai diamant naturel extrait ? La r\u00e9ponse est simple : seuls les diamants naturels peuvent \u00eatre fluorescents bleu-blanc !<\/h2><\/div><\/div> <div class='row vc_row '><div class='col-md-8 '><div class='mb-4'><p>Comment reconna\u00eetre facilement un diamant synth\u00e9tique bon march\u00e9 d&rsquo;un vrai diamant naturel extrait ? Seuls les diamants naturels peuvent \u00eatre fluorescents bleu-blanc ! seuls les diamants bruts et taill\u00e9s naturels extraits peuvent \u00eatre fluorescents ! C&rsquo;est la meilleure et la plus simple garantie pour \u00eatre s\u00fbr que vos diamants sont naturels.<\/p><\/div><\/div><div class='col-md-4 '><div class='vc-image '><figure><div><img src='https:\/\/ajediam.com\/wp-content\/uploads\/2019\/03\/Blue_White_Diamond_4-300x184.jpg' alt=''><\/div><\/figure><\/div><\/div><\/div> <div class='row vc_row '><div class='col-md-12 '><div class='mb-4'><p>Il existe une fluorescence bonne et mauvaise ! Connaissez l&rsquo;influence sur la qualit\u00e9 : couleur et clart\u00e9 \/ laiteux ! Le GIA classe la fluorescence et le laiteux par intensit\u00e9.<\/p>\n<p>Les myst\u00e9rieux diamants bleu-blanc, explication du nom de marque enregistr\u00e9e. Explication simple de la fluorescence:<\/p>\n<p>La diff\u00e9rence d&rsquo;\u00e9nergie entre la lumi\u00e8re absorb\u00e9e et la lumi\u00e8re \u00e9mise s&rsquo;appelle la fluorescence.<\/p>\n<p>Si la lumi\u00e8re absorb\u00e9e est \u00e9gale \u00e0 la lumi\u00e8re \u00e9mise, il n&rsquo;y a pas de fluorescence. Sur les certificats, cela est d\u00e9crit comme AUCUNE.<\/p>\n<p>Si la lumi\u00e8re \u00e9mise est plus forte que la lumi\u00e8re absorb\u00e9e, le diamant est appel\u00e9 fluorescent. Vous trouverez la fluorescence dans les classifications suivantes : NULLE ou AUCUNE, faible, l\u00e9g\u00e8re, moyenne, forte, tr\u00e8s forte. La fluorescence peut \u00eatre bleue ou jaune.<\/p><\/div><h2 class='section-title'>Les myst\u00e9rieux diamants bleu-blanc, nom de marque enregistr\u00e9e, expliqu\u00e9s<\/h2><\/div><\/div> <div class='row vc_row '><div class='col-md-8 '><div class='mb-4'><p>Les couleurs D &#8211; E &#8211; F avec une fluorescence bleu forte sont exceptionnelles et donc extr\u00eamement rares, accentuant la luminosit\u00e9 sont appel\u00e9es diamants bleu-blanc. Lorsque les diamants blancs de couleur D \u00e0 F sont fluorescents bleus, cela souligne la couleur au grade le plus \u00e9lev\u00e9 BLEU-BLANC.<\/p>\n<p>La fluorescence bleue forte influence positivement la couleur du diamant pour obtenir la plus haute couleur \u00e0 la mode.<\/p>\n<p>Les couleurs plus chaudes de blanc de G \u00e0 Z avec une fluorescence bleue am\u00e9lioreront la couleur pour qu&rsquo;elle soit plus proche du blanc et para\u00eetront plus proches du blanc incolore. Un fait tr\u00e8s positif.<\/p>\n<p>Une fluorescence tr\u00e8s forte peut influencer la clart\u00e9 lorsqu&rsquo;elle devient laiteuse.<\/p><\/div><\/div><div class='col-md-4 '><div class='vc-image '><figure><div><img src='https:\/\/ajediam.com\/wp-content\/uploads\/2019\/03\/Milky_diamond_1.jpg' alt=''><\/div><\/figure><\/div><\/div><\/div> <div class='row vc_row '><div class='col-md-12 '><div class='mb-4'><p>Vous verrez \u00e0 l&rsquo;\u0153il nu que le diamant est laiteux.<br \/>\nLe terme \u00ab\u00a0laiteux\u00a0\u00bb est toujours clairement indiqu\u00e9 sur le certificat du GIA, HRD et IGI.<br \/>\nUne fluorescence jaune forte et une clart\u00e9 laiteuse diminueront la classification de la couleur et de la clart\u00e9.<\/p>\n<p>Les n\u00e9gociants en diamants utilisent le terme \u00ab\u00a0bleu-blanc\u00a0\u00bb pour d\u00e9signer des diamants blancs exceptionnels de couleur blanc D &#8211; E et de couleur blanc rare + F &#8211; EX EX EX \u00e0 la taille id\u00e9ale avec une fluorescence bleue forte rare.<\/p>\n<p>C&rsquo;est la signature d&rsquo;une classe \u00e9lev\u00e9e de mode hautement visible!<\/p>\n<p>Le terme est en r\u00e9alit\u00e9 devenu un symbole de statut parmi le public et encore aujourd&rsquo;hui, les experts demanderont un diamant bleu-blanc, la couleur la plus rare. La r\u00e8gle 28 des R\u00e8gles de pratique commerciale de la Commission f\u00e9d\u00e9rale du commerce des \u00c9tats-Unis pour l&rsquo;industrie de la bijouterie aborde cette question:<\/p>\n<p>R\u00e8gle 28 Mauvais usage du terme \u00ab\u00a0Bleu-Blanc\u00a0\u00bb: \u00ab\u00a0C&rsquo;est une pratique commerciale d\u00e9loyale d&rsquo;utiliser le terme \u00ab\u00a0bleu-blanc\u00a0\u00bb ou tout autre terme, expression ou repr\u00e9sentation de m\u00eame signification, pour d\u00e9crire tout diamant qui, sous une lumi\u00e8re normale, \u00e0 la lumi\u00e8re du nord ou son \u00e9quivalent, montre une couleur ou une trace de couleur autre que bleue ou bleu\u00e2tre.\u00a0\u00bb<\/p>\n<p>En d&rsquo;autres termes, seul un diamant avec une fluorescence bleue forte peut \u00eatre qualifi\u00e9 de diamant bleu-blanc. Un v\u00e9ritable objet de collection, probablement le v\u00f4tre.<\/p>\n<p>Comment reconna\u00eetre facilement un diamant synth\u00e9tique bon march\u00e9 d&rsquo;un vrai diamant naturel extrait ? Seuls les diamants naturels peuvent \u00eatre fluorescents bleu-blanc !<\/p>\n<p><a href=\"mailto:care@ajediam.com?&amp;subject=Blue White Diamonds Quotation\">Envoyez-moi un e-mail pour obtenir un devis pour un diamant bleu-blanc tr\u00e8s rare<\/a><\/p><\/div><\/div><\/div> <div class='row vc_row '><div class='col-md-3 '><\/div><div class='col-md-3 '><div style='height: 32px;'><\/div><a class='lab-button' href='http:\/\/ajediam.com\/engagement-rings' target='' title='url:http:\/\/ajediam.com\/engagement-rings|'>ACHETER MAINTENANT<\/a><\/div><div class='col-md-3 '><div style='height: 32px;'><\/div><a class='lab-button' href='\/fr\/notre-formulaire-de-demande-rapide\/' target='' title='\/fr\/notre-formulaire-de-demande-rapid'>CONSULTER LE GUIDE D'ACHAT<\/a><\/div><div class='col-md-3 '><\/div><\/div> <div class='row vc_row '><div class='col-md-2 '><\/div><div class='col-md-8 '><div style='height: 32px;'><\/div><div class='vc-image '><figure><a href='\/fr\/notre-formulaire-de-demande-rapide\/' class='d-block'><img src='https:\/\/ajediam.com\/wp-content\/uploads\/2019\/03\/Ajediam_footer_Buy_now_13_03_2015.jpg' alt=''><\/a><\/figure><\/div><\/div><div class='col-md-2 '><\/div><\/div> <\/p>\n","protected":false},"excerpt":{"rendered":"","protected":false},"author":5,"featured_media":0,"parent":9927,"menu_order":0,"comment_status":"closed","ping_status":"closed","template":"","meta":{"ub_ctt_via":"","footnotes":""},"acf":[],"featured_image_src":null,"_links":{"self":[{"href":"https:\/\/ajediam.com\/fr\/wp-json\/wp\/v2\/pages\/9929"}],"collection":[{"href":"https:\/\/ajediam.com\/fr\/wp-json\/wp\/v2\/pages"}],"about":[{"href":"https:\/\/ajediam.com\/fr\/wp-json\/wp\/v2\/types\/page"}],"author":[{"embeddable":true,"href":"https:\/\/ajediam.com\/fr\/wp-json\/wp\/v2\/users\/5"}],"replies":[{"embeddable":true,"href":"https:\/\/ajediam.com\/fr\/wp-json\/wp\/v2\/comments?post=9929"}],"version-history":[{"count":2,"href":"https:\/\/ajediam.com\/fr\/wp-json\/wp\/v2\/pages\/9929\/revisions"}],"predecessor-version":[{"id":9932,"href":"https:\/\/ajediam.com\/fr\/wp-json\/wp\/v2\/pages\/9929\/revisions\/9932"}],"up":[{"embeddable":true,"href":"https:\/\/ajediam.com\/fr\/wp-json\/wp\/v2\/pages\/9927"}],"wp:attachment":[{"href":"https:\/\/ajediam.com\/fr\/wp-json\/wp\/v2\/media?parent=9929"}],"curies":[{"name":"wp","href":"https:\/\/api.w.org\/{rel}","templated":true}]}}