{"id":9933,"date":"2019-05-04T08:09:03","date_gmt":"2019-05-04T08:09:03","guid":{"rendered":"https:\/\/ajediam.com\/?page_id=9933"},"modified":"2023-06-30T12:30:36","modified_gmt":"2023-06-30T12:30:36","slug":"tableau-des-variations-de-la-qualite","status":"publish","type":"page","link":"https:\/\/ajediam.com\/fr\/comparer-les-qualites\/tableau-des-variations-de-la-qualite\/","title":{"rendered":"Tableau des Variations de la Qualit\u00e9"},"content":{"rendered":"<p><div class='row vc_row '><div class='col-md-12 '><h2 class='section-title'>Comment effectuer des comparaisons de prix des diamants ? Comment le prix des diamants est-il d\u00e9termin\u00e9....<\/h2><p><strong>Comment le co\u00fbt et les prix de vente des diamants sont-ils calcul\u00e9s ?<br \/>\nVous trouverez ici. Les prix des diamants sont d\u00e9termin\u00e9s par des facteurs de qualit\u00e9.<br \/>\nD\u00e9couvrez toutes les combinaisons possibles des crit\u00e8res du GIA et du HRD influen\u00e7ant la valeur. Votre guide universel pour fixer le prix.<\/strong><br \/>\nD\u00e9terminez la valeur exacte en fonction des variations de qualit\u00e9 et de diff\u00e9rents facteurs ! La qualit\u00e9 peut varier de moins 60 % \u00e0 des primes de + 50 %. Connaissez la diff\u00e9rence entre les prix d&rsquo;achat et de vente : 30 \u00e0 40 %. Obtenez instantan\u00e9ment le r\u00e9sultat de la valeur r\u00e9elle des diamants naturels, non trait\u00e9s, extraits gr\u00e2ce \u00e0 ce sch\u00e9ma de qualit\u00e9.<\/p><h2 class='section-title'>Transparence dans la qualit\u00e9 des diamants selon, de loin, plus d'un million de diff\u00e9rences de qualit\u00e9 des diamants et de d\u00e9fauts de taille, de polissage, de sym\u00e9trie, de finition, de couleur, de fluorescence, d'\u00e9paisseur de la couronne et de clart\u00e9.<\/h2><div class='mb-4'><p><br \/>\nAjustez la qualit\u00e9 en fonction de la classification en plus de la norme Rapaport.<br \/>\nLe maillon manquant des prix de gros moyens compl\u00e9t\u00e9. <a href=\"https:\/\/ajediam.com\/fr\/diamants-101\/a-propos-des-diamants-4c\/\">Diff\u00e9rences de qualit\u00e9 clairement expliqu\u00e9es<\/a>.<\/p><\/div><\/div><\/div> <div class='row vc_row vc_custom_1552886396531'><div class='col-md-12 '><div class='mb-4'><p><\/p>\n<p>Copiez-collez votre sch\u00e9ma de variations de qualit\u00e9 pour effectuer des comparaisons de prix<\/p>\n<p><\/p><\/div><div class='row '><div class='col-md-12 col-inner'><div class='col-inwrap'><div class='vc-image text-center'><figure><a href='\/fr\/prix-des-diamants\/diamant-naturel-blanc\/' class='d-block'><img src='https:\/\/ajediam.com\/wp-content\/uploads\/2019\/05\/Quality_Factors_Ajediam.jpg' alt=''><\/a><\/figure><\/div><div style='height: 32px;'><\/div><div class='mb-4'><p>Consid\u00e9rez l&rsquo;\u00e9paisseur de la couronne comme une variation de qualit\u00e9 importante suppl\u00e9mentaire. Avec une couronne tr\u00e8s fine, le diamant peut facilement se casser ! \u00c9vitez d&rsquo;acheter des diamants avec une \u00e9paisseur de couronne tr\u00e8s fine. Source : Centre mondial du diamant d&rsquo;Anvers<\/p>\n<p>Les facteurs qui rendent les diamants plus ou moins chers en prix. <a href=\"https:\/\/ajediam.com\/fr\/diamants-101\/a-propos-des-diamants-4c\/\">En savoir plus sur les 8C (les 8 crit\u00e8res)<\/a> :<\/p><\/div><\/div><\/div><\/div><\/div><\/div> <style>.vc_custom_1552886396531 { border-top-width: 3px !important;border-right-width: 3px !important;border-bottom-width: 3px !important;border-left-width: 3px !important;border-left-color: #e2ebf0 !important;border-left-style: solid !important;border-right-color: #e2ebf0 !important;border-right-style: solid !important;border-top-color: #e2ebf0 !important;border-top-style: solid !important;border-bottom-color: #e2ebf0 !important;border-bottom-style: solid !important;} }<\/style><div class='row vc_row '><div class='col-md-12 '><div style='height: 32px;'><\/div><div class='mb-4'><p><\/p>\n<p>+50% pour une taille Super Id\u00e9ale EX EX EX H&amp;A et une puret\u00e9 FL (sans d\u00e9faut) seulement quelques-uns sur le march\u00e9 mondial<\/p>\n<p>+7% pour une fluorescence nulle en plus de tous les autres facteurs de qualit\u00e9<\/p>\n<p>+29% pour une taille Super Id\u00e9ale EX EX EX, C\u0153urs et Fl\u00e8ches Extr\u00eamement rare<\/p>\n<p>+25% pour une taille Triple Excellent, tr\u00e8s tr\u00e8s rare<\/p>\n<p>-30% pour une taille inhabituelle et fantaisiste<\/p>\n<p>+12% pour une taille mixte excellente, tr\u00e8s bonne taille tr\u00e8s rare<\/p>\n<p>+10% pour une taille Triple Tr\u00e8s Bonne, taille rare<\/p>\n<p>+0% pour une taille mixte tr\u00e8s bonne et bonne<\/p>\n<p>-20% pour une bonne taille<\/p>\n<p>-25% pour une taille mixte bonne et moyenne<\/p>\n<p>-50% pour une taille moyenne<\/p>\n<p>-60% pour une mauvaise taille<\/p>\n<p><\/p><\/div><\/div><\/div> <div class='row vc_row vc_custom_1552886396531'><div class='col-md-12 '><div class='row '><div class='col-md-12 col-inner'><div class='col-inwrap'><div class='mb-4'><p><\/p>\n<p>Copiez-collez ce tableau de variations de qualit\u00e9 pour d\u00e9terminer les prix R\u00e9solution du myst\u00e8re de l&rsquo;\u00e9valuation des prix des diamants gr\u00e2ce au tableau de variations de qualit\u00e9<\/p>\n<p><\/p><\/div><div style='height: 32px;'><\/div><div class='vc-image text-center'><figure><a href='\/fr\/prix-des-diamants\/diamant-naturel-blanc\/' class='d-block'><img src='https:\/\/ajediam.com\/wp-content\/uploads\/2019\/03\/Quality_factors_schema.jpg' alt=''><\/a><\/figure><\/div><\/div><\/div><\/div><\/div><\/div> <style>.vc_custom_1552886396531 { border-top-width: 3px !important;border-right-width: 3px !important;border-bottom-width: 3px !important;border-left-width: 3px !important;border-left-color: #e2ebf0 !important;border-left-style: solid !important;border-right-color: #e2ebf0 !important;border-right-style: solid !important;border-top-color: #e2ebf0 !important;border-top-style: solid !important;border-bottom-color: #e2ebf0 !important;border-bottom-style: solid !important;} }<\/style><div class='row vc_row '><div class='col-md-3 '><\/div><div class='col-md-3 '><div style='height: 32px;'><\/div><a class='lab-button' href='http:\/\/ajediam.com\/engagement-rings' target='' title='url:http:\/\/ajediam.com\/engagement-rings|'>ACHETER MAINTENANT<\/a><\/div><div class='col-md-3 '><div style='height: 32px;'><\/div><a class='lab-button' href='\/fr\/notre-formulaire-de-demande-rapide\/' target='' title='\/fr\/notre-formulaire-de-demande-rapid'>CONSULTER LE GUIDE D'ACHAT<\/a><\/div><div class='col-md-3 '><\/div><\/div> <div class='row vc_row '><div class='col-md-2 '><\/div><div class='col-md-8 '><div style='height: 32px;'><\/div><div class='vc-image '><figure><a href='\/fr\/notre-formulaire-de-demande-rapide\/' class='d-block'><img src='https:\/\/ajediam.com\/wp-content\/uploads\/2019\/03\/Ajediam_footer_Buy_now_13_03_2015.jpg' alt=''><\/a><\/figure><\/div><\/div><div class='col-md-2 '><\/div><\/div> <\/p>\n","protected":false},"excerpt":{"rendered":"","protected":false},"author":5,"featured_media":0,"parent":9927,"menu_order":0,"comment_status":"closed","ping_status":"closed","template":"","meta":{"ub_ctt_via":"","footnotes":""},"acf":[],"featured_image_src":null,"_links":{"self":[{"href":"https:\/\/ajediam.com\/fr\/wp-json\/wp\/v2\/pages\/9933"}],"collection":[{"href":"https:\/\/ajediam.com\/fr\/wp-json\/wp\/v2\/pages"}],"about":[{"href":"https:\/\/ajediam.com\/fr\/wp-json\/wp\/v2\/types\/page"}],"author":[{"embeddable":true,"href":"https:\/\/ajediam.com\/fr\/wp-json\/wp\/v2\/users\/5"}],"replies":[{"embeddable":true,"href":"https:\/\/ajediam.com\/fr\/wp-json\/wp\/v2\/comments?post=9933"}],"version-history":[{"count":3,"href":"https:\/\/ajediam.com\/fr\/wp-json\/wp\/v2\/pages\/9933\/revisions"}],"predecessor-version":[{"id":9938,"href":"https:\/\/ajediam.com\/fr\/wp-json\/wp\/v2\/pages\/9933\/revisions\/9938"}],"up":[{"embeddable":true,"href":"https:\/\/ajediam.com\/fr\/wp-json\/wp\/v2\/pages\/9927"}],"wp:attachment":[{"href":"https:\/\/ajediam.com\/fr\/wp-json\/wp\/v2\/media?parent=9933"}],"curies":[{"name":"wp","href":"https:\/\/api.w.org\/{rel}","templated":true}]}}