{"id":9939,"date":"2019-03-31T12:28:17","date_gmt":"2019-03-31T12:28:17","guid":{"rendered":"https:\/\/ajediam.com\/?page_id=9939"},"modified":"2023-06-30T12:52:03","modified_gmt":"2023-06-30T12:52:03","slug":"clarte-du-diamant","status":"publish","type":"page","link":"https:\/\/ajediam.com\/fr\/comparer-les-qualites\/clarte-du-diamant\/","title":{"rendered":"Clart\u00e9 du diamant"},"content":{"rendered":"<p><div class='row vc_row '><div class='col-md-12 '><div style='height: 32px;'><\/div><h2 class='section-title'>Qu'est-ce qui est le plus important: la taille, la clart\u00e9, la couleur, la taille ou le poids?<br \/>\nLa puret\u00e9 est le moins important et le plus cher des 4C.<\/h2><p>Comment trouver des broches en diamant en or blanc ou jaune 18 carats?<br \/>\nTrouvez ici la premi\u00e8re des broches en diamant, avec un design de bouquet de fleurs.<\/p><div class='mb-4'><p><br \/>\nCe tableau de classement de la clart\u00e9 des diamants montre ce qui est important ou non pertinent.<\/p>\n<p>Payez moins pour plus!<\/p>\n<p><strong>La clart\u00e9<\/strong> est le moins important des 4C.<br \/>\nFaites le test: qu&rsquo;est-ce que vous remarquez en premier en regardant un diamant ?<\/p>\n<ol>\n<li><strong>Tout d&rsquo;abord, vous voyez la taille du diamant.<\/strong><br \/>\nVous remarquez la diff\u00e9rence entre un petit et un grand diamant en le regardant de loin. Regardez ci-dessous<\/li>\n<li><strong>Ensuite, vous voyez si le diamant scintille ou non.<\/strong><br \/>\nFaites le test : vous remarquez la diff\u00e9rence de loin. Une question de taille id\u00e9ale.<\/li>\n<li><strong>Ensuite, vous voyez la diff\u00e9rence de couleur.<\/strong><br \/>\nFaites \u00e0 nouveau le test : vous remarquez \u00e9galement la diff\u00e9rence de loin<\/li>\n<li><strong>Enfin, vous ne pouvez pas voir la diff\u00e9rence de puret\u00e9 \u00e0 l&rsquo;\u0153il nu.<\/strong><br \/>\nRefaites le test :.<\/p><\/div><div class='mb-4'><p><\/li>\n<\/ol>\n<p>Vous ne pouvez pas voir la diff\u00e9rence de loin !<br \/>\nD\u00e9tectez les inclusions gr\u00e2ce \u00e0 des photos agrandies 100 fois au microscope.<br \/>\nIl y en a plus sur&#8230; <a href=\"\/fr\/diamants-101\/a-propos-des-diamants-4c\/\">les 8 C&rsquo;s par rapport aux 4 C&rsquo;s<\/a><\/p><\/div><\/div><\/div> <div class='row vc_row '><div class='col-md-4 '><\/div><div class='col-md-4 '><a class='lab-button' href='http:\/\/ajediam.com\/engagement-rings' target='' title='url:http:\/\/ajediam.com\/engagement-rings|'>ACHETER MAINTENANT<\/a><\/div><div class='col-md-4 '><\/div><\/div> <div class='row vc_row '><div class='col-md-2 '><\/div><div class='col-md-8 '><div style='height: 32px;'><\/div><div class='vc-image '><figure><a href='\/fr\/notre-formulaire-de-demande-rapide\/' class='d-block'><img src='https:\/\/ajediam.com\/wp-content\/uploads\/2019\/03\/Ajediam_footer_Buy_now_13_03_2015.jpg' alt=''><\/a><\/figure><\/div><\/div><div class='col-md-2 '><\/div><\/div> <\/p>\n","protected":false},"excerpt":{"rendered":"","protected":false},"author":5,"featured_media":0,"parent":9927,"menu_order":0,"comment_status":"closed","ping_status":"closed","template":"","meta":{"ub_ctt_via":"","footnotes":""},"acf":[],"featured_image_src":null,"_links":{"self":[{"href":"https:\/\/ajediam.com\/fr\/wp-json\/wp\/v2\/pages\/9939"}],"collection":[{"href":"https:\/\/ajediam.com\/fr\/wp-json\/wp\/v2\/pages"}],"about":[{"href":"https:\/\/ajediam.com\/fr\/wp-json\/wp\/v2\/types\/page"}],"author":[{"embeddable":true,"href":"https:\/\/ajediam.com\/fr\/wp-json\/wp\/v2\/users\/5"}],"replies":[{"embeddable":true,"href":"https:\/\/ajediam.com\/fr\/wp-json\/wp\/v2\/comments?post=9939"}],"version-history":[{"count":5,"href":"https:\/\/ajediam.com\/fr\/wp-json\/wp\/v2\/pages\/9939\/revisions"}],"predecessor-version":[{"id":9948,"href":"https:\/\/ajediam.com\/fr\/wp-json\/wp\/v2\/pages\/9939\/revisions\/9948"}],"up":[{"embeddable":true,"href":"https:\/\/ajediam.com\/fr\/wp-json\/wp\/v2\/pages\/9927"}],"wp:attachment":[{"href":"https:\/\/ajediam.com\/fr\/wp-json\/wp\/v2\/media?parent=9939"}],"curies":[{"name":"wp","href":"https:\/\/api.w.org\/{rel}","templated":true}]}}