{"id":9949,"date":"2019-03-31T12:40:28","date_gmt":"2019-03-31T12:40:28","guid":{"rendered":"https:\/\/ajediam.com\/?page_id=9949"},"modified":"2023-06-30T14:14:58","modified_gmt":"2023-06-30T14:14:58","slug":"tableau-devaluation-de-la-purete-des-diamants","status":"publish","type":"page","link":"https:\/\/ajediam.com\/fr\/comparer-les-qualites\/tableau-devaluation-de-la-purete-des-diamants\/","title":{"rendered":"Tableau d&rsquo;\u00e9valuation de la puret\u00e9 des diamants"},"content":{"rendered":"<p><div class='row vc_row '><div class='col-md-12 '><h2 class='section-title'>Comment se pr\u00e9sentent les diff\u00e9rents types d'inclusions dans les diamants?<\/h2><div class='mb-4'><p><\/p>\n<p>Vous voulez voir \u00e0 quoi ressemblent les inclusions ?<\/p>\n<p>Voici des images agrandies montrant les impuret\u00e9s sur le tableau r\u00e9el de classification de la puret\u00e9, observ\u00e9es au microscope et class\u00e9es en fonction de l&rsquo;importance des d\u00e9fauts.<\/p>\n<p>La GIA a d\u00e9fini et identifi\u00e9 diff\u00e9rents d\u00e9fauts sur les images agrandies 100 fois au microscope.<\/p>\n<p>Observez l&rsquo;impact visuel et l&rsquo;influence des taches sur les prix des diamants taill\u00e9s.<br \/>\nVisualisez les types d&rsquo;inclusions class\u00e9s par cat\u00e9gories d&rsquo;importance des impuret\u00e9s :<\/p>\n<p>\u00c9valuez et classez la puret\u00e9 des diamants en utilisant de vraies photographies pour identifier les inclusions internes et externes visibles.<\/p>\n<p>Le classement de la puret\u00e9 des diamants est une opinion, pas un fait scientifique math\u00e9matique !<br \/>\nLes inclusions peuvent \u00eatre des cristaux ou des imperfections structurelles telles que des nuages blanch\u00e2tres, des fissures, des plumes, des n\u0153uds et des taches noires.<\/p>\n<p>La quantit\u00e9, la taille, la couleur, l&#8217;emplacement, l&rsquo;orientation et la visibilit\u00e9 des inclusions peuvent affecter la puret\u00e9 jusqu&rsquo;\u00e0 SI3 et piqu\u00e9.<\/p>\n<p>La plupart des inclusions dans les diamants n&rsquo;affectent pas la brillance.<br \/>\nLes diamants ayant les meilleures notes de puret\u00e9 sont plus chers car ils sont beaucoup plus rares.<\/p>\n<p><\/p><\/div><h2 class='section-title'>Classement de la clart\u00e9 par images, photos prises au microscope.<\/h2><p> Images microscopiques \u00e9clair\u00e9es uniquement \u00e0 des fins d&rsquo;\u00e9tude de la niveleuse de diamants !<\/p><\/div><\/div> <div class='row vc_row '><div class='col-md-12 '><div class='mb-4'><div class='tab-container'><div class='tab-header d-none d-md-block'><\/div><div class='tab' id='1552888342085-653f68ed-9cbf'><h3 class='tab-title d-block d-md-none'>Taille r\u00e9elle d'un diamant d'un carat<\/h3><div class='tab-content'><div class='row '><div class='col-md-3 col-inner'><div class='col-inwrap'><div class='vc-image text-center'><figure><div><img src='https:\/\/ajediam.com\/wp-content\/uploads\/2019\/03\/VVS1_Clarity-150x150.jpg' alt=''><\/div><\/figure><\/div><\/div><\/div><div class='col-md-9 col-inner'><div class='col-inwrap'><div class='mb-4'><p>Int\u00e9rieurement impeccable (IF) pas d&rsquo;inclusions \u00e0 l&rsquo;int\u00e9rieur. aussi nomm\u00e9 Loupe Clean (LC) :<br \/>\nIl y a tr\u00e8s peu de diamants qui sont int\u00e9rieurement parfaits<\/p>\n<p>Sans d\u00e9faut, pas d&rsquo;inclusions \u00e0 l&rsquo;int\u00e9rieur et pas d&rsquo;imperfections \u00e0 l&rsquo;ext\u00e9rieur :<br \/>\nIl existe des diamants extr\u00eamement rares \u00e0 l&rsquo;int\u00e9rieur et \u00e0 l&rsquo;ext\u00e9rieur sans d\u00e9faut, nomm\u00e9s (FL)<br \/>\nCette image de diamant de 1,00 carat est agrandie de 100 au microscope<\/p><\/div><\/div><\/div><\/div><\/div><\/div><div class='tab' id='1552888342107-d7980eee-afd1'><h3 class='tab-title d-block d-md-none'>Taille r\u00e9elle d'un diamant de puret\u00e9 VVS1 d'un carat<\/h3><div class='tab-content'><div class='row '><div class='col-md-3 col-inner'><div class='col-inwrap'><div class='vc-image text-center'><figure><div><img src='https:\/\/ajediam.com\/wp-content\/uploads\/2019\/03\/VVS1_Clarity_grading-150x150.jpg' alt=''><\/div><\/figure><\/div><\/div><\/div><div class='col-md-9 col-inner'><div class='col-inwrap'><div class='mb-4'><p><strong>Clart\u00e9 VVS1<\/strong><br \/>\nTr\u00e8s Tr\u00e8s Petites Inclusions 1er degr\u00e9.<br \/>\nExtr\u00eamement difficile \u00e0 d\u00e9tecter m\u00eame par un niveleur exp\u00e9riment\u00e9 \u00e0 la loupe.<br \/>\nCette image de diamant de 1,00 carat est amplifi\u00e9e x 100 au microscope<\/p><\/div><\/div><\/div><\/div><\/div><\/div><div class='tab' id='1552933473741-a138fe8e-5fec'><h3 class='tab-title d-block d-md-none'>Taille r\u00e9elle d'une puret\u00e9 VVS2 d'un carat<\/h3><div class='tab-content'><div class='row '><div class='col-md-3 col-inner'><div class='col-inwrap'><div class='vc-image text-center'><figure><div><img src='https:\/\/ajediam.com\/wp-content\/uploads\/2019\/03\/VVS2_Clarity_grade-150x150.jpg' alt=''><\/div><\/figure><\/div><\/div><\/div><div class='col-md-9 col-inner'><div class='col-inwrap'><div class='mb-4'><p><strong>Clart\u00e9 VVS2<\/strong><br \/>\nTr\u00e8s Tr\u00e8s Petites Inclusions 2\u00e8me degr\u00e9.<br \/>\nExtr\u00eamement difficile \u00e0 d\u00e9tecter m\u00eame par un niveleur exp\u00e9riment\u00e9 \u00e0 la loupe.<br \/>\nCette image est agrandie de 100<\/p><\/div><\/div><\/div><\/div><\/div><\/div><div class='tab' id='1552933888083-db8227db-f722'><h3 class='tab-title d-block d-md-none'>Un carat VS1 taille r\u00e9elle<\/h3><div class='tab-content'><div class='row '><div class='col-md-3 col-inner'><div class='col-inwrap'><div class='vc-image text-center'><figure><div><img src='https:\/\/ajediam.com\/wp-content\/uploads\/2019\/03\/VVS2_Clarity_grade-150x150.jpg' alt=''><\/div><\/figure><\/div><\/div><\/div><div class='col-md-9 col-inner'><div class='col-inwrap'><div class='mb-4'><p><strong>Clart\u00e9 VS1<\/strong><br \/>\nTr\u00e8s petites inclusions 1er degr\u00e9.<br \/>\nDifficile \u00e0 d\u00e9tecter m\u00eame par un niveleur exp\u00e9riment\u00e9 \u00e0 la loupe.<br \/>\nCette image de diamant de 1 carat est agrandie de 100<\/p><\/div><\/div><\/div><\/div><\/div><\/div><div class='tab' id='1552933889171-f1ed2875-237c'><h3 class='tab-title d-block d-md-none'>Taille r\u00e9elle d'un diamant VS2<\/h3><div class='tab-content'><div class='row '><div class='col-md-3 col-inner'><div class='col-inwrap'><div class='vc-image text-center'><figure><div><img src='https:\/\/ajediam.com\/wp-content\/uploads\/2019\/03\/VS2_a-150x150.jpg' alt=''><\/div><\/figure><\/div><\/div><\/div><div class='col-md-9 col-inner'><div class='col-inwrap'><div class='mb-4'><p><strong>Clart\u00e9 VS2<\/strong><br \/>\nTr\u00e8s petites inclusions 2\u00e8me degr\u00e9.<br \/>\nDifficile \u00e0 d\u00e9tecter m\u00eame par un niveleur exp\u00e9riment\u00e9 \u00e0 la loupe.<br \/>\nCette image de 1,00 Carat est agrandie x 100<\/p><\/div><\/div><\/div><\/div><\/div><\/div><\/div><\/div><div class='row '><div class='col-md-3 col-inner'><div class='col-inwrap'><\/div><\/div><div class='col-md-3 col-inner'><div class='col-inwrap'><a class='lab-button' href='http:\/\/ajediam.com\/engagement-rings' target='' title='url:http:\/\/ajediam.com\/engagement-rings|'>SHOP NOW<\/a><\/div><\/div><div class='col-md-3 col-inner'><div class='col-inwrap'><a class='lab-button' href='\/fr\/notre-formulaire-de-demande-rapide\/' target='' title='\/fr\/notre-formulaire-de-demande-rapid'>CONSULT BUYING GUIDE<\/a><\/div><\/div><div class='col-md-3 col-inner'><div class='col-inwrap'><\/div><\/div><\/div><div style='height: 32px;'><\/div><\/div><\/div> <div class='row vc_row '><div class='col-md-12 '><div class='mb-4'><div class='tab-container'><div class='tab-header d-none d-md-block'><\/div><div class='tab' id='1552936488195-765d356c-5ff4'><h3 class='tab-title d-block d-md-none'>Taille r\u00e9elle d'une puret\u00e9 SI1 dans un carat.<\/h3><div class='tab-content'><div class='row '><div class='col-md-3 col-inner'><div class='col-inwrap'><div class='vc-image text-center'><figure><div><img src='https:\/\/ajediam.com\/wp-content\/uploads\/2019\/03\/SI1_Clarity_a-150x150.jpg' alt=''><\/div><\/figure><\/div><\/div><\/div><div class='col-md-9 col-inner'><div class='col-inwrap'><div class='mb-4'><p><strong>Clart\u00e9 SI1<\/strong><br \/>\nPetites Inclusions 1er degr\u00e9. Nettoyer les yeux.<br \/>\nD\u00e9tectable \u00e0 l&rsquo;\u0153il exerc\u00e9 \u00e0 la loupe<br \/>\nCette photo de diamant de 1 carat est agrandie de cent<\/p><\/div><\/div><\/div><\/div><\/div><\/div><div class='tab' id='1552936486832-95f41152-7bab'><h3 class='tab-title d-block d-md-none'>Taille r\u00e9elle d'un diamant d'un carat de puret\u00e9 SI2<\/h3><div class='tab-content'><div class='row '><div class='col-md-3 col-inner'><div class='col-inwrap'><div class='vc-image text-center'><figure><div><img src='https:\/\/ajediam.com\/wp-content\/uploads\/2019\/03\/SI2_Clarity_a-150x150.jpg' alt=''><\/div><\/figure><\/div><\/div><\/div><div class='col-md-9 col-inner'><div class='col-inwrap'><div class='mb-4'><p><strong>Clart\u00e9 SI2<\/strong><br \/>\nPetites Inclusions 2\u00e8me degr\u00e9.<br \/>\nFacilement d\u00e9tectable \u00e0 la loupe &#8211; Voir les points noirs<br \/>\nCette photo de diamant de 1 carat est agrandie au microscope x 100<\/p><\/div><\/div><\/div><\/div><\/div><\/div><div class='tab' id='1552936487073-bc091969-9a45'><h3 class='tab-title d-block d-md-none'>Taille r\u00e9elle d'un carat<\/h3><div class='tab-content'><div class='row '><div class='col-md-3 col-inner'><div class='col-inwrap'><div class='vc-image text-center'><figure><div><img src='https:\/\/ajediam.com\/wp-content\/uploads\/2019\/03\/SI2_Clarity_c-150x150.jpg' alt=''><\/div><\/figure><\/div><\/div><\/div><div class='col-md-9 col-inner'><div class='col-inwrap'><div class='mb-4'><p><strong>Clart\u00e9 SI3<\/strong><br \/>\nPetites Inclusions 3\u00e8me degr\u00e9.<br \/>\nFacilement d\u00e9tectable \u00e0 la loupe &#8211; Voir les points noirs + les fissures partout<br \/>\nCette image de diamant de 1,00 carat est agrandie X 100<\/p><\/div><\/div><\/div><\/div><\/div><\/div><div class='tab' id='1552936487286-a86e92e8-8ba3'><h3 class='tab-title d-block d-md-none'>La taille r\u00e9elle est 40 fois plus petite<\/h3><div class='tab-content'><div class='row '><div class='col-md-3 col-inner'><div class='col-inwrap'><div class='vc-image text-center'><figure><div><img src='https:\/\/ajediam.com\/wp-content\/uploads\/2019\/03\/I1_Clarity_a-150x150.jpg' alt=''><\/div><\/figure><\/div><\/div><\/div><div class='col-md-9 col-inner'><div class='col-inwrap'><div class='mb-4'><p><strong>Clart\u00e9 I1 \/ P1<\/strong><br \/>\nInclusions importantes, d\u00e9fauts\/taches 1er degr\u00e9 affectant la clart\u00e9. D\u00e9tectable \u00e0 l&rsquo;\u0153il nu.<br \/>\nAussi nomm\u00e9 Pique 1<br \/>\nCette image de diamant de 1,00 carat est agrandie x 40<br \/>\nNous vous d\u00e9conseillons d&rsquo;acheter !<\/p><\/div><\/div><\/div><\/div><\/div><\/div><div class='tab' id='1552936487504-708a4bf3-d700'><h3 class='tab-title d-block d-md-none'>Taille r\u00e9elle<\/h3><div class='tab-content'><div class='row '><div class='col-md-3 col-inner'><div class='col-inwrap'><div class='vc-image text-center'><figure><div><img src='https:\/\/ajediam.com\/wp-content\/uploads\/2019\/03\/I2_Clarity_g-150x150.jpg' alt=''><\/div><\/figure><\/div><\/div><\/div><div class='col-md-9 col-inner'><div class='col-inwrap'><div class='mb-4'><p><strong>Clart\u00e9 I2 \/ P2<\/strong><br \/>\nInclusions tr\u00e8s importantes, d\u00e9fauts\/taches 2\u00e8me degr\u00e9. Facilement d\u00e9tectable \u00e0 l&rsquo;\u0153il nu. Aussi nomm\u00e9 Pique 2<br \/>\nCe diamant de 1,00 carat<br \/>\nl&rsquo;image est agrandie x 40<br \/>\nNous vous d\u00e9conseillons d&rsquo;acheter !<\/p><\/div><\/div><\/div><\/div><\/div><\/div><div class='tab' id='1552936487732-3cdf8d8a-4f44'><h3 class='tab-title d-block d-md-none'>Taille r\u00e9elle<\/h3><div class='tab-content'><div class='row '><div class='col-md-3 col-inner'><div class='col-inwrap'><div class='vc-image text-center'><figure><div><img src='https:\/\/ajediam.com\/wp-content\/uploads\/2019\/03\/I3_Clarity.jpg' alt=''><\/div><\/figure><\/div><\/div><\/div><div class='col-md-9 col-inner'><div class='col-inwrap'><div class='mb-4'><p><strong>Clart\u00e9 I3 \/ P3<\/strong><br \/>\nPlein d&rsquo;inclusions importantes, d\u00e9fauts \/ taches 3 \u00e8me degr\u00e9. Facilement d\u00e9tectable \u00e0 l&rsquo;\u0153il nu.<br \/>\nAussi nomm\u00e9 Pique 3<br \/>\nCette image de diamant de 1 carat est agrandie x 40<br \/>\nN&rsquo;ach\u00e8te pas!<\/p><\/div><\/div><\/div><\/div><\/div><\/div><\/div><\/div><div class='row '><div class='col-md-3 col-inner'><div class='col-inwrap'><\/div><\/div><div class='col-md-3 col-inner'><div class='col-inwrap'><div style='height: 32px;'><\/div><a class='lab-button' href='http:\/\/ajediam.com\/engagement-rings' target='' title='url:http:\/\/ajediam.com\/engagement-rings|'>SHOP NOW<\/a><\/div><\/div><div class='col-md-3 col-inner'><div class='col-inwrap'><div style='height: 32px;'><\/div><a class='lab-button' href='\/fr\/prix-des-diamants\/diamant-naturel-blanc\/' target='' title='\/fr\/prix-des-diamants\/diamant-naturel-blan'>CONSULT BUYING GUIDE<\/a><\/div><\/div><div class='col-md-3 col-inner'><div class='col-inwrap'><\/div><\/div><\/div><div class='row '><div class='col-md-12 col-inner'><div class='col-inwrap'><div style='height: 32px;'><\/div><h2 class='section-title'>Tableau de classement des diamants<\/h2><div class='mb-4'><p>GIA Classement des diamants<br \/>\nLes laboratoires utilisent un microscope pour mesurer l&rsquo;importance des taches en microns.<\/p>\n<p>Les grades de puret\u00e9 suivants sont appel\u00e9s Loupe Clean, Cleanish et Piqu\u00e9, d\u00e9termin\u00e9s par la taille, la position, la luminosit\u00e9 et la quantit\u00e9 d&rsquo;inclusions \/ d\u00e9fauts \/ taches internes et externes sur une \u00e9chelle.<\/p>\n<p>LC \/ IF &#8211; Un diamant est appel\u00e9 Loupe Clean et Internally Flawless lorsqu&rsquo;aucune tache interne n&rsquo;est visible sous une loupe grossissant x 10 &#8211; Loupe Clean.<\/p>\n<p>VVS1 &#8211; Diamant avec de tr\u00e8s tr\u00e8s petites inclusions \/ taches de premier degr\u00e9. Extr\u00eamement difficile \u00e0 d\u00e9tecter m\u00eame par un \u00e9valuateur exp\u00e9riment\u00e9 avec une loupe grossissant x 10 &#8211; Loupe Clean.<\/p>\n<p>VVS2 &#8211; Diamant avec de tr\u00e8s tr\u00e8s petites inclusions et taches de deuxi\u00e8me degr\u00e9. Extr\u00eamement difficile \u00e0 d\u00e9tecter m\u00eame par un \u00e9valuateur exp\u00e9riment\u00e9 avec une loupe grossissant x 10 &#8211; Loupe Clean.<\/p>\n<p>VS1 &#8211; Diamant avec de tr\u00e8s petites inclusions \/ d\u00e9fauts \/ taches de premier degr\u00e9. Difficile \u00e0 d\u00e9tecter m\u00eame par un \u00e9valuateur exp\u00e9riment\u00e9 avec une loupe grossissant x 10 &#8211; Loupe Clean.<\/p>\n<p>VS2 &#8211; Diamant avec de tr\u00e8s petites inclusions \/ d\u00e9fauts \/ taches de deuxi\u00e8me degr\u00e9. Difficile \u00e0 d\u00e9tecter m\u00eame par un \u00e9valuateur exp\u00e9riment\u00e9 avec une loupe grossissant x 10 &#8211; Loupe Clean.<\/p>\n<p>SI1 &#8211; Diamant avec de petites inclusions \/ d\u00e9fauts \/ taches de premier degr\u00e9. Propre \u00e0 l&rsquo;\u0153il nu. D\u00e9tectable avec une loupe grossissant x 10.<\/p>\n<p>SI2 \/ SI3 &#8211; Diamant avec de petites inclusions \/ d\u00e9fauts \/ taches de deuxi\u00e8me et troisi\u00e8me degr\u00e9. D\u00e9tectable \u00e0 l&rsquo;\u0153il nu.<\/p>\n<p>I1 \/ P1 &#8211; Diamant avec des inclusions, d\u00e9fauts \/ taches de premier degr\u00e9. Visibles \u00e0 l&rsquo;\u0153il nu, taches \/ d\u00e9fauts d\u00e9tectables \u00e0 l&rsquo;\u0153il nu. Aussi appel\u00e9 Piqu\u00e9 1.<\/p>\n<p>I2 \/ P2 &#8211; Diamant avec des inclusions : d\u00e9fauts \/ taches de deuxi\u00e8me degr\u00e9. Visibles \u00e0 l&rsquo;\u0153il nu. Aussi appel\u00e9 Piqu\u00e9 2.<\/p>\n<p>I3 \/ P3 &#8211; Diamant avec des inclusions \/ d\u00e9fauts de troisi\u00e8me degr\u00e9. Inclusions \u00e9videntes, taches \/ d\u00e9fauts facilement visibles \u00e0 l&rsquo;\u0153il nu, affectant la transparence et la luminosit\u00e9. Aussi appel\u00e9 Piqu\u00e9 3.<\/p>\n<p><\/p><\/div><\/div><\/div><\/div><\/div><\/div> <div class='row vc_row '><div class='col-md-2 '><\/div><div class='col-md-8 '><div style='height: 32px;'><\/div><div class='vc-image '><figure><a href='\/fr\/prix-des-diamants\/diamant-naturel-blanc\/' class='d-block'><img src='https:\/\/ajediam.com\/wp-content\/uploads\/2019\/03\/Ajediam_footer_Buy_now_13_03_2015.jpg' alt=''><\/a><\/figure><\/div><\/div><div class='col-md-2 '><\/div><\/div> <\/p>\n","protected":false},"excerpt":{"rendered":"","protected":false},"author":5,"featured_media":0,"parent":9927,"menu_order":0,"comment_status":"closed","ping_status":"closed","template":"","meta":{"ub_ctt_via":"","footnotes":""},"acf":[],"featured_image_src":null,"_links":{"self":[{"href":"https:\/\/ajediam.com\/fr\/wp-json\/wp\/v2\/pages\/9949"}],"collection":[{"href":"https:\/\/ajediam.com\/fr\/wp-json\/wp\/v2\/pages"}],"about":[{"href":"https:\/\/ajediam.com\/fr\/wp-json\/wp\/v2\/types\/page"}],"author":[{"embeddable":true,"href":"https:\/\/ajediam.com\/fr\/wp-json\/wp\/v2\/users\/5"}],"replies":[{"embeddable":true,"href":"https:\/\/ajediam.com\/fr\/wp-json\/wp\/v2\/comments?post=9949"}],"version-history":[{"count":4,"href":"https:\/\/ajediam.com\/fr\/wp-json\/wp\/v2\/pages\/9949\/revisions"}],"predecessor-version":[{"id":9956,"href":"https:\/\/ajediam.com\/fr\/wp-json\/wp\/v2\/pages\/9949\/revisions\/9956"}],"up":[{"embeddable":true,"href":"https:\/\/ajediam.com\/fr\/wp-json\/wp\/v2\/pages\/9927"}],"wp:attachment":[{"href":"https:\/\/ajediam.com\/fr\/wp-json\/wp\/v2\/media?parent=9949"}],"curies":[{"name":"wp","href":"https:\/\/api.w.org\/{rel}","templated":true}]}}