{"id":9957,"date":"2019-03-31T13:58:16","date_gmt":"2019-03-31T13:58:16","guid":{"rendered":"https:\/\/ajediam.com\/?page_id=9957"},"modified":"2023-06-30T14:23:55","modified_gmt":"2023-06-30T14:23:55","slug":"couleurs-de-diamant","status":"publish","type":"page","link":"https:\/\/ajediam.com\/fr\/comparer-les-qualites\/couleurs-de-diamant\/","title":{"rendered":"Couleurs de Diamant"},"content":{"rendered":"<p><div class='row vc_row '><div class='col-md-12 '><div style='height: 32px;'><\/div><h2 class='section-title'>Comment les couleurs des diamants apparaissent-elles en r\u00e9alit\u00e9 ? D\u00e9couvrez \u00e0 quoi ressemblent les couleurs des diamants sur des photos r\u00e9elles, pour les couleurs D E F G H I J K L M N O P R S Z<\/h2><p>Tableau de classification des couleurs des diamants selon les normes de la GIA. Couleurs r\u00e9elles sur une \u00e9chelle de D \u00e0 Z pour les diamants blancs \u00e0 jaun\u00e2tres. La pr\u00e9sence d&rsquo;une teinte jaun\u00e2tre diminue le prix.<\/p><div class='mb-4'><p>Consultez \u00e9galement notre tableau de classification des couleurs fantaisie, avec tous les diamants de couleur arc-en-ciel. Source : Antwerp World Diamond Trade Centre.<\/p><\/div><\/div><\/div> <div class='row vc_row '><div class='col-md-12 '><div class='mb-4'><div class='tab-container'><div class='tab-header d-none d-md-block'><\/div><div class='tab' id='1552888342085-653f68ed-9cbf'><h3 class='tab-title d-block d-md-none'>Incolore D - E - F<\/h3><div class='tab-content'><div class='row '><div class='col-md-3 col-inner'><div class='col-inwrap'><div class='vc-image '><figure><div><img src='https:\/\/ajediam.com\/wp-content\/uploads\/2019\/03\/color_chart_DEF.jpg' alt=''><\/div><\/figure><\/div><\/div><\/div><div class='col-md-9 col-inner'><div class='col-inwrap'><div class='mb-4'><p>Couleur D : Blanc exceptionnel + (Rivi\u00e8re)<\/p>\n<p>Couleur E : Blanc exceptionnel (Rivi\u00e8re)<\/p>\n<p>Couleur F : Blanc rare + (Top Wesselton)<\/p>\n<p><a href=\"https:\/\/ajediam.com\/fr\/comparer-les-qualites\/diamants-blancs-bleus-fluorescents\/\">Les myst\u00e9rieux diamants \u00ab\u00a0blanc bleu\u00e2tre\u00a0\u00bb expliqu\u00e9s pour les couleurs D, E et F<\/a><\/p><\/div><\/div><\/div><\/div><\/div><\/div><div class='tab' id='1552888342107-d7980eee-afd1'><h3 class='tab-title d-block d-md-none'>Presque incolore G \u2013 H \u2013 I \u2013 J<\/h3><div class='tab-content'><div class='row '><div class='col-md-3 col-inner'><div class='col-inwrap'><div class='vc-image '><figure><div><img src='https:\/\/ajediam.com\/wp-content\/uploads\/2019\/03\/color_chart_GHI.jpg' alt=''><\/div><\/figure><\/div><\/div><\/div><div class='col-md-9 col-inner'><div class='col-inwrap'><div class='mb-4'><p>Couleur G : Blanc rare (Top Wesselton)<\/p>\n<p>Couleur H : Blanc (Wesselton)<\/p>\n<p>Couleur I : Blanc commercial, l\u00e9g\u00e8rement teint\u00e9 (Top Cristal)<\/p>\n<p>Couleur J : Blanc commercial, l\u00e9g\u00e8rement teint\u00e9 (Top Cristal)<\/p><\/div><\/div><\/div><\/div><\/div><\/div><div class='tab' id='1552933473741-a138fe8e-5fec'><h3 class='tab-title d-block d-md-none'>Couleur jaun\u00e2tre claire K \u2013 L \u2013 M<\/h3><div class='tab-content'><div class='row '><div class='col-md-3 col-inner'><div class='col-inwrap'><div class='vc-image '><figure><div><img src='https:\/\/ajediam.com\/wp-content\/uploads\/2019\/03\/color_chart_JKLM.jpg' alt=''><\/div><\/figure><\/div><\/div><\/div><div class='col-md-9 col-inner'><div class='col-inwrap'><div class='mb-4'><p>Couleur K : Blanc teint\u00e9 &#8211; L\u00e9g\u00e8rement jaune (Top Cape)<\/p>\n<p>Couleur L : Blanc teint\u00e9 &#8211; L\u00e9g\u00e8rement jaune (Top Cape)<\/p>\n<p>Couleur M : L\u00e9g\u00e8rement jaune (Cape teint\u00e9)<\/p><\/div><\/div><\/div><\/div><\/div><\/div><div class='tab' id='1552933888083-db8227db-f722'><h3 class='tab-title d-block d-md-none'>Couleur jaun\u00e2tre tr\u00e8s claire N \u2013 O \u2013 P \u2013 R<\/h3><div class='tab-content'><div class='row '><div class='col-md-3 col-inner'><div class='col-inwrap'><div class='vc-image '><figure><div><img src='https:\/\/ajediam.com\/wp-content\/uploads\/2019\/03\/color_chart_NOPQR.jpg' alt=''><\/div><\/figure><\/div><\/div><\/div><div class='col-md-9 col-inner'><div class='col-inwrap'><div class='mb-4'><p>Couleur N \u2013 O \u2013 P \u2013 R : Tr\u00e8s l\u00e9g\u00e8rement jaun\u00e2tre (Cape teint\u00e9)<\/p><\/div><\/div><\/div><\/div><\/div><\/div><div class='tab' id='1552933889171-f1ed2875-237c'><h3 class='tab-title d-block d-md-none'>Couleur jaun\u00e2tre claire S \u2013 T \u2013 U \u2013 V<\/h3><div class='tab-content'><div class='row '><div class='col-md-3 col-inner'><div class='col-inwrap'><div class='vc-image '><figure><div><img src='https:\/\/ajediam.com\/wp-content\/uploads\/2019\/03\/colour_chart_STUV.jpg' alt=''><\/div><\/figure><\/div><\/div><\/div><div class='col-md-9 col-inner'><div class='col-inwrap'><div class='mb-4'><p>Couleur S \u2013 T \u2013 U \u2013 V : Jaune clair (Cape teint\u00e9)<\/p>\n<p><\/p><\/div><\/div><\/div><\/div><\/div><\/div><div class='tab' id='1552933890244-87339f26-ccaf'><h3 class='tab-title d-block d-md-none'>Couleur jaune claire W \u2013 X \u2013 Y \u2013 Z<\/h3><div class='tab-content'><div class='row '><div class='col-md-3 col-inner'><div class='col-inwrap'><div class='vc-image '><figure><div><img src='https:\/\/ajediam.com\/wp-content\/uploads\/2019\/03\/colour_chart_WXYZ.jpg' alt=''><\/div><\/figure><\/div><\/div><\/div><div class='col-md-9 col-inner'><div class='col-inwrap'><div class='mb-4'><p>Couleur W \u2013 X \u2013 Y \u2013 Z : Jaune clair (Cape teint\u00e9)<\/p>\n<p><a href=\"https:\/\/ajediam.com\/fr\/comparer-les-qualites\/diamants-blancs-bleus-fluorescents\/\">Influence de la fluorescence sur la couleur<\/a><\/p><\/div><\/div><\/div><\/div><\/div><\/div><\/div><\/div><\/div><\/div> <div class='row vc_row '><div class='col-md-12 '><div style='height: 32px;'><\/div><div class='row '><div class='col-md-4 col-inner'><div class='col-inwrap'><div class='mb-4'><p>Veuillez noter ! Chaque diamant a sa propre couleur et peut diff\u00e9rer de la couleur standard ! Notez que la nature n&rsquo;a pas trac\u00e9 de lignes entre la transition graduelle des couleurs.<\/p><\/div><\/div><\/div><div class='col-md-4 col-inner'><div class='col-inwrap'><a class='lab-button' href='http:\/\/ajediam.com\/engagement-rings' target='' title='url:http:\/\/ajediam.com\/engagement-rings|'>ACHETEZ MAINTENANT<\/a><\/div><\/div><div class='col-md-4 col-inner'><div class='col-inwrap'><div class='mb-4'><p>Acc\u00e9dez au tableau de classification des couleurs fantaisie<\/p><\/div><\/div><\/div><\/div><\/div><\/div> <div class='row vc_row '><div class='col-md-2 '><\/div><div class='col-md-8 '><div style='height: 32px;'><\/div><div class='vc-image '><figure><a href='\/fr\/prix-des-diamants\/diamant-naturel-blanc\/' class='d-block'><img src='https:\/\/ajediam.com\/wp-content\/uploads\/2019\/03\/Ajediam_footer_Buy_now_13_03_2015.jpg' alt=''><\/a><\/figure><\/div><\/div><div class='col-md-2 '><\/div><\/div> <div class='row vc_row '><div class='col-md-12 '><div class='mb-4'><p><\/p>\n<p><\/p><\/div><\/div><\/div> <\/p>\n","protected":false},"excerpt":{"rendered":"","protected":false},"author":5,"featured_media":0,"parent":9927,"menu_order":0,"comment_status":"closed","ping_status":"closed","template":"","meta":{"ub_ctt_via":"","footnotes":""},"acf":[],"featured_image_src":null,"_links":{"self":[{"href":"https:\/\/ajediam.com\/fr\/wp-json\/wp\/v2\/pages\/9957"}],"collection":[{"href":"https:\/\/ajediam.com\/fr\/wp-json\/wp\/v2\/pages"}],"about":[{"href":"https:\/\/ajediam.com\/fr\/wp-json\/wp\/v2\/types\/page"}],"author":[{"embeddable":true,"href":"https:\/\/ajediam.com\/fr\/wp-json\/wp\/v2\/users\/5"}],"replies":[{"embeddable":true,"href":"https:\/\/ajediam.com\/fr\/wp-json\/wp\/v2\/comments?post=9957"}],"version-history":[{"count":2,"href":"https:\/\/ajediam.com\/fr\/wp-json\/wp\/v2\/pages\/9957\/revisions"}],"predecessor-version":[{"id":9960,"href":"https:\/\/ajediam.com\/fr\/wp-json\/wp\/v2\/pages\/9957\/revisions\/9960"}],"up":[{"embeddable":true,"href":"https:\/\/ajediam.com\/fr\/wp-json\/wp\/v2\/pages\/9927"}],"wp:attachment":[{"href":"https:\/\/ajediam.com\/fr\/wp-json\/wp\/v2\/media?parent=9957"}],"curies":[{"name":"wp","href":"https:\/\/api.w.org\/{rel}","templated":true}]}}