{"id":9961,"date":"2019-04-29T10:40:37","date_gmt":"2019-04-29T10:40:37","guid":{"rendered":"https:\/\/ajediam.com\/?page_id=9961"},"modified":"2023-06-30T14:29:22","modified_gmt":"2023-06-30T14:29:22","slug":"coeurs-et-fleches","status":"publish","type":"page","link":"https:\/\/ajediam.com\/fr\/comparer-les-qualites\/coeurs-et-fleches\/","title":{"rendered":"Coeurs Et Fl\u00e8ches"},"content":{"rendered":"<p><div class='row vc_row '><div class='col-md-12 '><div class='mb-4'><p>Explication de la taille Hearts &amp; Arrows Au-dessus du grade Triple Excellent sur la taille &#8211; Polissage &#8211; Sym\u00e9trie, il existe la taille Hearts &amp; Arrows.<\/p>\n<p>Les Hearts &amp; Arrows doivent avoir une sym\u00e9trie parfaite des facettes et des longueurs particuli\u00e8res des facettes de la couronne inf\u00e9rieure, offrant ainsi un \u00e9clat maximal au diamant ! On l&rsquo;appelle SUPER IDEAL CUT (taille super id\u00e9ale) !<\/p><\/div><\/div><\/div> <div class='row vc_row vc_custom_1552886396531'><div class='col-md-12 '><div class='row '><div class='col-md-8 col-inner'><div class='col-inwrap'><div class='mb-4'><p><\/p>\n<p>Les c\u0153urs et fl\u00e8ches, le motif H&amp;A, sont d\u00e9finis par une sym\u00e9trie parfaite des principales facettes avec des longueurs particuli\u00e8res de ses facettes de la couronne inf\u00e9rieure, \u00e9galement appel\u00e9es diamants \u00e0 taille super id\u00e9ale.<\/p>\n<p>Il s&rsquo;agit du motif de sym\u00e9trie optique id\u00e9ale + parall\u00e9lisme excellent, avec des longueurs particuli\u00e8res des facettes de la couronne inf\u00e9rieure et des principales facettes, obtenues gr\u00e2ce \u00e0 une excellente taille des angles des principales facettes et des facettes secondaires.<\/p>\n<p>Vu depuis la couronne (LE DESSUS), le motif pr\u00e9sente huit fl\u00e8ches. Vu depuis le pavillon (LE DESSOUS), le motif pr\u00e9sente huit c\u0153urs. Vous pouvez le voir gr\u00e2ce \u00e0 un spectateur de magnification sp\u00e9ciale. Regardez-le ici sur les images :<\/p>\n<p><\/p><\/div><\/div><\/div><div class='col-md-4 col-inner'><div class='col-inwrap'><div class='vc-image text-center'><figure><div><img src='https:\/\/ajediam.com\/wp-content\/uploads\/2019\/03\/Triple_Excellent_Hearts___Arrows_brilliant_diamond.jpg' alt=''><\/div><\/figure><\/div><div class='mb-4'><p><\/p>\n<p>Image du diamant H&amp;A vue depuis le dessus\/la table<\/p>\n<p><\/p><\/div><\/div><\/div><\/div><\/div><\/div> <style>.vc_custom_1552886396531 { border-top-width: 3px !important;border-right-width: 3px !important;border-bottom-width: 3px !important;border-left-width: 3px !important;border-left-color: #e2ebf0 !important;border-left-style: solid !important;border-right-color: #e2ebf0 !important;border-right-style: solid !important;border-top-color: #e2ebf0 !important;border-top-style: solid !important;border-bottom-color: #e2ebf0 !important;border-bottom-style: solid !important;} }<\/style><div class='row vc_row vc_custom_1552886396531'><div class='col-md-12 '><div class='row '><div class='col-md-4 col-inner'><div class='col-inwrap'><div class='vc-image text-center'><figure><div><img src='https:\/\/ajediam.com\/wp-content\/uploads\/2019\/03\/Hearts_Arrows_-_Triple_Ex_image.jpg' alt=''><\/div><\/figure><\/div><\/div><\/div><div class='col-md-4 col-inner'><div class='col-inwrap'><div class='mb-4'><p><\/p>\n<p>Les diamants taill\u00e9s en Hearts and Arrows sont vendus \u00e0 un prix sup\u00e9rieur !<\/p>\n<p>Le HRD (Conseil sup\u00e9rieur du diamant), l&rsquo;IGI et le GIA classent les coupes Hearts and Arrows en tant que H&amp;A et les \u00e9tiquettent avec des images.<\/p>\n<p>Jetez un coup d&rsquo;\u0153il aux certificats H&amp;A : Consultez la mani\u00e8re dont les <a href=\"https:\/\/ajediam.com\/fr\/identification\/images-de-certificats-de-diamant\/\">Hearts &amp; Arrows sont class\u00e9s sur un certificat de diamant.<\/a><\/p>\n<p><\/p><\/div><\/div><\/div><div class='col-md-4 col-inner'><div class='col-inwrap'><div class='vc-image text-center'><figure><div><img src='https:\/\/ajediam.com\/wp-content\/uploads\/2019\/03\/Hearts___Arrows_viewer.jpg' alt=''><\/div><\/figure><\/div><div class='mb-4'><p><\/p>\n<p>Spectateur pour les c\u0153urs et fl\u00e8ches<\/p>\n<p><\/p><\/div><\/div><\/div><\/div><\/div><\/div> <style>.vc_custom_1552886396531 { border-top-width: 3px !important;border-right-width: 3px !important;border-bottom-width: 3px !important;border-left-width: 3px !important;border-left-color: #e2ebf0 !important;border-left-style: solid !important;border-right-color: #e2ebf0 !important;border-right-style: solid !important;border-top-color: #e2ebf0 !important;border-top-style: solid !important;border-bottom-color: #e2ebf0 !important;border-bottom-style: solid !important;} }<\/style><div class='row vc_row '><div class='col-md-3 '><\/div><div class='col-md-3 '><div style='height: 32px;'><\/div><a class='lab-button' href='http:\/\/ajediam.com\/engagement-rings' target='' title='url:http:\/\/ajediam.com\/engagement-rings|'>ACHETEZ MAINTENANT<\/a><\/div><div class='col-md-3 '><div style='height: 32px;'><\/div><a class='lab-button' href='\/fr\/prix-des-diamants\/diamant-naturel-blanc\/' target='' title='\/fr\/prix-des-diamants\/diamant-naturel-blan'>CONSULTEZ LE GUIDE D'ACHAT<\/a><\/div><div class='col-md-3 '><\/div><\/div> <div class='row vc_row '><div class='col-md-2 '><\/div><div class='col-md-8 '><div style='height: 32px;'><\/div><div class='vc-image '><figure><a href='\/fr\/prix-des-diamants\/diamant-naturel-blanc\/' class='d-block'><img src='https:\/\/ajediam.com\/wp-content\/uploads\/2019\/03\/Ajediam_footer_Buy_now_13_03_2015.jpg' alt=''><\/a><\/figure><\/div><\/div><div class='col-md-2 '><\/div><\/div> <\/p>\n","protected":false},"excerpt":{"rendered":"","protected":false},"author":5,"featured_media":0,"parent":9927,"menu_order":0,"comment_status":"closed","ping_status":"closed","template":"","meta":{"ub_ctt_via":"","footnotes":""},"acf":[],"featured_image_src":null,"_links":{"self":[{"href":"https:\/\/ajediam.com\/fr\/wp-json\/wp\/v2\/pages\/9961"}],"collection":[{"href":"https:\/\/ajediam.com\/fr\/wp-json\/wp\/v2\/pages"}],"about":[{"href":"https:\/\/ajediam.com\/fr\/wp-json\/wp\/v2\/types\/page"}],"author":[{"embeddable":true,"href":"https:\/\/ajediam.com\/fr\/wp-json\/wp\/v2\/users\/5"}],"replies":[{"embeddable":true,"href":"https:\/\/ajediam.com\/fr\/wp-json\/wp\/v2\/comments?post=9961"}],"version-history":[{"count":1,"href":"https:\/\/ajediam.com\/fr\/wp-json\/wp\/v2\/pages\/9961\/revisions"}],"predecessor-version":[{"id":9962,"href":"https:\/\/ajediam.com\/fr\/wp-json\/wp\/v2\/pages\/9961\/revisions\/9962"}],"up":[{"embeddable":true,"href":"https:\/\/ajediam.com\/fr\/wp-json\/wp\/v2\/pages\/9927"}],"wp:attachment":[{"href":"https:\/\/ajediam.com\/fr\/wp-json\/wp\/v2\/media?parent=9961"}],"curies":[{"name":"wp","href":"https:\/\/api.w.org\/{rel}","templated":true}]}}