{"id":9963,"date":"2019-04-30T06:49:17","date_gmt":"2019-04-30T06:49:17","guid":{"rendered":"https:\/\/ajediam.com\/?page_id=9963"},"modified":"2023-06-30T14:43:59","modified_gmt":"2023-06-30T14:43:59","slug":"diamants-taille-ideale","status":"publish","type":"page","link":"https:\/\/ajediam.com\/fr\/comparer-les-qualites\/diamants-taille-ideale\/","title":{"rendered":"Diamants taille id\u00e9ale"},"content":{"rendered":"<p><div class='row vc_row '><div class='col-md-12 '><h2 class='section-title'>Pourquoi ne devriez-vous acheter que des diamants de taille Triple Excellent, Hearts &amp; Arrows Super Ideal Cut ? Pourquoi les diamants de taille Hearts &amp; Arrows Super Ideal Cut valent-ils un prix plus \u00e9lev\u00e9 ?<\/h2><\/div><\/div> <div class='row vc_row vc_custom_1552886396531'><div class='col-md-12 '><div class='row '><div class='col-md-6 col-inner'><div class='col-inwrap'><div class='vc-image text-center'><figure><div><img src='https:\/\/ajediam.com\/wp-content\/uploads\/2019\/03\/76__Loss_by_cutting_EX_EX_EX_H_A-287x300.jpg' alt=''><\/div><\/figure><\/div><\/div><\/div><div class='col-md-6 col-inner'><div class='col-inwrap'><div class='mb-4'><p>76% de perte de diamant brut avec une taille Super Ideal Cut, Triple EX, H&amp;A Seuls quelques tailleurs experts qualifi\u00e9s sont capables de r\u00e9aliser une excellente taille Peu de diamants bruts sont adapt\u00e9s pour r\u00e9pondre aux crit\u00e8res de coupe excellente<\/p><\/div><\/div><\/div><\/div><\/div><\/div> <style>.vc_custom_1552886396531 { border-top-width: 3px !important;border-right-width: 3px !important;border-bottom-width: 3px !important;border-left-width: 3px !important;border-left-color: #e2ebf0 !important;border-left-style: solid !important;border-right-color: #e2ebf0 !important;border-right-style: solid !important;border-top-color: #e2ebf0 !important;border-top-style: solid !important;border-bottom-color: #e2ebf0 !important;border-bottom-style: solid !important;} }<\/style><div class='row vc_row '><div class='col-md-12 '><div style='height: 32px;'><\/div><div class='mb-4'><p>La taille est l&rsquo;\u00e9l\u00e9ment le plus important pour refl\u00e9ter la brillance !<\/p>\n<p>Elle peut \u00eatre d\u00e9termin\u00e9e par 3 descriptions distinctes :<\/p>\n<p>La qualit\u00e9 \u00e9tincelante de la taille id\u00e9ale est d\u00e9termin\u00e9e par 3 facteurs distincts :<\/p>\n<ol>\n<li>Proportions<\/li>\n<li>Polissage<\/li>\n<li>Sym\u00e9trie de toutes les facettes<\/li>\n<\/ol>\n<p>Avis important<br \/>\nSi vous n&rsquo;\u00eates pas un professionnel ou si vous n&rsquo;\u00eates pas familier avec l&rsquo;\u00e9valuation de la taille,<br \/>\nfaites confiance \u00e0 l&rsquo;expert d&rsquo;un laboratoire gemmologique r\u00e9put\u00e9.<\/p>\n<p>Il est pr\u00e9f\u00e9rable de voir le diamant en vrac et son document d&rsquo;\u00e9valuation authentique chez le diamantaire.<\/p>\n<p>Avec les bonnes proportions, un diamant rond brillant sera appel\u00e9 \u00ab\u00a0taille id\u00e9ale\u00a0\u00bb,<br \/>\nce n&rsquo;est pas un terme \u00ab\u00a0officiel\u00a0\u00bb pour d\u00e9crire la qualit\u00e9 de la taille, d&rsquo;ailleurs.<br \/>\nTaille id\u00e9ale<br \/>\nComment les laboratoires de diamants \u00e9valuent la taille &#8211; le polissage &#8211; la sym\u00e9trie<br \/>\n<strong><a href=\"https:\/\/ajediam.com\/fr\/comparer-les-qualites\/coeurs-et-fleches\/\">Voir l&rsquo;image d&rsquo;une taille id\u00e9ale certifi\u00e9e<\/a><\/strong><\/p>\n<ol>\n<li><strong>Proportions<\/strong> : Excellentes<\/li>\n<li><strong>Polissage<\/strong> : Excellent<\/li>\n<li><strong>Sym\u00e9trie<\/strong> : Excellente<\/li>\n<li><strong><a href=\"https:\/\/ajediam.com\/fr\/comparer-les-qualites\/coeurs-et-fleches\/\">C\u0153urs et fl\u00e8ches<\/a><\/strong><\/li>\n<\/ol>\n<p>C&rsquo;est la taille id\u00e9ale haut de gamme.<br \/>\nHearts &amp; Arrows est l&rsquo;art de la taille et de loin la meilleure taille, appel\u00e9e Super Ideal Cut (taille super id\u00e9ale).<\/p>\n<p>Les diamants de taille id\u00e9ale, Hearts and Arrows et <a href=\"https:\/\/ajediam.com\/fr\/comparer-les-qualites\/tableau-des-variations-de-la-qualite\/\">Triple Excellent b\u00e9n\u00e9ficient d&rsquo;une prime de prix<\/a> sur le march\u00e9 mondial,<br \/>\nrefl\u00e9tant ainsi leur v\u00e9ritable valeur &#8211; les plus chers !<\/p><\/div><\/div><\/div> <div class='row vc_row '><div class='col-md-3 '><\/div><div class='col-md-3 '><div style='height: 32px;'><\/div><a class='lab-button' href='http:\/\/ajediam.com\/engagement-rings' target='' title='url:http:\/\/ajediam.com\/engagement-rings|'>ACHETEZ MAINTENANT<\/a><\/div><div class='col-md-3 '><div style='height: 32px;'><\/div><a class='lab-button' href='\/fr\/notre-formulaire-de-demande-rapide\/' target='' title='\/fr\/notre-formulaire-de-demande-rapid'>CONSULTEZ LE GUIDE D'ACHAT<\/a><\/div><div class='col-md-3 '><\/div><\/div> <div class='row vc_row '><div class='col-md-2 '><\/div><div class='col-md-8 '><div style='height: 32px;'><\/div><div class='vc-image '><figure><a href='\/fr\/notre-formulaire-de-demande-rapide\/' class='d-block'><img src='https:\/\/ajediam.com\/wp-content\/uploads\/2019\/03\/Ajediam_footer_Buy_now_13_03_2015.jpg' alt=''><\/a><\/figure><\/div><\/div><div class='col-md-2 '><\/div><\/div> <\/p>\n","protected":false},"excerpt":{"rendered":"","protected":false},"author":5,"featured_media":0,"parent":9927,"menu_order":0,"comment_status":"closed","ping_status":"closed","template":"","meta":{"ub_ctt_via":"","footnotes":""},"acf":[],"featured_image_src":null,"_links":{"self":[{"href":"https:\/\/ajediam.com\/fr\/wp-json\/wp\/v2\/pages\/9963"}],"collection":[{"href":"https:\/\/ajediam.com\/fr\/wp-json\/wp\/v2\/pages"}],"about":[{"href":"https:\/\/ajediam.com\/fr\/wp-json\/wp\/v2\/types\/page"}],"author":[{"embeddable":true,"href":"https:\/\/ajediam.com\/fr\/wp-json\/wp\/v2\/users\/5"}],"replies":[{"embeddable":true,"href":"https:\/\/ajediam.com\/fr\/wp-json\/wp\/v2\/comments?post=9963"}],"version-history":[{"count":2,"href":"https:\/\/ajediam.com\/fr\/wp-json\/wp\/v2\/pages\/9963\/revisions"}],"predecessor-version":[{"id":9966,"href":"https:\/\/ajediam.com\/fr\/wp-json\/wp\/v2\/pages\/9963\/revisions\/9966"}],"up":[{"embeddable":true,"href":"https:\/\/ajediam.com\/fr\/wp-json\/wp\/v2\/pages\/9927"}],"wp:attachment":[{"href":"https:\/\/ajediam.com\/fr\/wp-json\/wp\/v2\/media?parent=9963"}],"curies":[{"name":"wp","href":"https:\/\/api.w.org\/{rel}","templated":true}]}}