{"id":9968,"date":"2019-04-01T07:16:36","date_gmt":"2019-04-01T07:16:36","guid":{"rendered":"https:\/\/ajediam.com\/?page_id=9968"},"modified":"2023-06-30T15:41:24","modified_gmt":"2023-06-30T15:41:24","slug":"tableau-de-taille-de-diamant","status":"publish","type":"page","link":"https:\/\/ajediam.com\/fr\/comparer-les-qualites\/tableau-de-taille-de-diamant\/","title":{"rendered":"Tableau de taille de diamant"},"content":{"rendered":"<p><div class='row vc_row '><div class='col-md-12 '><div style='height: 32px;'><\/div><h2 class='section-title'>Quelles sont les proportions de coupe parfaites pour maximiser l'\u00e9clat du diamant ?<\/h2><p>\u00c9tant donn\u00e9 que la coupe est un sujet majeur dans le processus de s\u00e9lection des diamants, on estime que 98 % des diamants ronds ont une qualit\u00e9 de coupe inf\u00e9rieure.<\/p>\n<p>Pourquoi ? Le prix d&rsquo;un diamant est principalement affect\u00e9 et calcul\u00e9 par son poids en carats. Les tailleurs et les polisseurs cherchent \u00e0 maximiser le poids en carats plut\u00f4t que de \u00ab\u00a0sacrifier\u00a0\u00bb du poids pour une meilleure coupe. La diff\u00e9rence de prix peut varier de moins 60 % \u00e0 plus 50 %. UNE DIFF\u00c9RENCE DE 110 % ! Vous pouvez en savoir plus \u00e0 ce sujet ici.<\/p><\/div><\/div> <div class='row vc_row vc_custom_1552886396531'><div class='col-md-3 '><div class='row '><div class='col-md-12 col-inner'><div class='col-inwrap'><div class='vc-image '><figure><div><img src='https:\/\/ajediam.com\/wp-content\/uploads\/2019\/03\/Triple_Excellent_Hearts___Arrows_brilliant_diamond-150x150.jpg' alt=''><\/div><\/figure><\/div><\/div><\/div><\/div><\/div><div class='col-md-9 '><div style='height: 32px;'><\/div><div class='mb-4'><p>La <a href=\"https:\/\/ajediam.com\/fr\/comparer-les-qualites\/tableau-des-variations-de-la-qualite\/\">qualit\u00e9 de la coupe<\/a> est le maillon manquant dans les prix de Rapaport, d\u00e9sormais compl\u00e9t\u00e9 ici.<\/p>\n<p>C&rsquo;est la raison pour laquelle vous pouvez b\u00e9n\u00e9ficier de -60% de remise \u00e0 +50% de prime sur les prix ! Les diamants de taille id\u00e9ale ou excellente sont des primes.<\/p>\n<p>Les proportions, le scintillement, l&rsquo;\u00e9clat ou la brillance et la beaut\u00e9 sont r\u00e9alis\u00e9s par des proportions id\u00e9ales, la sym\u00e9trie et la coupe de Table, Crown hight, Pavillion et Cullet.<\/p><\/div><\/div><\/div> <style>.vc_custom_1552886396531 { border-top-width: 3px !important;border-right-width: 3px !important;border-bottom-width: 3px !important;border-left-width: 3px !important;border-left-color: #e2ebf0 !important;border-left-style: solid !important;border-right-color: #e2ebf0 !important;border-right-style: solid !important;border-top-color: #e2ebf0 !important;border-top-style: solid !important;border-bottom-color: #e2ebf0 !important;border-bottom-style: solid !important;} }<\/style><div class='row vc_row vc_custom_1552886396531'><div class='col-md-6 '><div class='row '><div class='col-md-12 col-inner'><div class='col-inwrap'><div class='mb-4'><p><\/p>\n<p style=\"text-align: center;\">Proportions id\u00e9ales de diamants<\/p>\n<p><\/p><\/div><div class='vc-image text-center'><figure><div><img src='https:\/\/ajediam.com\/wp-content\/uploads\/2019\/04\/screenshot-www.ajediam.com-2019.04.01-11-08-48.png' alt=''><\/div><\/figure><\/div><\/div><\/div><\/div><\/div><div class='col-md-6 '><div style='height: 32px;'><\/div><div class='mb-4'><p>Pas besoin de devenir un expert.<br \/>\nFaites confiance aux r\u00e9sultats des Grading Labs GIA et HRD. Tout est mentionn\u00e9 sur le certificat. Nous vous montrons uniquement les d\u00e9tails de coupe pour comprendre comment cela fonctionne :<\/p><\/div><\/div><\/div> <style>.vc_custom_1552886396531 { border-top-width: 3px !important;border-right-width: 3px !important;border-bottom-width: 3px !important;border-left-width: 3px !important;border-left-color: #e2ebf0 !important;border-left-style: solid !important;border-right-color: #e2ebf0 !important;border-right-style: solid !important;border-top-color: #e2ebf0 !important;border-top-style: solid !important;border-bottom-color: #e2ebf0 !important;border-bottom-style: solid !important;} }<\/style><div class='row vc_row '><div class='col-md-12 '><div style='height: 32px;'><\/div><div class='mb-4'><p>D\u00e9couvrez comment \u00e9valuer les tailles de diamants ici\u00a0:<\/p>\n<p><strong>La taille et le polissage de diamants sont l&rsquo;art, la comp\u00e9tence et la science de transformer une pierre brute en un diamant brillant.<\/strong><br \/>\n&lsquo;Cut&rsquo; a deux significations par rapport aux diamants.<br \/>\nLe premier est la forme : rond, ovale et ainsi de suite.<br \/>\nLa seconde concerne la qualit\u00e9 sp\u00e9cifique de la coupe dans la forme et la qualit\u00e9 et le prix varient consid\u00e9rablement en fonction de la qualit\u00e9 de la coupe.<br \/>\nEn savoir plus sur Wikip\u00e9dia, l&rsquo;art de la taille du diamant<\/p>\n<p>La forme est le mod\u00e8le ou la forme du diamant, tel que rond, ovale, poire, princesse et plus encore. La coupe fait r\u00e9f\u00e9rence aux proportions et au degr\u00e9 de finition.<\/p>\n<p><strong>La coupe est l&rsquo;\u00e9l\u00e9ment le plus important pour refl\u00e9ter la brillance et est d\u00e9terminable par 3 descriptions distinctes :<\/strong><br \/>\nLa coupe est l&rsquo;\u00e9l\u00e9ment le plus important pour contr\u00f4ler la brillance, la scintillation et le feu.<\/p><\/div><div class='mb-4'><p><\/p>\n<h3>Comment la taille du diamant affecte la beaut\u00e9 et le prix\u00a0: <a href=\"https:\/\/ajediam.com\/fr\/comparer-les-qualites\/tableau-des-variations-de-la-qualite\/\">consultez le tableau des variations de qualit\u00e9<\/a><\/h3>\n<p>La qualit\u00e9 p\u00e9tillante de la coupe est \u00e0 d\u00e9terminer par 3 facteurs distincts :<\/p>\n<p><strong>1. Proportions<\/strong><br \/>\n<strong>2. Polir<\/strong><br \/>\n<strong>3. Sym\u00e9trie<\/strong><\/p>\n<p>Quels sont les diamants taill\u00e9s id\u00e9aux ?<\/p>\n<p><strong>Avis important<\/strong><br \/>\nsi vous ne voulez pas devenir fou pour trouver la meilleure coupe par vous-m\u00eame&#8230;<\/p>\n<h4>Si vous n&rsquo;\u00eates pas un professionnel ou familier avec le classement de coupe,<br \/>\nfaites confiance au meilleur laboratoire de gemmologie ind\u00e9pendant :<br \/>\nGIA, HRD ou IGI<\/h4>\n<h4>Inspectez le diamant en vrac et son document de classement authentique<br \/>\nchez le diamantaire.<\/h4>\n<p>Le classement digne de confiance et les certificats de diamant proviennent principalement de\u00a0:<br \/>\nHRD \u2013 Diamond High Council of Antwerp World Diamond Center (non profit!)<br \/>\nIGI \u2013 International Gemological Institute <a href=\"https:\/\/ajediam.com\/fr\/identification\/images-de-certificats-de-diamant\/\">Voir le certificat de diamant<\/a><br \/>\nGIA \u2013 Gemological Institute of America<\/p>\n<p><strong>Comment Diamond Laboratories classe la coupe : Proportions &#8211; Polir &#8211; Sym\u00e9trie<\/strong><\/p>\n<p><strong>1. Proportions<\/strong><br \/>\nLes diamants taill\u00e9s trop peu profonds et\/ou trop profonds perdront leur \u00e9clat par le c\u00f4t\u00e9 et le fond.<br \/>\nLe r\u00e9sultat est un diamant terne avec moins de brillance, affectant la valeur ultime en termes de qualit\u00e9 et de prix !<br \/>\nExcellent, tr\u00e8s bon, bon, passable, m\u00e9diocre ou inhabituel<\/p>\n<p><strong>2. Polir<\/strong><br \/>\nLa qualit\u00e9 de finition ou le polissage des diamants de taille id\u00e9ale sont d\u00e9crits comme suit\u00a0:<br \/>\nToutes les facettes d&rsquo;un diamant sont soigneusement polies pour \u00e9liminer toutes les imperfections, caract\u00e9ristiques telles que les abrasions,<br \/>\nrayures, entailles et marques de polissage sur la surface du diamant pour donner au miroir un \u00e9clat et la touche finale de beaut\u00e9.<br \/>\nClassement polonais : Excellent, Tr\u00e8s bon, Bon, Passable, M\u00e9diocre ou Inhabituel<\/p>\n<p><strong>3. Sym\u00e9trie<\/strong><br \/>\nc&rsquo;est l&rsquo;\u00e9quilibre et la r\u00e9gularit\u00e9\/r\u00e9gularit\u00e9 des facettes.<br \/>\nLes facettes sont compar\u00e9es par paires oppos\u00e9es, d\u00e9finies comme suit\u00a0:<br \/>\nClassement de la sym\u00e9trie\u00a0: Excellent, Tr\u00e8s bon, Bon, Passable, Mauvais ou Inhabituel<\/p>\n<p><strong>Coupe triple excellente<br \/>\n<\/strong>Lorsque les proportions, le polissage et la sym\u00e9trie sont not\u00e9s Excellent, il est nomm\u00e9 Triple Excellent<\/p>\n<p>Coupe id\u00e9ale = coupe parfaite = triple excellent + coeurs et fl\u00e8ches = meilleur rapport qualit\u00e9-prix\u00a0!<br \/>\nLorsque les proportions, le polissage et la sym\u00e9trie sont not\u00e9s excellents<\/p>\n<p><strong>4. <a href=\"https:\/\/ajediam.com\/fr\/comparer-les-qualites\/coeurs-et-fleches\/\">Coeurs et Fl\u00e8ches<\/a> &#8211; Le Top dans l&rsquo;Art de d\u00e9couper tout savoir.<\/strong><\/p>\n<p>Mesures des diamants ronds brillants Mesures des diamants taille fantaisie<\/p>\n<p><strong>Je r\u00e9p\u00e8te encore une fois :<\/strong><br \/>\nsi vous ne voulez pas devenir fou pour trouver la meilleure coupe par vous-m\u00eame&#8230; Si vous n&rsquo;\u00eates pas un professionnel ou familier avec le classement de coupe, faites confiance<br \/>\nle classement ind\u00e9pendant par un laboratoire de gemmologie GIA, HRD ou IGI r\u00e9put\u00e9. Meilleure vue du diamant en vrac et de son document de classement authentique<br \/>\nchez le diamantaire.<br \/>\nSi vous n&rsquo;\u00eates pas s\u00fbr, faites confiance \u00e0 l&rsquo;avis de l&rsquo;Expert, le Grading ind\u00e9pendant par un Laboratoire Gemmologique r\u00e9put\u00e9 !<\/p>\n<p><\/p><\/div><\/div><\/div> <div class='row vc_row '><div class='col-md-12 '><div class='mb-4'><p><\/p>\n<div><span class=\"size11 Helvetica11\" style=\"color: #3a60a0; font-family: Helvetica, Arial, sans-serif;\"><b>Proportions:\u00a0<\/b><\/span><span class=\"size11 Helvetica11\" style=\"color: #3a60a0; font-family: Helvetica, Arial, sans-serif;\">\u00a0 \u00a0 \u00a0 \u00a0 \u00a0 \u00a0 \u00a0 \u00a0 \u00a0 Total depth % \u00a0 \u00a0 \u00a0 \u00a0 \u00a0 Table % \u00a0 \u00a0 \u00a0 \u00a0 \u00a0 \u00a0 \u00a0Crown % \u00a0 \u00a0 \u00a0 \u00a0Crown angle \u00b0 \u00a0 \u00a0Pavilion % \u00a0 \u00a0 \u00a0 \u00a0 Pavilion angle \u00b0<br \/>\n<\/span><\/div>\n<div><span class=\"size11 Helvetica11\" style=\"color: #3a60a0; font-family: Helvetica, Arial, sans-serif;\">\u00a0<\/span><\/div>\n<div><span class=\"size11 Helvetica11\" style=\"color: #3a60a0; font-family: Helvetica, Arial, sans-serif;\">Excellent: \u00a0 \u00a0 \u00a0 \u00a0 \u00a0 \u00a0 \u00a0 \u00a0 \u00a0 \u00a0 \u00a0 \u00a0 \u00a058.0 &#8211; 63.5 \u00a0 \u00a0 \u00a0 \u00a0 \u00a0 \u00a0 \u00a0 52.0 &#8211; 63.0 \u00a0 \u00a0 \u00a0 \u00a0 12.0 &#8211; 16.5 \u00a0 \u00a0 \u00a0 31.5 &#8211; 36.5 \u00a0 \u00a0 \u00a0 \u00a042.0 &#8211; 44.5 \u00a0 \u00a0 \u00a0 \u00a040.0\u00b0 &#8211; 41.7\u00b0<br \/>\n<\/span><\/div>\n<div><span class=\"size11 Helvetica11\" style=\"color: #3a60a0; font-family: Helvetica, Arial, sans-serif;\">\u00a0<\/span><\/div>\n<div><span class=\"size11 Helvetica11\" style=\"color: #3a60a0; font-family: Helvetica, Arial, sans-serif;\">Very Good: \u00a0 \u00a0 \u00a0 \u00a0 \u00a0 \u00a0 \u00a0 \u00a0 \u00a0 \u00a0 \u00a0 \u00a055.0 &#8211; 65.5 \u00a0 \u00a0 \u00a0 \u00a0 \u00a0 \u00a0 \u00a0 52.0 &#8211; 66.0 \u00a0 \u00a0 \u00a0 \u00a0 10.0 &#8211; 17.5 \u00a0 \u00a0 \u00a0 28.5 &#8211; 38.0 \u00a0 \u00a0 \u00a0 \u00a041.5 &#8211; 45.0 \u00a0 \u00a0 \u00a0 \u00a039.7\u00b0 &#8211; 42.3\u00b0<br \/>\n<\/span><\/div>\n<div><span class=\"size11 Helvetica11\" style=\"color: #3a60a0; font-family: Helvetica, Arial, sans-serif;\">\u00a0<\/span><\/div>\n<div><span class=\"size11 Helvetica11\" style=\"color: #3a60a0; font-family: Helvetica, Arial, sans-serif;\">Good: \u00a0 \u00a0 \u00a0 \u00a0 \u00a0 \u00a0 \u00a0 \u00a0 \u00a0 \u00a0 \u00a0 \u00a0 \u00a0 \u00a0 \u00a0 \u00a053.0 &#8211; 69.0 \u00a0 \u00a0 \u00a0 \u00a0 \u00a0 \u00a0 \u00a0 50.0 &#8211; 70.0 \u00a0 \u00a0 \u00a0 \u00a0 \u00a08.5 &#8211; 19.0 \u00a0 \u00a0 \u00a0 \u00a026.0 &#8211; 40.0 \u00a0 \u00a0 \u00a0 41.0 &#8211; 46.5 \u00a0 \u00a0 \u00a0 \u00a039.4\u00b0 &#8211; 42.9\u00b0<br \/>\n<\/span><\/div>\n<div><span class=\"size11 Helvetica11\" style=\"color: #3a60a0; font-family: Helvetica, Arial, sans-serif;\">\u00a0<\/span><\/div>\n<div><span class=\"size11 Helvetica11\" style=\"color: #3a60a0; font-family: Helvetica, Arial, sans-serif;\">Fair &amp; poor: \u00a0 \u00a0 \u00a0 \u00a0 \u00a0 \u00a0 \u00a0 \u00a0 \u00a0 \u00a0 \u00a0 less than \u00a0 \u00a0 \u00a0 \u00a0 \u00a0 \u00a0 \u00a0 \u00a0 \u00a0less than \u00a0 \u00a0 \u00a0 \u00a0 \u00a0 \u00a0less than \u00a0 \u00a0 \u00a0 \u00a0 less than \u00a0 \u00a0 \u00a0 \u00a0 less than \u00a0 \u00a0 \u00a0 \u00a0 \u00a0 less than<br \/>\n<\/span><\/div>\n<p><\/p><\/div><\/p>\n<p><\/div><\/div> <div class='row vc_row '><div class='col-md-12 '><div class='mb-4'><p><\/p>\n<div>\n<p>Proportions id\u00e9ales approximatives pour les formes fantaisie :<\/p>\n<p>Attention, il n&rsquo;y a pas de proportions id\u00e9ales pour les formes fantaisistes : elles sont fantaisistes !<\/p>\n<\/div>\n<div><span class=\"size8 Helvetica8\" style=\"color: #000000; font-family: Helvetica, Arial, sans-serif;\"><b><\/b><br \/>\n<\/span><\/div>\n<div><span style=\"color: #000000;\"><span class=\"size12 Helvetica12\" style=\"font-family: Helvetica, Arial, sans-serif;\">Shape<\/span><span class=\"size12 Helvetica12\" style=\"font-family: Helvetica, Arial, sans-serif;\">\u00a0 \u00a0 \u00a0 \u00a0 \u00a0 \u00a0ideal length \u00a0 \u00a0 \u00a0 \u00a0 \u00a0width<br \/>\n<\/span><\/span><\/div>\n<div><span class=\"size8 Helvetica8\" style=\"color: #000000; font-family: Helvetica, Arial, sans-serif;\"><b><\/b><br \/>\n<\/span><\/div>\n<div><span style=\"color: #000000;\"><span class=\"size12 Helvetica12\" style=\"font-family: Helvetica, Arial, sans-serif;\"><b>Oval<\/b><\/span><span class=\"size12 Helvetica12\" style=\"font-family: Helvetica, Arial, sans-serif;\">\u00a0 \u00a0 \u00a0 \u00a0 \u00a0 \u00a0 \u00a01.30 to 1.68 \u00a0 \u00a0 \u00a0 \u00a0 \u00a01.00<br \/>\n<\/span><\/span><\/div>\n<div><span class=\"size8 Helvetica8\" style=\"color: #000000; font-family: Helvetica, Arial, sans-serif;\"><b><\/b><br \/>\n<\/span><\/div>\n<div><span style=\"color: #000000;\"><span class=\"size12 Helvetica12\" style=\"font-family: Helvetica, Arial, sans-serif;\"><b>Marquise<\/b><\/span><span class=\"size12 Helvetica12\" style=\"font-family: Helvetica, Arial, sans-serif;\">\u00a0 \u00a0 1.75 to 2.25 \u00a0 \u00a0 \u00a0 \u00a0 \u00a01.00<br \/>\n<\/span><\/span><\/div>\n<div><span class=\"size8 Helvetica8\" style=\"color: #000000; font-family: Helvetica, Arial, sans-serif;\"><b><\/b><br \/>\n<\/span><\/div>\n<div><span style=\"color: #000000;\"><span class=\"size12 Helvetica12\" style=\"font-family: Helvetica, Arial, sans-serif;\"><b>Princess<\/b><\/span><span class=\"size12 Helvetica12\" style=\"font-family: Helvetica, Arial, sans-serif;\">\u00a0 \u00a0 \u00a01.00 to 1.10 \u00a0 \u00a0 \u00a0 \u00a0 \u00a01.00<br \/>\n<\/span><\/span><\/div>\n<div><span class=\"size8 Helvetica8\" style=\"color: #000000; font-family: Helvetica, Arial, sans-serif;\"><b><\/b><br \/>\n<\/span><\/div>\n<div><span style=\"color: #000000;\"><span class=\"size12 Helvetica12\" style=\"font-family: Helvetica, Arial, sans-serif;\"><b>Pear<\/b><\/span><span class=\"size12 Helvetica12\" style=\"font-family: Helvetica, Arial, sans-serif;\">\u00a0 \u00a0 \u00a0 \u00a0 \u00a0 \u00a0 \u00a01.50 to 1.75 \u00a0 \u00a0 \u00a0 \u00a0 \u00a01.00<br \/>\n<\/span><\/span><\/div>\n<div><span class=\"size8 Helvetica8\" style=\"color: #000000; font-family: Helvetica, Arial, sans-serif;\"><b><\/b><br \/>\n<\/span><\/div>\n<div><span style=\"color: #000000;\"><span class=\"size12 Helvetica12\" style=\"font-family: Helvetica, Arial, sans-serif;\"><b>Heart<\/b><\/span><span class=\"size12 Helvetica12\" style=\"font-family: Helvetica, Arial, sans-serif;\">\u00a0 \u00a0 \u00a0 \u00a0 \u00a0 \u00a0 1.00 to 1.10 \u00a0 \u00a0 \u00a0 \u00a0 1.00<br \/>\n<\/span><\/span><\/div>\n<div><span class=\"size8 Helvetica8\" style=\"color: #000000; font-family: Helvetica, Arial, sans-serif;\"><b><\/b><br \/>\n<\/span><\/div>\n<div><span style=\"color: #000000;\"><span class=\"size12 Helvetica12\" style=\"font-family: Helvetica, Arial, sans-serif;\"><b>Emerald<\/b><\/span><span class=\"size12 Helvetica12\" style=\"font-family: Helvetica, Arial, sans-serif;\">\u00a0 \u00a0 \u00a0 1.50 to 1.75 \u00a0 \u00a0 \u00a0 \u00a0 \u00a01.00<br \/>\n<\/span><\/span><\/div>\n<div><span class=\"size8 Helvetica8\" style=\"color: #000000; font-family: Helvetica, Arial, sans-serif;\"><b><\/b><br \/>\n<\/span><\/div>\n<div align=\"left\">Le pourcentage de profondeur d&rsquo;un diamant taille fantaisie est g\u00e9n\u00e9ralement d\u00e9termin\u00e9 en divisant les rapports longueur\/largeur<\/div>\n<p><\/p><\/div><\/div><\/div> <div class='row vc_row '><div class='col-md-3 '><\/div><div class='col-md-3 '><a class='lab-button' href='http:\/\/ajediam.com\/engagement-rings' target='' title='url:http:\/\/ajediam.com\/engagement-rings|'>SHOP NOW<\/a><\/div><div class='col-md-3 '><a class='lab-button' href='\/fr\/prix-des-diamants\/diamant-naturel-blanc\/' target='' title='\/fr\/prix-des-diamants\/diamant-naturel-blan'>CONSULT BUYING GUIDE<\/a><\/div><div class='col-md-3 '><\/div><\/div> <div class='row vc_row '><div class='col-md-12 '><div style='height: 32px;'><\/div><div class='mb-4'><p><\/p>\n<p style=\"text-align: center;\">Apprenez en une minute tout sur les diamants\u00a0: <a href=\"https:\/\/ajediam.com\/fr\/identification\/formations-de-gradation-de-diamants\/\">cours de diamant gratuit pour les d\u00e9butants.<\/a><\/p>\n<p><\/p><\/div><\/div><\/div> <div class='row vc_row '><div class='col-md-2 '><\/div><div class='col-md-8 '><div style='height: 32px;'><\/div><div class='vc-image '><figure><a href='\/fr\/prix-des-diamants\/diamant-naturel-blanc\/' class='d-block'><img src='https:\/\/ajediam.com\/wp-content\/uploads\/2019\/03\/Ajediam_footer_Buy_now_13_03_2015.jpg' alt=''><\/a><\/figure><\/div><\/div><div class='col-md-2 '><\/div><\/div> <\/p>\n","protected":false},"excerpt":{"rendered":"","protected":false},"author":5,"featured_media":0,"parent":9927,"menu_order":0,"comment_status":"closed","ping_status":"closed","template":"","meta":{"ub_ctt_via":"","footnotes":""},"acf":[],"featured_image_src":null,"_links":{"self":[{"href":"https:\/\/ajediam.com\/fr\/wp-json\/wp\/v2\/pages\/9968"}],"collection":[{"href":"https:\/\/ajediam.com\/fr\/wp-json\/wp\/v2\/pages"}],"about":[{"href":"https:\/\/ajediam.com\/fr\/wp-json\/wp\/v2\/types\/page"}],"author":[{"embeddable":true,"href":"https:\/\/ajediam.com\/fr\/wp-json\/wp\/v2\/users\/5"}],"replies":[{"embeddable":true,"href":"https:\/\/ajediam.com\/fr\/wp-json\/wp\/v2\/comments?post=9968"}],"version-history":[{"count":3,"href":"https:\/\/ajediam.com\/fr\/wp-json\/wp\/v2\/pages\/9968\/revisions"}],"predecessor-version":[{"id":9971,"href":"https:\/\/ajediam.com\/fr\/wp-json\/wp\/v2\/pages\/9968\/revisions\/9971"}],"up":[{"embeddable":true,"href":"https:\/\/ajediam.com\/fr\/wp-json\/wp\/v2\/pages\/9927"}],"wp:attachment":[{"href":"https:\/\/ajediam.com\/fr\/wp-json\/wp\/v2\/media?parent=9968"}],"curies":[{"name":"wp","href":"https:\/\/api.w.org\/{rel}","templated":true}]}}