{"id":9972,"date":"2019-04-16T16:13:56","date_gmt":"2019-04-16T16:13:56","guid":{"rendered":"https:\/\/ajediam.com\/?page_id=9972"},"modified":"2023-06-30T16:56:25","modified_gmt":"2023-06-30T16:56:25","slug":"diamants-jaune","status":"publish","type":"page","link":"https:\/\/ajediam.com\/fr\/diamants-jaune\/","title":{"rendered":"Diamants Jaune"},"content":{"rendered":"<p><div class='row vc_row '><div class='col-md-12 '><h2 class='section-title'>Diamants jaunes naturels<\/h2><div class='mb-4'><p>De magnifiques diamants jaunes existent dans des tons allant du jaune clair au jaune vif intense, \u00e9galement appel\u00e9s diamants jaunes canari, en fonction de la concentration d&rsquo;azote lors de la formation du cristal. Les diamants jaunes sont plus recherch\u00e9s que les diamants blancs en raison de leur couleur chaleureuse.<\/p><\/div><\/div><\/div> <div class='row vc_row vc_custom_1555431372388'><div class='col-md-12 '><div class='row '><div class='col-md-8 col-inner'><div class='col-inwrap'><div class='mb-4'><p><\/p>\n<p>Un exceptionnel diamant canari jaune de forme radiant, d&rsquo;excellente taille, couleur et puret\u00e9<\/p>\n<p><\/p><\/div><div class='vc-image text-center'><figure><div><img src='https:\/\/ajediam.com\/wp-content\/uploads\/2019\/03\/Radiant_fancy_yellow_3_15_Carat_LC_200_x_200-150x150.jpg' alt=''><\/div><\/figure><\/div><div class='mb-4'><p><\/p>\n<p style=\"text-align: center;\">Poids : 3 carats<br \/>\nForme : RADIANT<br \/>\nCouleur : JAUNE CANARI NATUREL FANTAISIE<br \/>\nPuret\u00e9 : PURE \u00c0 L&rsquo;\u0152IL (SI1)<br \/>\nTaille :<br \/>\nPolissage : EXCELLENT<br \/>\nSym\u00e9trie : EXCELLENT<br \/>\nFluorescence : AUCUNE<\/p>\n<p style=\"text-align: center;\">Livr\u00e9 avec un certificat international de diamant<\/p>\n<p style=\"text-align: center;\"><a href=\"\/fr\/notre-formulaire-de-demande-rapide\/\">Email<\/a><\/p>\n<p><\/p><\/div><\/div><\/div><div class='col-md-4 col-inner'><div class='col-inwrap'><a class='lab-button' href='\/fr\/notre-formulaire-de-demande-rapide\/' target='' title='\/fr\/notre-formulaire-de-demande-rapid'>CONSULTER LE GUIDE D'ACHAT<\/a><\/div><\/div><\/div>[vc_custom_heading text=\u00a0\u00bbExportation hors taxes\u00a0\u00bb font_container=\u00a0\u00bbtag:h2|text_align:center\u00a0\u00bb]<\/div><\/div> <style>.vc_custom_1555431372388 { border-top-width: 3px !important;border-right-width: 3px !important;border-bottom-width: 3px !important;border-left-width: 3px !important;} }<\/style><div class='row vc_row '><div class='col-md-2 '><\/div><div class='col-md-8 '><div style='height: 32px;'><\/div><div class='vc-image '><figure><div><img src='https:\/\/ajediam.com\/wp-content\/uploads\/2019\/03\/Ajediam_footer_Buy_now_13_03_2015.jpg' alt=''><\/div><\/figure><\/div><\/div><div class='col-md-2 '><\/div><\/div> <\/p>\n","protected":false},"excerpt":{"rendered":"","protected":false},"author":5,"featured_media":0,"parent":0,"menu_order":0,"comment_status":"closed","ping_status":"closed","template":"","meta":{"ub_ctt_via":"","footnotes":""},"acf":[],"featured_image_src":null,"_links":{"self":[{"href":"https:\/\/ajediam.com\/fr\/wp-json\/wp\/v2\/pages\/9972"}],"collection":[{"href":"https:\/\/ajediam.com\/fr\/wp-json\/wp\/v2\/pages"}],"about":[{"href":"https:\/\/ajediam.com\/fr\/wp-json\/wp\/v2\/types\/page"}],"author":[{"embeddable":true,"href":"https:\/\/ajediam.com\/fr\/wp-json\/wp\/v2\/users\/5"}],"replies":[{"embeddable":true,"href":"https:\/\/ajediam.com\/fr\/wp-json\/wp\/v2\/comments?post=9972"}],"version-history":[{"count":1,"href":"https:\/\/ajediam.com\/fr\/wp-json\/wp\/v2\/pages\/9972\/revisions"}],"predecessor-version":[{"id":9973,"href":"https:\/\/ajediam.com\/fr\/wp-json\/wp\/v2\/pages\/9972\/revisions\/9973"}],"wp:attachment":[{"href":"https:\/\/ajediam.com\/fr\/wp-json\/wp\/v2\/media?parent=9972"}],"curies":[{"name":"wp","href":"https:\/\/api.w.org\/{rel}","templated":true}]}}