{"id":9974,"date":"2019-05-03T13:25:29","date_gmt":"2019-05-03T13:25:29","guid":{"rendered":"https:\/\/ajediam.com\/?page_id=9974"},"modified":"2023-06-30T17:06:43","modified_gmt":"2023-06-30T17:06:43","slug":"diamants-oranges","status":"publish","type":"page","link":"https:\/\/ajediam.com\/fr\/diamants-oranges\/","title":{"rendered":"Diamants Oranges"},"content":{"rendered":"<p><div class='row vc_row '><div class='col-md-12 '><h2 class='section-title'>O\u00f9 est le meilleur endroit pour acheter des diamants orange ?<\/h2><p>Vous trouverez ici des diamants orange intense fantaisie de la meilleure qualit\u00e9 au Centre mondial du diamant d&rsquo;Anvers, au prix de gros chez Ajediam<\/p><h2 class='section-title'>Le diamant orange le plus rare <\/h2><p>a \u00e9t\u00e9 d\u00e9couvert en R\u00e9publique centrafricaine en 1997.<\/p>\n<p>Ce diamant orange intense et vif de forme coussin est certifi\u00e9 par le Gemological Institute of America &#8211; GIA NY.<\/p>\n<p>Son poids est de 5,54 carats.<br \/>\nValeur estim\u00e9e :<br \/>\n3 000 000,00 $US<\/p>\n<p>Le propri\u00e9taire actuel est la Maison Harry Winston<\/p><\/div><\/div> <div class='row vc_row vc_custom_1552886396531'><div class='col-md-12 '><div class='row '><div class='col-md-6 col-inner'><div class='col-inwrap'><div class='mb-4'><p>Ce diamant poire orange naturel intense fantaisie est \u00e0 vendre.<\/p>\n<p>Les diamants orange sont des diamants de couleur tr\u00e8s rares et tr\u00e8s chers.<br \/>\nLes diamants orange naturellement intenses fantaisie sont les plus chers<br \/>\nparmi les diamants orange.<\/p>\n<p>Poids : 2 carats<br \/>\nCouleur : Orange intense fantaisie naturel<br \/>\nPuret\u00e9 : EXEMPT DE D\u00c9FAUTS VISIBLES \u00c0 LA LOUPE (VVS1)<\/p>\n<p>Polissage : Tr\u00e8s bon<br \/>\nSym\u00e9trie : Tr\u00e8s bon<\/p>\n<p>Livr\u00e9 avec un certificat international de diamant GIA<\/p>\n<p>Cette image du diamant orange est agrandie<\/p>\n<p>Prix de gros des diamants orange<\/p><\/div><\/div><\/div><div class='col-md-6 col-inner'><div class='col-inwrap'><div class='vc-image text-center'><figure><a href='\/fancy-color-diamonds-prices' class='d-block'><img src='https:\/\/ajediam.com\/wp-content\/uploads\/2019\/03\/Orange_fancy_diamonds.jpg' alt=''><\/a><\/figure><\/div><div class='mb-4'><p><\/p>\n<p style=\"text-align: center;\"><a href=\"\/fr\/prix-des-diamants\/fantaisie-couleur-diamants\/\">Consulter les prix<\/a><\/p>\n<p><\/p><\/div><div class='mb-4'><p><\/p>\n<p>Exportation hors taxes<\/p>\n<p><\/p><\/div><\/div><\/div><\/div><\/div><\/div> <style>.vc_custom_1552886396531 { border-top-width: 3px !important;border-right-width: 3px !important;border-bottom-width: 3px !important;border-left-width: 3px !important;border-left-color: #e2ebf0 !important;border-left-style: solid !important;border-right-color: #e2ebf0 !important;border-right-style: solid !important;border-top-color: #e2ebf0 !important;border-top-style: solid !important;border-bottom-color: #e2ebf0 !important;border-bottom-style: solid !important;} }<\/style><div class='row vc_row '><div class='col-md-3 '><\/div><div class='col-md-3 '><div style='height: 32px;'><\/div><a class='lab-button' href='http:\/\/ajediam.com\/engagement-rings' target='' title='url:http:\/\/ajediam.com\/engagement-rings|'>ACHETER MAINTENANT<\/a><\/div><div class='col-md-3 '><div style='height: 32px;'><\/div><a class='lab-button' href='' target='' title=''>CONSULTER LE GUIDE D'ACHAT<\/a><\/div><div class='col-md-3 '><\/div><\/div> <div class='row vc_row '><div class='col-md-2 '><\/div><div class='col-md-8 '><div style='height: 32px;'><\/div><div class='vc-image '><figure><a href='\/diamonds<\/p>\n<p>-from-one-to-20ct' class='d-block'><img src='https:\/\/ajediam.com\/wp-content\/uploads\/2019\/03\/Ajediam_footer_Buy_now_13_03_2015.jpg' alt=''><\/a><\/figure><\/div><\/div><div class='col-md-2 '><\/div><\/div> <\/p>\n","protected":false},"excerpt":{"rendered":"","protected":false},"author":5,"featured_media":0,"parent":0,"menu_order":0,"comment_status":"closed","ping_status":"closed","template":"","meta":{"ub_ctt_via":"","footnotes":""},"acf":[],"featured_image_src":null,"_links":{"self":[{"href":"https:\/\/ajediam.com\/fr\/wp-json\/wp\/v2\/pages\/9974"}],"collection":[{"href":"https:\/\/ajediam.com\/fr\/wp-json\/wp\/v2\/pages"}],"about":[{"href":"https:\/\/ajediam.com\/fr\/wp-json\/wp\/v2\/types\/page"}],"author":[{"embeddable":true,"href":"https:\/\/ajediam.com\/fr\/wp-json\/wp\/v2\/users\/5"}],"replies":[{"embeddable":true,"href":"https:\/\/ajediam.com\/fr\/wp-json\/wp\/v2\/comments?post=9974"}],"version-history":[{"count":2,"href":"https:\/\/ajediam.com\/fr\/wp-json\/wp\/v2\/pages\/9974\/revisions"}],"predecessor-version":[{"id":9976,"href":"https:\/\/ajediam.com\/fr\/wp-json\/wp\/v2\/pages\/9974\/revisions\/9976"}],"wp:attachment":[{"href":"https:\/\/ajediam.com\/fr\/wp-json\/wp\/v2\/media?parent=9974"}],"curies":[{"name":"wp","href":"https:\/\/api.w.org\/{rel}","templated":true}]}}