{"id":9977,"date":"2019-04-08T10:18:38","date_gmt":"2019-04-08T10:18:38","guid":{"rendered":"https:\/\/ajediam.com\/?page_id=9977"},"modified":"2023-06-30T17:44:31","modified_gmt":"2023-06-30T17:44:31","slug":"cognac-diamants","status":"publish","type":"page","link":"https:\/\/ajediam.com\/fr\/cognac-diamants\/","title":{"rendered":"Cognac Diamants"},"content":{"rendered":"<p><div class='row vc_row '><div class='col-md-12 '><div class='mb-4'><p>Diamants Cognac &#8211; <a href=\"https:\/\/ajediam.com\/fr\/prix-des-diamants\/fantaisie-couleur-diamants\/\">Prix<\/a><br \/>\nL&rsquo;Earth Star est le diamant Cognac de forme poire le plus c\u00e9l\u00e8bre, d&rsquo;un poids de 111,59 carats, d\u00e9tenu en priv\u00e9.<br \/>\nAchetez des diamants Cognac naturels de qualit\u00e9 \u00e0 des prix de gros \u00e0 Anvers, le plus grand centre mondial du commerce du diamant.<br \/>\nEnvoyez un e-mail ou appelez le num\u00e9ro de t\u00e9l\u00e9phone : +32 3 808 72 02<\/p><\/div><\/div><\/div> <div class='row vc_row vc_custom_1552886396531'><div class='col-md-12 '><div class='row '><div class='col-md-4 col-inner'><div class='col-inwrap'><div class='vc-image text-center'><figure><a href='\/fancy-color-diamonds' class='d-block'><img src='https:\/\/ajediam.com\/wp-content\/uploads\/2019\/03\/Cognac_fancy_diamonds.jpg' alt=''><\/a><\/figure><\/div><div class='vc-image text-center'><figure><div><img src='https:\/\/ajediam.com\/wp-content\/uploads\/2019\/03\/Happy_Easter_gifts.jpg' alt=''><\/div><\/figure><\/div><\/div><\/div><div class='col-md-8 col-inner'><div class='col-inwrap'><div class='mb-4'><p><\/p>\n<p><strong>Diamants Cognac naturels de qualit\u00e9 intense<\/strong><\/p>\n<p>Les diamants Cognac sont des diamants de couleur tr\u00e8s rares et tr\u00e8s chers.<br \/>\nLes diamants Cognac naturellement intenses sont des diamants brun jaun\u00e2tre chers.<\/p>\n<p>Couleur : Cognac intense naturel<br \/>\nPuret\u00e9 : EXEMPT DE D\u00c9FAUTS VISIBLES \u00c0 LA LOUPE<br \/>\nTaille :<br \/>\nPolissage : EXCELLENT<br \/>\nSym\u00e9trie : EXCELLENT<br \/>\nProportions : EXCELLENTES<\/p>\n<p>Livr\u00e9 avec un certificat international de diamant<\/p>\n<p>Pour une estimation, envoyez-moi un <a href=\"\/fr\/notre-formulaire-de-demande-rapide\/\">e-mail<\/a> :<br \/>\nindiquez la qualit\u00e9 et la taille de votre diamant.<\/p>\n<p style=\"text-align: center;\"><strong>Exportation hors taxes<\/strong><\/p>\n<p><\/p><\/div><\/div><\/div><\/div><\/div><\/div> <style>.vc_custom_1552886396531 { border-top-width: 3px !important;border-right-width: 3px !important;border-bottom-width: 3px !important;border-left-width: 3px !important;border-left-color: #e2ebf0 !important;border-left-style: solid !important;border-right-color: #e2ebf0 !important;border-right-style: solid !important;border-top-color: #e2ebf0 !important;border-top-style: solid !important;border-bottom-color: #e2ebf0 !important;border-bottom-style: solid !important;} }<\/style><div class='row vc_row '><div class='col-md-3 '><\/div><div class='col-md-3 '><div style='height: 32px;'><\/div><a class='lab-button' href='http:\/\/ajediam.com\/engagement-rings' target='' title='url:http:\/\/ajediam.com\/engagement-rings|'>ACHETER MAINTENANT<\/a><\/div><div class='col-md-3 '><div style='height: 32px;'><\/div><a class='lab-button' href='\/fr\/notre-formulaire-de-demande-rapide\/' target='' title='\/fr\/notre-formulaire-de-demande-rapid'>CONSULTER LE GUIDE D'ACHAT<\/a><\/div><div class='col-md-3 '><\/div><\/div> <div class='row vc_row '><div class='col-md-2 '><\/div><div class='col-md-8 '><div style='height: 32px;'><\/div><div class='vc-image '><figure><a href='\/fr\/notre-formulaire-de-demande-rapide\/' class='d-block'><img src='https:\/\/ajediam.com\/wp-content\/uploads\/2019\/03\/Ajediam_footer_Buy_now_13_03_2015.jpg' alt=''><\/a><\/figure><\/div><\/div><div class='col-md-2 '><\/div><\/div> <\/p>\n","protected":false},"excerpt":{"rendered":"","protected":false},"author":5,"featured_media":0,"parent":0,"menu_order":0,"comment_status":"closed","ping_status":"closed","template":"","meta":{"ub_ctt_via":"","footnotes":""},"acf":[],"featured_image_src":null,"_links":{"self":[{"href":"https:\/\/ajediam.com\/fr\/wp-json\/wp\/v2\/pages\/9977"}],"collection":[{"href":"https:\/\/ajediam.com\/fr\/wp-json\/wp\/v2\/pages"}],"about":[{"href":"https:\/\/ajediam.com\/fr\/wp-json\/wp\/v2\/types\/page"}],"author":[{"embeddable":true,"href":"https:\/\/ajediam.com\/fr\/wp-json\/wp\/v2\/users\/5"}],"replies":[{"embeddable":true,"href":"https:\/\/ajediam.com\/fr\/wp-json\/wp\/v2\/comments?post=9977"}],"version-history":[{"count":1,"href":"https:\/\/ajediam.com\/fr\/wp-json\/wp\/v2\/pages\/9977\/revisions"}],"predecessor-version":[{"id":9978,"href":"https:\/\/ajediam.com\/fr\/wp-json\/wp\/v2\/pages\/9977\/revisions\/9978"}],"wp:attachment":[{"href":"https:\/\/ajediam.com\/fr\/wp-json\/wp\/v2\/media?parent=9977"}],"curies":[{"name":"wp","href":"https:\/\/api.w.org\/{rel}","templated":true}]}}