{"id":9979,"date":"2019-04-08T10:01:24","date_gmt":"2019-04-08T10:01:24","guid":{"rendered":"https:\/\/ajediam.com\/?page_id=9979"},"modified":"2023-06-30T17:50:35","modified_gmt":"2023-06-30T17:50:35","slug":"diamants-champagne","status":"publish","type":"page","link":"https:\/\/ajediam.com\/fr\/diamants-champagne\/","title":{"rendered":"Diamants Champagne"},"content":{"rendered":"<p><div class='row vc_row '><div class='col-md-12 '><div class='mb-4'><p><\/p>\n<p><strong>Pourquoi les diamants Champagne sont-ils rares et \u00e0 la mode ? &#8211; Consultez les <a href=\"https:\/\/ajediam.com\/fr\/prix-des-diamants\/fantaisie-couleur-diamants\/\">prix<\/a><\/strong><br \/>\n<strong>Qu&rsquo;est-ce que les diamants Champaign ou Champagne ?<\/strong><\/p>\n<p>D\u00e9couvrez-les maintenant tant qu&rsquo;ils sont encore \u00e0 bas prix ! Taill\u00e9s et polis par nos habiles tailleurs n\u00e9erlandais<br \/>\nAchetez des diamants Champaign naturels de qualit\u00e9, \u00e9galement appel\u00e9s diamants Champagne, \u00e0 des prix de gros.<\/p><\/div><\/div><\/div> <div class='row vc_row vc_custom_1552886396531'><div class='col-md-12 '><div class='row '><div class='col-md-4 col-inner'><div class='col-inwrap'><div class='vc-image text-center'><figure><a href='\/fancy-color-diamonds' class='d-block'><img src='https:\/\/ajediam.com\/wp-content\/uploads\/2019\/03\/marquise_diamond-1.jpg' alt=''><\/a><\/figure><\/div><div class='vc-image text-center'><figure><div><img src='https:\/\/ajediam.com\/wp-content\/uploads\/2019\/03\/Happy_Easter_gifts.jpg' alt=''><\/div><\/figure><\/div><\/div><\/div><div class='col-md-8 col-inner'><div class='col-inwrap'><div class='mb-4'><p><\/p>\n<p>Diamants Champaign, Champagne<br \/>\nCe magnifique diamant Champagne naturel a une couleur de peau exceptionnelle<\/p>\n<p>Couleur : CHAMPAIGN, CHAMPAGNE<\/p>\n<p>Taille, polissage : EXCELLENT<br \/>\nSym\u00e9trie : EXCELLENTE<br \/>\nLivr\u00e9 avec un certificat international de diamant<\/p>\n<p>Pour une estimation, envoyez-moi un<a href=\"https:\/\/ajediam.com\/fr\/notre-formulaire-de-demande-rapide\/\"> e-mail<\/a> :<br \/>\nindiquez la qualit\u00e9 et la taille de votre diamant.<\/p>\n<p><\/p><\/div><\/div><\/div><\/div><\/div><\/div> <style>.vc_custom_1552886396531 { border-top-width: 3px !important;border-right-width: 3px !important;border-bottom-width: 3px !important;border-left-width: 3px !important;border-left-color: #e2ebf0 !important;border-left-style: solid !important;border-right-color: #e2ebf0 !important;border-right-style: solid !important;border-top-color: #e2ebf0 !important;border-top-style: solid !important;border-bottom-color: #e2ebf0 !important;border-bottom-style: solid !important;} }<\/style><div class='row vc_row '><div class='col-md-12 '><div style='height: 32px;'><\/div><div class='mb-4'><p>Les diamants Champaign (Champagne) font partie de la collection des diamants bruns clairs,<br \/>\nsouvent m\u00e9lang\u00e9s avec des teintes jaunes ou orang\u00e9es.<br \/>\nL&rsquo;azote est responsable du jaune et du brun dans les diamants.<br \/>\nBeaucoup des diamants Champaign naturels proviennent de la mine d&rsquo;Argyle, dans le nord-ouest de l&rsquo;Australie.<\/p>\n<p>En fait, la mine d&rsquo;Argyle a invent\u00e9 les termes \u00ab\u00a0diamant Champaign\u00a0\u00bb et \u00ab\u00a0diamant cognac\u00a0\u00bb pour mieux promouvoir ces diamants Champaign.<\/p>\n<p>Les diamants Champaign naturels de fantaisie sont disponibles dans toutes les tailles, y compris princesse, \u00e9meraude, asscher, ovale, marquise, poire, radiant, c\u0153ur et coussin.<\/p><\/div><\/div><\/div> <div class='row vc_row '><div class='col-md-3 '><\/div><div class='col-md-3 '><div style='height: 32px;'><\/div><a class='lab-button' href='http:\/\/ajediam.com\/engagement-rings' target='' title='url:http:\/\/ajediam.com\/engagement-rings|'>ACHETER MAINTENANT<\/a><\/div><div class='col-md-3 '><div style='height: 32px;'><\/div><a class='lab-button' href='\/fr\/notre-formulaire-de-demande-rapide\/' target='' title='\/fr\/notre-formulaire-de-demande-rapid'><\/a><\/div><div class='col-md-3 '><\/div><\/div> <div class='row vc_row '><div class='col-md-2 '><\/div><div class='col-md-8 '><div style='height: 32px;'><\/div><div class='vc-image '><figure><div><img src='https:\/\/ajediam.com\/wp-content\/uploads\/2019\/03\/Ajediam_footer_Buy_now_13_03_2015.jpg' alt=''><\/div><\/figure><\/div><\/div><div class='col-md-2 '><\/div><\/div> <\/p>\n","protected":false},"excerpt":{"rendered":"","protected":false},"author":5,"featured_media":0,"parent":0,"menu_order":0,"comment_status":"closed","ping_status":"closed","template":"","meta":{"ub_ctt_via":"","footnotes":""},"acf":[],"featured_image_src":null,"_links":{"self":[{"href":"https:\/\/ajediam.com\/fr\/wp-json\/wp\/v2\/pages\/9979"}],"collection":[{"href":"https:\/\/ajediam.com\/fr\/wp-json\/wp\/v2\/pages"}],"about":[{"href":"https:\/\/ajediam.com\/fr\/wp-json\/wp\/v2\/types\/page"}],"author":[{"embeddable":true,"href":"https:\/\/ajediam.com\/fr\/wp-json\/wp\/v2\/users\/5"}],"replies":[{"embeddable":true,"href":"https:\/\/ajediam.com\/fr\/wp-json\/wp\/v2\/comments?post=9979"}],"version-history":[{"count":1,"href":"https:\/\/ajediam.com\/fr\/wp-json\/wp\/v2\/pages\/9979\/revisions"}],"predecessor-version":[{"id":9980,"href":"https:\/\/ajediam.com\/fr\/wp-json\/wp\/v2\/pages\/9979\/revisions\/9980"}],"wp:attachment":[{"href":"https:\/\/ajediam.com\/fr\/wp-json\/wp\/v2\/media?parent=9979"}],"curies":[{"name":"wp","href":"https:\/\/api.w.org\/{rel}","templated":true}]}}