{"id":9981,"date":"2019-04-08T07:26:20","date_gmt":"2019-04-08T07:26:20","guid":{"rendered":"https:\/\/ajediam.com\/?page_id=9981"},"modified":"2023-06-30T18:10:59","modified_gmt":"2023-06-30T18:10:59","slug":"diamants-bruns","status":"publish","type":"page","link":"https:\/\/ajediam.com\/fr\/diamants-bruns\/","title":{"rendered":"Diamants Bruns"},"content":{"rendered":"<p><div class='row vc_row '><div class='col-md-12 '><h2 class='section-title'>Diamants bruns naturels rares, \u00e9galement appel\u00e9s diamants chocolat. Achetez en gros -<\/h2><div class='mb-4'><p>Prix &#8211; Tiffany est le plus beau diamant brun de 128,54 carats.<br \/>\nCe diamant est expos\u00e9 dans le magasin Tiffany de la Cinqui\u00e8me Avenue \u00e0 New York.<br \/>\nAchetez des diamants bruns naturels de qualit\u00e9 en gros \u00e0 Anvers, le plus grand centre diamantaire international du monde.<br \/>\nEnvoyez un e-mail ou appelez le num\u00e9ro de t\u00e9l\u00e9phone : + 32 3 808 72 02 <\/p><\/div><\/div><\/div> <div class='row vc_row vc_custom_1552886396531'><div class='col-md-12 '><div class='row '><div class='col-md-4 col-inner'><div class='col-inwrap'><div class='vc-image text-center'><figure><a href='\/brown-diamond-prices ' class='d-block'><img src='https:\/\/ajediam.com\/wp-content\/uploads\/2019\/03\/Brown_fancy_Diamond_5cm_16_01.jpg' alt=''><\/a><\/figure><\/div><div class='vc-image text-center'><figure><div><img src='https:\/\/ajediam.com\/wp-content\/uploads\/2019\/03\/Happy_Easter_gifts.jpg' alt=''><\/div><\/figure><\/div><\/div><\/div><div class='col-md-8 col-inner'><div class='col-inwrap'><div class='mb-4'><p><\/p>\n<p><strong>Ce diamant brun naturel de fantaisie<\/strong><br \/>\n<strong>est \u00e0 vendre<\/strong><br \/>\nLes diamants bruns sont rares, mais bon march\u00e9 et offrent une opportunit\u00e9 d&rsquo;affaire pour les amateurs.<\/p>\n<p>Couleur : Marron naturel de fantaisie intense<br \/>\nClart\u00e9 : LOUPE CLEAN (VS)<\/p>\n<p>Polissage : EXCELLENT<br \/>\nSym\u00e9trie : EXCELLENTE<\/p>\n<ul>\n<li>Pour une estimation, envoyez-moi un<a href=\"\/fr\/notre-formulaire-de-demande-rapide\/\"> e-mail<\/a> :<\/li>\n<li>indiquez la qualit\u00e9 et la taille de votre diamant.<\/li>\n<li>Pour faire votre choix, consultez :<\/li>\n<\/ul>\n<p><a href=\"https:\/\/ajediam.com\/fr\/prix-des-diamants\/diamant-naturel-blanc\/\">Prix de gros des diamants<\/a> et <a href=\"https:\/\/ajediam.com\/fr\/diamants-101\/tailles-des-diamants\/\">tailles de diamants<\/a><\/p>\n<p>Cr\u00e9ez votre propre bague de fian\u00e7ailles en <a href=\"https:\/\/ajediam.com\/engagement-rings\/\">diamant parfaite<\/a><\/p>\n<p style=\"text-align: center;\"><strong>Exportation hors taxes<\/strong><\/p>\n<p><\/p><\/div><\/div><\/div><\/div><\/div><\/div> <style>.vc_custom_1552886396531 { border-top-width: 3px !important;border-right-width: 3px !important;border-bottom-width: 3px !important;border-left-width: 3px !important;border-left-color: #e2ebf0 !important;border-left-style: solid !important;border-right-color: #e2ebf0 !important;border-right-style: solid !important;border-top-color: #e2ebf0 !important;border-top-style: solid !important;border-bottom-color: #e2ebf0 !important;border-bottom-style: solid !important;} }<\/style><div class='row vc_row '><div class='col-md-3 '><\/div><div class='col-md-3 '><div style='height: 32px;'><\/div><a class='lab-button' href='http:\/\/ajediam.com\/engagement-rings' target='' title='url:http:\/\/ajediam.com\/engagement-rings|'>ACHETER MAINTENANT<\/a><\/div><div class='col-md-3 '><div style='height: 32px;'><\/div><a class='lab-button' href='\/fr\/notre-formulaire-de-demande-rapide\/' target='' title='\/fr\/notre-formulaire-de-demande-rapid'><\/a><\/div><div class='col-md-3 '><\/div><\/div> <div class='row vc_row '><div class='col-md-2 '><\/div><div class='col-md-8 '><div style='height: 32px;'><\/div><div class='vc-image '><figure><div><img src='https:\/\/ajediam.com\/wp-content\/uploads\/2019\/03\/Ajediam_footer_Buy_now_13_03_2015.jpg' alt=''><\/div><\/figure><\/div><\/div><div class='col-md-2 '><\/div><\/div> <\/p>\n","protected":false},"excerpt":{"rendered":"","protected":false},"author":5,"featured_media":0,"parent":0,"menu_order":0,"comment_status":"closed","ping_status":"closed","template":"","meta":{"ub_ctt_via":"","footnotes":""},"acf":[],"featured_image_src":null,"_links":{"self":[{"href":"https:\/\/ajediam.com\/fr\/wp-json\/wp\/v2\/pages\/9981"}],"collection":[{"href":"https:\/\/ajediam.com\/fr\/wp-json\/wp\/v2\/pages"}],"about":[{"href":"https:\/\/ajediam.com\/fr\/wp-json\/wp\/v2\/types\/page"}],"author":[{"embeddable":true,"href":"https:\/\/ajediam.com\/fr\/wp-json\/wp\/v2\/users\/5"}],"replies":[{"embeddable":true,"href":"https:\/\/ajediam.com\/fr\/wp-json\/wp\/v2\/comments?post=9981"}],"version-history":[{"count":2,"href":"https:\/\/ajediam.com\/fr\/wp-json\/wp\/v2\/pages\/9981\/revisions"}],"predecessor-version":[{"id":9983,"href":"https:\/\/ajediam.com\/fr\/wp-json\/wp\/v2\/pages\/9981\/revisions\/9983"}],"wp:attachment":[{"href":"https:\/\/ajediam.com\/fr\/wp-json\/wp\/v2\/media?parent=9981"}],"curies":[{"name":"wp","href":"https:\/\/api.w.org\/{rel}","templated":true}]}}