{"id":9984,"date":"2019-04-29T10:31:27","date_gmt":"2019-04-29T10:31:27","guid":{"rendered":"https:\/\/ajediam.com\/?page_id=9984"},"modified":"2023-06-30T18:32:53","modified_gmt":"2023-06-30T18:32:53","slug":"diamants-gris","status":"publish","type":"page","link":"https:\/\/ajediam.com\/fr\/diamants-gris\/","title":{"rendered":"Diamants Gris"},"content":{"rendered":"<p><div class='row vc_row '><div class='col-md-12 '><div class='mb-4'><p><strong>Achetez des diamants gris, \u00e9galement appel\u00e9s diamants gris<\/strong><br \/>\n<strong>et d\u00e9couvrez l&rsquo;histoire du diamant gris le plus c\u00e9l\u00e8bre<\/strong><br \/>\nDiamants gris de la meilleure qualit\u00e9 en gros chez Ajediam, \u00e0 Anvers, le plus grand centre commercial diamantaire international du monde<\/p><\/div><\/div><\/div> <div class='row vc_row vc_custom_1552886396531'><div class='col-md-12 '><div class='row '><div class='col-md-4 col-inner'><div class='col-inwrap'><div class='mb-4'><p><\/p>\n<p>Diamants gris c\u00e9l\u00e8bres<\/p>\n<p>Le diamant gris le plus fabuleux est certainement celui que vous \u00eates pr\u00eat \u00e0 acheter. et&#8230;<\/p>\n<p>Le diamant gris le plus c\u00e9l\u00e8bre du monde est un diamant gris taill\u00e9<br \/>\nde 35,27 carats et est appel\u00e9 Sultan of Morocco (Sultan du Maroc)<\/p>\n<p>Il \u00e9tait la propri\u00e9t\u00e9 de Cartier. Ils l&rsquo;ont vendu \u00e0 un collectionneur am\u00e9ricain priv\u00e9 inconnu.<\/p>\n<p><\/p><\/div><\/div><\/div><div class='col-md-4 col-inner'><div class='col-inwrap'><div class='mb-4'><p><\/p>\n<p style=\"text-align: center;\">Les diamants gris sont des diamants de couleur rares et chers.<br \/>\nLes diamants gris naturels de fantaisie intense sont les plus chers des diamants gris.<\/p>\n<p><\/p><\/div><div class='vc-image text-center'><figure><div><img src='https:\/\/ajediam.com\/wp-content\/uploads\/2019\/04\/gray_diamond_cropped-200x300.jpg' alt=''><\/div><\/figure><\/div><div class='mb-4'><p><\/p>\n<p style=\"text-align: center;\"><a href=\"https:\/\/ajediam.com\/diamond-ring-Young-Style\/\">cr\u00e9ez une bague de fian\u00e7ailles avec un diamant gris<\/a><\/p>\n<p><\/p><\/div><\/div><\/div><div class='col-md-4 col-inner'><div class='col-inwrap'><div class='vc-image text-center'><figure><div><img src='https:\/\/ajediam.com\/wp-content\/uploads\/2019\/03\/engagement_gift_4_x_5_cm..jpg' alt=''><\/div><\/figure><\/div><\/div><\/div><\/div><\/div><\/div> <style>.vc_custom_1552886396531 { border-top-width: 3px !important;border-right-width: 3px !important;border-bottom-width: 3px !important;border-left-width: 3px !important;border-left-color: #e2ebf0 !important;border-left-style: solid !important;border-right-color: #e2ebf0 !important;border-right-style: solid !important;border-top-color: #e2ebf0 !important;border-top-style: solid !important;border-bottom-color: #e2ebf0 !important;border-bottom-style: solid !important;} }<\/style><div class='row vc_row '><div class='col-md-3 '><\/div><div class='col-md-3 '><div style='height: 32px;'><\/div><a class='lab-button' href='http:\/\/ajediam.com\/engagement-rings' target='' title='url:http:\/\/ajediam.com\/engagement-rings|'>ACHETER MAINTENANT<\/a><\/div><div class='col-md-3 '><div style='height: 32px;'><\/div><a class='lab-button' href='\/fr\/notre-formulaire-de-demande-rapide\/' target='' title='\/fr\/notre-formulaire-de-demande-rapid'>CONSULTER LE GUIDE D'ACHAT<\/a><\/div><div class='col-md-3 '><\/div><\/div> <div class='row vc_row '><div class='col-md-2 '><\/div><div class='col-md-8 '><div style='height: 32px;'><\/div><div class='vc-image '><figure><a href='\/fr\/notre-formulaire-de-demande-rapide\/' class='d-block'><img src='https:\/\/ajediam.com\/wp-content\/uploads\/2019\/03\/Ajediam_footer_Buy_now_13_03_2015.jpg' alt=''><\/a><\/figure><\/div><\/div><div class='col-md-2 '><\/div><\/div> <\/p>\n","protected":false},"excerpt":{"rendered":"","protected":false},"author":5,"featured_media":0,"parent":0,"menu_order":0,"comment_status":"closed","ping_status":"closed","template":"","meta":{"ub_ctt_via":"","footnotes":""},"acf":[],"featured_image_src":null,"_links":{"self":[{"href":"https:\/\/ajediam.com\/fr\/wp-json\/wp\/v2\/pages\/9984"}],"collection":[{"href":"https:\/\/ajediam.com\/fr\/wp-json\/wp\/v2\/pages"}],"about":[{"href":"https:\/\/ajediam.com\/fr\/wp-json\/wp\/v2\/types\/page"}],"author":[{"embeddable":true,"href":"https:\/\/ajediam.com\/fr\/wp-json\/wp\/v2\/users\/5"}],"replies":[{"embeddable":true,"href":"https:\/\/ajediam.com\/fr\/wp-json\/wp\/v2\/comments?post=9984"}],"version-history":[{"count":1,"href":"https:\/\/ajediam.com\/fr\/wp-json\/wp\/v2\/pages\/9984\/revisions"}],"predecessor-version":[{"id":9985,"href":"https:\/\/ajediam.com\/fr\/wp-json\/wp\/v2\/pages\/9984\/revisions\/9985"}],"wp:attachment":[{"href":"https:\/\/ajediam.com\/fr\/wp-json\/wp\/v2\/media?parent=9984"}],"curies":[{"name":"wp","href":"https:\/\/api.w.org\/{rel}","templated":true}]}}