{"id":9986,"date":"2019-04-29T06:33:11","date_gmt":"2019-04-29T06:33:11","guid":{"rendered":"https:\/\/ajediam.com\/?page_id=9986"},"modified":"2023-06-30T18:35:32","modified_gmt":"2023-06-30T18:35:32","slug":"diamants-verts","status":"publish","type":"page","link":"https:\/\/ajediam.com\/fr\/diamants-verts\/","title":{"rendered":"Diamants Verts"},"content":{"rendered":"<p><div class='row vc_row '><div class='col-md-12 '><div class='mb-4'><p>Les diamants verts sont des diamants de couleur tr\u00e8s rares et tr\u00e8s chers &#8211; <a href=\"\/fr\/prix-des-diamants\/fantaisie-couleur-diamants\/\">Prix<\/a><br \/>\nLes diamants verts naturels de fantaisie intense sont les plus chers des diamants verts.<\/p>\n<p>\u00c0 propos des c\u00e9l\u00e8bres diamants verts :<\/p>\n<p>Le diamant vert le plus c\u00e9l\u00e8bre est le Dresden. Un diamant en forme de poire. Ce diamant est situ\u00e9 dans les Staatliche Kunstsammlungen Dresden. Un magnifique diamant vert de 41 carats, Loupe Clean (VS1)<\/p>\n<p>Sa couleur verte unique est due \u00e0 une exposition naturelle \u00e0 des mat\u00e9riaux radioactifs pendant sa cr\u00e9ation. Le vert est le symbole de la jeunesse \u00e9ternelle.<\/p><\/div><\/div><\/div> <div class='row vc_row vc_custom_1552886396531'><div class='col-md-12 '><div class='row '><div class='col-md-12 col-inner'><div class='col-inwrap'><div class='vc-image text-center'><figure><div><img src='https:\/\/ajediam.com\/wp-content\/uploads\/2019\/03\/Green_fancy_intense_diamond_3_x_2_cm.jpg' alt=''><\/div><\/figure><\/div><div class='mb-4'><p><\/p>\n<p style=\"text-align: center;\">Achetez des diamants verts de la meilleure qualit\u00e9 en gros chez Ajediam dans la plus grande bourse diamantaire du monde<\/p>\n<p style=\"text-align: center;\"><a href=\"\/fr\/notre-formulaire-de-demande-rapide\/\">Envoyez-moi un courrier \u00e9lectronique pour une estimation<\/a><\/p>\n<p><\/p><\/div><\/div><\/div><\/div><\/div><\/div> <style>.vc_custom_1552886396531 { border-top-width: 3px !important;border-right-width: 3px !important;border-bottom-width: 3px !important;border-left-width: 3px !important;border-left-color: #e2ebf0 !important;border-left-style: solid !important;border-right-color: #e2ebf0 !important;border-right-style: solid !important;border-top-color: #e2ebf0 !important;border-top-style: solid !important;border-bottom-color: #e2ebf0 !important;border-bottom-style: solid !important;} }<\/style><div class='row vc_row '><div class='col-md-3 '><\/div><div class='col-md-3 '><div style='height: 32px;'><\/div><a class='lab-button' href='http:\/\/ajediam.com\/engagement-rings' target='' title='url:http:\/\/ajediam.com\/engagement-rings|'>ACHETER MAINTENANT<\/a><\/div><div class='col-md-3 '><div style='height: 32px;'><\/div><a class='lab-button' href='\/fr\/notre-formulaire-de-demande-rapide\/' target='' title='\/fr\/notre-formulaire-de-demande-rapid'>CONSULTER LE GUIDE D'ACHAT<\/a><\/div><div class='col-md-3 '><\/div><\/div> <div class='row vc_row '><div class='col-md-2 '><\/div><div class='col-md-8 '><div style='height: 32px;'><\/div><div class='vc-image '><figure><a href='\/fr\/notre-formulaire-de-demande-rapide\/' class='d-block'><img src='https:\/\/ajediam.com\/wp-content\/uploads\/2019\/03\/Ajediam_footer_Buy_now_13_03_2015.jpg' alt=''><\/a><\/figure><\/div><\/div><div class='col-md-2 '><\/div><\/div> <\/p>\n","protected":false},"excerpt":{"rendered":"","protected":false},"author":5,"featured_media":0,"parent":0,"menu_order":0,"comment_status":"closed","ping_status":"closed","template":"","meta":{"ub_ctt_via":"","footnotes":""},"acf":[],"featured_image_src":null,"_links":{"self":[{"href":"https:\/\/ajediam.com\/fr\/wp-json\/wp\/v2\/pages\/9986"}],"collection":[{"href":"https:\/\/ajediam.com\/fr\/wp-json\/wp\/v2\/pages"}],"about":[{"href":"https:\/\/ajediam.com\/fr\/wp-json\/wp\/v2\/types\/page"}],"author":[{"embeddable":true,"href":"https:\/\/ajediam.com\/fr\/wp-json\/wp\/v2\/users\/5"}],"replies":[{"embeddable":true,"href":"https:\/\/ajediam.com\/fr\/wp-json\/wp\/v2\/comments?post=9986"}],"version-history":[{"count":2,"href":"https:\/\/ajediam.com\/fr\/wp-json\/wp\/v2\/pages\/9986\/revisions"}],"predecessor-version":[{"id":9988,"href":"https:\/\/ajediam.com\/fr\/wp-json\/wp\/v2\/pages\/9986\/revisions\/9988"}],"wp:attachment":[{"href":"https:\/\/ajediam.com\/fr\/wp-json\/wp\/v2\/media?parent=9986"}],"curies":[{"name":"wp","href":"https:\/\/api.w.org\/{rel}","templated":true}]}}