{"id":9989,"date":"2019-04-28T06:28:32","date_gmt":"2019-04-28T06:28:32","guid":{"rendered":"https:\/\/ajediam.com\/?page_id=9989"},"modified":"2023-06-30T18:46:09","modified_gmt":"2023-06-30T18:46:09","slug":"diamants-rose","status":"publish","type":"page","link":"https:\/\/ajediam.com\/fr\/diamants-rose\/","title":{"rendered":"Diamants Rose"},"content":{"rendered":"<p><div class='row vc_row '><div class='col-md-12 '><div class='mb-4'><p><\/p>\n<h4>Les diamants roses sont consid\u00e9r\u00e9s comme le tr\u00e9sor des connaisseurs<\/h4>\n<p>qui appr\u00e9cient d&rsquo;en payer le juste prix<\/p>\n<p>En savoir plus sur les diamants roses parfaitement taill\u00e9s et certifi\u00e9s internationalement et sur <a href=\"https:\/\/ajediam.com\/fr\/prix-des-diamants\/fantaisie-couleur-diamants\/\">les prix<\/a><\/p>\n<p>Achetez en gros des diamants roses fantaisie naturels de la qualit\u00e9 la plus rare (selon la disponibilit\u00e9 !) \u00e0 Anvers chez Ajediam, Diamond Company<\/p><\/div><hr class='mb-4' \/><div class='row '><div class='col-md-3 col-inner'><div class='col-inwrap'><div class='vc-image text-center'><figure><a href='\/fr\/prix-des-diamants\/fantaisie-couleur-diamants\/' class='d-block'><img src='https:\/\/ajediam.com\/wp-content\/uploads\/2019\/03\/PINK_diamond_Radiant_200_x_200.jpg' alt=''><\/a><\/figure><\/div><\/div><\/div><div class='col-md-6 col-inner'><div class='col-inwrap'><div class='mb-4'><p><\/p>\n<h5>Exceptionnel diamant naturel fantaisie rose violac\u00e9 intense<\/h5>\n<p>Poids : 0,50 carat<br \/>\nCouleur : rose violet intense fantaisie<br \/>\nPuret\u00e9 : LOUPE CLEAN (VS2)<br \/>\nForme : COUSSIN<br \/>\nPolissage : EXCELLENT<br \/>\nSym\u00e9trie : EXCELLENTE<\/p>\n<p>Livr\u00e9 avec certificat international de diamant GIA<\/p>\n<p>Livraison en 48 heures, gratuite et assur\u00e9e !<\/p><\/div><\/div><\/div><div class='col-md-3 col-inner'><div class='col-inwrap'><div class='mb-4'><p>Achetez maintenant un diamant rose similaire au prix \u00ab\u00a0tout compris\u00a0\u00bb : Envoyez-moi un email pour une estimation.<\/p><\/div>[vc_btn title=\u00a0\u00bbConsulter le guide d&rsquo;achat\u00a0\u00bb style=\u00a0\u00bbclassic\u00a0\u00bb shape=\u00a0\u00bbsquare\u00a0\u00bb color=\u00a0\u00bbprimary\u00a0\u00bb align=\u00a0\u00bbleft\u00a0\u00bb link=\u00a0\u00bb\/fr\/notre-formulaire-de-demande-rapide\/\u00a0\u00bb]<div class='mb-4'><p><\/p>\n<p class=\"core-custom-blue-link\" style=\"text-align: left;\"><a href=\"\/engagement-rings\">Shop Online<\/a><\/p>\n<p><\/p><\/div><\/div><\/div><\/div><hr class='mb-4' \/><div class='mb-4'><p>Vendu \u00e0 Kensington Palace au Royaume-Uni, l&rsquo;Argyle Siren, diamant rose violac\u00e9 vif fantaisie de 1,32 carat taille Radiant Square.<\/p>\n<p>Ce diamant Argyle rare fournit la valeur intrins\u00e8que croissante d&rsquo;un investissement.<\/p>\n<p>Le prix de d\u00e9tail estim\u00e9 d\u00e9passera 2 000 000 $ US pour ce diamant rose violac\u00e9 vif fantaisie.<\/p>\n<p>Seuls quelques diamants roses plus gros proviennent de la mine de diamants Argyle de Rio Tinto en Australie occidentale.<\/p><\/div><hr class='mb-4' \/><div class='mb-4'><p><\/p>\n<h5>C\u00e9l\u00e8bres diamants roses :<\/h5>\n<p>Jennifer Lopez a re\u00e7u un diamant rose de forme radiant de 6 carats de Ben Affleck. Ce diamant rose est estim\u00e9 \u00e0 2 000 000 US$. Le diamant rose Steinmetz est le plus gros diamant connu ayant \u00e9t\u00e9 class\u00e9 rose vif, propre \u00e0 la loupe, mesurant 59,6 carats (11,92 g)<\/p>\n<p>Valeur estim\u00e9e\u00a0: 25\u00a0000\u00a0000\u00a0USD<\/p>\n<p><\/p><\/div><\/div><\/div> <div class='row vc_row '><div class='col-md-12 '><hr class='mb-4' \/><div class='mb-4'><p><\/p>\n<h4>\u00c0 propos des diamants roses<\/h4>\n<h5>Diamants roses parfaitement taill\u00e9s et certifi\u00e9s internationalement<\/h5>\n<p>Que donneriez-vous pour poss\u00e9der des <strong>diamants roses<\/strong> (consid\u00e9r\u00e9s comme les diamants les plus rares et les plus chers au monde)\u00a0? Marchands de pierres pr\u00e9cieuses, collectionneurs de pierres pr\u00e9cieuses, fanatiques de pierres pr\u00e9cieuses &#8211; voici votre chance de faire une r\u00e9colte de diamants roses \u00e0 Ajediam.<\/p>\n<p><strong>Ajediam<\/strong> est bas\u00e9e \u00e0 <strong>Anvers<\/strong> &#8211; le plus grand centre de n\u00e9goce de diamants au monde. Ajediam est sp\u00e9cialis\u00e9 dans le n\u00e9goce de diamants, saphirs, rubis, \u00e9meraudes et autres. Nos pierres pr\u00e9cieuses ont des certificats de classement internationaux valides tels que le HRD, le Diamond High Council, l&rsquo;AGS, l&rsquo;IGI, l&rsquo;EGL, l&rsquo;AGL d&rsquo;Anvers ou le GIA NY. Vous pouvez \u00eatre s\u00fbr que tous nos achats proviennent de sources l\u00e9gitimes et sans conflit, conform\u00e9ment aux r\u00e9solutions des Nations Unies. Que vous achetiez des diamants roses ou d&rsquo;autres pierres pr\u00e9cieuses d&rsquo;Ajediam, notre programme unique de \u00ab\u00a0satisfaction client\u00a0\u00bb garantit une relation commerciale satisfaisante et \u00e0 vie, sans violation de la vie priv\u00e9e.<\/p>\n<p>Et c&rsquo;est une garantie que nos prix pour les diamants roses sont les plus bas. Si vous tombez sur des prix plus bas, nous nous ferons un plaisir de vous rembourser int\u00e9gralement dans les 60 jours suivant l&rsquo;achat. Il y a aussi d&rsquo;autres avantages. Lorsque vous achetez des diamants roses ici, vous avez droit \u00e0 la livraison gratuite dans le monde entier, \u00e0 une livraison dans les 24 heures et \u00e0 un service client en ligne gratuit.<br \/>\nAlors parcourez les diamants roses et devenez un client pr\u00e9cieux.<\/p><\/div><hr class='mb-4' \/><div class='mb-4'><p><\/p>\n<h4 style=\"text-align: center;\">Different Diamond Shapes page:<\/h4>\n<p><a href=\"\/loose-diamonds\">Loose Diamonds<\/a> | <a href=\"\/round-brilliant-diamonds\">Round Brilliant Diamonds<\/a> | <a href=\"\/princess-diamonds\">Princess Diamonds<\/a> | <a href=\"\/oval-diamonds\">Oval Diamonds<\/a> | <a href=\"\/pear-diamonds\">Pear Diamonds<\/a> | <a href=\"\/cushion-diamonds\">Cushion Diamonds<\/a> | <a href=\"\/heart-diamonds\">Heart Diamonds<\/a> | <a href=\"\/marquise-diamonds\">Marquise Diamonds<\/a> | <a href=\"\/emerald-diamonds\">Emerald Diamonds<\/a> | <a href=\"\/radiant-diamonds\">Radiant Diamonds<\/a> | <a href=\"\/asscher-diamonds\">Asscher Diamonds<\/a> | <a href=\"\/trilliant-trillion-diamonds\">Trilliant Trillion Diamonds<\/a> | <a href=\"\/fancy-cut-diamonds\">Fancy Cut Diamonds<\/a> | <a href=\"\/diamond-shapes\">Diamond Shapes<\/a><\/p><\/div><\/div><\/div> <div class='row vc_row '><div class='col-md-2 '><\/div><div class='col-md-8 '><div class='vc-image text-center'><figure><a href='\/fr\/notre-formulaire-de-demande-rapide\/' class='d-block'><img src='https:\/\/ajediam.com\/wp-content\/uploads\/2019\/03\/Ajediam_footer_Buy_now_13_03_2015.jpg' alt=''><\/a><\/figure><\/div><\/div><div class='col-md-2 '><\/div><\/div> <\/p>\n","protected":false},"excerpt":{"rendered":"","protected":false},"author":5,"featured_media":0,"parent":0,"menu_order":0,"comment_status":"closed","ping_status":"closed","template":"","meta":{"ub_ctt_via":"","footnotes":""},"acf":[],"featured_image_src":null,"_links":{"self":[{"href":"https:\/\/ajediam.com\/fr\/wp-json\/wp\/v2\/pages\/9989"}],"collection":[{"href":"https:\/\/ajediam.com\/fr\/wp-json\/wp\/v2\/pages"}],"about":[{"href":"https:\/\/ajediam.com\/fr\/wp-json\/wp\/v2\/types\/page"}],"author":[{"embeddable":true,"href":"https:\/\/ajediam.com\/fr\/wp-json\/wp\/v2\/users\/5"}],"replies":[{"embeddable":true,"href":"https:\/\/ajediam.com\/fr\/wp-json\/wp\/v2\/comments?post=9989"}],"version-history":[{"count":1,"href":"https:\/\/ajediam.com\/fr\/wp-json\/wp\/v2\/pages\/9989\/revisions"}],"predecessor-version":[{"id":9990,"href":"https:\/\/ajediam.com\/fr\/wp-json\/wp\/v2\/pages\/9989\/revisions\/9990"}],"wp:attachment":[{"href":"https:\/\/ajediam.com\/fr\/wp-json\/wp\/v2\/media?parent=9989"}],"curies":[{"name":"wp","href":"https:\/\/api.w.org\/{rel}","templated":true}]}}