{"id":9991,"date":"2019-04-07T06:24:00","date_gmt":"2019-04-07T06:24:00","guid":{"rendered":"https:\/\/ajediam.com\/?page_id=9991"},"modified":"2023-06-30T18:54:49","modified_gmt":"2023-06-30T18:54:49","slug":"diamants-bleus","status":"publish","type":"page","link":"https:\/\/ajediam.com\/fr\/diamants-bleus\/","title":{"rendered":"Diamants Bleus"},"content":{"rendered":"<p><div class='row vc_row '><div class='col-md-12 '><h2 class='section-title'>Achetez des diamants bleus naturels et bleu-blanc en gros au Centre mondial du diamant d'Anvers<\/h2><div class='mb-4'><p><a href=\"https:\/\/ajediam.com\/fr\/prix-des-diamants\/fantaisie-couleur-diamants\/\">Prix<\/a> D\u00e9couvrez les diamants bleus naturels et trait\u00e9s &#8211; Lisez l&rsquo;histoire compl\u00e8te du c\u00e9l\u00e8bre <a href=\"https:\/\/ajediam.com\/blue-hope-story\/\">diamant Blue Hope<\/a><br \/>\nAchetez des diamants bleus en gros \u00e0 Anvers, le plus grand centre international du diamant<\/p><\/div><\/div><\/div> <div class='row vc_row vc_custom_1552886396531'><div class='col-md-12 '><div class='row '><div class='col-md-4 col-inner'><div class='col-inwrap'><div class='vc-image text-center'><figure><div><img src='https:\/\/ajediam.com\/wp-content\/uploads\/2019\/03\/Blue_diamond-7-03-ct_IF_fancy_vivid.jpg' alt=''><\/div><\/figure><\/div><div class='mb-4'><p><\/p>\n<p style=\"text-align: center;\">Un diamant bleu tr\u00e8s rare<br \/>\nFancy Vivid Blue de<br \/>\n7,03 carats<br \/>\nLoupe Clean<br \/>\nTaille Coussin vendu<br \/>\n9 488 754 $ US<br \/>\nen mai 2009<\/p>\n<p>Extrait en 2008 de la mine de Cullinan en Afrique du Sud, la source de diamants bleus la plus constante au monde<\/p>\n<p><\/p><\/div><\/div><\/div><div class='col-md-4 col-inner'><div class='col-inwrap'><div class='vc-image text-center'><figure><div><img src='https:\/\/ajediam.com\/wp-content\/uploads\/2019\/03\/blue_diamond_200_x_200.jpg' alt=''><\/div><\/figure><\/div><div class='mb-4'><p>Un exceptionnel diamant bleu naturel<br \/>\nTaille excellente, couleur et puret\u00e9<\/p>\n<p>Diamant naturel taill\u00e9 en brillant<br \/>\nPoids : 1\/2 carat<br \/>\nTaille : Brillant<br \/>\nCouleur : Bleu clair<\/p>\n<p>Puret\u00e9 : Loupe Clean (VS)<br \/>\nTaille &#8211; Polissage : Excellent<br \/>\nSym\u00e9trie : Excellent<br \/>\nProportions : Excellent<br \/>\nLivr\u00e9 avec un certificat de diamant GIA<br \/>\nCette image de diamant bleu est grossie x 50<br \/>\nLivraison en 48 heures,<br \/>\nExp\u00e9dition et assurance gratuites !<br \/>\nCarte-cadeau et bo\u00eete-cadeau gratuites<\/p>\n<p>Envoyez-moi un <a href=\"\/fr\/notre-formulaire-de-demande-rapide\/\">email<\/a> pour une estimation sp\u00e9ciale<\/p><\/div><\/div><\/div><div class='col-md-4 col-inner'><div class='col-inwrap'><div class='mb-4'><p><\/p>\n<p>D\u00e9couvrez les diamants bleu-blanc tr\u00e8s rares<br \/>\nConsultez les prix des diamants bleus<\/p>\n<p><\/p><\/div><div class='vc-image text-center'><figure><div><img src='https:\/\/ajediam.com\/wp-content\/uploads\/2019\/03\/Happy_Easter_gifts.jpg' alt=''><\/div><\/figure><\/div><div class='mb-4'><p><\/p>\n<p style=\"text-align: center;\"><strong>Exportation sans taxes<\/strong><\/p>\n<p style=\"text-align: center;\">Vous avez une bague personnelle en t\u00eate ? Envoyez un <a href=\"\/fr\/notre-formulaire-de-demande-rapide\/\">email<\/a><br \/>\nNotre ma\u00eetre bijoutier cr\u00e9era votre bague \u00e0 partir d&rsquo;une photo ou d&rsquo;une image.<\/p>\n<p><\/p><\/div><\/div><\/div><\/div><\/div><\/div> <style>.vc_custom_1552886396531 { border-top-width: 3px !important;border-right-width: 3px !important;border-bottom-width: 3px !important;border-left-width: 3px !important;border-left-color: #e2ebf0 !important;border-left-style: solid !important;border-right-color: #e2ebf0 !important;border-right-style: solid !important;border-top-color: #e2ebf0 !important;border-top-style: solid !important;border-bottom-color: #e2ebf0 !important;border-bottom-style: solid !important;} }<\/style><div class='row vc_row '><div class='col-md-3 '><\/div><div class='col-md-3 '><div style='height: 32px;'><\/div><a class='lab-button' href='http:\/\/ajediam.com\/engagement-rings' target='' title='url:http:\/\/ajediam.com\/engagement-rings|'>ACHETER MAINTENANT<\/a><\/div><div class='1\/4<\/p>\n<p> '><div style='height: 32px;'><\/div><a class='lab-button' href='\/fr\/notre-formulaire-de-demande-rapide\/' target='' title='\/fr\/notre-formulaire-de-demande-rapid'>CONSULTER LE GUIDE D'ACHAT<\/a><\/div><div class='col-md-3 '><\/div><\/div> <div class='row vc_row '><div class='col-md-2 '><\/div><div class='col-md-8 '><div style='height: 32px;'><\/div><div class='vc-image '><figure><a href='\/fr\/notre-formulaire-de-demande-rapide\/' class='d-block'><img src='https:\/\/ajediam.com\/wp-content\/uploads\/2019\/03\/Ajediam_footer_Buy_now_13_03_2015.jpg' alt=''><\/a><\/figure><\/div><\/div><div class='col-md-2 '><\/div><\/div> <div class='row vc_row '><div class='col-md-12 '><div class='mb-4'><p><strong>En savoir plus sur les diamants bleus<\/strong><\/p>\n<p>Les diamants bleus naturels sont si rares que nous n&rsquo;en taillons que quelques carats au cours de toute notre vie !<br \/>\nLe <a href=\"https:\/\/ajediam.com\/blue-hope-story\/\">diamant Blue Hope<\/a> est le diamant bleu fascinant le plus rare de 45,52 carats.<br \/>\nLes diamants bleus am\u00e9lior\u00e9s sont \u00e9galement rares. Des m\u00e9thodes produisant des diamants bleus intens\u00e9ment color\u00e9s, y compris des diamants bleus de fantaisie, ont \u00e9t\u00e9 d\u00e9velopp\u00e9es. Les diamants bleus disponibles ont \u00e9t\u00e9 am\u00e9lior\u00e9s par traitement \u00e0 haute temp\u00e9rature (HT) et haute pression (HP). Il s&rsquo;agit d&rsquo;un traitement naturel similaire \u00e0 celui utilis\u00e9 par la nature il y a des millions d&rsquo;ann\u00e9es pour cr\u00e9er des diamants. Certains diamants bleus sont irradi\u00e9s et chauff\u00e9s pour fixer la couleur.<\/p>\n<p>Les diamants bleus sont-ils plus chers que les diamants blancs ?<br \/>\nLes diamants bleus de fantaisie sont beaucoup plus chers que les diamants blancs.<br \/>\nLes co\u00fbts de traitement HTHP ne valent la peine que pour les diamants de haute qualit\u00e9. La couleur ne peut pas \u00eatre d\u00e9termin\u00e9e par le traitement. La couleur finale est incertaine et se transforme g\u00e9n\u00e9ralement en une couleur brun\u00e2tre ou grise. Personne n&rsquo;ach\u00e8terait un diamant gris ou gris brun\u00e2tre. Ils n&rsquo;ont aucune valeur. C&rsquo;est ce qui rend les diamants bleus beaucoup plus chers que les diamants blancs.<\/p>\n<p>Nous avons r\u00e9cemment r\u00e9alis\u00e9 une bague de design. Voici comment cela s&rsquo;est pass\u00e9, du diamant brut \u00e0 la bague pr\u00e9sent\u00e9e ici sur le site.<br \/>\n\u00c0 Anvers, nous avons rencontr\u00e9 un diamant brut de 6 carats, d&rsquo;une belle couleur naturelle verte de fantaisie. En choisissant ce qu&rsquo;il fallait en faire, nous l&rsquo;avons d&rsquo;abord fait tailler par un polisseur de diamants bien connu d&rsquo;Anvers.<br \/>\nIl a fait un travail parfait, r\u00e9sultant en deux pierres, l&rsquo;une de 1,25 carat, l&rsquo;autre de 0,55 carat.<br \/>\nLa taille a \u00e9t\u00e9 \u00e9valu\u00e9e comme excellente selon les normes de l&rsquo;IGI, et sa brillance tr\u00e8s bonne.<br \/>\nLa couleur \u00e9tait moins \u00e9clatante qu&rsquo;auparavant. La couleur avait chang\u00e9 en vert gris\u00e2tre suite \u00e0 la taille. Cela arrive parfois. Autrefois, on ne pouvait rien y faire. De nos jours, nous disposons de laboratoires o\u00f9 les diamants peuvent \u00eatre am\u00e9lior\u00e9s (en couleur), sans aucune perte de qualit\u00e9 de la pierre elle-m\u00eame.<br \/>\nL&rsquo;Institut de Grading International nous a aid\u00e9s \u00e0 envoyer les diamants<\/p>\n<p>\u00e0 un laboratoire de renomm\u00e9e internationale sp\u00e9cialis\u00e9 dans l&rsquo;am\u00e9lioration de la couleur \u00e0 New York, afin d&rsquo;obtenir une couleur plus proche de celle que nous avions choisie pour le diamant. Lorsque nous avons r\u00e9cup\u00e9r\u00e9 les diamants, leur couleur \u00e9tait devenue bleue avec une nuance de vert, tr\u00e8s exquise.<br \/>\nLe moment \u00e9tait venu de d\u00e9cider quoi faire avec ces pierres :<br \/>\n&#8211; Les vendre lors d&rsquo;une vente aux ench\u00e8res \u00e0 Anvers ;<br \/>\n&#8211; Les pr\u00e9senter sur notre site web,<br \/>\n&#8211; Les vendre \u00e0 des bijoutiers de d\u00e9tail clients en Europe ;<br \/>\nou<br \/>\n&#8211; Produire un produit enti\u00e8rement fini.<br \/>\nNous avons opt\u00e9 pour la derni\u00e8re option. J&rsquo;adore concevoir des bijoux. Avec des pierres d&rsquo;une qualit\u00e9 sup\u00e9rieure, il ne devrait pas \u00eatre difficile de les vendre.<br \/>\nJ&rsquo;ai d&rsquo;abord r\u00e9alis\u00e9 quelques croquis en noir et blanc pour diff\u00e9rents bijoux. J&rsquo;ai trouv\u00e9 un design qui me satisfaisait, j&rsquo;ai pris la grande pierre de couleur fantaisie \u00ab\u00a0cr\u00e9\u00e9e\u00a0\u00bb et quelques petits diamants de ma collection. La couleur de la pierre devrait attirer l&rsquo;attention principale.<br \/>\nJ&rsquo;utiliserais des diamants blancs dispos\u00e9s en ligne directe autour du Blue Hope. Une deuxi\u00e8me ligne de saphirs jaunes ou roses apporterait la touche sp\u00e9ciale.<br \/>\nLe croquis n&rsquo;est pas quelque chose dont un graphiste serait fier. C&rsquo;est un brouillon approximatif de forme, de structure et de couleur.<br \/>\nHeureusement, je travaille avec des fabricants qui ont des experts en dessin dans leur \u00e9quipe. J&rsquo;ai d\u00e9cid\u00e9 d&rsquo;envoyer mon croquis et les sp\u00e9cifications mat\u00e9rielles \u00e0 Noble Jewelry pour un devis.<br \/>\nNous nous sommes rencontr\u00e9s lors d&rsquo;une exposition commerciale \u00e0 Londres, et nous nous sommes entendus. J&rsquo;avais d\u00e9j\u00e0 travaill\u00e9 avec eux auparavant. Ils \u00e9taient tr\u00e8s ponctuels, ont livr\u00e9 une bonne qualit\u00e9 et n&rsquo;\u00e9taient pas aussi chers que certains fabricants de bijoux plus proches de chez moi.<br \/>\nCette fois-ci, cela s&rsquo;est \u00e9galement bien pass\u00e9. J&rsquo;ai d&rsquo;abord re\u00e7u un design pour confirmer le mien. Ensuite, nous avons d\u00fb nous mettre d&rsquo;accord sur le prix. Pour un bijou \u00e0 usage plus courant, j&rsquo;aurais choisi des diamants de couleur inf\u00e9rieure. Mais ce Blue Hope \u00e9tait d&rsquo;une tr\u00e8s bonne taille et d&rsquo;une tr\u00e8s bonne couleur, les saphirs roses et les diamants blancs ne pouvaient pas \u00eatre en reste.<\/p>\n<p>Depuis la fin du mois de d\u00e9cembre, j&rsquo;ai une pi\u00e8ce de bijouterie unique, une magnifique bague de design \u00e0 montrer \u00e0 mes clients. Il peut \u00eatre difficile de s&rsquo;en s\u00e9parer. Je l&rsquo;appr\u00e9cie de plus en plus chaque jour. Visualisez cette magnifique bague avec un <a href=\"https:\/\/ajediam.com\/high-jewelry\/\">diamant bleu en forme de goutte<\/a> d&rsquo;eau.<\/p><\/div><\/div><\/div> <\/p>\n","protected":false},"excerpt":{"rendered":"","protected":false},"author":5,"featured_media":0,"parent":0,"menu_order":0,"comment_status":"closed","ping_status":"closed","template":"","meta":{"ub_ctt_via":"","footnotes":""},"acf":[],"featured_image_src":null,"_links":{"self":[{"href":"https:\/\/ajediam.com\/fr\/wp-json\/wp\/v2\/pages\/9991"}],"collection":[{"href":"https:\/\/ajediam.com\/fr\/wp-json\/wp\/v2\/pages"}],"about":[{"href":"https:\/\/ajediam.com\/fr\/wp-json\/wp\/v2\/types\/page"}],"author":[{"embeddable":true,"href":"https:\/\/ajediam.com\/fr\/wp-json\/wp\/v2\/users\/5"}],"replies":[{"embeddable":true,"href":"https:\/\/ajediam.com\/fr\/wp-json\/wp\/v2\/comments?post=9991"}],"version-history":[{"count":1,"href":"https:\/\/ajediam.com\/fr\/wp-json\/wp\/v2\/pages\/9991\/revisions"}],"predecessor-version":[{"id":9992,"href":"https:\/\/ajediam.com\/fr\/wp-json\/wp\/v2\/pages\/9991\/revisions\/9992"}],"wp:attachment":[{"href":"https:\/\/ajediam.com\/fr\/wp-json\/wp\/v2\/media?parent=9991"}],"curies":[{"name":"wp","href":"https:\/\/api.w.org\/{rel}","templated":true}]}}