{"id":9993,"date":"2019-04-28T05:46:21","date_gmt":"2019-04-28T05:46:21","guid":{"rendered":"https:\/\/ajediam.com\/?page_id=9993"},"modified":"2023-06-30T19:04:23","modified_gmt":"2023-06-30T19:04:23","slug":"diamants-rouges","status":"publish","type":"page","link":"https:\/\/ajediam.com\/fr\/diamants-rouges\/","title":{"rendered":"Diamants Rouges"},"content":{"rendered":"<p><div class='row vc_row '><div class='col-md-12 '><div class='mb-4'><p><\/p>\n<p><strong>Famous red diamonds<\/strong><\/p>\n<p>Le plus grand diamant rouge connu, de qualit\u00e9 Fancy Dark Red et pesant 5,51 carats, s&rsquo;appelle \u00ab\u00a0Red Shield\u00a0\u00bb en raison de sa forme et appartient \u00e0 Moussaieff Jewelers. Il a \u00e9t\u00e9 d\u00e9couvert au Br\u00e9sil au milieu des ann\u00e9es 1990.<\/p>\n<p>Consultez les prix et achetez des diamants rouges parfaitement taill\u00e9s et certifi\u00e9s internationalement chez Ajediam \u00e0 Anvers.<\/p><\/div><hr class='mb-4' \/><div class='row '><div class='col-md-2 col-inner'><div class='col-inwrap'><div class='vc-image text-center'><figure><a href='\/bracelets' class='d-block'><img src='https:\/\/ajediam.com\/wp-content\/uploads\/2019\/03\/Red_diamond_1_x_1_cm.jpg' alt=''><\/a><\/figure><\/div><\/div><\/div><div class='col-md-8 col-inner'><div class='col-inwrap'><div class='mb-4'><p><\/p>\n<p>Diamant rouge naturel tr\u00e8s tr\u00e8s rare et exceptionnel de qualit\u00e9 Fancy Intense Red<\/p>\n<p>Les diamants rouges sont si rares que c&rsquo;est la premi\u00e8re fois de ma vie que nous avons eu la chance de tailler ce tr\u00e8s rare exemplaire !<\/p>\n<p>Origine : Mine Argyle, Australie<\/p>\n<p>Poids : 0,10 carat<br \/>\nCouleur : FANCY INTENSE RED<br \/>\nPuret\u00e9 : EYE CLEAN<br \/>\nForme : COUSSIN<br \/>\nPolissage : EXCELLENT<br \/>\nSym\u00e9trie : EXCELLENT<br \/>\nFluorescence : AUCUNE<\/p>\n<p>Livr\u00e9 avec un certificat GIA<\/p>\n<p>Une ou deux fois par an, un diamant rouge naturel devient disponible.<br \/>\nSi vous \u00eates int\u00e9ress\u00e9 par les diamants rouges et souhaitez \u00eatre inform\u00e9, veuillez me communiquer le budget ou la fourchette de budget qui vous int\u00e9resse.<\/p>\n<p>Souhaitez-vous un c\u00e9l\u00e8bre diamant rouge ? Envoyez un <a href=\"\/fr\/notre-formulaire-de-demande-rapide\/\">email<\/a><\/p><\/div><\/div><\/div><div class='col-md-2 col-inner'><div class='col-inwrap'>[vc_btn title=\u00a0\u00bbConsultez le guide d&rsquo;achat\u00a0\u00bb style=\u00a0\u00bbclassic\u00a0\u00bb shape=\u00a0\u00bbsquare\u00a0\u00bb color=\u00a0\u00bbprimary\u00a0\u00bb align=\u00a0\u00bbleft\u00a0\u00bb link=\u00a0\u00bb\/fr\/notre-formulaire-de-demande-rapide\/\u00a0\u00bb]<div style='height: 32px;'><\/div><div class='mb-4'><p><\/p>\n<p><a href=\"\/engagement-rings\/\">Achetez en ligne<\/a><\/p>\n<p><\/p><\/div><\/div><\/div><\/div><\/div><\/div> <div class='row vc_row '><div class='col-md-12 '><hr class='mb-4' \/><\/div><\/div> <div class='row vc_row '><div class='col-md-2 '><\/div><div class='col-md-8 '><div class='vc-image text-center'><figure><a href='\/fr\/notre-formulaire-de-demande-rapide\/' class='d-block'><img src='https:\/\/ajediam.com\/wp-content\/uploads\/2019\/03\/Ajediam_footer_Buy_now_13_03_2015.jpg' alt=''><\/a><\/figure><\/div><\/div><div class='col-md-2 '><\/div><\/div> <\/p>\n","protected":false},"excerpt":{"rendered":"","protected":false},"author":5,"featured_media":0,"parent":0,"menu_order":0,"comment_status":"closed","ping_status":"closed","template":"","meta":{"ub_ctt_via":"","footnotes":""},"acf":[],"featured_image_src":null,"_links":{"self":[{"href":"https:\/\/ajediam.com\/fr\/wp-json\/wp\/v2\/pages\/9993"}],"collection":[{"href":"https:\/\/ajediam.com\/fr\/wp-json\/wp\/v2\/pages"}],"about":[{"href":"https:\/\/ajediam.com\/fr\/wp-json\/wp\/v2\/types\/page"}],"author":[{"embeddable":true,"href":"https:\/\/ajediam.com\/fr\/wp-json\/wp\/v2\/users\/5"}],"replies":[{"embeddable":true,"href":"https:\/\/ajediam.com\/fr\/wp-json\/wp\/v2\/comments?post=9993"}],"version-history":[{"count":2,"href":"https:\/\/ajediam.com\/fr\/wp-json\/wp\/v2\/pages\/9993\/revisions"}],"predecessor-version":[{"id":9995,"href":"https:\/\/ajediam.com\/fr\/wp-json\/wp\/v2\/pages\/9993\/revisions\/9995"}],"wp:attachment":[{"href":"https:\/\/ajediam.com\/fr\/wp-json\/wp\/v2\/media?parent=9993"}],"curies":[{"name":"wp","href":"https:\/\/api.w.org\/{rel}","templated":true}]}}