{"id":9996,"date":"2019-04-06T18:34:28","date_gmt":"2019-04-06T18:34:28","guid":{"rendered":"https:\/\/ajediam.com\/?page_id=9996"},"modified":"2023-06-30T19:15:16","modified_gmt":"2023-06-30T19:15:16","slug":"diamants-noirs","status":"publish","type":"page","link":"https:\/\/ajediam.com\/fr\/diamants-noirs\/","title":{"rendered":"Diamants Noirs"},"content":{"rendered":"<p><div class='row vc_row '><div class='col-md-12 '><div class='mb-4'><p>Comment acheter des diamants noirs naturels Caviar ?<br \/>\nDiff\u00e9rentes formes et coupes. Un cadeau symbolique pour se r\u00e9concilier.<br \/>\nLisez sur les c\u00e9l\u00e8bres diamants noirs sur Terre.<br \/>\nAchetez en gros au plus grand Centre Commercial de Diamants d&rsquo;Anvers.<br \/>\nLaissez-nous vous aider : Envoyez-moi un <a href=\"\/fr\/notre-formulaire-de-demande-rapide\/\">email<\/a> pour un devis ou appelez le T\u00e9l : +32 3 808 72 02<\/p><\/div><\/div><\/div> <div class='row vc_row vc_custom_1552886396531'><div class='col-md-12 '><div class='row '><div class='col-md-4 col-inner'><div class='col-inwrap'><div class='vc-image text-center'><figure><div><img src='https:\/\/ajediam.com\/wp-content\/uploads\/2019\/03\/black_diamond_small.jpg' alt=''><\/div><\/figure><\/div><div class='mb-4'><p>C\u00e9l\u00e8bres diamants noirs sur Terre<\/p>\n<p>Les diamants noirs d&rsquo;une couleur noire uniform\u00e9ment r\u00e9partie sont tr\u00e8s rares, tr\u00e8s durs et magnifiques.<br \/>\nLe temps n\u00e9cessaire pour tailler un diamant noir est cinq fois plus long que pour les autres diamants.<br \/>\nLes meilleurs diamants noirs ont une couleur caviar m\u00e9tallique.<br \/>\n<a href=\"https:\/\/ajediam.com\/black-diamond-rings\/\">D\u00e9couvrez de magnifiques bijoux en diamants noirs.<\/a><br \/>\nUn diamant noir est un cadeau pour se r\u00e9concilier.<br \/>\nLe Black Orloff, l&rsquo;\u0152il de Brahma de 67,50 carats, est le plus c\u00e9l\u00e8bre des diamants noirs.<br \/>\nCe diamant noir en forme de coussin a \u00e9t\u00e9 autrefois poss\u00e9d\u00e9 par Harry Winston et vendu dans un bijou en platine pour 300 000 dollars am\u00e9ricains.<br \/>\nUn autre diamant noir c\u00e9l\u00e8bre est le Diamant d&rsquo;Amsterdam, pesant 55,85 carats.<br \/>\n<a href=\"https:\/\/ajediam.com\/history\/amsterdam-diamonds\/\">En savoir plus sur<\/a><\/p>\n<p>Un diamant noir est un diamant de couleur noire due \u00e0 des traces d&rsquo;inclusions noires telles que du carbone sous forme de graphite.<br \/>\n\u00c0 l&rsquo;\u00e9tat naturel, ils sont rares et chers (mais beaucoup moins chers que les diamants blancs naturels).<\/p>\n<p>Trait\u00e9 en laboratoire par proc\u00e9d\u00e9 HPHT ou irradiation,<br \/>\nles diamants de qualit\u00e9 inf\u00e9rieure peuvent \u00eatre color\u00e9s en noir (graphit\u00e9s). Ces diamants trait\u00e9s sont relativement bon march\u00e9.<\/p><\/div><\/div><\/div><div class='col-md-4 col-inner'><div class='col-inwrap'><div class='vc-image '><figure><div><img src='https:\/\/ajediam.com\/wp-content\/uploads\/2019\/03\/Black_diamond_535_Ct_2_op_800x644.jpg' alt=''><\/div><\/figure><\/div><div class='mb-4'><p>Mesures : 11,94 x 9,01 x 5,31 mm.<\/p>\n<p>Poids : 5,00 carats<br \/>\nCouleur : Noir naturel***<br \/>\nForme : Taille \u00c9meraude<br \/>\nPuret\u00e9 : LOUPE CLEAN<br \/>\nPolissage : Excellent<br \/>\nSym\u00e9trie : Excellent<br \/>\nFluorescence : Aucune<br \/>\nLivr\u00e9 avec un certificat international de diamant<\/p>\n<p>Pour un devis, envoyez-moi un email :<br \/>\nIndiquez la qualit\u00e9 et la taille de votre diamant<br \/>\nPour choisir, consultez :<\/p>\n<p><a href=\"https:\/\/ajediam.com\/fr\/prix-des-diamants\/diamant-naturel-blanc\/\">Les prix de gros des diamants<\/a> et les <a href=\"https:\/\/ajediam.com\/fr\/diamants-101\/tailles-des-diamants\/\">tailles de diamants<\/a><\/p>\n<p><a href=\"https:\/\/ajediam.com\/engagement-rings\/\">Cr\u00e9ez votre propre bague de fian\u00e7ailles en diamant parfaite<\/a><\/p><\/div><div style='height: 32px;'><\/div><div class='mb-4'><p><strong>***Ce diamant de couleur noire naturelle est compos\u00e9 de parties de couleur terre brun fonc\u00e9. Voir l&rsquo;\u00e9chelle des couleurs ici :<\/strong><\/p><\/div><div class='vc-image text-center'><figure><div><img src='https:\/\/ajediam.com\/wp-content\/uploads\/2019\/03\/Black-1.jpg' alt=''><\/div><\/figure><\/div><\/div><\/div><div class='col-md-4 col-inner'><div class='col-inwrap'><div class='mb-4'><p><\/p>\n<p style=\"text-align: center;\">Un diamant noir est un diamant de couleur noire provenant de traces d&rsquo;inclusions noires telles que du carbone sous forme de graphite.<\/p>\n<p style=\"text-align: center;\">\u00c0 l&rsquo;\u00e9tat naturel, ils sont rares et chers (mais beaucoup moins chers que les diamants blancs naturels).<\/p>\n<p style=\"text-align: center;\">Un diamant est un carbone cristallin pur.<\/p>\n<p style=\"text-align: center;\">Trait\u00e9 en laboratoire par proc\u00e9d\u00e9 HPHT ou irradiation, des diamants de qualit\u00e9 inf\u00e9rieure peuvent \u00eatre color\u00e9s en noir (graphite).<\/p>\n<p style=\"text-align: center;\">Ces diamants trait\u00e9s sont bon march\u00e9 et sont propos\u00e9s \u00e0 bas prix lors de ventes aux ench\u00e8res en ligne, chez les revendeurs en ligne.<\/p>\n<p>D\u00e9couvrez les bagues de fian\u00e7ailles en diamants noirs<\/p><\/div><div class='vc-image text-center'><figure><div><img src='https:\/\/ajediam.com\/wp-content\/uploads\/2019\/03\/Happy_Easter_gifts-1.jpg' alt=''><\/div><\/figure><\/div><\/div><\/div><\/div><\/div><\/div> <style>.vc_custom_1552886396531 { border-top-width: 3px !important;border-right-width: 3px !important;border-bottom-width: 3px !important;border-left-width: 3px !important;border-left-color: #e2ebf0 !important;border-left-style: solid !important;border-right-color: #e2ebf0 !important;border-right-style: solid !important;border-top-color: #e2ebf0 !important;border-top-style: solid !important;border-bottom-color: #e2ebf0 !important;border-bottom-style: solid !important;} }<\/style><div class='row vc_row '><div class='col-md-3 '><\/div><div class='col-md-3 '><div style='height: 32px;'><\/div><a class='lab-button' href='http:\/\/ajediam.com\/engagement-rings' target='' title='url:http:\/\/ajediam.com\/engagement-rings|'>ACHETER MAINTENANT<\/a><\/div><div class='col-md-3 '><div style='height: 32px;'><\/div><a class='lab-button' href='\/fr\/notre-formulaire-de-demande-rapide\/' target='' title='\/fr\/notre-formulaire-de-demande-rapid'><\/a><\/div><div class='col-md-3 '><\/div><\/div> <div class='row vc_row '><div class='col-md-2 '><\/div><div class='col-md-8 '><div style='height: 32px;'><\/div><div class='vc-image '><figure><div><img src='https:\/\/ajediam.com\/wp-content\/uploads\/2019\/03\/Ajediam_footer_Buy_now_13_03_2015.jpg' alt=''><\/div><\/figure><\/div><\/div><div class='col-md-2 '><\/div><\/div> <\/p>\n","protected":false},"excerpt":{"rendered":"","protected":false},"author":5,"featured_media":0,"parent":0,"menu_order":0,"comment_status":"closed","ping_status":"closed","template":"","meta":{"ub_ctt_via":"","footnotes":""},"acf":[],"featured_image_src":null,"_links":{"self":[{"href":"https:\/\/ajediam.com\/fr\/wp-json\/wp\/v2\/pages\/9996"}],"collection":[{"href":"https:\/\/ajediam.com\/fr\/wp-json\/wp\/v2\/pages"}],"about":[{"href":"https:\/\/ajediam.com\/fr\/wp-json\/wp\/v2\/types\/page"}],"author":[{"embeddable":true,"href":"https:\/\/ajediam.com\/fr\/wp-json\/wp\/v2\/users\/5"}],"replies":[{"embeddable":true,"href":"https:\/\/ajediam.com\/fr\/wp-json\/wp\/v2\/comments?post=9996"}],"version-history":[{"count":1,"href":"https:\/\/ajediam.com\/fr\/wp-json\/wp\/v2\/pages\/9996\/revisions"}],"predecessor-version":[{"id":9997,"href":"https:\/\/ajediam.com\/fr\/wp-json\/wp\/v2\/pages\/9996\/revisions\/9997"}],"wp:attachment":[{"href":"https:\/\/ajediam.com\/fr\/wp-json\/wp\/v2\/media?parent=9996"}],"curies":[{"name":"wp","href":"https:\/\/api.w.org\/{rel}","templated":true}]}}