{"id":9998,"date":"2023-05-04T14:56:17","date_gmt":"2023-05-04T14:56:17","guid":{"rendered":"https:\/\/ajediam.com\/?page_id=9998"},"modified":"2023-06-30T19:33:35","modified_gmt":"2023-06-30T19:33:35","slug":"diamants-de-couleur","status":"publish","type":"page","link":"https:\/\/ajediam.com\/fr\/diamants-de-couleur\/","title":{"rendered":"Diamants de Couleur"},"content":{"rendered":"\n<p class=\"tt1\">D\u00e9couvrez la magie des joyaux les plus captivants de la plan\u00e8te.<\/p>\n\n\n\n<p class=\"tt2\">Plongez dans le royaume enchanteur des diamants de couleur fantaisie, parmi les gemmes les plus captivantes et les plus rares au monde. Dans cette exploration vibrante, d\u00e9couvrez les caract\u00e9ristiques et les propri\u00e9t\u00e9s uniques qui donnent \u00e0 ces diamants leurs superbes teintes, des pastels les plus subtils aux couleurs les plus intenses et les plus vives. D\u00e9couvrez le monde fascinant des diamants de couleur fantaisie et leur raret\u00e9, leur valeur et leur beaut\u00e9 \u00e0 couper le souffle qui en font le symbole ultime du luxe et du raffinement.<\/p>\n","protected":false},"excerpt":{"rendered":"<p>D\u00e9couvrez la magie des joyaux les plus captivants de la plan\u00e8te. Plongez dans le royaume enchanteur des diamants de couleur fantaisie, parmi les gemmes les plus captivantes et les plus rares au monde. Dans cette exploration vibrante, d\u00e9couvrez les caract\u00e9ristiques et les propri\u00e9t\u00e9s uniques qui donnent \u00e0 ces diamants leurs superbes teintes, des pastels les [&hellip;]<\/p>\n","protected":false},"author":5,"featured_media":0,"parent":0,"menu_order":0,"comment_status":"closed","ping_status":"closed","template":"childpage-page.php","meta":{"ub_ctt_via":"","footnotes":""},"acf":[],"featured_image_src":null,"_links":{"self":[{"href":"https:\/\/ajediam.com\/fr\/wp-json\/wp\/v2\/pages\/9998"}],"collection":[{"href":"https:\/\/ajediam.com\/fr\/wp-json\/wp\/v2\/pages"}],"about":[{"href":"https:\/\/ajediam.com\/fr\/wp-json\/wp\/v2\/types\/page"}],"author":[{"embeddable":true,"href":"https:\/\/ajediam.com\/fr\/wp-json\/wp\/v2\/users\/5"}],"replies":[{"embeddable":true,"href":"https:\/\/ajediam.com\/fr\/wp-json\/wp\/v2\/comments?post=9998"}],"version-history":[{"count":1,"href":"https:\/\/ajediam.com\/fr\/wp-json\/wp\/v2\/pages\/9998\/revisions"}],"predecessor-version":[{"id":9999,"href":"https:\/\/ajediam.com\/fr\/wp-json\/wp\/v2\/pages\/9998\/revisions\/9999"}],"wp:attachment":[{"href":"https:\/\/ajediam.com\/fr\/wp-json\/wp\/v2\/media?parent=9998"}],"curies":[{"name":"wp","href":"https:\/\/api.w.org\/{rel}","templated":true}]}}